{"id":56675,"date":"2025-06-24T21:00:38","date_gmt":"2025-06-24T19:00:38","guid":{"rendered":"http:\/\/royalcasinocompany.nl\/?page_id=56675"},"modified":"2025-07-14T19:56:33","modified_gmt":"2025-07-14T17:56:33","slug":"over-ons","status":"publish","type":"page","link":"https:\/\/royalcasinocompany.nl\/de\/over-ons\/","title":{"rendered":"\u00dcber uns"},"content":{"rendered":"<div class=\"wpb-content-wrapper\"><div data-parent=\"true\" class=\"vc_row row-container boomapps_vcrow\" id=\"row-unique-0\"><div class=\"row limit-width row-parent\"><div class=\"wpb_row row-inner\"><div class=\"wpb_column pos-top pos-center align_left column_parent col-lg-12 boomapps_vccolumn single-internal-gutter\"><div class=\"uncol style-dark\"  ><div class=\"uncoltable\"><div class=\"uncell  boomapps_vccolumn no-block-padding\" ><div class=\"uncont\" ><div class=\"vc_row row-internal row-container boomapps_vcrow\"><div class=\"row row-child\"><div class=\"wpb_row row-inner\"><div class=\"wpb_column pos-top pos-center align_center column_child col-lg-12 boomapps_vccolumn single-internal-gutter\"><div class=\"uncol style-dark font-134980\" ><div class=\"uncoltable\"><div class=\"uncell  boomapps_vccolumn no-block-padding\" ><div class=\"uncont\" style=\" max-width:696px;\" ><div class=\"vc_custom_heading_wrap\"><div class=\"heading-text el-text\" ><\/p>\n<h1>\u00dcBER DIE ROYAL CASINO COMPANY<\/h1>\n<p>\n<hr class=\"separator-break separator-accent\" \/><\/div><div class=\"clear\"><\/div><\/div><\/div><\/div><\/div><\/div><\/div><\/div><\/div><\/div><\/div><\/div><\/div><\/div><\/div><script id=\"script-row-unique-0\" data-row=\"script-row-unique-0\" type=\"text\/javascript\" class=\"vc_controls\">UNCODE.initRow(document.getElementById(\"row-unique-0\"));<\/script><\/div><\/div><\/div><div data-parent=\"true\" class=\"vc_row row-container boomapps_vcrow\" id=\"row-unique-1\"><div class=\"row limit-width row-parent\"><div class=\"wpb_row row-inner\"><div class=\"wpb_column pos-top pos-center align_left column_parent col-lg-12 boomapps_vccolumn single-internal-gutter\"><div class=\"uncol style-dark\"  ><div class=\"uncoltable\"><div class=\"uncell  boomapps_vccolumn no-block-padding\" ><div class=\"uncont\" ><div class=\"vc_row row-internal row-container boomapps_vcrow\"><div class=\"row row-child\"><div class=\"wpb_row row-inner\"><div class=\"wpb_column pos-middle pos-center align_left column_child col-lg-6 boomapps_vccolumn single-internal-gutter\"><div class=\"uncol style-dark\" ><div class=\"uncoltable\"><div class=\"uncell  boomapps_vccolumn no-block-padding\" ><div class=\"uncont\" ><div class=\"vc_custom_heading_wrap\"><div class=\"heading-text el-text\" ><\/p>\n<h2>Ihr exklusiver Partner f\u00fcr Casino-Veranstaltungen<\/h2>\n<p>\n<\/div><div class=\"clear\"><\/div><\/div><div class=\"uncode_text_column\" ><\/p>\n<p class=\"text-body font-regular text-gray-800 leading-&#091;24px&#093; pt-&#091;9px&#093; pb-&#091;2px&#093;\" dir=\"ltr\">Royal Casino Company ist Ihr f\u00fchrender Experte f\u00fcr die <a href=\"https:\/\/royalcasinocompany.nl\/de\/casino-inhuur-prijzen\/\">mieten<\/a> von Casino-Veranstaltungen in den Niederlanden und Belgien. Unser breites <a href=\"https:\/\/royalcasinocompany.nl\/de\/prijs-kwaliteit-service\/\">erleben<\/a>Das in mehr als zwanzig Jahren aufgebaute Know-how macht uns zu Ihrer ersten Wahl f\u00fcr qualitativ hochwertige Casino-Erlebnisse, bei denen wir flexibel sind in <a href=\"https:\/\/www.locaties.nl\/\" target=\"_blank\" rel=\"noopener\">Standortwahl<\/a>. Ob es sich um eine <a href=\"https:\/\/royalcasinocompany.nl\/de\/casino-concepten\/casino-huren-bedrijfsfeest\/\">Betriebsfeier<\/a>, a <a href=\"https:\/\/royalcasinocompany.nl\/de\/casino-concepten\/casino-huren-goededoelen-club\/\">Wohlt\u00e4tigkeitsveranstaltung<\/a>, a <a href=\"https:\/\/royalcasinocompany.nl\/de\/casino-concepten\/casino-huren-private-party\/\">private Einrichtung<\/a> oder eine gro\u00dfe Feier in einem Hotel, vertrauen Sie uns als Ihrem Partner.<\/p>\n<p>\n<\/div><\/div><\/div><\/div><\/div><\/div><div class=\"wpb_column pos-top pos-center align_left column_child col-lg-6 boomapps_vccolumn single-internal-gutter\"><div class=\"uncol style-dark\" ><div class=\"uncoltable\"><div class=\"uncell  boomapps_vccolumn no-block-padding\" ><div class=\"uncont\" ><div class=\"uncode-single-media  text-left\"><div class=\"single-wrapper\" style=\"max-width: 100%;\"><div class=\"tmb tmb-light  img-round img-round-lg tmb-img-ratio tmb-media-first tmb-media-last tmb-content-overlay tmb-no-bg\"><div class=\"t-inside\"><div class=\"t-entry-visual\"><div class=\"t-entry-visual-tc\"><div class=\"uncode-single-media-wrapper img-round img-round-lg\"><div class=\"dummy\" style=\"padding-top: 75%;\"><\/div><img decoding=\"async\" class=\"wp-image-65632\" src=\"https:\/\/royalcasinocompany.nl\/wp-content\/uploads\/2023\/05\/19-SFEER-5november-HermanceVanDijkPhotography-uai-756x567.jpg\" width=\"756\" height=\"567\" alt=\"- Royal Casino Company\" title=\"\"><\/div>\n\t\t\t\t\t<\/div>\n\t\t\t\t<\/div><\/div><\/div><\/div><\/div><\/div><\/div><\/div><\/div><\/div><\/div><\/div><\/div><div class=\"divider-wrapper\"  >\n    <hr class=\"border-accent-color separator-no-padding\"  \/>\n<\/div>\n<div class=\"vc_row row-internal row-container boomapps_vcrow\"><div class=\"row row-child\"><div class=\"wpb_row row-inner\"><div class=\"wpb_column pos-top pos-center align_left column_child col-lg-6 boomapps_vccolumn single-internal-gutter\"><div class=\"uncol style-dark\" ><div class=\"uncoltable\"><div class=\"uncell  boomapps_vccolumn no-block-padding\" ><div class=\"uncont\" ><div class=\"uncode-single-media  text-left\"><div class=\"single-wrapper\" style=\"max-width: 100%;\"><div class=\"tmb tmb-light  img-round img-round-lg tmb-img-ratio tmb-media-first tmb-media-last tmb-content-overlay tmb-no-bg\"><div class=\"t-inside\"><div class=\"t-entry-visual\"><div class=\"t-entry-visual-tc\"><div class=\"uncode-single-media-wrapper img-round img-round-lg\"><div class=\"dummy\" style=\"padding-top: 75.1%;\"><\/div><img decoding=\"async\" class=\"wp-image-68151\" src=\"https:\/\/royalcasinocompany.nl\/wp-content\/uploads\/2024\/05\/OGER_CasinoRoyaleAntwerp2024_%C2%A9RachelEcclestonePhotography_March072024_-254-uai-910x683.jpg\" width=\"910\" height=\"683\" alt=\"Mooie locatie met rode lampen met diverse casino tafels\" title=\"\"><\/div>\n\t\t\t\t\t<\/div>\n\t\t\t\t<\/div><\/div><\/div><\/div><\/div><\/div><\/div><\/div><\/div><\/div><div class=\"wpb_column pos-middle pos-center align_left column_child col-lg-6 boomapps_vccolumn single-internal-gutter\"><div class=\"uncol style-dark\" ><div class=\"uncoltable\"><div class=\"uncell  boomapps_vccolumn no-block-padding\" ><div class=\"uncont\" ><div class=\"uncode_text_column\" ><\/p>\n<h3 dir=\"ltr\">Luxuri\u00f6se Kasinotische<\/h3>\n<p class=\"text-body font-regular text-gray-800 leading-&#091;24px&#093; pt-&#091;9px&#093; pb-&#091;2px&#093;\" dir=\"ltr\">Wir sorgen mit unserem Luxus <a href=\"https:\/\/royalcasinocompany.nl\/de\/casino-inhuur-prijzen\/blackjack-tafel-inhuren\/\">Casino-Tische<\/a> und qualifiziert <a href=\"https:\/\/royalcasinocompany.nl\/de\/croupiers\/\">Croupiers<\/a> f\u00fcr eine Atmosph\u00e4re voller Spannung, Geselligkeit, aktiver Interaktion und stilvoller Eleganz. Geben Sie Ihren G\u00e4sten das Gef\u00fchl eines echten <a href=\"https:\/\/royalcasinocompany.nl\/de\/impressie\/\">Casino-Erlebnis<\/a> und heben Sie Ihr <a href=\"https:\/\/www.beourguestevents.nl\/\" target=\"_blank\" rel=\"noopener\">Veranstaltung<\/a> zu einem unvergesslichen H\u00f6hepunkt. Royal Casino Company garantiert eine einwandfrei organisierte Veranstaltung, unabh\u00e4ngig von der Gr\u00f6\u00dfe Ihrer Veranstaltung.<\/p>\n<p>\n<\/div><\/div><\/div><\/div><\/div><\/div><\/div><\/div><\/div><div class=\"divider-wrapper\"  >\n    <hr class=\"border-accent-color separator-no-padding\"  \/>\n<\/div>\n<div class=\"vc_row row-internal row-container boomapps_vcrow\"><div class=\"row row-child\"><div class=\"wpb_row row-inner\"><div class=\"wpb_column pos-middle pos-center align_left column_child col-lg-6 boomapps_vccolumn single-internal-gutter\"><div class=\"uncol style-dark\" ><div class=\"uncoltable\"><div class=\"uncell  boomapps_vccolumn no-block-padding\" ><div class=\"uncont\" ><div class=\"uncode_text_column\" ><\/p>\n<h3 dir=\"ltr\">Professioneller Anbieter<\/h3>\n<p class=\"text-body font-regular text-gray-800 leading-&#091;24px&#093; pt-&#091;9px&#093; pb-&#091;2px&#093;\" dir=\"ltr\">Wenn Sie sich f\u00fcr Royal Casino Company entscheiden, k\u00f6nnen Sie auf einen pers\u00f6nlichen und professionellen Ansatz f\u00fcr Ihre Veranstaltung z\u00e4hlen. Wir arbeiten intensiv mit unseren Kunden zusammen, um ihre Vision zu erfassen und sie mit dem einzigartigen Casino-Erlebnis, das wir speziell f\u00fcr sie entwickeln, zum Leben zu erwecken. Unsere Croupiers sind nicht nur Experten in ihrem Handwerk, sondern auch in der Lage, eine lebendige und interaktive Atmosph\u00e4re zu schaffen, in der sich Ihre G\u00e4ste v\u00f6llig verlieren k\u00f6nnen.<\/p>\n<p>\n<\/div><\/div><\/div><\/div><\/div><\/div><div class=\"wpb_column pos-top pos-center align_left column_child col-lg-6 boomapps_vccolumn single-internal-gutter\"><div class=\"uncol style-dark\" ><div class=\"uncoltable\"><div class=\"uncell  boomapps_vccolumn no-block-padding\" ><div class=\"uncont\" ><div class=\"uncode-single-media  text-left\"><div class=\"single-wrapper\" style=\"max-width: 100%;\"><div class=\"tmb tmb-light  img-round img-round-lg tmb-img-ratio tmb-media-first tmb-media-last tmb-content-overlay tmb-no-bg\"><div class=\"t-inside\"><div class=\"t-entry-visual\"><div class=\"t-entry-visual-tc\"><div class=\"uncode-single-media-wrapper img-round img-round-lg\"><div class=\"dummy\" style=\"padding-top: 75.1%;\"><\/div><img decoding=\"async\" class=\"wp-image-68067\" src=\"https:\/\/royalcasinocompany.nl\/wp-content\/uploads\/2024\/05\/OGER_CasinoRoyaleAntwerp2024_%C2%A9RachelEcclestonePhotography_March072024_-442-uai-910x683.jpg\" width=\"910\" height=\"683\" alt=\"twee professionele casino croupiers met in het midden een winnende speler\" title=\"\"><\/div>\n\t\t\t\t\t<\/div>\n\t\t\t\t<\/div><\/div><\/div><\/div><\/div><\/div><\/div><\/div><\/div><\/div><\/div><\/div><\/div><div class=\"divider-wrapper\"  >\n    <hr class=\"border-accent-color separator-no-padding\"  \/>\n<\/div>\n<div class=\"vc_row row-internal row-container boomapps_vcrow\"><div class=\"row row-child\"><div class=\"wpb_row row-inner\"><div class=\"wpb_column pos-top pos-center align_left column_child col-lg-6 boomapps_vccolumn single-internal-gutter\"><div class=\"uncol style-dark\" ><div class=\"uncoltable\"><div class=\"uncell  boomapps_vccolumn no-block-padding\" ><div class=\"uncont\" ><div class=\"uncode-single-media  text-left\"><div class=\"single-wrapper\" style=\"max-width: 100%;\"><div class=\"tmb tmb-light  img-round img-round-lg tmb-img-ratio tmb-media-first tmb-media-last tmb-content-overlay tmb-no-bg\"><div class=\"t-inside\"><div class=\"t-entry-visual\"><div class=\"t-entry-visual-tc\"><div class=\"uncode-single-media-wrapper img-round img-round-lg\"><div class=\"dummy\" style=\"padding-top: 75%;\"><\/div><img decoding=\"async\" class=\"wp-image-68086\" src=\"https:\/\/royalcasinocompany.nl\/wp-content\/uploads\/2024\/05\/OGER_CasinoRoyaleAntwerp2024_%C2%A9RachelEcclestonePhotography_March072024_-18-uai-1024x768.jpg\" width=\"1024\" height=\"768\" alt=\"Mobiele casinotafel huren op locatie in Nederland\" title=\"\"><\/div>\n\t\t\t\t\t<\/div>\n\t\t\t\t<\/div><\/div><\/div><\/div><\/div><\/div><\/div><\/div><\/div><\/div><div class=\"wpb_column pos-middle pos-center align_left column_child col-lg-6 boomapps_vccolumn single-internal-gutter\"><div class=\"uncol style-dark\" ><div class=\"uncoltable\"><div class=\"uncell  boomapps_vccolumn no-block-padding\" ><div class=\"uncont\" ><div class=\"uncode_text_column\" ><\/p>\n<h3 dir=\"ltr\">Beliebte Casino-Spiele<\/h3>\n<p class=\"text-body font-regular text-gray-800 leading-&#091;24px&#093; pt-&#091;9px&#093; pb-&#091;2px&#093;\" dir=\"ltr\">W\u00e4hlen Sie die Klassiker wie<a href=\"https:\/\/royalcasinocompany.nl\/de\/casino-inhuur-prijzen\/roulettetafel-huren\/\"> roulette<\/a>, <a href=\"https:\/\/royalcasinocompany.nl\/de\/casino-inhuur-prijzen\/blackjack-tafel-inhuren\/\">Blackjack<\/a> und <a href=\"https:\/\/royalcasinocompany.nl\/de\/casino-inhuur-prijzen\/poker-tafel-inhuren\/\">poker<\/a> Oder \u00fcberraschen Sie mit exklusiven Spielen wie dem <a href=\"https:\/\/royalcasinocompany.nl\/de\/casino-inhuur-prijzen\/money-wheel-inhuren-tip\/\">Geld-Rad<\/a> oder <a href=\"https:\/\/royalcasinocompany.nl\/de\/casino-inhuur-prijzen\/craps-tafel-huren-tip\/\">Craps<\/a>Unsere gro\u00dfe Auswahl an Casinotischen und Spielen wird Ihre G\u00e4ste fesseln und begeistern. Mit unseren vielseitigen Dekorations- und Beleuchtungsm\u00f6glichkeiten schaffen wir \u00fcberall dort, wo Ihre Veranstaltung stattfindet, die perfekte Atmosph\u00e4re.<\/p>\n<p>\n<\/div><\/div><\/div><\/div><\/div><\/div><\/div><\/div><\/div><div class=\"divider-wrapper\"  >\n    <hr class=\"border-accent-color separator-no-padding\"  \/>\n<\/div>\n<div class=\"vc_row row-internal row-container boomapps_vcrow\"><div class=\"row row-child\"><div class=\"wpb_row row-inner\"><div class=\"wpb_column pos-top pos-center align_left column_child col-lg-6 boomapps_vccolumn single-internal-gutter\"><div class=\"uncol style-dark\" ><div class=\"uncoltable\"><div class=\"uncell  boomapps_vccolumn no-block-padding\" ><div class=\"uncont\" ><div class=\"vc_custom_heading_wrap\"><div class=\"heading-text el-text\" ><\/p>\n<h2>Erleben Sie die Aufregung des Casinos in Komfort und Stil.<\/h2>\n<p>\n<\/div><div class=\"clear\"><\/div><\/div><div class=\"uncode_text_column\" ><\/p>\n<p class=\"text-body font-regular text-gray-800 leading-&#091;24px&#093; pt-&#091;9px&#093; pb-&#091;2px&#093;\" dir=\"ltr\">Die Royal Casino Company ist darauf spezialisiert, komplette Casino-Mietl\u00f6sungen f\u00fcr Veranstaltungen jeder Gr\u00f6\u00dfe anzubieten. Wir k\u00fcmmern uns um jedes Detail, damit Sie sich entspannen und ein atemberaubendes Erlebnis genie\u00dfen k\u00f6nnen. <a href=\"https:\/\/www.beourguestevents.nl\/\" target=\"_blank\" rel=\"noopener\">organisierte Party<\/a> gemeinsam mit unseren vertrauensw\u00fcrdigen Partnern erleben k\u00f6nnen.<\/p>\n<p class=\"text-body font-regular text-gray-800 leading-&#091;24px&#093; pt-&#091;9px&#093; pb-&#091;2px&#093;\" dir=\"ltr\">Unsere Dienstleistungen beinhalten Unterhaltung ohne echtes Geld, aber das schm\u00e4lert nicht unser Engagement, eine authentische und herausragende Casino-Umgebung zu schaffen. Unser <a href=\"https:\/\/royalcasinocompany.nl\/de\/croupiers\/\">Croupiers<\/a> sind in der Branche f\u00fcr ihre Professionalit\u00e4t und ihre lebhaften Pers\u00f6nlichkeiten bekannt. Durch ihre fachkundige Anleitung und ihre Leidenschaft f\u00fcr das Spiel bringen sie Dynamik und Spa\u00df in jede Veranstaltung und vermitteln Ihren G\u00e4sten ein echtes Casino-Erlebnis.<\/p>\n<p>\n<\/div><\/div><\/div><\/div><\/div><\/div><div class=\"wpb_column pos-top pos-center align_left column_child col-lg-6 boomapps_vccolumn single-internal-gutter\"><div class=\"uncol style-dark\" ><div class=\"uncoltable\"><div class=\"uncell  boomapps_vccolumn no-block-padding\" ><div class=\"uncont\" ><div class=\"uncode-single-media  text-left\"><div class=\"single-wrapper\" style=\"max-width: 100%;\"><div class=\"tmb tmb-light  img-round img-round-lg tmb-img-ratio tmb-media-first tmb-media-last tmb-content-overlay tmb-no-bg\"><div class=\"t-inside\"><div class=\"t-entry-visual\"><div class=\"t-entry-visual-tc\"><div class=\"uncode-single-media-wrapper img-round img-round-lg\"><div class=\"dummy\" style=\"padding-top: 75%;\"><\/div><img decoding=\"async\" class=\"wp-image-65695\" src=\"https:\/\/royalcasinocompany.nl\/wp-content\/uploads\/2023\/05\/TQII9811-1.jpg\" width=\"1599\" height=\"1200\" alt=\"Casino op locatie\" title=\"\" srcset=\"https:\/\/royalcasinocompany.nl\/wp-content\/uploads\/2023\/05\/TQII9811-1.jpg 1599w, https:\/\/royalcasinocompany.nl\/wp-content\/uploads\/2023\/05\/TQII9811-1-300x225.jpg 300w, https:\/\/royalcasinocompany.nl\/wp-content\/uploads\/2023\/05\/TQII9811-1-1024x768.jpg 1024w, https:\/\/royalcasinocompany.nl\/wp-content\/uploads\/2023\/05\/TQII9811-1-768x576.jpg 768w, https:\/\/royalcasinocompany.nl\/wp-content\/uploads\/2023\/05\/TQII9811-1-1536x1153.jpg 1536w, https:\/\/royalcasinocompany.nl\/wp-content\/uploads\/2023\/05\/TQII9811-1-350x263.jpg 350w\" sizes=\"(max-width: 1599px) 100vw, 1599px\"><\/div>\n\t\t\t\t\t<\/div>\n\t\t\t\t<\/div><\/div><\/div><\/div><\/div><\/div><\/div><\/div><\/div><\/div><\/div><\/div><\/div><div class=\"divider-wrapper\"  >\n    <hr class=\"border-accent-color separator-no-padding\"  \/>\n<\/div>\n<div class=\"vc_row row-internal row-container boomapps_vcrow\"><div class=\"row row-child\"><div class=\"wpb_row row-inner\"><div class=\"wpb_column pos-top pos-center align_left column_child col-lg-6 boomapps_vccolumn single-internal-gutter\"><div class=\"uncol style-dark\" ><div class=\"uncoltable\"><div class=\"uncell  boomapps_vccolumn no-block-padding\" ><div class=\"uncont\" ><div class=\"uncode-single-media  text-left\"><div class=\"single-wrapper\" style=\"max-width: 100%;\"><div class=\"tmb tmb-light  img-round img-round-lg tmb-img-ratio tmb-media-first tmb-media-last tmb-content-overlay tmb-no-bg\"><div class=\"t-inside\"><div class=\"t-entry-visual\"><div class=\"t-entry-visual-tc\"><div class=\"uncode-single-media-wrapper img-round img-round-lg\"><div class=\"dummy\" style=\"padding-top: 75%;\"><\/div><img decoding=\"async\" class=\"wp-image-65304\" src=\"https:\/\/royalcasinocompany.nl\/wp-content\/uploads\/2023\/05\/IMG_1383-scaled.jpg\" width=\"2560\" height=\"1920\" alt=\"Roulette tafel huren\" title=\"\" srcset=\"https:\/\/royalcasinocompany.nl\/wp-content\/uploads\/2023\/05\/IMG_1383-scaled.jpg 2560w, https:\/\/royalcasinocompany.nl\/wp-content\/uploads\/2023\/05\/IMG_1383-300x225.jpg 300w, https:\/\/royalcasinocompany.nl\/wp-content\/uploads\/2023\/05\/IMG_1383-1024x768.jpg 1024w, https:\/\/royalcasinocompany.nl\/wp-content\/uploads\/2023\/05\/IMG_1383-768x576.jpg 768w, https:\/\/royalcasinocompany.nl\/wp-content\/uploads\/2023\/05\/IMG_1383-1536x1152.jpg 1536w, https:\/\/royalcasinocompany.nl\/wp-content\/uploads\/2023\/05\/IMG_1383-2048x1536.jpg 2048w, https:\/\/royalcasinocompany.nl\/wp-content\/uploads\/2023\/05\/IMG_1383-350x263.jpg 350w\" sizes=\"(max-width: 2560px) 100vw, 2560px\"><\/div>\n\t\t\t\t\t<\/div>\n\t\t\t\t<\/div><\/div><\/div><\/div><\/div><\/div><\/div><\/div><\/div><\/div><div class=\"wpb_column pos-middle pos-center align_left column_child col-lg-6 boomapps_vccolumn single-internal-gutter\"><div class=\"uncol style-dark\" ><div class=\"uncoltable\"><div class=\"uncell  boomapps_vccolumn no-block-padding\" ><div class=\"uncont\" ><div class=\"vc_custom_heading_wrap\"><div class=\"heading-text el-text\" ><\/p>\n<h2>Mehr als 20 Jahre professionelle Kasinoerfahrung<\/h2>\n<p>\n<\/div><div class=\"clear\"><\/div><\/div><div class=\"uncode_text_column\" ><p>Als f\u00fchrendes Unternehmen in der Kasinovermietungsbranche haben wir uns durch unsere vertrauensvollen Partnerschaften zum f\u00fchrenden Kasinolieferanten in den Niederlanden und Belgien entwickelt. Unsere reiche Geschichte erfolgreicher Dienstleistungen reicht von der Unterst\u00fctzung von Wohlt\u00e4tigkeitsorganisationen und Unternehmen bis hin zur Ausstattung von Galas und Veranstaltungen f\u00fcr private Gruppen und Business Clubs. Dank unserer langj\u00e4hrigen Erfahrung sind wir zu Experten geworden, wenn es darum geht, die richtigen Informationen zu liefern und Ihre Casino-Veranstaltungen perfekt zu organisieren.<\/p>\n<\/div><\/div><\/div><\/div><\/div><\/div><\/div><\/div><\/div><div class=\"divider-wrapper\"  >\n    <hr class=\"border-accent-color separator-no-padding\"  \/>\n<\/div>\n<div class=\"vc_row row-internal row-container boomapps_vcrow\"><div class=\"row row-child\"><div class=\"wpb_row row-inner\"><div class=\"wpb_column pos-middle pos-center align_left column_child col-lg-6 boomapps_vccolumn single-internal-gutter\"><div class=\"uncol style-dark\" ><div class=\"uncoltable\"><div class=\"uncell  boomapps_vccolumn no-block-padding\" ><div class=\"uncont\" ><div class=\"vc_custom_heading_wrap\"><div class=\"heading-text el-text\" ><\/p>\n<h2>Luxuri\u00f6se Kasinotische und -materialien<\/h2>\n<p>\n<\/div><div class=\"clear\"><\/div><\/div><div class=\"uncode_text_column\" ><\/p>\n<p class=\"text-body font-regular text-gray-800 leading-&#091;24px&#093; pt-&#091;9px&#093; pb-&#091;2px&#093;\" dir=\"ltr\">Mit unserer anspruchsvollen Auswahl an luxuri\u00f6sen Casinotischen verwandelt unser Verleih jede Party und Veranstaltung in ein unvergessliches Erlebnis. Seit Jahren versammeln wir die stilvollste und anspruchsvollste Casino-Ausr\u00fcstung, um Ihre G\u00e4ste zu beeindrucken und eine einzigartige Atmosph\u00e4re zu schaffen. Entscheiden Sie sich f\u00fcr uns und machen Sie Ihre Veranstaltung mit unseren auff\u00e4lligen Hinguckern zu einem au\u00dfergew\u00f6hnlichen Erlebnis!<\/p>\n<p class=\"text-body font-regular text-gray-800 leading-&#091;24px&#093; pt-&#091;9px&#093; pb-&#091;2px&#093;\" dir=\"ltr\">Neben der Vermietung von hochwertigen Casinotischen bietet Royal Casino Company auch eine breite Palette von Dienstleistungen an, die Ihre Veranstaltung komplett abdecken. Von der Dekoration und Beleuchtung bis hin zu Catering und Unterhaltung k\u00fcmmern wir uns um alle Details, die f\u00fcr den Erfolg Ihrer Veranstaltung erforderlich sind. Unsere fachkundigen Mitarbeiter stehen Ihnen jederzeit mit Rat und Tat zur Seite und helfen Ihnen bei der Zusammenstellung eines ma\u00dfgeschneiderten Plans f\u00fcr Ihre Bed\u00fcrfnisse.<\/p>\n<p>\n<\/div><\/div><\/div><\/div><\/div><\/div><div class=\"wpb_column pos-top pos-center align_left column_child col-lg-6 boomapps_vccolumn single-internal-gutter\"><div class=\"uncol style-dark\" ><div class=\"uncoltable\"><div class=\"uncell  boomapps_vccolumn no-block-padding\" ><div class=\"uncont\" ><div class=\"uncode-single-media  text-left\"><div class=\"single-wrapper\" style=\"max-width: 100%;\"><div class=\"tmb tmb-light  img-round img-round-lg tmb-img-ratio tmb-media-first tmb-media-last tmb-content-overlay tmb-no-bg\"><div class=\"t-inside\"><div class=\"t-entry-visual\"><div class=\"t-entry-visual-tc\"><div class=\"uncode-single-media-wrapper img-round img-round-lg\"><div class=\"dummy\" style=\"padding-top: 75%;\"><\/div><img decoding=\"async\" class=\"wp-image-65325\" src=\"https:\/\/royalcasinocompany.nl\/wp-content\/uploads\/2023\/05\/IMG_1418-scaled-uai-1920x1440.jpg\" width=\"1920\" height=\"1440\" alt=\"- Royal Casino Company\" title=\"\"><\/div>\n\t\t\t\t\t<\/div>\n\t\t\t\t<\/div><\/div><\/div><\/div><\/div><\/div><\/div><\/div><\/div><\/div><\/div><\/div><\/div><\/div><\/div><\/div><\/div><\/div><script id=\"script-row-unique-1\" data-row=\"script-row-unique-1\" type=\"text\/javascript\" class=\"vc_controls\">UNCODE.initRow(document.getElementById(\"row-unique-1\"));<\/script><\/div><\/div><\/div><div data-parent=\"true\" class=\"vc_row row-container boomapps_vcrow\" id=\"row-unique-2\"><div class=\"row col-no-gutter no-top-padding no-bottom-padding no-h-padding full-width row-parent\"><div class=\"wpb_row row-inner\"><script id=\"script-row-unique-2\" data-row=\"script-row-unique-2\" type=\"text\/javascript\" class=\"vc_controls\">UNCODE.initRow(document.getElementById(\"row-unique-2\"));<\/script><\/div><\/div><\/div><div data-parent=\"true\" class=\"vc_row row-container boomapps_vcrow\" id=\"row-unique-3\"><div class=\"row unequal col-no-gutter no-top-padding no-bottom-padding no-h-padding full-width row-parent\"><div class=\"wpb_row row-inner\"><script id=\"script-row-unique-3\" data-row=\"script-row-unique-3\" type=\"text\/javascript\" class=\"vc_controls\">UNCODE.initRow(document.getElementById(\"row-unique-3\"));<\/script><\/div><\/div><\/div><div data-parent=\"true\" class=\"vc_row row-container boomapps_vcrow\" id=\"row-unique-4\"><div class=\"row limit-width row-parent\"><div class=\"wpb_row row-inner\"><div class=\"wpb_column pos-top pos-center align_center column_parent col-lg-12 boomapps_vccolumn single-internal-gutter\"><div class=\"uncol style-dark\"  ><div class=\"uncoltable\"><div class=\"uncell  boomapps_vccolumn no-block-padding\" ><div class=\"uncont\" ><span class=\"btn-container\" ><a role=\"button\"  href=\"https:\/\/royalcasinocompany.nl\/de\/offerteformulier\/\" class=\"custom-link btn border-width-0 btn-accent btn-outline btn-icon-left btn-ripple-in btn-border-animated\" title=\"EIN ANGEBOT ANFORDERN\">Ein unverbindliches Angebot anfordern? Klicken Sie hier.<\/a><\/span><\/div><\/div><\/div><\/div><\/div><script id=\"script-row-unique-4\" data-row=\"script-row-unique-4\" type=\"text\/javascript\" class=\"vc_controls\">UNCODE.initRow(document.getElementById(\"row-unique-4\"));<\/script><\/div><\/div><\/div>\n<\/div>","protected":false},"excerpt":{"rendered":"OVER ROYAL CASINO COMPANY Uw Exclusieve Casino-evenement Partner Royal Casino Company is uw toonaangevend expert in het verhuren van casino-evenementen [...]","protected":false},"author":1,"featured_media":68227,"parent":0,"menu_order":0,"comment_status":"closed","ping_status":"closed","template":"","meta":{"footnotes":""},"class_list":["post-56675","page","type-page","status-publish","has-post-thumbnail","hentry","page_category-over-ons"],"_links":{"self":[{"href":"https:\/\/royalcasinocompany.nl\/de\/wp-json\/wp\/v2\/pages\/56675","targetHints":{"allow":["GET"]}}],"collection":[{"href":"https:\/\/royalcasinocompany.nl\/de\/wp-json\/wp\/v2\/pages"}],"about":[{"href":"https:\/\/royalcasinocompany.nl\/de\/wp-json\/wp\/v2\/types\/page"}],"author":[{"embeddable":true,"href":"https:\/\/royalcasinocompany.nl\/de\/wp-json\/wp\/v2\/users\/1"}],"replies":[{"embeddable":true,"href":"https:\/\/royalcasinocompany.nl\/de\/wp-json\/wp\/v2\/comments?post=56675"}],"version-history":[{"count":20,"href":"https:\/\/royalcasinocompany.nl\/de\/wp-json\/wp\/v2\/pages\/56675\/revisions"}],"predecessor-version":[{"id":70555,"href":"https:\/\/royalcasinocompany.nl\/de\/wp-json\/wp\/v2\/pages\/56675\/revisions\/70555"}],"wp:featuredmedia":[{"embeddable":true,"href":"https:\/\/royalcasinocompany.nl\/de\/wp-json\/wp\/v2\/media\/68227"}],"wp:attachment":[{"href":"https:\/\/royalcasinocompany.nl\/de\/wp-json\/wp\/v2\/media?parent=56675"}],"curies":[{"name":"wp","href":"https:\/\/api.w.org\/{rel}","templated":true}]}}