{"id":56679,"date":"2025-06-24T21:00:51","date_gmt":"2025-06-24T19:00:51","guid":{"rendered":"http:\/\/royalcasinocompany.nl\/?page_id=56679"},"modified":"2026-02-22T18:58:11","modified_gmt":"2026-02-22T17:58:11","slug":"offerte","status":"publish","type":"page","link":"https:\/\/royalcasinocompany.nl\/de\/offerte\/","title":{"rendered":"Informationen zum Angebot"},"content":{"rendered":"<div class=\"wpb-content-wrapper\"><div data-parent=\"true\" class=\"vc_row row-container boomapps_vcrow\" id=\"row-unique-0\"><div class=\"row limit-width row-parent\"><div class=\"wpb_row row-inner\"><div class=\"wpb_column pos-top pos-center align_center column_parent col-lg-12 boomapps_vccolumn single-internal-gutter\"><div class=\"uncol style-dark\"  ><div class=\"uncoltable\"><div class=\"uncell  boomapps_vccolumn no-block-padding\" ><div class=\"uncont\" ><div class=\"vc_custom_heading_wrap\"><div class=\"heading-text el-text\" ><h1 class=\"h1 font-weight-700 text-uppercase\" ><span>EIN ANGEBOT ANFORDERN<\/span><\/h1><hr class=\"separator-break separator-accent\" \/><\/div><div class=\"clear\"><\/div><\/div><div class=\"vc_row row-internal row-container boomapps_vcrow\"><div class=\"row row-child\"><div class=\"wpb_row row-inner\"><div class=\"wpb_column pos-top pos-center align_left column_child col-lg-6 boomapps_vccolumn single-internal-gutter\"><div class=\"uncol style-dark\" ><div class=\"uncoltable\"><div class=\"uncell  boomapps_vccolumn no-block-padding\" ><div class=\"uncont\" ><div class=\"uncode_text_column\" ><\/p>\n<blockquote>\n<p>Kennen Sie schon unser <a href=\"https:\/\/royalcasinocompany.nl\/de\/prijzen\/\">Preise<\/a> angesehen, bevor Sie ein Angebot anfordern? <a href=\"https:\/\/royalcasinocompany.nl\/de\/prijzen\/\">Alle Preise finden Sie hier.<\/a><\/p>\n<\/blockquote>\n<p style=\"text-align: left;\">Professionelle, lustige Croupiers, glamour\u00f6se Atmosph\u00e4re und Materialien von bester Qualit\u00e4t - so profiliert sich Royal Casino Company und unterscheidet sich von der Konkurrenz. Mit einem gro\u00dfen Lager, mehreren Transportbussen und vielen Casinotischen und Dekorationen stehen wir Ihnen gerne zur Verf\u00fcgung. Bei uns mieten Sie ein komplettes Casino-Erlebnis mit allem, was Ihnen und Ihren G\u00e4sten lange in Erinnerung bleiben wird.<\/p>\n<p>Wir m\u00f6chten Sie bitten, nicht wahllos einen Kostenvoranschlag bei uns anzufordern, wenn Sie nur \u00fcber ein geringes Budget verf\u00fcgen und den Anbieter mit dem niedrigsten Preis w\u00e4hlen wollen. Das sind wir n\u00e4mlich nicht.<\/p>\n<\/div><\/div><\/div><\/div><\/div><\/div><div class=\"wpb_column pos-top pos-center align_left column_child col-lg-6 boomapps_vccolumn single-internal-gutter\"><div class=\"uncol style-dark\" ><div class=\"uncoltable\"><div class=\"uncell  boomapps_vccolumn no-block-padding\" ><div class=\"uncont\" ><div class=\"uncode_text_column\" ><p>Wir haben uns dazu entschlossen, die Preise f\u00fcr die Vermietung von Casinos sehr offen und transparent zu gestalten, um zu vermeiden, dass wir Sie mit dem Angebot, das Sie von uns erhalten, preislich entt\u00e4uschen.<\/p>\n<p>Wir k\u00f6nnen und wollen nicht mit den \"kleinen\" Amateurfirmen konkurrieren, die einen Casinoabend f\u00fcr ein paar hundert Euro mit kostenloser Dekoration und kostenlosen Transportkosten anbieten. Sie wissen selbst, dass man dann Abstriche machen muss, und das ist in den meisten F\u00e4llen die Qualit\u00e4t der Materialien und die Erfahrung des Personals. Sie entscheiden sich f\u00fcr Royal Casino Company, weil Sie wollen, dass alles perfekt organisiert ist, Sie suchen luxuri\u00f6se Casinotische und sch\u00f6ne Dekorationen und Sie wollen, dass Ihre G\u00e4ste einen tollen Abend haben.<\/p>\n<p>Der Kostenvoranschlag, den Sie von uns erhalten, ist unverbindlich und sehr umfassend, so dass Sie eine gute Vorstellung davon bekommen, was wir anbieten k\u00f6nnen.<\/p>\n<\/div><div class=\"divider-wrapper\"  >\n    <hr class=\"border-accent-color separator-no-padding\"  \/>\n<\/div>\n<span class=\"btn-container btn-block\" ><a role=\"button\"  href=\"https:\/\/royalcasinocompany.nl\/de\/offerteformulier\/\" class=\"custom-link btn border-width-0 btn-accent btn-outline btn-block btn-icon-left\">Klicken Sie hier, um ein Angebot anzufordern<\/a><\/span><\/div><\/div><\/div><\/div><\/div><\/div><\/div><\/div><\/div><\/div><\/div><\/div><\/div><script id=\"script-row-unique-0\" data-row=\"script-row-unique-0\" type=\"text\/javascript\" class=\"vc_controls\">UNCODE.initRow(document.getElementById(\"row-unique-0\"));<\/script><\/div><\/div><\/div>\n<\/div>","protected":false},"excerpt":{"rendered":"OFFERTE AANVRAGENHeeft u onze prijzen bekeken voordat u een offerte aanvraagt? Bekijk alle prijzen hier. Professioneel, leuke croupiers, glamour sfeer [...]","protected":false},"author":1,"featured_media":0,"parent":0,"menu_order":0,"comment_status":"closed","ping_status":"closed","template":"","meta":{"footnotes":""},"class_list":["post-56679","page","type-page","status-publish","hentry","page_category-offerte"],"_links":{"self":[{"href":"https:\/\/royalcasinocompany.nl\/de\/wp-json\/wp\/v2\/pages\/56679","targetHints":{"allow":["GET"]}}],"collection":[{"href":"https:\/\/royalcasinocompany.nl\/de\/wp-json\/wp\/v2\/pages"}],"about":[{"href":"https:\/\/royalcasinocompany.nl\/de\/wp-json\/wp\/v2\/types\/page"}],"author":[{"embeddable":true,"href":"https:\/\/royalcasinocompany.nl\/de\/wp-json\/wp\/v2\/users\/1"}],"replies":[{"embeddable":true,"href":"https:\/\/royalcasinocompany.nl\/de\/wp-json\/wp\/v2\/comments?post=56679"}],"version-history":[{"count":20,"href":"https:\/\/royalcasinocompany.nl\/de\/wp-json\/wp\/v2\/pages\/56679\/revisions"}],"predecessor-version":[{"id":71990,"href":"https:\/\/royalcasinocompany.nl\/de\/wp-json\/wp\/v2\/pages\/56679\/revisions\/71990"}],"wp:attachment":[{"href":"https:\/\/royalcasinocompany.nl\/de\/wp-json\/wp\/v2\/media?parent=56679"}],"curies":[{"name":"wp","href":"https:\/\/api.w.org\/{rel}","templated":true}]}}