{"id":57959,"date":"2025-06-11T11:00:12","date_gmt":"2025-06-11T09:00:12","guid":{"rendered":"http:\/\/royalcasinocompany.nl\/?page_id=57959"},"modified":"2025-06-24T23:29:38","modified_gmt":"2025-06-24T21:29:38","slug":"casino-goochelaar","status":"publish","type":"page","link":"https:\/\/royalcasinocompany.nl\/de\/casino-goochelaar\/","title":{"rendered":"Casino-Magier"},"content":{"rendered":"<div class=\"wpb-content-wrapper\"><div data-parent=\"true\" class=\"vc_row row-container boomapps_vcrow\" id=\"row-unique-0\"><div class=\"row limit-width row-parent\"><div class=\"wpb_row row-inner\"><div class=\"wpb_column pos-top pos-center align_center column_parent col-lg-12 boomapps_vccolumn single-internal-gutter\"><div class=\"uncol style-dark\"  ><div class=\"uncoltable\"><div class=\"uncell  boomapps_vccolumn no-block-padding\" ><div class=\"uncont\" ><div class=\"vc_custom_heading_wrap\"><div class=\"heading-text el-text\" ><h1 class=\"font-762333 h1 font-weight-700\" ><span><\/p><\/span><span><h1 class=\"p1\">CASINO-MAGIER<\/h1><\/span><span><p><\/span><\/h1><hr class=\"separator-break separator-accent\" \/><\/div><div class=\"clear\"><\/div><\/div><\/div><\/div><\/div><\/div><\/div><script id=\"script-row-unique-0\" data-row=\"script-row-unique-0\" type=\"text\/javascript\" class=\"vc_controls\">UNCODE.initRow(document.getElementById(\"row-unique-0\"));<\/script><\/div><\/div><\/div><div data-parent=\"true\" class=\"vc_row row-container boomapps_vcrow\" id=\"row-unique-1\"><div class=\"row col-double-gutter single-top-padding single-bottom-padding single-h-padding limit-width row-parent\"><div class=\"wpb_row row-inner\"><div class=\"wpb_column pos-top pos-center align_left column_parent col-lg-6 boomapps_vccolumn single-internal-gutter\"><div class=\"uncol style-dark\"  ><div class=\"uncoltable\"><div class=\"uncell  boomapps_vccolumn no-block-padding\" ><div class=\"uncont\" ><div class=\"uncode_text_column\" ><\/p>\n<blockquote>\n<p>Preis: 1.050 \u20ac ohne MwSt.<br \/>\nZeit: 3 Stunden Tischzauberei<br \/>\nReisekosten: 0,45 \u20ac p\/km + 25 \u20ac p\/hr<\/p>\n<\/blockquote>\n<h2>Meister-Magier<\/h2>\n<p>Lassen Sie sich von unserem preisgekr\u00f6nten Casino-Entertainer, dem brandneuen Dutch Champion Magician, verzaubern. Erleben Sie nicht nur pure Unterhaltung auf h\u00f6chstem Niveau, sondern profitieren Sie auch von seinen exklusiven Tipps und Tricks, die jeden Casinobesuch bereichern k\u00f6nnen. Mit verbl\u00fcffenden Kartentricks und einer atemberaubenden Gedankenlese-Nummer wird er sich nahtlos durch Ihre Veranstaltung schl\u00e4ngeln und Ihre G\u00e4ste mit einem unvergesslichen Erlebnis sprachlos machen.<\/p>\n<h3>Die Welt der Magie<\/h3>\n<p>Unser Casino-Magier verwandelt Ihre <a href=\"https:\/\/www.beourguestevents.nl\/\" target=\"_blank\" rel=\"noopener\">Veranstaltung<\/a> zu einem faszinierenden Erlebnis; die G\u00e4ste werden in eine Welt der <a href=\"https:\/\/nl.wikipedia.org\/wiki\/Magie\" target=\"_blank\" rel=\"noopener\">Magie<\/a> wo sie nicht nur Zeugen, sondern auch die Protagonisten verbl\u00fcffender Illusionen sind. Buchen Sie jetzt und geben Sie den Ton an f\u00fcr ein <a href=\"https:\/\/www.beourguestevents.nl\/\" target=\"_blank\" rel=\"noopener\">unvergessliches Fest<\/a>!<\/p>\n<\/div><\/div><\/div><\/div><\/div><\/div><div class=\"wpb_column pos-top pos-center align_left column_parent col-lg-6 boomapps_vccolumn single-internal-gutter\"><div class=\"uncol style-dark\"  ><div class=\"uncoltable\"><div class=\"uncell  boomapps_vccolumn no-block-padding\" ><div class=\"uncont\" ><div class=\"uncode_text_column\" ><\/p>\n<h3 dir=\"ltr\">Royal Casino Magic.<\/h3>\n<p class=\"text-body font-regular text-gray-800 leading-&#091;24px&#093; pt-&#091;9px&#093; pb-&#091;2px&#093;\" dir=\"ltr\">Treten Sie ein in das zauberhafte Reich der <a href=\"https:\/\/royalcasinocompany.nl\/de\/\">K\u00f6nigliches Kasino<\/a> Magie! Lassen Sie Ihre G\u00e4ste von der Magie unseres Meisterzauberers verzaubern. Bereiten Sie sich auf einen Abend mit verbl\u00fcffenden Tricks vor, die \u00fcber die klassischen \"<a href=\"https:\/\/nl.wikipedia.org\/wiki\/Balletje-balletje\" target=\"_blank\" rel=\"noopener\">Ballettball<\/a>\". Unser K\u00fcnstler f\u00fchrt eine wilde Mischung aus psychologischen Illusionen und Geschicklichkeit vor.<\/p>\n<h3 dir=\"ltr\">Spannung &amp; Geheimnisse<\/h3>\n<p class=\"text-body font-regular text-gray-800 leading-&#091;24px&#093; pt-&#091;9px&#093; pb-&#091;2px&#093;\" dir=\"ltr\">Machen Sie sich bereit f\u00fcr ein spektakul\u00e4res Schauspiel voller Spannung und Spielspa\u00df, bei dem die Geheimnisse des Unm\u00f6glichen vor Ihren Augen enth\u00fcllt werden. Unsere Show kombiniert Charme, Finesse und Verf\u00fchrung, um eine unvergleichliche Atmosph\u00e4re zu schaffen, \u00fcber die Ihre G\u00e4ste noch tagelang sprechen werden.<\/p>\n<p class=\"text-body font-regular text-gray-800 leading-&#091;24px&#093; pt-&#091;9px&#093; pb-&#091;2px&#093;\" dir=\"ltr\">Erleben Sie die Magie und das K\u00f6nnen unseres Royal Casino Magic K\u00fcnstlers und lassen Sie sich in eine Welt entf\u00fchren, in der alles m\u00f6glich scheint!<\/p>\n<p>\n<\/div><\/div><\/div><\/div><\/div><\/div><script id=\"script-row-unique-1\" data-row=\"script-row-unique-1\" type=\"text\/javascript\" class=\"vc_controls\">UNCODE.initRow(document.getElementById(\"row-unique-1\"));<\/script><\/div><\/div><\/div><div data-parent=\"true\" class=\"vc_row row-container boomapps_vcrow\" id=\"row-unique-2\"><div class=\"row limit-width row-parent\"><div class=\"wpb_row row-inner\"><div class=\"wpb_column pos-top pos-center align_left column_parent col-lg-12 boomapps_vccolumn single-internal-gutter\"><div class=\"uncol style-dark\"  ><div class=\"uncoltable\"><div class=\"uncell  boomapps_vccolumn no-block-padding\" ><div class=\"uncont\" ><div class=\"vc_row row-internal row-container boomapps_vcrow\"><div class=\"row row-child\"><div class=\"wpb_row row-inner\"><div class=\"wpb_column pos-top pos-center align_left column_child col-lg-12 boomapps_vccolumn one-internal-gutter\"><div class=\"uncol style-dark\" ><div class=\"uncoltable\"><div class=\"uncell  boomapps_vccolumn no-block-padding\" ><div class=\"uncont\" style=\" max-width:50%;\" ><div class=\"uncode_text_column\" ><\/p>\n<blockquote>\n<p>\"Ein Casino-Magier bringt nicht nur Magie ins Spiel, sondern macht jede Hand zu einem Gewinnmoment voller Spannung und Geheimnisse.\"<\/p>\n<\/blockquote>\n<p>\n<\/div><\/div><\/div><\/div><\/div><\/div><\/div><\/div><\/div><\/div><\/div><\/div><\/div><\/div><script id=\"script-row-unique-2\" data-row=\"script-row-unique-2\" type=\"text\/javascript\" class=\"vc_controls\">UNCODE.initRow(document.getElementById(\"row-unique-2\"));<\/script><\/div><\/div><\/div><div data-parent=\"true\" class=\"vc_row row-container boomapps_vcrow\" id=\"row-unique-3\"><div class=\"row one-top-padding single-bottom-padding single-h-padding limit-width row-parent\"><div class=\"wpb_row row-inner\"><div class=\"wpb_column pos-top pos-center align_left column_parent col-lg-12 boomapps_vccolumn single-internal-gutter\"><div class=\"uncol style-dark\"  ><div class=\"uncoltable\"><div class=\"uncell  boomapps_vccolumn no-block-padding\" ><div class=\"uncont\" ><div class=\"divider-wrapper\"  >\n    <hr class=\"border-accent-color separator-no-padding\"  \/>\n<\/div>\n<div class=\"vc_row row-internal row-container boomapps_vcrow\"><div class=\"row row-child\"><div class=\"wpb_row row-inner\"><div class=\"wpb_column pos-top pos-center align_left column_child col-lg-12 boomapps_vccolumn single-internal-gutter\"><div class=\"uncol style-dark\" ><div class=\"uncoltable\"><div class=\"uncell  boomapps_vccolumn no-block-padding\" ><div class=\"uncont\" ><div id=\"gallery-171214\" class=\"un-media-gallery isotope-system isotope-general-dark grid-general-dark\">\n\t\t\t\t\t\n\t\n\t<div class=\"isotope-wrapper grid-wrapper half-gutter\" >\n\t\t\t\t\t\t\t\t\t<div class=\"isotope-container isotope-layout style-masonry\" data-type=\"masonry\" data-layout=\"masonry\" data-lg=\"1000\" data-md=\"600\" data-sm=\"480\">\n<div class=\"tmb tmb-iso-w4 tmb-iso-h4 img-round img-round-lg tmb-dark tmb-overlay-text-anim tmb-overlay-anim tmb-overlay-middle tmb-overlay-text-left tmb-image-anim tmb-id-68160  tmb-img-ratio tmb-media-first tmb-media-last tmb-content-overlay tmb-no-bg tmb-lightbox\" ><div class=\"t-inside no-anim\" ><div class=\"t-entry-visual\"><div class=\"t-entry-visual-tc\"><div class=\"t-entry-visual-cont\"><div class=\"dummy\" style=\"padding-top: 75%;\"><\/div><a href=\"https:\/\/royalcasinocompany.nl\/wp-content\/uploads\/2024\/05\/OGER_CasinoRoyaleAntwerp2024_\u00a9RachelEcclestonePhotography_March072024_-281.jpg\" class=\"pushed\" data-active=\"1\" data-lbox=\"ilightbox_gallery-171214\" data-options=\"width:1024,height:1536,thumbnail: &#039;https:\/\/royalcasinocompany.nl\/wp-content\/uploads\/2024\/05\/OGER_CasinoRoyaleAntwerp2024_\u00a9RachelEcclestonePhotography_March072024_-281-200x300.jpg&#039;\" data-lb-index=\"0\"><div class=\"t-entry-visual-overlay\"><div class=\"t-entry-visual-overlay-in style-light-bg\" style=\"opacity: 0.01;\"><\/div><\/div><img decoding=\"async\" class=\"wp-image-68160\" src=\"https:\/\/royalcasinocompany.nl\/wp-content\/uploads\/2024\/05\/OGER_CasinoRoyaleAntwerp2024_\u00a9RachelEcclestonePhotography_March072024_-281-uai-1024x768.jpg\" width=\"1024\" height=\"768\" alt=\"man gekleed in smoking die goocheltrucs voor gasten presenteerd\" title=\"\"><\/a><\/div>\n\t\t\t\t\t<\/div>\n\t\t\t\t<\/div><\/div><\/div><div class=\"tmb tmb-iso-w4 tmb-iso-h4 img-round img-round-lg tmb-dark tmb-overlay-text-anim tmb-overlay-anim tmb-overlay-middle tmb-overlay-text-left tmb-image-anim tmb-id-68364  tmb-img-ratio tmb-media-first tmb-media-last tmb-content-overlay tmb-no-bg tmb-lightbox\" ><div class=\"t-inside no-anim\" ><div class=\"t-entry-visual\"><div class=\"t-entry-visual-tc\"><div class=\"t-entry-visual-cont\"><div class=\"dummy\" style=\"padding-top: 75%;\"><\/div><a href=\"https:\/\/royalcasinocompany.nl\/wp-content\/uploads\/2024\/05\/SME_238712819_053.jpg\" class=\"pushed\" data-active=\"1\" data-lbox=\"ilightbox_gallery-171214\" data-options=\"width:1920,height:1280,thumbnail: &#039;https:\/\/royalcasinocompany.nl\/wp-content\/uploads\/2024\/05\/SME_238712819_053-300x200.jpg&#039;\" data-lb-index=\"1\"><div class=\"t-entry-visual-overlay\"><div class=\"t-entry-visual-overlay-in style-light-bg\" style=\"opacity: 0.01;\"><\/div><\/div><img decoding=\"async\" class=\"wp-image-68364\" src=\"https:\/\/royalcasinocompany.nl\/wp-content\/uploads\/2024\/05\/SME_238712819_053-uai-1706x1280.jpg\" width=\"1706\" height=\"1280\" alt=\"Casino dames met een croupier en de goochelaar met casino decoratie op de achtergrond\" title=\"\"><\/a><\/div>\n\t\t\t\t\t<\/div>\n\t\t\t\t<\/div><\/div><\/div><div class=\"tmb tmb-iso-w4 tmb-iso-h4 img-round img-round-lg tmb-dark tmb-overlay-text-anim tmb-overlay-anim tmb-overlay-middle tmb-overlay-text-left tmb-image-anim tmb-id-68351  tmb-img-ratio tmb-media-first tmb-media-last tmb-content-overlay tmb-no-bg tmb-lightbox\" ><div class=\"t-inside no-anim\" ><div class=\"t-entry-visual\"><div class=\"t-entry-visual-tc\"><div class=\"t-entry-visual-cont\"><div class=\"dummy\" style=\"padding-top: 75%;\"><\/div><a href=\"https:\/\/royalcasinocompany.nl\/wp-content\/uploads\/2024\/05\/OGER_CasinoRoyaleAntwerp2024_\u00a9RachelEcclestonePhotography_March072024_-285-1.jpg\" class=\"pushed\" data-active=\"1\" data-lbox=\"ilightbox_gallery-171214\" data-options=\"width:1024,height:1536,thumbnail: &#039;https:\/\/royalcasinocompany.nl\/wp-content\/uploads\/2024\/05\/OGER_CasinoRoyaleAntwerp2024_\u00a9RachelEcclestonePhotography_March072024_-285-1-200x300.jpg&#039;\" data-lb-index=\"2\"><div class=\"t-entry-visual-overlay\"><div class=\"t-entry-visual-overlay-in style-light-bg\" style=\"opacity: 0.01;\"><\/div><\/div><img decoding=\"async\" class=\"wp-image-68351\" src=\"https:\/\/royalcasinocompany.nl\/wp-content\/uploads\/2024\/05\/OGER_CasinoRoyaleAntwerp2024_\u00a9RachelEcclestonePhotography_March072024_-285-1-uai-1024x768.jpg\" width=\"1024\" height=\"768\" alt=\"man gekleed in smoking die goocheltrucs voor gasten presenteerd\" title=\"\"><\/a><\/div>\n\t\t\t\t\t<\/div>\n\t\t\t\t<\/div><\/div><\/div><div class=\"tmb tmb-iso-w4 tmb-iso-h4 img-round img-round-lg tmb-dark tmb-overlay-text-anim tmb-overlay-anim tmb-overlay-middle tmb-overlay-text-left tmb-image-anim tmb-id-68363  tmb-img-ratio tmb-media-first tmb-media-last tmb-content-overlay tmb-no-bg tmb-lightbox\" ><div class=\"t-inside no-anim\" ><div class=\"t-entry-visual\"><div class=\"t-entry-visual-tc\"><div class=\"t-entry-visual-cont\"><div class=\"dummy\" style=\"padding-top: 75%;\"><\/div><a href=\"https:\/\/royalcasinocompany.nl\/wp-content\/uploads\/2024\/05\/SME_238712819_032.jpg\" class=\"pushed\" data-active=\"1\" data-lbox=\"ilightbox_gallery-171214\" data-options=\"width:1920,height:1280,thumbnail: &#039;https:\/\/royalcasinocompany.nl\/wp-content\/uploads\/2024\/05\/SME_238712819_032-300x200.jpg&#039;\" data-lb-index=\"3\"><div class=\"t-entry-visual-overlay\"><div class=\"t-entry-visual-overlay-in style-light-bg\" style=\"opacity: 0.01;\"><\/div><\/div><img decoding=\"async\" class=\"wp-image-68363\" src=\"https:\/\/royalcasinocompany.nl\/wp-content\/uploads\/2024\/05\/SME_238712819_032-uai-1706x1280.jpg\" width=\"1706\" height=\"1280\" alt=\"- Royal Casino Company\" title=\"\"><\/a><\/div>\n\t\t\t\t\t<\/div>\n\t\t\t\t<\/div><\/div><\/div><div class=\"tmb tmb-iso-w4 tmb-iso-h4 img-round img-round-lg tmb-dark tmb-overlay-text-anim tmb-overlay-anim tmb-overlay-middle tmb-overlay-text-left tmb-image-anim tmb-id-68162  tmb-img-ratio tmb-media-first tmb-media-last tmb-content-overlay tmb-no-bg tmb-lightbox\" ><div class=\"t-inside no-anim\" ><div class=\"t-entry-visual\"><div class=\"t-entry-visual-tc\"><div class=\"t-entry-visual-cont\"><div class=\"dummy\" style=\"padding-top: 75%;\"><\/div><a href=\"https:\/\/royalcasinocompany.nl\/wp-content\/uploads\/2024\/05\/OGER_CasinoRoyaleAntwerp2024_\u00a9RachelEcclestonePhotography_March072024_-286.jpg\" class=\"pushed\" data-active=\"1\" data-lbox=\"ilightbox_gallery-171214\" data-options=\"width:1024,height:791,thumbnail: &#039;https:\/\/royalcasinocompany.nl\/wp-content\/uploads\/2024\/05\/OGER_CasinoRoyaleAntwerp2024_\u00a9RachelEcclestonePhotography_March072024_-286-300x232.jpg&#039;\" data-lb-index=\"4\"><div class=\"t-entry-visual-overlay\"><div class=\"t-entry-visual-overlay-in style-light-bg\" style=\"opacity: 0.01;\"><\/div><\/div><img decoding=\"async\" class=\"wp-image-68162\" src=\"https:\/\/royalcasinocompany.nl\/wp-content\/uploads\/2024\/05\/OGER_CasinoRoyaleAntwerp2024_\u00a9RachelEcclestonePhotography_March072024_-286-uai-1024x768.jpg\" width=\"1024\" height=\"768\" alt=\"man gekleed in smoking die goocheltrucs voor gasten presenteerd\" title=\"\"><\/a><\/div>\n\t\t\t\t\t<\/div>\n\t\t\t\t<\/div><\/div><\/div><div class=\"tmb tmb-iso-w4 tmb-iso-h4 img-round img-round-lg tmb-dark tmb-overlay-text-anim tmb-overlay-anim tmb-overlay-middle tmb-overlay-text-left tmb-image-anim tmb-id-68365  tmb-img-ratio tmb-media-first tmb-media-last tmb-content-overlay tmb-no-bg tmb-lightbox\" ><div class=\"t-inside no-anim\" ><div class=\"t-entry-visual\"><div class=\"t-entry-visual-tc\"><div class=\"t-entry-visual-cont\"><div class=\"dummy\" style=\"padding-top: 75%;\"><\/div><a href=\"https:\/\/royalcasinocompany.nl\/wp-content\/uploads\/2024\/05\/Casino-dames-en-goochelaar-Royal-Casino-Company.jpg\" class=\"pushed\" data-active=\"1\" data-lbox=\"ilightbox_gallery-171214\" data-options=\"width:1200,height:1600,thumbnail: &#039;https:\/\/royalcasinocompany.nl\/wp-content\/uploads\/2024\/05\/Casino-dames-en-goochelaar-Royal-Casino-Company-225x300.jpg&#039;\" data-lb-index=\"5\"><div class=\"t-entry-visual-overlay\"><div class=\"t-entry-visual-overlay-in style-light-bg\" style=\"opacity: 0.01;\"><\/div><\/div><img decoding=\"async\" class=\"wp-image-68365\" src=\"https:\/\/royalcasinocompany.nl\/wp-content\/uploads\/2024\/05\/Casino-dames-en-goochelaar-Royal-Casino-Company-uai-1200x900.jpg\" width=\"1200\" height=\"900\" alt=\"Casino goochelaar\" title=\"\"><\/a><\/div>\n\t\t\t\t\t<\/div>\n\t\t\t\t<\/div><\/div><\/div>\t\t\t<\/div>\n\t\t\t\t\t<\/div>\n\n\t\n\t\n\t\n<\/div>\n\n<\/div><\/div><\/div><\/div><\/div><\/div><\/div><\/div><\/div><\/div><\/div><\/div><\/div><script id=\"script-row-unique-3\" data-row=\"script-row-unique-3\" type=\"text\/javascript\" class=\"vc_controls\">UNCODE.initRow(document.getElementById(\"row-unique-3\"));<\/script><\/div><\/div><\/div><div data-parent=\"true\" class=\"vc_row row-container boomapps_vcrow\" id=\"row-unique-4\"><div class=\"row limit-width row-parent\"><div class=\"wpb_row row-inner\"><div class=\"wpb_column pos-top pos-center align_left column_parent col-lg-12 boomapps_vccolumn single-internal-gutter\"><div class=\"uncol style-dark\"  ><div class=\"uncoltable\"><div class=\"uncell  boomapps_vccolumn no-block-padding\" ><div class=\"uncont\" ><div class=\"vc_row row-internal row-container boomapps_vcrow\"><div class=\"row row-child\"><div class=\"wpb_row row-inner\"><div class=\"wpb_column pos-top pos-center align_left column_child col-lg-6 boomapps_vccolumn single-internal-gutter\"><div class=\"uncol style-dark\" ><div class=\"uncoltable\"><div class=\"uncell  boomapps_vccolumn no-block-padding\" ><div class=\"uncont\" ><div class=\"vc_custom_heading_wrap\"><div class=\"heading-text el-text\" ><\/p>\n<h3>Warum einen Zauberer engagieren?<\/h3>\n<p>\n<\/div><div class=\"clear\"><\/div><\/div><div class=\"uncode_text_column\" ><p>Sind Sie auf der Suche nach einer einzigartigen M\u00f6glichkeit, Ihre Party auf die n\u00e4chste Stufe zu heben? Dann sollten Sie einen Casino-Magier engagieren! Unsere Zauberer verbinden Magie und Geheimnisse mit dem Nervenkitzel von Casinospielen und sorgen so f\u00fcr ein unvergessliches Erlebnis f\u00fcr alle Ihre G\u00e4ste.<\/p>\n<h4>Jahre der Erfahrung<\/h4>\n<p>Mit jahrelanger Erfahrung und einer Leidenschaft f\u00fcr Unterhaltung wissen unsere Magier genau, wie sie ihr Publikum \u00fcberraschen und unterhalten k\u00f6nnen. Ob Close-up-Zauberei am Pokertisch oder spektakul\u00e4re Tricks w\u00e4hrend eines Roulettespiels, Ihre Party wird garantiert ein Erfolg werden. Machen Sie Ihre Veranstaltung zu einem magischen Ereignis, an das sich Ihre G\u00e4ste noch lange erinnern werden, indem Sie unseren Casino-Zauberer engagieren!<\/p>\n<\/div><div class=\"divider-wrapper\"  >\n    <hr class=\"border-accent-color separator-no-padding\"  \/>\n<\/div>\n<\/div><\/div><\/div><\/div><\/div><div class=\"wpb_column pos-middle pos-center align_left column_child col-lg-6 boomapps_vccolumn single-internal-gutter\"><div class=\"uncol style-dark\" ><div class=\"uncoltable\"><div class=\"uncell  boomapps_vccolumn no-block-padding\" ><div class=\"uncont\" ><div class=\"uncode_text_column\" ><\/p>\n<blockquote>\n<p>\"Ein Zauberer l\u00e4sst nicht nur Gegenst\u00e4nde verschwinden, sondern zaubert auch Staunen und L\u00e4cheln in die Herzen seiner Zuschauer.\"<\/p>\n<\/blockquote>\n<p>\n<\/div><\/div><\/div><\/div><\/div><\/div><\/div><\/div><\/div><div class=\"vc_row row-internal row-container boomapps_vcrow\"><div class=\"row row-child\"><div class=\"wpb_row row-inner\"><div class=\"wpb_column pos-middle pos-center align_left column_child col-lg-6 boomapps_vccolumn single-internal-gutter\"><div class=\"uncol style-dark\" ><div class=\"uncoltable\"><div class=\"uncell  boomapps_vccolumn no-block-padding\" ><div class=\"uncont\" ><div class=\"uncode_text_column\" ><\/p>\n<blockquote>\n<p>\"Die wahre Magie eines Zauberers liegt nicht in seinen Tricks, sondern in seiner F\u00e4higkeit, das Unm\u00f6gliche m\u00f6glich zu machen und sein Publikum auf eine Reise voller Wunder und Spa\u00df mitzunehmen.\"<\/p>\n<\/blockquote>\n<p>\n<\/div><\/div><\/div><\/div><\/div><\/div><div class=\"wpb_column pos-top pos-center align_left column_child col-lg-6 boomapps_vccolumn single-internal-gutter\"><div class=\"uncol style-dark\" ><div class=\"uncoltable\"><div class=\"uncell  boomapps_vccolumn no-block-padding\" ><div class=\"uncont\" ><div class=\"vc_custom_heading_wrap\"><div class=\"heading-text el-text\" ><\/p>\n<h3>Vorteile der Beauftragung eines Casino-Magiers<\/h3>\n<p>\n<\/div><div class=\"clear\"><\/div><\/div><div class=\"uncode_text_column\" ><p>Die Teilnahme eines Casino-Magiers an Ihrer Party bietet zahlreiche Vorteile, die daf\u00fcr sorgen werden, dass Ihre Veranstaltung unvergesslich wird. Einer der gr\u00f6\u00dften Vorteile ist die einzigartige und faszinierende Form der Unterhaltung, die ein Zauberer bieten kann.<\/p>\n<h4>Beeindruckt!<\/h4>\n<p>Die G\u00e4ste sind nicht nur von den verbl\u00fcffenden Zaubertricks beeindruckt, sondern auch von der Interaktion und der pers\u00f6nlichen Aufmerksamkeit, die ein Zauberer bieten kann. Dar\u00fcber hinaus schafft ein Casino-Magier eine dynamische Atmosph\u00e4re, in der sich Magie und die Spannung der Casino-Spiele zu einem atemberaubenden Erlebnis verbinden. Dies f\u00fchrt zu einem h\u00f6heren Ma\u00df an Engagement und Begeisterung bei Ihren G\u00e4sten.<\/p>\n<\/div><div class=\"divider-wrapper\"  >\n    <hr class=\"border-accent-color separator-no-padding\"  \/>\n<\/div>\n<\/div><\/div><\/div><\/div><\/div><\/div><\/div><\/div><\/div><\/div><\/div><\/div><\/div><script id=\"script-row-unique-4\" data-row=\"script-row-unique-4\" type=\"text\/javascript\" class=\"vc_controls\">UNCODE.initRow(document.getElementById(\"row-unique-4\"));<\/script><\/div><\/div><\/div>\n<\/div>","protected":false},"excerpt":{"rendered":"CASINO GOOCHELAARPrijs: \u20ac 1.050,- excl. btw Tijd:\u00a0 3 uur table magic Reiskosten: \u20ac 0,45 p\/km + \u20ac 25,- p\/u Kampioen [...]","protected":false},"author":1,"featured_media":68365,"parent":0,"menu_order":0,"comment_status":"closed","ping_status":"closed","template":"","meta":{"footnotes":""},"class_list":["post-57959","page","type-page","status-publish","has-post-thumbnail","hentry","page_category-huren"],"_links":{"self":[{"href":"https:\/\/royalcasinocompany.nl\/de\/wp-json\/wp\/v2\/pages\/57959","targetHints":{"allow":["GET"]}}],"collection":[{"href":"https:\/\/royalcasinocompany.nl\/de\/wp-json\/wp\/v2\/pages"}],"about":[{"href":"https:\/\/royalcasinocompany.nl\/de\/wp-json\/wp\/v2\/types\/page"}],"author":[{"embeddable":true,"href":"https:\/\/royalcasinocompany.nl\/de\/wp-json\/wp\/v2\/users\/1"}],"replies":[{"embeddable":true,"href":"https:\/\/royalcasinocompany.nl\/de\/wp-json\/wp\/v2\/comments?post=57959"}],"version-history":[{"count":20,"href":"https:\/\/royalcasinocompany.nl\/de\/wp-json\/wp\/v2\/pages\/57959\/revisions"}],"predecessor-version":[{"id":70355,"href":"https:\/\/royalcasinocompany.nl\/de\/wp-json\/wp\/v2\/pages\/57959\/revisions\/70355"}],"wp:featuredmedia":[{"embeddable":true,"href":"https:\/\/royalcasinocompany.nl\/de\/wp-json\/wp\/v2\/media\/68365"}],"wp:attachment":[{"href":"https:\/\/royalcasinocompany.nl\/de\/wp-json\/wp\/v2\/media?parent=57959"}],"curies":[{"name":"wp","href":"https:\/\/api.w.org\/{rel}","templated":true}]}}