{"id":58570,"date":"2025-06-25T19:00:22","date_gmt":"2025-06-25T17:00:22","guid":{"rendered":"http:\/\/royalcasinocompany.nl\/?page_id=58570"},"modified":"2025-06-25T20:01:28","modified_gmt":"2025-06-25T18:01:28","slug":"casino-huren-in-amsterdam","status":"publish","type":"page","link":"https:\/\/royalcasinocompany.nl\/de\/casino-huren-in-amsterdam\/","title":{"rendered":"Kasino mieten in Amsterdam"},"content":{"rendered":"<div class=\"wpb-content-wrapper\"><div data-parent=\"true\" class=\"vc_row row-container boomapps_vcrow\" id=\"row-unique-0\"><div class=\"row limit-width row-parent\"><div class=\"wpb_row row-inner\"><div class=\"wpb_column pos-top pos-center align_left column_parent col-lg-12 boomapps_vccolumn single-internal-gutter\"><div class=\"uncol style-dark\"  ><div class=\"uncoltable\"><div class=\"uncell  boomapps_vccolumn no-block-padding\" ><div class=\"uncont\" ><div class=\"vc_row row-internal row-container boomapps_vcrow\"><div class=\"row row-child\"><div class=\"wpb_row row-inner\"><div class=\"wpb_column pos-top pos-center align_center column_child col-lg-12 boomapps_vccolumn single-internal-gutter\"><div class=\"uncol style-dark font-134980\" ><div class=\"uncoltable\"><div class=\"uncell  boomapps_vccolumn no-block-padding\" ><div class=\"uncont\" style=\" max-width:696px;\" ><div class=\"vc_custom_heading_wrap\"><div class=\"heading-text el-text\" ><\/p>\n<h1>Ein Kasino in Amsterdam mieten?<\/h1>\n<p>\n<hr class=\"separator-break separator-accent\" \/><\/div><div class=\"clear\"><\/div><\/div><\/div><\/div><\/div><\/div><\/div><\/div><\/div><\/div><\/div><\/div><\/div><\/div><\/div><script id=\"script-row-unique-0\" data-row=\"script-row-unique-0\" type=\"text\/javascript\" class=\"vc_controls\">UNCODE.initRow(document.getElementById(\"row-unique-0\"));<\/script><\/div><\/div><\/div><div data-parent=\"true\" class=\"vc_row row-container boomapps_vcrow\" id=\"row-unique-1\"><div class=\"row limit-width row-parent\"><div class=\"wpb_row row-inner\"><div class=\"wpb_column pos-top pos-center align_left column_parent col-lg-6 boomapps_vccolumn single-internal-gutter\"><div class=\"uncol style-dark\"  ><div class=\"uncoltable\"><div class=\"uncell  boomapps_vccolumn no-block-padding\" ><div class=\"uncont\" ><div class=\"uncode_text_column\" ><\/p>\n<h2>Ein eigenes Kasino mieten?<\/h2>\n<p>Kasino mieten in Amsterdam? Royal Casino Company vermietet luxuri\u00f6se und professionelle Casinotische in Amsterdam und Umgebung. Sie k\u00f6nnen bei uns ein Casino mieten f\u00fcr einen <a href=\"http:\/\/royalcasinocompany.nl\/de\/prijzen\/\">erschwinglicher Preis<\/a> und von hervorragender Qualit\u00e4t. Genie\u00dfen Sie einen fantastischen Abend voller Spannung und Spa\u00df, bei dem Ihre G\u00e4ste nichts zu verlieren haben, denn bei uns wird nicht um echtes Geld gespielt. Deshalb ist unser Casino-Konzept einzigartig und macht auf jeden Fall Spa\u00df <a href=\"https:\/\/royalcasinocompany.nl\/de\/impressie-per-gelegenheid\/\">Gelegenheit<\/a>.<\/p>\n<h3>Professionelle Casino-Vermietung<\/h3>\n<p>Organisieren Sie eine Party in Amsterdam oder Umgebung und suchen Sie einen professionellen Verleih? Dann sind Sie bei uns an der richtigen Adresse. Wir bieten Casinotische und Dekorationen in Amsterdam und Umgebung und f\u00fcr jeden Anlass. Von intimen Privatfeiern bis hin zu gro\u00dfen Firmengalas, wir bieten Casino <a href=\"http:\/\/www.dreambar.nl\" target=\"_blank\" rel=\"noopener\">Unterhaltung<\/a> auf der Ebene. Neben unseren Casinotischen haben wir auch sch\u00f6ne Casinodekorationen, um Ihren Veranstaltungsort komplett zu verkleiden.<\/p>\n<h3>Luxus-Casinotische mieten<\/h3>\n<p>Wonach suchen Sie? Sehen Sie sich unser umfangreiches Angebot an:<\/p>\n<ul>\n<li><a href=\"https:\/\/royalcasinocompany.nl\/de\/roulette-tafel-huren\/\">Roulette-Tische<\/a><\/li>\n<li><a href=\"https:\/\/royalcasinocompany.nl\/de\/blackjack-tafel-huren\/\">Blackjack-Tische<\/a><\/li>\n<li><a href=\"https:\/\/royalcasinocompany.nl\/de\/poker-tafel-huren\/\">Poker-Tische<\/a><\/li>\n<li><a href=\"https:\/\/royalcasinocompany.nl\/de\/prijzen\/\">Sehen Sie sich unsere anderen Casinospiele an<\/a><\/li>\n<\/ul>\n<p>\n<\/div><\/div><\/div><\/div><\/div><\/div><div class=\"wpb_column pos-top pos-center align_left column_parent col-lg-6 boomapps_vccolumn single-internal-gutter\"><div class=\"uncol style-dark\"  ><div class=\"uncoltable\"><div class=\"uncell  boomapps_vccolumn no-block-padding\" ><div class=\"uncont\" ><div class=\"uncode_text_column\" ><\/p>\n<h2>Warum sollten Sie Kasinotische von Royal Casino Company mieten?<\/h2>\n<ul>\n<li>Gro\u00dfformatige Casinotische (die einzigen auf dem Markt)<\/li>\n<li>Casinotische aus dem echten Casino<\/li>\n<li>Gro\u00dfe &amp; originelle Roulettekessel (\u00d8 82cm)<\/li>\n<li>Becherhalter in den Casinotischen<\/li>\n<li>Luxuri\u00f6se Ledereinfassungen um die Casinotische<\/li>\n<li>Gr\u00f6\u00dfte Auswahl an verschiedenen Casinotischen<\/li>\n<li>Spa\u00df &amp; Spontane Croupiers<\/li>\n<\/ul>\n<p>\n<\/div><span class=\"btn-container\" ><a role=\"button\"  href=\"https:\/\/royalcasinocompany.nl\/de\/offerteformulier\/\" class=\"custom-link btn border-width-0 btn-accent btn-outline btn-icon-left\">UNVERBINDLICHES ANGEBOT ANFORDERN<\/a><\/span><div class=\"uncode-single-media  text-left\"><div class=\"single-wrapper\" style=\"max-width: 100%;\"><div class=\"tmb tmb-light  tmb-img-ratio tmb-media-first tmb-media-last tmb-content-overlay tmb-no-bg\"><div class=\"t-inside\"><div class=\"t-entry-visual\"><div class=\"t-entry-visual-tc\"><div class=\"uncode-single-media-wrapper\"><div class=\"dummy\" style=\"padding-top: 75%;\"><\/div><img decoding=\"async\" class=\"wp-image-67042\" src=\"https:\/\/royalcasinocompany.nl\/wp-content\/uploads\/2024\/02\/WhatsApp-Image-2024-02-16-at-13.21.45-uai-2048x1536.jpeg\" width=\"2048\" height=\"1536\" alt=\"- Royal Casino Company\" title=\"\"><\/div>\n\t\t\t\t\t<\/div>\n\t\t\t\t<\/div><\/div><\/div><\/div><\/div><\/div><\/div><\/div><\/div><\/div><script id=\"script-row-unique-1\" data-row=\"script-row-unique-1\" type=\"text\/javascript\" class=\"vc_controls\">UNCODE.initRow(document.getElementById(\"row-unique-1\"));<\/script><\/div><\/div><\/div><div data-parent=\"true\" class=\"vc_row row-container boomapps_vcrow\" id=\"row-unique-2\"><div class=\"row limit-width row-parent\"><div class=\"wpb_row row-inner\"><div class=\"wpb_column pos-top pos-center align_left column_parent col-lg-12 boomapps_vccolumn single-internal-gutter\"><div class=\"uncol style-dark\"  ><div class=\"uncoltable\"><div class=\"uncell  boomapps_vccolumn no-block-padding\" ><div class=\"uncont\" ><div class=\"vc_row row-internal row-container boomapps_vcrow\"><div class=\"row row-child\"><div class=\"wpb_row row-inner\"><div class=\"wpb_column pos-top pos-center align_center column_child col-lg-12 boomapps_vccolumn single-internal-gutter\"><div class=\"uncol style-dark\" ><div class=\"uncoltable\"><div class=\"uncell  boomapps_vccolumn no-block-padding\" ><div class=\"uncont\" style=\" max-width:75%;\" ><div class=\"divider-wrapper\"  >\n    <hr class=\"border-accent-color separator-no-padding\"  \/>\n<\/div>\n<div class=\"uncode_text_column\" ><\/p>\n<h3>Casino mieten in Amsterdam mit Croupiers?<\/h3>\n<p>Damit Sie und Ihre G\u00e4ste einen tollen Abend erleben, bieten wir unseren Casino-Service mit Personal an. Unsere Mitarbeiter \"die Croupiers\" entf\u00fchren Sie und Ihre G\u00e4ste in die Welt des Casinos. Ihre Gastfreundschaft, Freundlichkeit und Geschicklichkeit sorgen daf\u00fcr, dass jeder einen fantastischen Abend hat.<\/p>\n<\/div><div class=\"divider-wrapper\"  >\n    <hr class=\"border-accent-color separator-no-padding\"  \/>\n<\/div>\n<\/div><\/div><\/div><\/div><\/div><\/div><\/div><\/div><\/div><\/div><\/div><\/div><\/div><script id=\"script-row-unique-2\" data-row=\"script-row-unique-2\" type=\"text\/javascript\" class=\"vc_controls\">UNCODE.initRow(document.getElementById(\"row-unique-2\"));<\/script><\/div><\/div><\/div><div data-parent=\"true\" class=\"vc_row row-container boomapps_vcrow\" id=\"row-unique-3\"><div class=\"row limit-width row-parent\"><div class=\"wpb_row row-inner\"><div class=\"wpb_column pos-top pos-center align_left column_parent col-lg-12 boomapps_vccolumn single-internal-gutter\"><div class=\"uncol style-dark\"  ><div class=\"uncoltable\"><div class=\"uncell  boomapps_vccolumn no-block-padding\" ><div class=\"uncont\" ><div class=\"uncode_text_column\" ><\/p>\n<h2 style=\"text-align: center;\">WELCHE CASINO-TISCHE K\u00d6NNEN SIE BEI UNS MIETEN?<\/h2>\n<p>\n<\/div><div id=\"index-617711\" class=\"isotope-system isotope-general-dark grid-general-dark\" >\n\t\t\t\n\t\t\t\t\t\t\t\t\t\t\t\t\t\t<div class=\"isotope-wrapper grid-wrapper single-gutter\" >\t\t\t\t\t\t\t\t\t\t\t\t<div class=\"isotope-container grid-container isotope-layout style-masonry isotope-pagination grid-pagination\" data-type=\"masonry\" data-layout=\"masonry\" data-lg=\"1000\" data-md=\"600\" data-sm=\"480\" data-vp-height=\"\">\t\t\t<div class=\"tmb atc-typography-inherit tmb-iso-w4 tmb-iso-h4 tmb-dark tmb-overlay-gradient-bottom tmb-text-showed tmb-overlay-showed tmb-overlay-anim tmb-content-center tmb-image-anim  grid-cat-63 tmb-id-56966 tmb-img-ratio tmb-content-under tmb-media-first\" ><div class=\"t-inside style-color-rgdb-bg no-anim\" ><div class=\"t-entry-visual\"><div class=\"t-entry-visual-tc\"><div class=\"t-entry-visual-cont\"><div class=\"dummy\" style=\"padding-top: 75%;\"><\/div><a role=\"button\" tabindex=\"-1\" href=\"https:\/\/royalcasinocompany.nl\/de\/roulette-tafel-huren\/\" class=\"pushed\" aria-label=\"Roulette-Tisch mieten\"  target=\"_self\" data-lb-index=\"0\"><div class=\"t-entry-visual-overlay\"><div class=\"t-entry-visual-overlay-in style-color-rgdb-bg\" style=\"opacity: 1;\"><\/div><\/div><img decoding=\"async\" class=\"wp-image-67068\" src=\"https:\/\/royalcasinocompany.nl\/wp-content\/uploads\/2024\/02\/IMG_E1424-scaled-uai-2540x1905.jpg\" width=\"2540\" height=\"1905\" alt=\"Roulette tafel huren\" title=\"\"><\/a><\/div>\n\t\t\t\t\t<\/div>\n\t\t\t\t<\/div><div class=\"t-entry-text\">\n\t\t\t\t\t\t\t\t\t<div class=\"t-entry-text-tc single-block-padding\"><div class=\"t-entry\"><h3 class=\"t-entry-title h5 title-scale\"><a href=\"https:\/\/royalcasinocompany.nl\/de\/roulette-tafel-huren\/\" target=\"_self\">Roulette-Tisch mieten<\/a><\/h3><\/div><\/div>\n\t\t\t\t\t\t\t<\/div><\/div><\/div><div class=\"tmb atc-typography-inherit tmb-iso-w4 tmb-iso-h4 tmb-dark tmb-overlay-gradient-bottom tmb-text-showed tmb-overlay-showed tmb-overlay-anim tmb-content-center tmb-image-anim  grid-cat-63 tmb-id-62817 tmb-img-ratio tmb-content-under tmb-media-first\" ><div class=\"t-inside style-color-rgdb-bg no-anim\" ><div class=\"t-entry-visual\"><div class=\"t-entry-visual-tc\"><div class=\"t-entry-visual-cont\"><div class=\"dummy\" style=\"padding-top: 75.1%;\"><\/div><a role=\"button\" tabindex=\"-1\" href=\"https:\/\/royalcasinocompany.nl\/de\/blackjack-tafel-huren\/\" class=\"pushed\" aria-label=\"Blackjack Tisch mieten\"  target=\"_self\" data-lb-index=\"1\"><div class=\"t-entry-visual-overlay\"><div class=\"t-entry-visual-overlay-in style-color-rgdb-bg\" style=\"opacity: 1;\"><\/div><\/div><img decoding=\"async\" class=\"wp-image-65631\" src=\"https:\/\/royalcasinocompany.nl\/wp-content\/uploads\/2023\/05\/74-Paul50\u00a9HERMANCEVANDIJK-1-uai-910x683.jpg\" width=\"910\" height=\"683\" alt=\"Blackjack tafel huren\" title=\"\"><\/a><\/div>\n\t\t\t\t\t<\/div>\n\t\t\t\t<\/div><div class=\"t-entry-text\">\n\t\t\t\t\t\t\t\t\t<div class=\"t-entry-text-tc single-block-padding\"><div class=\"t-entry\"><h3 class=\"t-entry-title h5 title-scale\"><a href=\"https:\/\/royalcasinocompany.nl\/de\/blackjack-tafel-huren\/\" target=\"_self\">Blackjack Tisch mieten<\/a><\/h3><\/div><\/div>\n\t\t\t\t\t\t\t<\/div><\/div><\/div><div class=\"tmb atc-typography-inherit tmb-iso-w4 tmb-iso-h4 tmb-dark tmb-overlay-gradient-bottom tmb-text-showed tmb-overlay-showed tmb-overlay-anim tmb-content-center tmb-image-anim  grid-cat-63 tmb-id-62826 tmb-img-ratio tmb-content-under tmb-media-first\" ><div class=\"t-inside style-color-rgdb-bg no-anim\" ><div class=\"t-entry-visual\"><div class=\"t-entry-visual-tc\"><div class=\"t-entry-visual-cont\"><div class=\"dummy\" style=\"padding-top: 75%;\"><\/div><a role=\"button\" tabindex=\"-1\" href=\"https:\/\/royalcasinocompany.nl\/de\/poker-tafel-huren\/\" class=\"pushed\" aria-label=\"Pokertisch mieten\"  target=\"_self\" data-lb-index=\"2\"><div class=\"t-entry-visual-overlay\"><div class=\"t-entry-visual-overlay-in style-color-rgdb-bg\" style=\"opacity: 1;\"><\/div><\/div><img decoding=\"async\" class=\"wp-image-65729\" src=\"https:\/\/royalcasinocompany.nl\/wp-content\/uploads\/2023\/05\/Royal-Casino-Company-Ici-Paris-party-06-uai-873x655.jpg\" width=\"873\" height=\"655\" alt=\"Poker tafel huren\" title=\"\"><\/a><\/div>\n\t\t\t\t\t<\/div>\n\t\t\t\t<\/div><div class=\"t-entry-text\">\n\t\t\t\t\t\t\t\t\t<div class=\"t-entry-text-tc single-block-padding\"><div class=\"t-entry\"><h3 class=\"t-entry-title h5 title-scale\"><a href=\"https:\/\/royalcasinocompany.nl\/de\/poker-tafel-huren\/\" target=\"_self\">Pokertisch mieten<\/a><\/h3><\/div><\/div>\n\t\t\t\t\t\t\t<\/div><\/div><\/div><div class=\"tmb atc-typography-inherit tmb-iso-w4 tmb-iso-h4 tmb-dark tmb-overlay-gradient-bottom tmb-text-showed tmb-overlay-showed tmb-overlay-anim tmb-content-center tmb-image-anim  grid-cat-63 tmb-id-62837 tmb-img-ratio tmb-content-under tmb-media-first\" ><div class=\"t-inside style-color-rgdb-bg no-anim\" ><div class=\"t-entry-visual\"><div class=\"t-entry-visual-tc\"><div class=\"t-entry-visual-cont\"><div class=\"dummy\" style=\"padding-top: 75%;\"><\/div><a role=\"button\" tabindex=\"-1\" href=\"https:\/\/royalcasinocompany.nl\/de\/chuck-a-luck-tafel-huren\/\" class=\"pushed\" aria-label=\"Chuck a Luck Casinotisch f\u00fcr Firmenfeier mieten\"  target=\"_self\" data-lb-index=\"3\"><div class=\"t-entry-visual-overlay\"><div class=\"t-entry-visual-overlay-in style-color-rgdb-bg\" style=\"opacity: 1;\"><\/div><\/div><img decoding=\"async\" class=\"wp-image-67946\" src=\"https:\/\/royalcasinocompany.nl\/wp-content\/uploads\/2024\/03\/WhatsApp-Image-2024-03-13-at-17.51.15-uai-1421x1066.jpeg\" width=\"1421\" height=\"1066\" alt=\"Chuck a Luck casinotafel huren voor bedrijfsfeest\" title=\"\"><\/a><\/div>\n\t\t\t\t\t<\/div>\n\t\t\t\t<\/div><div class=\"t-entry-text\">\n\t\t\t\t\t\t\t\t\t<div class=\"t-entry-text-tc single-block-padding\"><div class=\"t-entry\"><h3 class=\"t-entry-title h5 title-scale\"><a href=\"https:\/\/royalcasinocompany.nl\/de\/chuck-a-luck-tafel-huren\/\" target=\"_self\">Chuck \u00e1 Luck Tischvermietung<\/a><\/h3><\/div><\/div>\n\t\t\t\t\t\t\t<\/div><\/div><\/div><div class=\"tmb atc-typography-inherit tmb-iso-w4 tmb-iso-h4 tmb-dark tmb-overlay-gradient-bottom tmb-text-showed tmb-overlay-showed tmb-overlay-anim tmb-content-center tmb-image-anim  grid-cat-63 tmb-id-62843 tmb-img-ratio tmb-content-under tmb-media-first\" ><div class=\"t-inside style-color-rgdb-bg no-anim\" ><div class=\"t-entry-visual\"><div class=\"t-entry-visual-tc\"><div class=\"t-entry-visual-cont\"><div class=\"dummy\" style=\"padding-top: 75%;\"><\/div><a role=\"button\" tabindex=\"-1\" href=\"https:\/\/royalcasinocompany.nl\/de\/money-wheel-tafel-huren\/\" class=\"pushed\" aria-label=\"Geldradverleih\"  target=\"_self\" data-lb-index=\"4\"><div class=\"t-entry-visual-overlay\"><div class=\"t-entry-visual-overlay-in style-color-rgdb-bg\" style=\"opacity: 1;\"><\/div><\/div><img decoding=\"async\" class=\"wp-image-65674\" src=\"https:\/\/royalcasinocompany.nl\/wp-content\/uploads\/2023\/05\/TQII9811.jpg\" width=\"1599\" height=\"1200\" alt=\"Money wheel huren\" title=\"\" srcset=\"https:\/\/royalcasinocompany.nl\/wp-content\/uploads\/2023\/05\/TQII9811.jpg 1599w, https:\/\/royalcasinocompany.nl\/wp-content\/uploads\/2023\/05\/TQII9811-300x225.jpg 300w, https:\/\/royalcasinocompany.nl\/wp-content\/uploads\/2023\/05\/TQII9811-1024x768.jpg 1024w, https:\/\/royalcasinocompany.nl\/wp-content\/uploads\/2023\/05\/TQII9811-768x576.jpg 768w, https:\/\/royalcasinocompany.nl\/wp-content\/uploads\/2023\/05\/TQII9811-1536x1153.jpg 1536w, https:\/\/royalcasinocompany.nl\/wp-content\/uploads\/2023\/05\/TQII9811-350x263.jpg 350w\" sizes=\"(max-width: 1599px) 100vw, 1599px\"><\/a><\/div>\n\t\t\t\t\t<\/div>\n\t\t\t\t<\/div><div class=\"t-entry-text\">\n\t\t\t\t\t\t\t\t\t<div class=\"t-entry-text-tc single-block-padding\"><div class=\"t-entry\"><h3 class=\"t-entry-title h5 title-scale\"><a href=\"https:\/\/royalcasinocompany.nl\/de\/money-wheel-tafel-huren\/\" target=\"_self\">Geldrad-Tischverleih<\/a><\/h3><\/div><\/div>\n\t\t\t\t\t\t\t<\/div><\/div><\/div><div class=\"tmb atc-typography-inherit tmb-iso-w4 tmb-iso-h4 tmb-dark tmb-overlay-gradient-bottom tmb-text-showed tmb-overlay-showed tmb-overlay-anim tmb-content-center tmb-image-anim  grid-cat-63 tmb-id-62867 tmb-img-ratio tmb-content-under tmb-media-first\" ><div class=\"t-inside style-color-rgdb-bg no-anim\" ><div class=\"t-entry-visual\"><div class=\"t-entry-visual-tc\"><div class=\"t-entry-visual-cont\"><div class=\"dummy\" style=\"padding-top: 75%;\"><\/div><a role=\"button\" tabindex=\"-1\" href=\"https:\/\/royalcasinocompany.nl\/de\/craps-tafel-huren\/\" class=\"pushed\" aria-label=\"Craps-Casinotisch mieten f\u00fcr Firmenfeier\"  target=\"_self\" data-lb-index=\"5\"><div class=\"t-entry-visual-overlay\"><div class=\"t-entry-visual-overlay-in style-color-rgdb-bg\" style=\"opacity: 1;\"><\/div><\/div><img decoding=\"async\" class=\"wp-image-67929\" src=\"https:\/\/royalcasinocompany.nl\/wp-content\/uploads\/2024\/03\/WhatsApp-Image-2024-03-13-at-17.51.13-uai-1434x1076.jpeg\" width=\"1434\" height=\"1076\" alt=\"Craps casinotafel huren voor bedrijfsfeest\" title=\"\"><\/a><\/div>\n\t\t\t\t\t<\/div>\n\t\t\t\t<\/div><div class=\"t-entry-text\">\n\t\t\t\t\t\t\t\t\t<div class=\"t-entry-text-tc single-block-padding\"><div class=\"t-entry\"><h3 class=\"t-entry-title h5 title-scale\"><a href=\"https:\/\/royalcasinocompany.nl\/de\/craps-tafel-huren\/\" target=\"_self\">Craps-Tisch mieten<\/a><\/h3><\/div><\/div>\n\t\t\t\t\t\t\t<\/div><\/div><\/div><div class=\"tmb atc-typography-inherit tmb-iso-w4 tmb-iso-h4 tmb-dark tmb-overlay-gradient-bottom tmb-text-showed tmb-overlay-showed tmb-overlay-anim tmb-content-center tmb-image-anim  grid-cat-63 tmb-id-62874 tmb-img-ratio tmb-content-under tmb-media-first\" ><div class=\"t-inside style-color-rgdb-bg no-anim\" ><div class=\"t-entry-visual\"><div class=\"t-entry-visual-tc\"><div class=\"t-entry-visual-cont\"><div class=\"dummy\" style=\"padding-top: 75%;\"><\/div><a role=\"button\" tabindex=\"-1\" href=\"https:\/\/royalcasinocompany.nl\/de\/franse-roulette-tafel-huren\/\" class=\"pushed\" aria-label=\"Vermietung von franz\u00f6sischen Roulettetischen\"  target=\"_self\" data-lb-index=\"6\"><div class=\"t-entry-visual-overlay\"><div class=\"t-entry-visual-overlay-in style-color-rgdb-bg\" style=\"opacity: 1;\"><\/div><\/div><img decoding=\"async\" class=\"wp-image-67159\" src=\"https:\/\/royalcasinocompany.nl\/wp-content\/uploads\/2024\/02\/IMG_2234-scaled.jpg\" width=\"2560\" height=\"1920\" alt=\"Franse roulette tafel huren\" title=\"\" srcset=\"https:\/\/royalcasinocompany.nl\/wp-content\/uploads\/2024\/02\/IMG_2234-scaled.jpg 2560w, https:\/\/royalcasinocompany.nl\/wp-content\/uploads\/2024\/02\/IMG_2234-300x225.jpg 300w, https:\/\/royalcasinocompany.nl\/wp-content\/uploads\/2024\/02\/IMG_2234-1024x768.jpg 1024w, https:\/\/royalcasinocompany.nl\/wp-content\/uploads\/2024\/02\/IMG_2234-768x576.jpg 768w, https:\/\/royalcasinocompany.nl\/wp-content\/uploads\/2024\/02\/IMG_2234-1536x1152.jpg 1536w, https:\/\/royalcasinocompany.nl\/wp-content\/uploads\/2024\/02\/IMG_2234-2048x1536.jpg 2048w, https:\/\/royalcasinocompany.nl\/wp-content\/uploads\/2024\/02\/IMG_2234-350x263.jpg 350w\" sizes=\"(max-width: 2560px) 100vw, 2560px\"><\/a><\/div>\n\t\t\t\t\t<\/div>\n\t\t\t\t<\/div><div class=\"t-entry-text\">\n\t\t\t\t\t\t\t\t\t<div class=\"t-entry-text-tc single-block-padding\"><div class=\"t-entry\"><h3 class=\"t-entry-title h5 title-scale\"><a href=\"https:\/\/royalcasinocompany.nl\/de\/franse-roulette-tafel-huren\/\" target=\"_self\">Vermietung von franz\u00f6sischen Roulettetischen<\/a><\/h3><\/div><\/div>\n\t\t\t\t\t\t\t<\/div><\/div><\/div><div class=\"tmb atc-typography-inherit tmb-iso-w4 tmb-iso-h4 tmb-dark tmb-overlay-gradient-bottom tmb-text-showed tmb-overlay-showed tmb-overlay-anim tmb-content-center tmb-image-anim  grid-cat-63 tmb-id-65764 tmb-img-ratio tmb-content-under tmb-media-first\" ><div class=\"t-inside style-color-rgdb-bg no-anim\" ><div class=\"t-entry-visual\"><div class=\"t-entry-visual-tc\"><div class=\"t-entry-visual-cont\"><div class=\"dummy\" style=\"padding-top: 75%;\"><\/div><a role=\"button\" tabindex=\"-1\" href=\"https:\/\/royalcasinocompany.nl\/de\/xl-dubbele-roulette-tafel-huren\/\" class=\"pushed\" aria-label=\"XL Double roulette mieten\"  target=\"_self\" data-lb-index=\"7\"><div class=\"t-entry-visual-overlay\"><div class=\"t-entry-visual-overlay-in style-color-rgdb-bg\" style=\"opacity: 1;\"><\/div><\/div><img decoding=\"async\" class=\"wp-image-67917\" src=\"https:\/\/royalcasinocompany.nl\/wp-content\/uploads\/2024\/03\/WhatsApp-Image-2024-03-13-at-17.27.16-uai-1372x1029.jpeg\" width=\"1372\" height=\"1029\" alt=\"XL Dubbele roulette huren\" title=\"\"><\/a><\/div>\n\t\t\t\t\t<\/div>\n\t\t\t\t<\/div><div class=\"t-entry-text\">\n\t\t\t\t\t\t\t\t\t<div class=\"t-entry-text-tc single-block-padding\"><div class=\"t-entry\"><h3 class=\"t-entry-title h5 title-scale\"><a href=\"https:\/\/royalcasinocompany.nl\/de\/xl-dubbele-roulette-tafel-huren\/\" target=\"_self\">XL-Doppelroulettetisch mieten<\/a><\/h3><\/div><\/div>\n\t\t\t\t\t\t\t<\/div><\/div><\/div>\t\t<\/div>\t\n\t\n\n\t<\/div>\t\t\t\t<\/div>\n<div class=\"empty-space empty-single\" ><span class=\"empty-space-inner\"><\/span><\/div>\n<div class=\"divider-wrapper\"  >\n    <hr class=\"border-accent-color separator-no-padding\"  \/>\n<\/div>\n<div class=\"vc_row row-internal row-container boomapps_vcrow\"><div class=\"row row-child\"><div class=\"wpb_row row-inner\"><div class=\"wpb_column pos-top pos-center align_left column_child col-lg-8 boomapps_vccolumn single-internal-gutter\"><div class=\"uncol style-dark\" ><div class=\"uncoltable\"><div class=\"uncell  boomapps_vccolumn no-block-padding\" ><div class=\"uncont\" ><div class=\"uncode_text_column\" ><\/p>\n<blockquote>\n<p>Agenturen und Veranstaltungsorte erhalten einen Vermittlungsrabatt!<\/p>\n<\/blockquote>\n<p>Zus\u00e4tzliche Kosten:<\/p>\n<ul>\n<li>Transportkosten von 0,65 \u20ac pro Kilometer<\/li>\n<li>Zus\u00e4tzliche Spielzeit zu \u20ac 60 pro Stunde, pro Konsole inkl. Croupier<\/li>\n<li>Wenn Sie einen Casinotisch mieten, zahlen Sie den Preis f\u00fcr zwei Spieltische.<\/li>\n<li>F\u00fcr Spielzeiten nach 00:30 Uhr wird ein Aufschlag von 50 \u20ac pro Stunde erhoben.<\/li>\n<li>F\u00fcr Standorte, die nicht im Erdgeschoss liegen, berechnen wir den 10%-Zuschlag<\/li>\n<li>\u00dcberbr\u00fcckungszeit zwischen Aufbau und \u00d6ffnung des Casinos zu 50 \u20ac pro Stunde, pro Croupier<\/li>\n<li>An Feiertagen gilt ein anderer Mietpreis, bitte fragen Sie nach zus\u00e4tzlichen Kosten<\/li>\n<\/ul>\n<p>\n<\/div><div class=\"uncode_text_column\" ><p>*Alle angegebenen Preise verstehen sich ohne 21% Mehrwertsteuer<\/p>\n<\/div><\/div><\/div><\/div><\/div><\/div><div class=\"wpb_column pos-top pos-center align_left column_child col-lg-4 boomapps_vccolumn single-internal-gutter\"><div class=\"uncol style-dark\" ><div class=\"uncoltable\"><div class=\"uncell  boomapps_vccolumn no-block-padding\" ><div class=\"uncont\" ><div class=\"uncode-single-media  text-left\"><div class=\"single-wrapper\" style=\"max-width: 100%;\"><div class=\"tmb tmb-light  tmb-img-ratio tmb-media-first tmb-media-last tmb-content-overlay tmb-no-bg\"><div class=\"t-inside\"><div class=\"t-entry-visual\"><div class=\"t-entry-visual-tc\"><div class=\"uncode-single-media-wrapper\"><div class=\"dummy\" style=\"padding-top: 75%;\"><\/div><img decoding=\"async\" class=\"wp-image-67052\" src=\"https:\/\/royalcasinocompany.nl\/wp-content\/uploads\/2024\/02\/SME_238712819_053-1-uai-1706x1280.jpg\" width=\"1706\" height=\"1280\" alt=\"Casino avond voor een bedrijfsfeest met casinotafels, casino dames en een goochelaar\" title=\"\"><\/div>\n\t\t\t\t\t<\/div>\n\t\t\t\t<\/div><\/div><\/div><\/div><\/div><\/div><\/div><\/div><\/div><\/div><\/div><\/div><\/div><\/div><\/div><\/div><\/div><\/div><script id=\"script-row-unique-3\" data-row=\"script-row-unique-3\" type=\"text\/javascript\" class=\"vc_controls\">UNCODE.initRow(document.getElementById(\"row-unique-3\"));<\/script><\/div><\/div><\/div>\n<\/div>","protected":false},"excerpt":{"rendered":"Home XL DUBBELE ROULETTE TAFEL HUREN? Roulette is een van de meest iconische en populaire casinospellen ter wereld. Het spel [...]","protected":false},"author":1,"featured_media":69046,"parent":0,"menu_order":0,"comment_status":"closed","ping_status":"closed","template":"","meta":{"footnotes":""},"class_list":["post-58570","page","type-page","status-publish","has-post-thumbnail","hentry","page_category-casino-huren-nederland","page_category-huren"],"_links":{"self":[{"href":"https:\/\/royalcasinocompany.nl\/de\/wp-json\/wp\/v2\/pages\/58570","targetHints":{"allow":["GET"]}}],"collection":[{"href":"https:\/\/royalcasinocompany.nl\/de\/wp-json\/wp\/v2\/pages"}],"about":[{"href":"https:\/\/royalcasinocompany.nl\/de\/wp-json\/wp\/v2\/types\/page"}],"author":[{"embeddable":true,"href":"https:\/\/royalcasinocompany.nl\/de\/wp-json\/wp\/v2\/users\/1"}],"replies":[{"embeddable":true,"href":"https:\/\/royalcasinocompany.nl\/de\/wp-json\/wp\/v2\/comments?post=58570"}],"version-history":[{"count":20,"href":"https:\/\/royalcasinocompany.nl\/de\/wp-json\/wp\/v2\/pages\/58570\/revisions"}],"predecessor-version":[{"id":69204,"href":"https:\/\/royalcasinocompany.nl\/de\/wp-json\/wp\/v2\/pages\/58570\/revisions\/69204"}],"wp:featuredmedia":[{"embeddable":true,"href":"https:\/\/royalcasinocompany.nl\/de\/wp-json\/wp\/v2\/media\/69046"}],"wp:attachment":[{"href":"https:\/\/royalcasinocompany.nl\/de\/wp-json\/wp\/v2\/media?parent=58570"}],"curies":[{"name":"wp","href":"https:\/\/api.w.org\/{rel}","templated":true}]}}