{"id":58715,"date":"2018-05-21T12:03:09","date_gmt":"2018-05-21T12:03:09","guid":{"rendered":"http:\/\/royalcasinocompany.nl\/?page_id=58715"},"modified":"2025-06-16T11:40:28","modified_gmt":"2025-06-16T09:40:28","slug":"v-g-privacy-policy","status":"publish","type":"page","link":"https:\/\/royalcasinocompany.nl\/de\/v-g-privacy-policy\/","title":{"rendered":"A.V.G.-Datenschutzerkl\u00e4rung"},"content":{"rendered":"<div class=\"wpb-content-wrapper\"><div data-parent=\"true\" class=\"vc_row row-container boomapps_vcrow\" id=\"row-unique-0\"><div class=\"row limit-width row-parent\"><div class=\"wpb_row row-inner\"><div class=\"wpb_column pos-top pos-center align_left column_parent col-lg-12 boomapps_vccolumn single-internal-gutter\"><div class=\"uncol style-dark\"  ><div class=\"uncoltable\"><div class=\"uncell  boomapps_vccolumn no-block-padding\" ><div class=\"uncont\" ><div class=\"uncode_text_column\" ><\/p>\n<h1>DATENSCHUTZPOLITIK<\/h1>\n<p>Die Royal Casino Company verpflichtet sich, Ihre pers\u00f6nlichen Daten zu sch\u00fctzen. Mit dieser Datenschutzrichtlinie m\u00f6chten wir Ihnen klare und transparente Informationen dar\u00fcber geben, wie wir mit pers\u00f6nlichen Daten umgehen.<\/p>\n<p>Wir verpflichten uns, Ihre Privatsph\u00e4re zu sch\u00fctzen und behandeln daher pers\u00f6nliche Daten mit Sorgfalt. Royal Casino Company h\u00e4lt sich in allen F\u00e4llen an die geltenden Gesetze und Vorschriften, einschlie\u00dflich der Allgemeinen Datenschutzverordnung. Dies bedeutet, dass wir mindestens:<\/p>\n<ul>\n<li>Ihre personenbezogenen Daten in \u00dcbereinstimmung mit dem Zweck zu verarbeiten, f\u00fcr den sie zur Verf\u00fcgung gestellt wurden; diese Zwecke und Arten von personenbezogenen Daten sind in dieser Datenschutzerkl\u00e4rung beschrieben;<\/li>\n<li>Die Verarbeitung Ihrer personenbezogenen Daten beschr\u00e4nkt sich auf die Daten, die f\u00fcr die Zwecke, f\u00fcr die sie verarbeitet werden, unbedingt erforderlich sind;<\/li>\n<li>Wir bitten Sie um Ihre ausdr\u00fcckliche Zustimmung, wenn wir diese f\u00fcr die Verarbeitung Ihrer personenbezogenen Daten ben\u00f6tigen;<\/li>\n<li>geeignete technische und organisatorische Ma\u00dfnahmen getroffen haben, um die Sicherheit Ihrer personenbezogenen Daten zu gew\u00e4hrleisten;<\/li>\n<li>Wir geben personenbezogene Daten nicht an Dritte weiter, es sei denn, dies ist f\u00fcr die Erf\u00fcllung der Zwecke, f\u00fcr die sie zur Verf\u00fcgung gestellt wurden, erforderlich;<\/li>\n<li>Wir kennen Ihre Rechte in Bezug auf Ihre personenbezogenen Daten, m\u00f6chten Sie darauf aufmerksam machen und sie respektieren.<\/li>\n<\/ul>\n<p>Als Royal Casino Company sind wir f\u00fcr die Verarbeitung Ihrer pers\u00f6nlichen Daten verantwortlich. Wenn Sie nach der Lekt\u00fcre unserer Datenschutzrichtlinien oder ganz allgemein Fragen dazu haben oder sich mit uns in Verbindung setzen m\u00f6chten, k\u00f6nnen Sie dies \u00fcber die Kontaktangaben am Ende dieses Dokuments tun.<\/p>\n<h2><strong>VERARBEITUNG PERSONENBEZOGENER DATEN VON KUNDEN ODER LIEFERANTEN<\/strong><\/h2>\n<p>Pers\u00f6nliche Daten von Kunden oder Lieferanten werden von Royal Casino Company f\u00fcr die folgenden Zwecke verarbeitet:<\/p>\n<ul>\n<li>Administrative Zwecke;<\/li>\n<li>Interne Marketingzwecke;<\/li>\n<li>Bearbeitung der Bestellung;<\/li>\n<li>Bearbeitung von Auftr\u00e4gen.<\/li>\n<\/ul>\n<p>Grundlage f\u00fcr diese personenbezogenen Daten ist:<\/p>\n<ul>\n<li>Die vereinbarte Reihenfolge;<\/li>\n<\/ul>\n<p>F\u00fcr den\/die oben genannten Zweck(e) kann Royal Casino Company die folgenden pers\u00f6nlichen Daten von Ihnen anfordern:<\/p>\n<ul>\n<li>Vorname und Nachname<\/li>\n<li>einf\u00fcgen.<\/li>\n<li>Rufnummer<\/li>\n<li>E-Mail Adresse<\/li>\n<li>Geschlecht<\/li>\n<\/ul>\n<p>Ihre pers\u00f6nlichen Daten werden von Royal Casino Company f\u00fcr die oben genannte(n) Dauer(n) der Verarbeitung gespeichert:<\/p>\n<ul>\n<li>F\u00fcr die Dauer der Vereinbarung und dann nur in den Finanzunterlagen f\u00fcr bis zu 7 Jahre.<\/li>\n<\/ul>\n<h2><strong>CUSTOMS<\/strong><\/h2>\n<p>Royal Casino Company bewahrt pers\u00f6nliche Daten nicht l\u00e4nger auf, als es f\u00fcr den Zweck, f\u00fcr den sie zur Verf\u00fcgung gestellt wurden, erforderlich oder gesetzlich vorgeschrieben ist.<\/p>\n<h2><strong>SICHERHEIT<\/strong><\/h2>\n<p>Wir haben geeignete technische und organisatorische Ma\u00dfnahmen ergriffen, um Ihre personenbezogenen Daten vor unrechtm\u00e4\u00dfiger Verarbeitung zu sch\u00fctzen, z. B. haben wir die folgenden Ma\u00dfnahmen getroffen<\/p>\n<ul>\n<li>Wir verwenden f\u00fcr alle unsere Systeme einen Benutzernamen und ein Passwort;<\/li>\n<li>Wir erstellen Sicherungskopien der personenbezogenen Daten, um sie im Falle physischer oder technischer Zwischenf\u00e4lle wiederherstellen zu k\u00f6nnen;<\/li>\n<\/ul>\n<h2><strong>RECHTE IN BEZUG AUF IHRE DATEN<\/strong><\/h2>\n<p>Sie haben das Recht auf Zugang, Berichtigung oder L\u00f6schung der personenbezogenen Daten, die wir von Ihnen erhalten haben. Sie k\u00f6nnen auch der Verarbeitung aller oder eines Teils Ihrer personenbezogenen Daten durch uns oder einen unserer Auftragsverarbeiter widersprechen. Sie haben auch das Recht, dass wir die Daten, die Sie sich selbst oder in Ihrem Namen zur Verf\u00fcgung gestellt haben, direkt an eine andere Partei weitergeben. Wir k\u00f6nnen Sie bitten, sich zu identifizieren, bevor wir den vorgenannten Antr\u00e4gen nachkommen k\u00f6nnen.<\/p>\n<p>Sollten wir Ihre personenbezogenen Daten auf der Grundlage einer von Ihnen erteilten Einwilligung verarbeiten, haben Sie jederzeit das Recht, diese Einwilligung zu widerrufen.<\/p>\n<h2><strong>COMPLAINTS<\/strong><\/h2>\n<p>Wenn Sie eine Beschwerde \u00fcber die Verarbeitung Ihrer pers\u00f6nlichen Daten haben, bitten wir Sie, sich direkt an uns zu wenden. Wenn wir die Angelegenheit nicht mit Ihnen kl\u00e4ren k\u00f6nnen, finden wir das nat\u00fcrlich sehr \u00e4rgerlich. Sie haben jederzeit das Recht, eine Beschwerde bei der Datenschutzbeh\u00f6rde, der Aufsichtsbeh\u00f6rde im Bereich des Datenschutzes, einzureichen.<\/p>\n<h2><strong>FRAGEN<\/strong><\/h2>\n<p>Wenn Sie Fragen oder Anmerkungen zu unseren Datenschutzbestimmungen haben, kontaktieren Sie uns bitte!<\/p>\n<h2><strong>KONTAKTINFORMATIONEN<\/strong><\/h2>\n<p>Royal Casino Unternehmen<br \/>\nKabeltrasse 1<br \/>\n1271 AN HUIZEN<\/p>\n<\/div><\/div><\/div><\/div><\/div><\/div><script id=\"script-row-unique-0\" data-row=\"script-row-unique-0\" type=\"text\/javascript\" class=\"vc_controls\">UNCODE.initRow(document.getElementById(\"row-unique-0\"));<\/script><\/div><\/div><\/div>\n<\/div>","protected":false},"excerpt":{"rendered":"PRIVACY POLICY Royal Casino Company hecht veel waarde aan de bescherming van uw persoonsgegevens. In deze Privacy policy willen we [...]","protected":false},"author":1,"featured_media":0,"parent":0,"menu_order":0,"comment_status":"closed","ping_status":"closed","template":"","meta":{"footnotes":""},"class_list":["post-58715","page","type-page","status-publish","hentry","page_category-over-ons"],"_links":{"self":[{"href":"https:\/\/royalcasinocompany.nl\/de\/wp-json\/wp\/v2\/pages\/58715","targetHints":{"allow":["GET"]}}],"collection":[{"href":"https:\/\/royalcasinocompany.nl\/de\/wp-json\/wp\/v2\/pages"}],"about":[{"href":"https:\/\/royalcasinocompany.nl\/de\/wp-json\/wp\/v2\/types\/page"}],"author":[{"embeddable":true,"href":"https:\/\/royalcasinocompany.nl\/de\/wp-json\/wp\/v2\/users\/1"}],"replies":[{"embeddable":true,"href":"https:\/\/royalcasinocompany.nl\/de\/wp-json\/wp\/v2\/comments?post=58715"}],"version-history":[{"count":5,"href":"https:\/\/royalcasinocompany.nl\/de\/wp-json\/wp\/v2\/pages\/58715\/revisions"}],"predecessor-version":[{"id":70312,"href":"https:\/\/royalcasinocompany.nl\/de\/wp-json\/wp\/v2\/pages\/58715\/revisions\/70312"}],"wp:attachment":[{"href":"https:\/\/royalcasinocompany.nl\/de\/wp-json\/wp\/v2\/media?parent=58715"}],"curies":[{"name":"wp","href":"https:\/\/api.w.org\/{rel}","templated":true}]}}