{"id":60444,"date":"2025-06-24T21:00:30","date_gmt":"2025-06-24T19:00:30","guid":{"rendered":"https:\/\/royalcasinocompany.nl\/?page_id=60444"},"modified":"2025-07-14T12:58:29","modified_gmt":"2025-07-14T10:58:29","slug":"bedrijfsfeest","status":"publish","type":"page","link":"https:\/\/royalcasinocompany.nl\/de\/casino-op-locatie\/bedrijfsfeest\/","title":{"rendered":"Firmenfeier"},"content":{"rendered":"<div class=\"wpb-content-wrapper\"><div data-parent=\"true\" class=\"vc_row row-container boomapps_vcrow\" id=\"row-unique-0\"><div class=\"row limit-width row-parent\"><div class=\"wpb_row row-inner\"><div class=\"wpb_column pos-top pos-center align_left column_parent col-lg-12 boomapps_vccolumn single-internal-gutter\"><div class=\"uncol style-dark\"  ><div class=\"uncoltable\"><div class=\"uncell  boomapps_vccolumn no-block-padding\" ><div class=\"uncont\" ><div class=\"uncode_text_column text-small text-accent-color\" ><nav aria-label=\"Semmelbr\u00f6sel\" class=\"rank-math-breadcrumb\"><p><span class=\"last\">Startseite<\/span><\/p><\/nav>\n<\/div><\/div><\/div><\/div><\/div><\/div><script id=\"script-row-unique-0\" data-row=\"script-row-unique-0\" type=\"text\/javascript\" class=\"vc_controls\">UNCODE.initRow(document.getElementById(\"row-unique-0\"));<\/script><\/div><\/div><\/div><div data-parent=\"true\" class=\"vc_row row-container boomapps_vcrow\" id=\"row-unique-1\"><div class=\"row limit-width row-parent\"><div class=\"wpb_row row-inner\"><div class=\"wpb_column pos-top pos-center align_left column_parent col-lg-6 boomapps_vccolumn single-internal-gutter\"><div class=\"uncol style-dark\"  ><div class=\"uncoltable\"><div class=\"uncell  boomapps_vccolumn no-block-padding\" ><div class=\"uncont\" ><div class=\"vc_custom_heading_wrap\"><div class=\"heading-text el-text\" ><h2 class=\"h2\" ><span>Mieten Sie ein Casino f\u00fcr Ihre Firmenfeier?<\/span><\/h2><\/div><div class=\"clear\"><\/div><\/div><div class=\"uncode_text_column\" ><p>Haben Sie die Aufgabe \u00fcbernommen, das Betriebsfest zu organisieren? Wir k\u00f6nnen Sie schon h\u00f6ren, wie Sie denken: \"Wie soll ich das anstellen und was m\u00f6gen alle...\".<\/p>\n<p>Die Organisation eines Betriebsfestes ist mit einer Menge Arbeit verbunden, und nat\u00fcrlich wollen Sie es perfekt organisieren und daf\u00fcr sorgen, dass alle Spa\u00df haben.<\/p>\n<p>Unsere luxuri\u00f6sen Casinotische sind immer beliebt und \u00fcben auf die G\u00e4ste eine gro\u00dfe Anziehungskraft aus. Jeder spielt gerne und vor allem, wenn er kein Geld verlieren kann. Mit unserem Fun-Casino-Konzept bleibt das Gl\u00fccksspiel unterhaltsam und angenehm.<\/p>\n<p>Wir helfen Ihnen gerne, sich zu organisieren. Wir laden Sie gerne in unser B\u00fcro ein und zeigen Ihnen unsere Materialien.<\/p>\n<\/div><\/div><\/div><\/div><\/div><\/div><div class=\"wpb_column pos-top pos-center align_left column_parent col-lg-6 boomapps_vccolumn single-internal-gutter\"><div class=\"uncol style-dark\"  ><div class=\"uncoltable\"><div class=\"uncell  boomapps_vccolumn no-block-padding\" ><div class=\"uncont\" ><div class=\"uncode-single-media  text-left\"><div class=\"single-wrapper\" style=\"max-width: 100%;\"><div class=\"tmb tmb-light  tmb-img-ratio tmb-media-first tmb-media-last tmb-content-overlay tmb-no-bg\"><div class=\"t-inside\"><div class=\"t-entry-visual\"><div class=\"t-entry-visual-tc\"><div class=\"uncode-single-media-wrapper\"><div class=\"dummy\" style=\"padding-top: 66.7%;\"><\/div><img decoding=\"async\" class=\"wp-image-65682\" src=\"https:\/\/royalcasinocompany.nl\/wp-content\/uploads\/2023\/05\/IMG_8881-1-uai-1032x688.jpg\" width=\"1032\" height=\"688\" alt=\"- Royal Casino Company\" title=\"\"><\/div>\n\t\t\t\t\t<\/div>\n\t\t\t\t<\/div><\/div><\/div><\/div><\/div><\/div><\/div><\/div><\/div><\/div><script id=\"script-row-unique-1\" data-row=\"script-row-unique-1\" type=\"text\/javascript\" class=\"vc_controls\">UNCODE.initRow(document.getElementById(\"row-unique-1\"));<\/script><\/div><\/div><\/div><div data-parent=\"true\" class=\"vc_row row-container boomapps_vcrow\" id=\"row-unique-2\"><div class=\"row limit-width row-parent\"><div class=\"wpb_row row-inner\"><div class=\"wpb_column pos-top pos-center align_left column_parent col-lg-12 boomapps_vccolumn single-internal-gutter\"><div class=\"uncol style-dark\"  ><div class=\"uncoltable\"><div class=\"uncell  boomapps_vccolumn no-block-padding\" ><div class=\"uncont\" ><div class=\"divider-wrapper\"  >\n    <hr class=\"border-accent-color separator-no-padding\"  \/>\n<\/div>\n<\/div><\/div><\/div><\/div><\/div><script id=\"script-row-unique-2\" data-row=\"script-row-unique-2\" type=\"text\/javascript\" class=\"vc_controls\">UNCODE.initRow(document.getElementById(\"row-unique-2\"));<\/script><\/div><\/div><\/div><div data-parent=\"true\" class=\"vc_row row-container boomapps_vcrow\" id=\"row-unique-3\"><div class=\"row limit-width row-parent\"><div class=\"wpb_row row-inner\"><div class=\"wpb_column pos-top pos-center align_left column_parent col-lg-12 boomapps_vccolumn single-internal-gutter\"><div class=\"uncol style-dark\"  ><div class=\"uncoltable\"><div class=\"uncell  boomapps_vccolumn no-block-padding\" ><div class=\"uncont\" ><div id=\"gallery-109546\" class=\"un-media-gallery isotope-system isotope-general-dark grid-general-dark\">\n\t\t\t\t\t\n\t\n\t<div class=\"isotope-wrapper grid-wrapper half-gutter\" >\n\t\t\t\t\t\t\t\t\t<div class=\"isotope-container isotope-layout style-masonry\" data-type=\"masonry\" data-layout=\"masonry\" data-lg=\"1000\" data-md=\"600\" data-sm=\"480\">\n<div class=\"tmb tmb-iso-w4 tmb-iso-h4 tmb-light tmb-overlay-text-anim tmb-overlay-anim tmb-overlay-middle tmb-overlay-text-left tmb-image-anim tmb-id-65682  tmb-img-ratio tmb-media-first tmb-media-last tmb-content-overlay tmb-no-bg tmb-lightbox\" ><div class=\"t-inside no-anim\" ><div class=\"t-entry-visual\"><div class=\"t-entry-visual-tc\"><div class=\"t-entry-visual-cont\"><div class=\"dummy\" style=\"padding-top: 75%;\"><\/div><a href=\"https:\/\/royalcasinocompany.nl\/wp-content\/uploads\/2023\/05\/IMG_8881-1.jpg\"  class=\"pushed\" data-active=\"1\" data-lbox=\"ilightbox_gallery-109546\" data-options=\"width:1032,height:774,thumbnail: 'https:\/\/royalcasinocompany.nl\/wp-content\/uploads\/2023\/05\/IMG_8881-1-300x225.jpg'\" data-lb-index=\"0\"><div class=\"t-entry-visual-overlay\"><div class=\"t-entry-visual-overlay-in style-dark-bg\" style=\"opacity: 0.5;\"><\/div><\/div><img decoding=\"async\" class=\"wp-image-65682\" src=\"https:\/\/royalcasinocompany.nl\/wp-content\/uploads\/2023\/05\/IMG_8881-1.jpg\" width=\"1032\" height=\"774\" alt=\"- Royal Casino Company\" title=\"\" srcset=\"https:\/\/royalcasinocompany.nl\/wp-content\/uploads\/2023\/05\/IMG_8881-1.jpg 1032w, https:\/\/royalcasinocompany.nl\/wp-content\/uploads\/2023\/05\/IMG_8881-1-300x225.jpg 300w, https:\/\/royalcasinocompany.nl\/wp-content\/uploads\/2023\/05\/IMG_8881-1-1024x768.jpg 1024w, https:\/\/royalcasinocompany.nl\/wp-content\/uploads\/2023\/05\/IMG_8881-1-768x576.jpg 768w, https:\/\/royalcasinocompany.nl\/wp-content\/uploads\/2023\/05\/IMG_8881-1-350x263.jpg 350w\" sizes=\"(max-width: 1032px) 100vw, 1032px\"><\/a><\/div>\n\t\t\t\t\t<\/div>\n\t\t\t\t<\/div><\/div><\/div><div class=\"tmb tmb-iso-w4 tmb-iso-h4 tmb-light tmb-overlay-text-anim tmb-overlay-anim tmb-overlay-middle tmb-overlay-text-left tmb-image-anim tmb-id-65680  tmb-img-ratio tmb-media-first tmb-media-last tmb-content-overlay tmb-no-bg tmb-lightbox\" ><div class=\"t-inside no-anim\" ><div class=\"t-entry-visual\"><div class=\"t-entry-visual-tc\"><div class=\"t-entry-visual-cont\"><div class=\"dummy\" style=\"padding-top: 75%;\"><\/div><a href=\"https:\/\/royalcasinocompany.nl\/wp-content\/uploads\/2023\/05\/IMG_8851.jpg\"  class=\"pushed\" data-active=\"1\" data-lbox=\"ilightbox_gallery-109546\" data-options=\"width:1032,height:774,thumbnail: 'https:\/\/royalcasinocompany.nl\/wp-content\/uploads\/2023\/05\/IMG_8851-300x225.jpg'\" data-lb-index=\"1\"><div class=\"t-entry-visual-overlay\"><div class=\"t-entry-visual-overlay-in style-dark-bg\" style=\"opacity: 0.5;\"><\/div><\/div><img decoding=\"async\" class=\"wp-image-65680\" src=\"https:\/\/royalcasinocompany.nl\/wp-content\/uploads\/2023\/05\/IMG_8851.jpg\" width=\"1032\" height=\"774\" alt=\"- Royal Casino Company\" title=\"\" srcset=\"https:\/\/royalcasinocompany.nl\/wp-content\/uploads\/2023\/05\/IMG_8851.jpg 1032w, https:\/\/royalcasinocompany.nl\/wp-content\/uploads\/2023\/05\/IMG_8851-300x225.jpg 300w, https:\/\/royalcasinocompany.nl\/wp-content\/uploads\/2023\/05\/IMG_8851-1024x768.jpg 1024w, https:\/\/royalcasinocompany.nl\/wp-content\/uploads\/2023\/05\/IMG_8851-768x576.jpg 768w, https:\/\/royalcasinocompany.nl\/wp-content\/uploads\/2023\/05\/IMG_8851-350x263.jpg 350w\" sizes=\"(max-width: 1032px) 100vw, 1032px\"><\/a><\/div>\n\t\t\t\t\t<\/div>\n\t\t\t\t<\/div><\/div><\/div><div class=\"tmb tmb-iso-w4 tmb-iso-h4 tmb-light tmb-overlay-text-anim tmb-overlay-anim tmb-overlay-middle tmb-overlay-text-left tmb-image-anim tmb-id-65681  tmb-img-ratio tmb-media-first tmb-media-last tmb-content-overlay tmb-no-bg tmb-lightbox\" ><div class=\"t-inside no-anim\" ><div class=\"t-entry-visual\"><div class=\"t-entry-visual-tc\"><div class=\"t-entry-visual-cont\"><div class=\"dummy\" style=\"padding-top: 75%;\"><\/div><a href=\"https:\/\/royalcasinocompany.nl\/wp-content\/uploads\/2023\/05\/IMG_8877.jpg\"  class=\"pushed\" data-active=\"1\" data-lbox=\"ilightbox_gallery-109546\" data-options=\"width:1032,height:774,thumbnail: 'https:\/\/royalcasinocompany.nl\/wp-content\/uploads\/2023\/05\/IMG_8877-300x225.jpg'\" data-lb-index=\"2\"><div class=\"t-entry-visual-overlay\"><div class=\"t-entry-visual-overlay-in style-dark-bg\" style=\"opacity: 0.5;\"><\/div><\/div><img decoding=\"async\" class=\"wp-image-65681\" src=\"https:\/\/royalcasinocompany.nl\/wp-content\/uploads\/2023\/05\/IMG_8877.jpg\" width=\"1032\" height=\"774\" alt=\"- Royal Casino Company\" title=\"\" srcset=\"https:\/\/royalcasinocompany.nl\/wp-content\/uploads\/2023\/05\/IMG_8877.jpg 1032w, https:\/\/royalcasinocompany.nl\/wp-content\/uploads\/2023\/05\/IMG_8877-300x225.jpg 300w, https:\/\/royalcasinocompany.nl\/wp-content\/uploads\/2023\/05\/IMG_8877-1024x768.jpg 1024w, https:\/\/royalcasinocompany.nl\/wp-content\/uploads\/2023\/05\/IMG_8877-768x576.jpg 768w, https:\/\/royalcasinocompany.nl\/wp-content\/uploads\/2023\/05\/IMG_8877-350x263.jpg 350w\" sizes=\"(max-width: 1032px) 100vw, 1032px\"><\/a><\/div>\n\t\t\t\t\t<\/div>\n\t\t\t\t<\/div><\/div><\/div><div class=\"tmb tmb-iso-w4 tmb-iso-h4 tmb-light tmb-overlay-text-anim tmb-overlay-anim tmb-overlay-middle tmb-overlay-text-left tmb-image-anim tmb-id-65710  tmb-img-ratio tmb-media-first tmb-media-last tmb-content-overlay tmb-no-bg tmb-lightbox\" ><div class=\"t-inside no-anim\" ><div class=\"t-entry-visual\"><div class=\"t-entry-visual-tc\"><div class=\"t-entry-visual-cont\"><div class=\"dummy\" style=\"padding-top: 75%;\"><\/div><a href=\"https:\/\/royalcasinocompany.nl\/wp-content\/uploads\/2023\/05\/WCTT0219.jpg\"  class=\"pushed\" data-active=\"1\" data-lbox=\"ilightbox_gallery-109546\" data-options=\"width:800,height:600,thumbnail: 'https:\/\/royalcasinocompany.nl\/wp-content\/uploads\/2023\/05\/WCTT0219-300x225.jpg'\" data-lb-index=\"3\"><div class=\"t-entry-visual-overlay\"><div class=\"t-entry-visual-overlay-in style-dark-bg\" style=\"opacity: 0.5;\"><\/div><\/div><img decoding=\"async\" class=\"wp-image-65710\" src=\"https:\/\/royalcasinocompany.nl\/wp-content\/uploads\/2023\/05\/WCTT0219.jpg\" width=\"800\" height=\"600\" alt=\"- Royal Casino Company\" title=\"\" srcset=\"https:\/\/royalcasinocompany.nl\/wp-content\/uploads\/2023\/05\/WCTT0219.jpg 800w, https:\/\/royalcasinocompany.nl\/wp-content\/uploads\/2023\/05\/WCTT0219-300x225.jpg 300w, https:\/\/royalcasinocompany.nl\/wp-content\/uploads\/2023\/05\/WCTT0219-768x576.jpg 768w, https:\/\/royalcasinocompany.nl\/wp-content\/uploads\/2023\/05\/WCTT0219-350x263.jpg 350w\" sizes=\"(max-width: 800px) 100vw, 800px\"><\/a><\/div>\n\t\t\t\t\t<\/div>\n\t\t\t\t<\/div><\/div><\/div><div class=\"tmb tmb-iso-w4 tmb-iso-h4 tmb-light tmb-overlay-text-anim tmb-overlay-anim tmb-overlay-middle tmb-overlay-text-left tmb-image-anim tmb-id-65708  tmb-img-ratio tmb-media-first tmb-media-last tmb-content-overlay tmb-no-bg tmb-lightbox\" ><div class=\"t-inside no-anim\" ><div class=\"t-entry-visual\"><div class=\"t-entry-visual-tc\"><div class=\"t-entry-visual-cont\"><div class=\"dummy\" style=\"padding-top: 75%;\"><\/div><a href=\"https:\/\/royalcasinocompany.nl\/wp-content\/uploads\/2023\/05\/LWUX1782.jpg\"  class=\"pushed\" data-active=\"1\" data-lbox=\"ilightbox_gallery-109546\" data-options=\"width:800,height:600,thumbnail: 'https:\/\/royalcasinocompany.nl\/wp-content\/uploads\/2023\/05\/LWUX1782-300x225.jpg'\" data-lb-index=\"4\"><div class=\"t-entry-visual-overlay\"><div class=\"t-entry-visual-overlay-in style-dark-bg\" style=\"opacity: 0.5;\"><\/div><\/div><img decoding=\"async\" class=\"wp-image-65708\" src=\"https:\/\/royalcasinocompany.nl\/wp-content\/uploads\/2023\/05\/LWUX1782.jpg\" width=\"800\" height=\"600\" alt=\"- Royal Casino Company\" title=\"\" srcset=\"https:\/\/royalcasinocompany.nl\/wp-content\/uploads\/2023\/05\/LWUX1782.jpg 800w, https:\/\/royalcasinocompany.nl\/wp-content\/uploads\/2023\/05\/LWUX1782-300x225.jpg 300w, https:\/\/royalcasinocompany.nl\/wp-content\/uploads\/2023\/05\/LWUX1782-768x576.jpg 768w, https:\/\/royalcasinocompany.nl\/wp-content\/uploads\/2023\/05\/LWUX1782-350x263.jpg 350w\" sizes=\"(max-width: 800px) 100vw, 800px\"><\/a><\/div>\n\t\t\t\t\t<\/div>\n\t\t\t\t<\/div><\/div><\/div><div class=\"tmb tmb-iso-w4 tmb-iso-h4 tmb-light tmb-overlay-text-anim tmb-overlay-anim tmb-overlay-middle tmb-overlay-text-left tmb-image-anim tmb-id-65709  tmb-img-ratio tmb-media-first tmb-media-last tmb-content-overlay tmb-no-bg tmb-lightbox\" ><div class=\"t-inside no-anim\" ><div class=\"t-entry-visual\"><div class=\"t-entry-visual-tc\"><div class=\"t-entry-visual-cont\"><div class=\"dummy\" style=\"padding-top: 75%;\"><\/div><a href=\"https:\/\/royalcasinocompany.nl\/wp-content\/uploads\/2023\/05\/XGCB2219.jpg\"  class=\"pushed\" data-active=\"1\" data-lbox=\"ilightbox_gallery-109546\" data-options=\"width:800,height:600,thumbnail: 'https:\/\/royalcasinocompany.nl\/wp-content\/uploads\/2023\/05\/XGCB2219-300x225.jpg'\" data-lb-index=\"5\"><div class=\"t-entry-visual-overlay\"><div class=\"t-entry-visual-overlay-in style-dark-bg\" style=\"opacity: 0.5;\"><\/div><\/div><img decoding=\"async\" class=\"wp-image-65709\" src=\"https:\/\/royalcasinocompany.nl\/wp-content\/uploads\/2023\/05\/XGCB2219.jpg\" width=\"800\" height=\"600\" alt=\"- Royal Casino Company\" title=\"\" srcset=\"https:\/\/royalcasinocompany.nl\/wp-content\/uploads\/2023\/05\/XGCB2219.jpg 800w, https:\/\/royalcasinocompany.nl\/wp-content\/uploads\/2023\/05\/XGCB2219-300x225.jpg 300w, https:\/\/royalcasinocompany.nl\/wp-content\/uploads\/2023\/05\/XGCB2219-768x576.jpg 768w, https:\/\/royalcasinocompany.nl\/wp-content\/uploads\/2023\/05\/XGCB2219-350x263.jpg 350w\" sizes=\"(max-width: 800px) 100vw, 800px\"><\/a><\/div>\n\t\t\t\t\t<\/div>\n\t\t\t\t<\/div><\/div><\/div><div class=\"tmb tmb-iso-w4 tmb-iso-h4 tmb-light tmb-overlay-text-anim tmb-overlay-anim tmb-overlay-middle tmb-overlay-text-left tmb-image-anim tmb-id-65728  tmb-img-ratio tmb-media-first tmb-media-last tmb-content-overlay tmb-no-bg tmb-lightbox\" ><div class=\"t-inside no-anim\" ><div class=\"t-entry-visual\"><div class=\"t-entry-visual-tc\"><div class=\"t-entry-visual-cont\"><div class=\"dummy\" style=\"padding-top: 74.9%;\"><\/div><a href=\"https:\/\/royalcasinocompany.nl\/wp-content\/uploads\/2023\/05\/Royal-Casino-Company-Ici-Paris-party-00.jpg\"  class=\"pushed\" data-active=\"1\" data-lbox=\"ilightbox_gallery-109546\" data-options=\"width:721,height:573,thumbnail: 'https:\/\/royalcasinocompany.nl\/wp-content\/uploads\/2023\/05\/Royal-Casino-Company-Ici-Paris-party-00-300x238.jpg'\" data-lb-index=\"6\"><div class=\"t-entry-visual-overlay\"><div class=\"t-entry-visual-overlay-in style-dark-bg\" style=\"opacity: 0.5;\"><\/div><\/div><img decoding=\"async\" class=\"wp-image-65728\" src=\"https:\/\/royalcasinocompany.nl\/wp-content\/uploads\/2023\/05\/Royal-Casino-Company-Ici-Paris-party-00-uai-721x540.jpg\" width=\"721\" height=\"540\" alt=\"- Royal Casino Company\" title=\"\"><\/a><\/div>\n\t\t\t\t\t<\/div>\n\t\t\t\t<\/div><\/div><\/div><div class=\"tmb tmb-iso-w4 tmb-iso-h4 tmb-light tmb-overlay-text-anim tmb-overlay-anim tmb-overlay-middle tmb-overlay-text-left tmb-image-anim tmb-id-65729  tmb-img-ratio tmb-media-first tmb-media-last tmb-content-overlay tmb-no-bg tmb-lightbox\" ><div class=\"t-inside no-anim\" ><div class=\"t-entry-visual\"><div class=\"t-entry-visual-tc\"><div class=\"t-entry-visual-cont\"><div class=\"dummy\" style=\"padding-top: 75%;\"><\/div><a href=\"https:\/\/royalcasinocompany.nl\/wp-content\/uploads\/2023\/05\/Royal-Casino-Company-Ici-Paris-party-06.jpg\"  class=\"pushed\" data-active=\"1\" data-lbox=\"ilightbox_gallery-109546\" data-options=\"width:967,height:655,thumbnail: 'https:\/\/royalcasinocompany.nl\/wp-content\/uploads\/2023\/05\/Royal-Casino-Company-Ici-Paris-party-06-300x203.jpg'\" data-lb-index=\"7\"><div class=\"t-entry-visual-overlay\"><div class=\"t-entry-visual-overlay-in style-dark-bg\" style=\"opacity: 0.5;\"><\/div><\/div><img decoding=\"async\" class=\"wp-image-65729\" src=\"https:\/\/royalcasinocompany.nl\/wp-content\/uploads\/2023\/05\/Royal-Casino-Company-Ici-Paris-party-06-uai-873x655.jpg\" width=\"873\" height=\"655\" alt=\"Poker tafel huren\" title=\"\"><\/a><\/div>\n\t\t\t\t\t<\/div>\n\t\t\t\t<\/div><\/div><\/div><div class=\"tmb tmb-iso-w4 tmb-iso-h4 tmb-light tmb-overlay-text-anim tmb-overlay-anim tmb-overlay-middle tmb-overlay-text-left tmb-image-anim tmb-id-65730  tmb-img-ratio tmb-media-first tmb-media-last tmb-content-overlay tmb-no-bg tmb-lightbox\" ><div class=\"t-inside no-anim\" ><div class=\"t-entry-visual\"><div class=\"t-entry-visual-tc\"><div class=\"t-entry-visual-cont\"><div class=\"dummy\" style=\"padding-top: 75%;\"><\/div><a href=\"https:\/\/royalcasinocompany.nl\/wp-content\/uploads\/2023\/05\/Royal-Casino-Company-Ici-Paris-party-07.jpg\"  class=\"pushed\" data-active=\"1\" data-lbox=\"ilightbox_gallery-109546\" data-options=\"width:1415,height:670,thumbnail: 'https:\/\/royalcasinocompany.nl\/wp-content\/uploads\/2023\/05\/Royal-Casino-Company-Ici-Paris-party-07-300x142.jpg'\" data-lb-index=\"8\"><div class=\"t-entry-visual-overlay\"><div class=\"t-entry-visual-overlay-in style-dark-bg\" style=\"opacity: 0.5;\"><\/div><\/div><img decoding=\"async\" class=\"wp-image-65730\" src=\"https:\/\/royalcasinocompany.nl\/wp-content\/uploads\/2023\/05\/Royal-Casino-Company-Ici-Paris-party-07-uai-893x670.jpg\" width=\"893\" height=\"670\" alt=\"- Royal Casino Company\" title=\"\"><\/a><\/div>\n\t\t\t\t\t<\/div>\n\t\t\t\t<\/div><\/div><\/div>\t\t\t<\/div>\n\t\t\t\t\t<\/div>\n\n\t\n\t\n\t\n<\/div>\n\n<\/div><\/div><\/div><\/div><\/div><script id=\"script-row-unique-3\" data-row=\"script-row-unique-3\" type=\"text\/javascript\" class=\"vc_controls\">UNCODE.initRow(document.getElementById(\"row-unique-3\"));<\/script><\/div><\/div><\/div>\n<\/div>","protected":false},"excerpt":{"rendered":"Home Casino inhuren op uw bedrijfsfeest?Heeft u de taak op u genomen om het bedrijfsfeest te organiseren? Wij horen u [...]","protected":false},"author":1,"featured_media":65682,"parent":60438,"menu_order":0,"comment_status":"closed","ping_status":"closed","template":"","meta":{"footnotes":""},"class_list":["post-60444","page","type-page","status-publish","has-post-thumbnail","hentry","page_category-gelegenheden"],"_links":{"self":[{"href":"https:\/\/royalcasinocompany.nl\/de\/wp-json\/wp\/v2\/pages\/60444","targetHints":{"allow":["GET"]}}],"collection":[{"href":"https:\/\/royalcasinocompany.nl\/de\/wp-json\/wp\/v2\/pages"}],"about":[{"href":"https:\/\/royalcasinocompany.nl\/de\/wp-json\/wp\/v2\/types\/page"}],"author":[{"embeddable":true,"href":"https:\/\/royalcasinocompany.nl\/de\/wp-json\/wp\/v2\/users\/1"}],"replies":[{"embeddable":true,"href":"https:\/\/royalcasinocompany.nl\/de\/wp-json\/wp\/v2\/comments?post=60444"}],"version-history":[{"count":16,"href":"https:\/\/royalcasinocompany.nl\/de\/wp-json\/wp\/v2\/pages\/60444\/revisions"}],"predecessor-version":[{"id":70473,"href":"https:\/\/royalcasinocompany.nl\/de\/wp-json\/wp\/v2\/pages\/60444\/revisions\/70473"}],"up":[{"embeddable":true,"href":"https:\/\/royalcasinocompany.nl\/de\/wp-json\/wp\/v2\/pages\/60438"}],"wp:featuredmedia":[{"embeddable":true,"href":"https:\/\/royalcasinocompany.nl\/de\/wp-json\/wp\/v2\/media\/65682"}],"wp:attachment":[{"href":"https:\/\/royalcasinocompany.nl\/de\/wp-json\/wp\/v2\/media?parent=60444"}],"curies":[{"name":"wp","href":"https:\/\/api.w.org\/{rel}","templated":true}]}}