{"id":60461,"date":"2025-06-24T21:00:42","date_gmt":"2025-06-24T19:00:42","guid":{"rendered":"https:\/\/royalcasinocompany.nl\/?page_id=60461"},"modified":"2025-07-14T13:03:34","modified_gmt":"2025-07-14T11:03:34","slug":"vereniging","status":"publish","type":"page","link":"https:\/\/royalcasinocompany.nl\/de\/casino-op-locatie\/vereniging\/","title":{"rendered":"Verein"},"content":{"rendered":"<div class=\"wpb-content-wrapper\"><div data-parent=\"true\" class=\"vc_row row-container boomapps_vcrow\" id=\"row-unique-0\"><div class=\"row limit-width row-parent\"><div class=\"wpb_row row-inner\"><div class=\"wpb_column pos-top pos-center align_left column_parent col-lg-12 boomapps_vccolumn single-internal-gutter\"><div class=\"uncol style-dark\"  ><div class=\"uncoltable\"><div class=\"uncell  boomapps_vccolumn no-block-padding\" ><div class=\"uncont\" ><div class=\"uncode_text_column text-small text-accent-color\" ><nav aria-label=\"Semmelbr\u00f6sel\" class=\"rank-math-breadcrumb\"><p><span class=\"last\">Startseite<\/span><\/p><\/nav>\n<\/div><\/div><\/div><\/div><\/div><\/div><script id=\"script-row-unique-0\" data-row=\"script-row-unique-0\" type=\"text\/javascript\" class=\"vc_controls\">UNCODE.initRow(document.getElementById(\"row-unique-0\"));<\/script><\/div><\/div><\/div><div data-parent=\"true\" class=\"vc_row row-container boomapps_vcrow\" id=\"row-unique-1\"><div class=\"row limit-width row-parent\"><div class=\"wpb_row row-inner\"><div class=\"wpb_column pos-top pos-center align_left column_parent col-lg-6 boomapps_vccolumn single-internal-gutter\"><div class=\"uncol style-dark\"  ><div class=\"uncoltable\"><div class=\"uncell  boomapps_vccolumn no-block-padding\" ><div class=\"uncont\" ><div class=\"vc_custom_heading_wrap\"><div class=\"heading-text el-text\" ><h2 class=\"h2\" ><span>Casinotische f\u00fcr Ihr Vereinsfest mieten?<\/span><\/h2><\/div><div class=\"clear\"><\/div><\/div><div class=\"uncode_text_column\" ><\/p>\n<p class=\"text-body font-regular text-gray-800 leading-&#091;24px&#093; pt-&#091;9px&#093; pb-&#091;2px&#093;\" dir=\"ltr\">Ob es sich um einen Fu\u00dfball-, Hockey-, Tennis- oder Korfballverein handelt, wir haben bereits viel Erfahrung mit verschiedenen Vereinsfesten gesammelt. Gemeinsam mit den Veranstaltern sorgen wir daf\u00fcr, dass es jedes Mal eine tolle Party wird. Die Casinotische der Royal Casino Company ziehen Jung und Alt an, und mit unserem Fun-Casino-Konzept erleben alle G\u00e4ste einen unvergesslichen Nachmittag oder Abend, ohne finanzielles Risiko.<\/p>\n<p class=\"text-body font-regular text-gray-800 leading-&#091;24px&#093; pt-&#091;9px&#093; pb-&#091;2px&#093;\" dir=\"ltr\">Unsere sch\u00f6nen Casinotische bieten allen G\u00e4sten eine unterhaltsame, kurzweilige und interaktive Zeit. Die Atmosph\u00e4re an und um die Casinotische f\u00fchrt oft zu spontanen Gespr\u00e4chen und neuen Kontakten zwischen Menschen, die sich noch nicht kennen.<\/p>\n<p class=\"text-body font-regular text-gray-800 leading-&#091;24px&#093; pt-&#091;9px&#093; pb-&#091;2px&#093;\" dir=\"ltr\">Wir sind bereit, Ihnen bei der Organisation Ihrer Veranstaltung zu helfen.<\/p>\n<p>\n<\/div><\/div><\/div><\/div><\/div><\/div><div class=\"wpb_column pos-top pos-center align_left column_parent col-lg-6 boomapps_vccolumn single-internal-gutter\"><div class=\"uncol style-dark\"  ><div class=\"uncoltable\"><div class=\"uncell  boomapps_vccolumn no-block-padding\" ><div class=\"uncont\" ><div class=\"uncode-single-media  text-left\"><div class=\"single-wrapper\" style=\"max-width: 100%;\"><div class=\"tmb tmb-light  img-round img-round-xl tmb-img-ratio tmb-media-first tmb-media-last tmb-content-overlay tmb-no-bg\"><div class=\"t-inside\"><div class=\"t-entry-visual\"><div class=\"t-entry-visual-tc\"><div class=\"uncode-single-media-wrapper img-round img-round-xl\"><div class=\"dummy\" style=\"padding-top: 66.7%;\"><\/div><img decoding=\"async\" class=\"wp-image-65720\" src=\"https:\/\/royalcasinocompany.nl\/wp-content\/uploads\/2023\/05\/DYWD2224-uai-1120x747.jpg\" width=\"1120\" height=\"747\" alt=\"- Royal Casino Company\" title=\"\"><\/div>\n\t\t\t\t\t<\/div>\n\t\t\t\t<\/div><\/div><\/div><\/div><\/div><\/div><\/div><\/div><\/div><\/div><script id=\"script-row-unique-1\" data-row=\"script-row-unique-1\" type=\"text\/javascript\" class=\"vc_controls\">UNCODE.initRow(document.getElementById(\"row-unique-1\"));<\/script><\/div><\/div><\/div><div data-parent=\"true\" class=\"vc_row row-container boomapps_vcrow\" id=\"row-unique-2\"><div class=\"row limit-width row-parent\"><div class=\"wpb_row row-inner\"><div class=\"wpb_column pos-top pos-center align_left column_parent col-lg-12 boomapps_vccolumn single-internal-gutter\"><div class=\"uncol style-dark\"  ><div class=\"uncoltable\"><div class=\"uncell  boomapps_vccolumn no-block-padding\" ><div class=\"uncont\" ><div class=\"divider-wrapper\"  >\n    <hr class=\"border-accent-color separator-no-padding\"  \/>\n<\/div>\n<\/div><\/div><\/div><\/div><\/div><script id=\"script-row-unique-2\" data-row=\"script-row-unique-2\" type=\"text\/javascript\" class=\"vc_controls\">UNCODE.initRow(document.getElementById(\"row-unique-2\"));<\/script><\/div><\/div><\/div><div data-parent=\"true\" class=\"vc_row row-container boomapps_vcrow\" id=\"row-unique-3\"><div class=\"row limit-width row-parent\"><div class=\"wpb_row row-inner\"><div class=\"wpb_column pos-top pos-center align_left column_parent col-lg-12 boomapps_vccolumn single-internal-gutter\"><div class=\"uncol style-dark\"  ><div class=\"uncoltable\"><div class=\"uncell  boomapps_vccolumn no-block-padding\" ><div class=\"uncont\" ><div id=\"gallery-109546\" class=\"un-media-gallery isotope-system isotope-general-dark grid-general-dark\">\n\t\t\t\t\t\n\t\n\t<div class=\"isotope-wrapper grid-wrapper half-gutter\" >\n\t\t\t\t\t\t\t\t\t<div class=\"isotope-container isotope-layout style-masonry\" data-type=\"masonry\" data-layout=\"masonry\" data-lg=\"1000\" data-md=\"600\" data-sm=\"480\">\n<div class=\"tmb tmb-iso-w4 tmb-iso-h4 img-round img-round-lg tmb-light tmb-overlay-text-anim tmb-overlay-anim tmb-overlay-middle tmb-overlay-text-left tmb-image-anim tmb-id-65721  tmb-img-ratio tmb-media-first tmb-media-last tmb-content-overlay tmb-no-bg tmb-lightbox\" ><div class=\"t-inside no-anim\" ><div class=\"t-entry-visual\"><div class=\"t-entry-visual-tc\"><div class=\"t-entry-visual-cont\"><div class=\"dummy\" style=\"padding-top: 75%;\"><\/div><a href=\"https:\/\/royalcasinocompany.nl\/wp-content\/uploads\/2023\/05\/UJAX1208.jpg\"  class=\"pushed\" data-active=\"1\" data-lbox=\"ilightbox_gallery-109546\" data-options=\"width:1328,height:747,thumbnail: 'https:\/\/royalcasinocompany.nl\/wp-content\/uploads\/2023\/05\/UJAX1208-300x169.jpg'\" data-lb-index=\"0\"><div class=\"t-entry-visual-overlay\"><div class=\"t-entry-visual-overlay-in style-dark-bg\" style=\"opacity: 0.5;\"><\/div><\/div><img decoding=\"async\" class=\"wp-image-65721\" src=\"https:\/\/royalcasinocompany.nl\/wp-content\/uploads\/2023\/05\/UJAX1208-uai-996x747.jpg\" width=\"996\" height=\"747\" alt=\"- Royal Casino Company\" title=\"\"><\/a><\/div>\n\t\t\t\t\t<\/div>\n\t\t\t\t<\/div><\/div><\/div><div class=\"tmb tmb-iso-w4 tmb-iso-h4 img-round img-round-lg tmb-light tmb-overlay-text-anim tmb-overlay-anim tmb-overlay-middle tmb-overlay-text-left tmb-image-anim tmb-id-65722  tmb-img-ratio tmb-media-first tmb-media-last tmb-content-overlay tmb-no-bg tmb-lightbox\" ><div class=\"t-inside no-anim\" ><div class=\"t-entry-visual\"><div class=\"t-entry-visual-tc\"><div class=\"t-entry-visual-cont\"><div class=\"dummy\" style=\"padding-top: 75%;\"><\/div><a href=\"https:\/\/royalcasinocompany.nl\/wp-content\/uploads\/2023\/05\/TLFQ8418.jpg\"  class=\"pushed\" data-active=\"1\" data-lbox=\"ilightbox_gallery-109546\" data-options=\"width:1328,height:747,thumbnail: 'https:\/\/royalcasinocompany.nl\/wp-content\/uploads\/2023\/05\/TLFQ8418-300x169.jpg'\" data-lb-index=\"1\"><div class=\"t-entry-visual-overlay\"><div class=\"t-entry-visual-overlay-in style-dark-bg\" style=\"opacity: 0.5;\"><\/div><\/div><img decoding=\"async\" class=\"wp-image-65722\" src=\"https:\/\/royalcasinocompany.nl\/wp-content\/uploads\/2023\/05\/TLFQ8418-uai-996x747.jpg\" width=\"996\" height=\"747\" alt=\"- Royal Casino Company\" title=\"\"><\/a><\/div>\n\t\t\t\t\t<\/div>\n\t\t\t\t<\/div><\/div><\/div><div class=\"tmb tmb-iso-w4 tmb-iso-h4 img-round img-round-lg tmb-light tmb-overlay-text-anim tmb-overlay-anim tmb-overlay-middle tmb-overlay-text-left tmb-image-anim tmb-id-65720  tmb-img-ratio tmb-media-first tmb-media-last tmb-content-overlay tmb-no-bg tmb-lightbox\" ><div class=\"t-inside no-anim\" ><div class=\"t-entry-visual\"><div class=\"t-entry-visual-tc\"><div class=\"t-entry-visual-cont\"><div class=\"dummy\" style=\"padding-top: 75%;\"><\/div><a href=\"https:\/\/royalcasinocompany.nl\/wp-content\/uploads\/2023\/05\/DYWD2224.jpg\"  class=\"pushed\" data-active=\"1\" data-lbox=\"ilightbox_gallery-109546\" data-options=\"width:1328,height:747,thumbnail: 'https:\/\/royalcasinocompany.nl\/wp-content\/uploads\/2023\/05\/DYWD2224-300x169.jpg'\" data-lb-index=\"2\"><div class=\"t-entry-visual-overlay\"><div class=\"t-entry-visual-overlay-in style-dark-bg\" style=\"opacity: 0.5;\"><\/div><\/div><img decoding=\"async\" class=\"wp-image-65720\" src=\"https:\/\/royalcasinocompany.nl\/wp-content\/uploads\/2023\/05\/DYWD2224-uai-996x747.jpg\" width=\"996\" height=\"747\" alt=\"- Royal Casino Company\" title=\"\"><\/a><\/div>\n\t\t\t\t\t<\/div>\n\t\t\t\t<\/div><\/div><\/div><div class=\"tmb tmb-iso-w4 tmb-iso-h4 img-round img-round-lg tmb-light tmb-overlay-text-anim tmb-overlay-anim tmb-overlay-middle tmb-overlay-text-left tmb-image-anim tmb-id-65741  tmb-img-ratio tmb-media-first tmb-media-last tmb-content-overlay tmb-no-bg tmb-lightbox\" ><div class=\"t-inside no-anim\" ><div class=\"t-entry-visual\"><div class=\"t-entry-visual-tc\"><div class=\"t-entry-visual-cont\"><div class=\"dummy\" style=\"padding-top: 75%;\"><\/div><a href=\"https:\/\/royalcasinocompany.nl\/wp-content\/uploads\/2023\/05\/LXJH6436.jpg\"  class=\"pushed\" data-active=\"1\" data-lbox=\"ilightbox_gallery-109546\" data-options=\"width:600,height:519,thumbnail: 'https:\/\/royalcasinocompany.nl\/wp-content\/uploads\/2023\/05\/LXJH6436-300x260.jpg'\" data-lb-index=\"3\"><div class=\"t-entry-visual-overlay\"><div class=\"t-entry-visual-overlay-in style-dark-bg\" style=\"opacity: 0.5;\"><\/div><\/div><img decoding=\"async\" class=\"wp-image-65741\" src=\"https:\/\/royalcasinocompany.nl\/wp-content\/uploads\/2023\/05\/LXJH6436-uai-600x450.jpg\" width=\"600\" height=\"450\" alt=\"- Royal Casino Company\" title=\"\"><\/a><\/div>\n\t\t\t\t\t<\/div>\n\t\t\t\t<\/div><\/div><\/div><div class=\"tmb tmb-iso-w4 tmb-iso-h4 img-round img-round-lg tmb-light tmb-overlay-text-anim tmb-overlay-anim tmb-overlay-middle tmb-overlay-text-left tmb-image-anim tmb-id-65742  tmb-img-ratio tmb-media-first tmb-media-last tmb-content-overlay tmb-no-bg tmb-lightbox\" ><div class=\"t-inside no-anim\" ><div class=\"t-entry-visual\"><div class=\"t-entry-visual-tc\"><div class=\"t-entry-visual-cont\"><div class=\"dummy\" style=\"padding-top: 75.1%;\"><\/div><a href=\"https:\/\/royalcasinocompany.nl\/wp-content\/uploads\/2023\/05\/QQNT0349.jpg\"  class=\"pushed\" data-active=\"1\" data-lbox=\"ilightbox_gallery-109546\" data-options=\"width:850,height:638,thumbnail: 'https:\/\/royalcasinocompany.nl\/wp-content\/uploads\/2023\/05\/QQNT0349-300x225.jpg'\" data-lb-index=\"4\"><div class=\"t-entry-visual-overlay\"><div class=\"t-entry-visual-overlay-in style-dark-bg\" style=\"opacity: 0.5;\"><\/div><\/div><img decoding=\"async\" class=\"wp-image-65742\" src=\"https:\/\/royalcasinocompany.nl\/wp-content\/uploads\/2023\/05\/QQNT0349.jpg\" width=\"850\" height=\"638\" alt=\"- Royal Casino Company\" title=\"\" srcset=\"https:\/\/royalcasinocompany.nl\/wp-content\/uploads\/2023\/05\/QQNT0349.jpg 850w, https:\/\/royalcasinocompany.nl\/wp-content\/uploads\/2023\/05\/QQNT0349-300x225.jpg 300w, https:\/\/royalcasinocompany.nl\/wp-content\/uploads\/2023\/05\/QQNT0349-768x576.jpg 768w, https:\/\/royalcasinocompany.nl\/wp-content\/uploads\/2023\/05\/QQNT0349-350x263.jpg 350w\" sizes=\"(max-width: 850px) 100vw, 850px\"><\/a><\/div>\n\t\t\t\t\t<\/div>\n\t\t\t\t<\/div><\/div><\/div><div class=\"tmb tmb-iso-w4 tmb-iso-h4 img-round img-round-lg tmb-light tmb-overlay-text-anim tmb-overlay-anim tmb-overlay-middle tmb-overlay-text-left tmb-image-anim tmb-id-65743  tmb-img-ratio tmb-media-first tmb-media-last tmb-content-overlay tmb-no-bg tmb-lightbox\" ><div class=\"t-inside no-anim\" ><div class=\"t-entry-visual\"><div class=\"t-entry-visual-tc\"><div class=\"t-entry-visual-cont\"><div class=\"dummy\" style=\"padding-top: 75.1%;\"><\/div><a href=\"https:\/\/royalcasinocompany.nl\/wp-content\/uploads\/2023\/05\/KAKX3424.jpg\"  class=\"pushed\" data-active=\"1\" data-lbox=\"ilightbox_gallery-109546\" data-options=\"width:850,height:638,thumbnail: 'https:\/\/royalcasinocompany.nl\/wp-content\/uploads\/2023\/05\/KAKX3424-300x225.jpg'\" data-lb-index=\"5\"><div class=\"t-entry-visual-overlay\"><div class=\"t-entry-visual-overlay-in style-dark-bg\" style=\"opacity: 0.5;\"><\/div><\/div><img decoding=\"async\" class=\"wp-image-65743\" src=\"https:\/\/royalcasinocompany.nl\/wp-content\/uploads\/2023\/05\/KAKX3424.jpg\" width=\"850\" height=\"638\" alt=\"- Royal Casino Company\" title=\"\" srcset=\"https:\/\/royalcasinocompany.nl\/wp-content\/uploads\/2023\/05\/KAKX3424.jpg 850w, https:\/\/royalcasinocompany.nl\/wp-content\/uploads\/2023\/05\/KAKX3424-300x225.jpg 300w, https:\/\/royalcasinocompany.nl\/wp-content\/uploads\/2023\/05\/KAKX3424-768x576.jpg 768w, https:\/\/royalcasinocompany.nl\/wp-content\/uploads\/2023\/05\/KAKX3424-350x263.jpg 350w\" sizes=\"(max-width: 850px) 100vw, 850px\"><\/a><\/div>\n\t\t\t\t\t<\/div>\n\t\t\t\t<\/div><\/div><\/div>\t\t\t<\/div>\n\t\t\t\t\t<\/div>\n\n\t\n\t\n\t\n<\/div>\n\n<\/div><\/div><\/div><\/div><\/div><script id=\"script-row-unique-3\" data-row=\"script-row-unique-3\" type=\"text\/javascript\" class=\"vc_controls\">UNCODE.initRow(document.getElementById(\"row-unique-3\"));<\/script><\/div><\/div><\/div><div data-parent=\"true\" class=\"vc_row row-container boomapps_vcrow\" id=\"row-unique-4\"><div class=\"row limit-width row-parent\"><div class=\"wpb_row row-inner\"><div class=\"wpb_column pos-top pos-center align_left column_parent col-lg-12 boomapps_vccolumn single-internal-gutter\"><div class=\"uncol style-dark\"  ><div class=\"uncoltable\"><div class=\"uncell  boomapps_vccolumn no-block-padding\" ><div class=\"uncont\" ><div class=\"vc_row row-internal row-container boomapps_vcrow\"><div class=\"row row-child\"><div class=\"wpb_row row-inner\"><div class=\"wpb_column pos-top pos-center align_left column_child col-lg-12 boomapps_vccolumn single-internal-gutter\"><div class=\"uncol style-dark\" ><div class=\"uncoltable\"><div class=\"uncell  boomapps_vccolumn no-block-padding\" ><div class=\"uncont\" style=\" max-width:75%;\" ><div class=\"uncode_text_column\" ><p>Ein Clubabend in einem Sportverein ist die perfekte Gelegenheit, Teammitglieder, Fans und Freunde zu einem Abend voller Spa\u00df und Gemeinschaft zusammenzubringen. Durch das Mieten von Casinotischen f\u00fcgen Sie der Veranstaltung ein einzigartiges und aufregendes Element hinzu, das unvergessliche Erinnerungen schafft und die Atmosph\u00e4re aufwertet. Hier sind einige Gr\u00fcnde, warum das Mieten von Casinotischen eine gute Wahl f\u00fcr Ihren n\u00e4chsten Clubabend ist:<\/p>\n<p>1. Unterhaltung f\u00fcr alle: Casinotische bieten eine breite Palette von Spielen wie Blackjack, Poker und Roulette, die alle leicht zu erlernen sind und Spa\u00df machen. Das hei\u00dft, es ist f\u00fcr jeden etwas dabei, unabh\u00e4ngig von seiner Spielerfahrung.<\/p>\n<p>2. Spannung und Aufregung: Das Adrenalin, das beim Platzieren einer Wette und beim Warten auf das Ergebnis entsteht, ist ein guter Weg, um eine lebendige und aufregende Atmosph\u00e4re zu schaffen. So bleibt der Abend dynamisch und voller \u00dcberraschungen.<\/p>\n<p>3. Soziale Interaktion: Casinospiele sind von Natur aus sozial und ermutigen die Spieler, miteinander zu interagieren, zu kooperieren oder gegeneinander zu spielen. Dies tr\u00e4gt dazu bei, den Teamgeist zu st\u00e4rken und neue Beziehungen innerhalb des Clubs zu f\u00f6rdern.<\/p>\n<p>4. Einzigartiges Erlebnis: Nicht jeder hat die M\u00f6glichkeit, ein echtes Casino zu besuchen, aber durch das Mieten von Casinotischen bringen Sie das Casinoerlebnis in Ihren Clubabend. Das macht die Veranstaltung zu etwas Besonderem und verleiht dem Abend einen luxuri\u00f6sen Touch.<\/p>\n<p>5. Lustiger Wettbewerb: Casinotische bringen eine gesunde Dosis Wettbewerb mit sich, der zu spannenden Herausforderungen und Preisen f\u00fcr die Gewinner f\u00fchren kann. Dies schafft eine zus\u00e4tzliche Ebene des Engagements und der Begeisterung unter den Teilnehmern.<\/p>\n<p>6. Einfache Organisation: Die Anmietung von Casinotischen und erfahrenen Croupiers nimmt Ihnen den Stress der Organisation ab, so dass Sie sich auf das Vergn\u00fcgen des Abends konzentrieren k\u00f6nnen. Unsere professionellen Croupiers sorgen f\u00fcr einen reibungslosen und gut organisierten Spielablauf.<\/p>\n<p>Kurz gesagt, das Mieten von Casinotischen f\u00fcr einen Clubabend in einem Sportverein ist eine gro\u00dfartige M\u00f6glichkeit, Ihren Clubmitgliedern und G\u00e4sten Unterhaltung, Spannung und ein besonderes Erlebnis zu bieten. Das sorgt nicht nur f\u00fcr einen unvergesslichen Abend, sondern tr\u00e4gt auch dazu bei, Bindungen zu st\u00e4rken und sch\u00f6ne Erinnerungen zu schaffen.<\/p>\n<\/div><\/div><\/div><\/div><\/div><\/div><\/div><\/div><\/div><\/div><\/div><\/div><\/div><\/div><script id=\"script-row-unique-4\" data-row=\"script-row-unique-4\" type=\"text\/javascript\" class=\"vc_controls\">UNCODE.initRow(document.getElementById(\"row-unique-4\"));<\/script><\/div><\/div><\/div>\n<\/div>","protected":false},"excerpt":{"rendered":"Home Casinotafels huren op uw verenigingsfeest?Of het nou om een voetbal-, hockey-, tennis- of korfbalvereniging gaat, wij hebben al veel [...]","protected":false},"author":1,"featured_media":65720,"parent":60438,"menu_order":0,"comment_status":"closed","ping_status":"closed","template":"","meta":{"footnotes":""},"class_list":["post-60461","page","type-page","status-publish","has-post-thumbnail","hentry","page_category-gelegenheden"],"_links":{"self":[{"href":"https:\/\/royalcasinocompany.nl\/de\/wp-json\/wp\/v2\/pages\/60461","targetHints":{"allow":["GET"]}}],"collection":[{"href":"https:\/\/royalcasinocompany.nl\/de\/wp-json\/wp\/v2\/pages"}],"about":[{"href":"https:\/\/royalcasinocompany.nl\/de\/wp-json\/wp\/v2\/types\/page"}],"author":[{"embeddable":true,"href":"https:\/\/royalcasinocompany.nl\/de\/wp-json\/wp\/v2\/users\/1"}],"replies":[{"embeddable":true,"href":"https:\/\/royalcasinocompany.nl\/de\/wp-json\/wp\/v2\/comments?post=60461"}],"version-history":[{"count":19,"href":"https:\/\/royalcasinocompany.nl\/de\/wp-json\/wp\/v2\/pages\/60461\/revisions"}],"predecessor-version":[{"id":70482,"href":"https:\/\/royalcasinocompany.nl\/de\/wp-json\/wp\/v2\/pages\/60461\/revisions\/70482"}],"up":[{"embeddable":true,"href":"https:\/\/royalcasinocompany.nl\/de\/wp-json\/wp\/v2\/pages\/60438"}],"wp:featuredmedia":[{"embeddable":true,"href":"https:\/\/royalcasinocompany.nl\/de\/wp-json\/wp\/v2\/media\/65720"}],"wp:attachment":[{"href":"https:\/\/royalcasinocompany.nl\/de\/wp-json\/wp\/v2\/media?parent=60461"}],"curies":[{"name":"wp","href":"https:\/\/api.w.org\/{rel}","templated":true}]}}