{"id":63481,"date":"2021-04-12T16:11:20","date_gmt":"2021-04-12T16:11:20","guid":{"rendered":"https:\/\/royalcasinocompany.nl\/?page_id=63481"},"modified":"2025-06-11T11:59:08","modified_gmt":"2025-06-11T09:59:08","slug":"casino-tafel-verkoop-nieuw","status":"publish","type":"page","link":"https:\/\/royalcasinocompany.nl\/de\/casino-tafel-verkoop-nieuw\/","title":{"rendered":"Verkauf von Casinotischen (neu)"},"content":{"rendered":"<div class=\"wpb-content-wrapper\"><div data-parent=\"true\" class=\"vc_row row-container boomapps_vcrow\" id=\"row-unique-0\"><div class=\"row limit-width row-parent\"><div class=\"wpb_row row-inner\"><div class=\"wpb_column pos-top pos-center align_left column_parent col-lg-12 boomapps_vccolumn single-internal-gutter\"><div class=\"uncol style-dark\"  ><div class=\"uncoltable\"><div class=\"uncell  boomapps_vccolumn no-block-padding\" ><div class=\"uncont\" ><div class=\"vc_row row-internal row-container boomapps_vcrow\"><div class=\"row row-child\"><div class=\"wpb_row row-inner\"><div class=\"wpb_column pos-top pos-center align_center column_child col-lg-12 boomapps_vccolumn single-internal-gutter\"><div class=\"uncol style-dark font-134980\" ><div class=\"uncoltable\"><div class=\"uncell  boomapps_vccolumn no-block-padding\" ><div class=\"uncont\" style=\" max-width:696px;\" ><div class=\"vc_custom_heading_wrap\"><div class=\"heading-text el-text\" ><h1 class=\"font-762333 h1 font-weight-700 text-uppercase\" ><span>KASINOTISCH VERKAUF \/ NEU<\/span><\/h1><div class=\"text-small\"><p>OHNE 21% MEHRWERTSTEUER<\/p>\n<\/div><hr class=\"separator-break separator-accent\" \/><\/div><div class=\"clear\"><\/div><\/div><\/div><\/div><\/div><\/div><\/div><\/div><\/div><\/div><\/div><\/div><\/div><\/div><\/div><script id=\"script-row-unique-0\" data-row=\"script-row-unique-0\" type=\"text\/javascript\" class=\"vc_controls\">UNCODE.initRow(document.getElementById(\"row-unique-0\"));<\/script><\/div><\/div><\/div><div data-parent=\"true\" class=\"vc_row row-container boomapps_vcrow\" id=\"row-unique-1\"><div class=\"row limit-width row-parent\"><div class=\"wpb_row row-inner\"><div class=\"wpb_column pos-top pos-center align_left column_parent col-lg-12 boomapps_vccolumn single-internal-gutter\"><div class=\"uncol style-dark\"  ><div class=\"uncoltable\"><div class=\"uncell  boomapps_vccolumn no-block-padding\" ><div class=\"uncont\" ><div class=\"vc_row row-internal row-container boomapps_vcrow\"><div class=\"row row-child\"><div class=\"wpb_row row-inner\"><div class=\"wpb_column pos-top pos-center align_center column_child col-lg-12 boomapps_vccolumn single-internal-gutter\"><div class=\"uncol style-dark\" ><div class=\"uncoltable\"><div class=\"uncell  boomapps_vccolumn no-block-padding\" ><div class=\"uncont\" ><div class=\"vc_custom_heading_wrap\"><div class=\"heading-text el-text\" ><\/p>\n<h2>PROFESSIONELLE KASINOMATERIALIEN KAUFEN?<\/h2>\n<p>\n<\/div><div class=\"clear\"><\/div><\/div><\/div><\/div><\/div><\/div><\/div><\/div><\/div><\/div><div class=\"vc_row row-internal row-container boomapps_vcrow\"><div class=\"row row-child\"><div class=\"wpb_row row-inner\"><div class=\"wpb_column pos-top pos-center align_left column_child col-lg-6 boomapps_vccolumn single-internal-gutter\"><div class=\"uncol style-dark\" ><div class=\"uncoltable\"><div class=\"uncell  boomapps_vccolumn no-block-padding\" ><div class=\"uncont\" ><div class=\"divider-wrapper\"  >\n    <hr class=\"border-accent-color separator-no-padding\"  \/>\n<\/div>\n<div class=\"uncode_text_column\" ><p>Royal Casino ist der bevorzugte Lieferant eines professionellen Casino-Herstellers. Durch diese angenehme und langj\u00e4hrige Zusammenarbeit haben wir viele Kunden und Standorte mit luxuri\u00f6sen und professionellen Casinotischen und Materialien versorgt. Dazu geh\u00f6ren Hotels, luxuri\u00f6se Mancaves, Live-Gaming-S\u00e4le, Werbezwecke, Privatkunden und Reedereien.<\/p>\n<p>Wie Sie aus unserem Verkaufsangebot ersehen k\u00f6nnen, streben wir nach Perfektion in Verbindung mit hoher europ\u00e4ischer Qualit\u00e4t. Die von uns angebotenen Casinomaterialien sind vor allem in den ausl\u00e4ndischen Luxuscasinos zu finden, wie z.B. im Casino Monte Carlo, Casino de Cannes und Ibiza Grand Hotel Casino.<\/p>\n<\/div><\/div><\/div><\/div><\/div><\/div><div class=\"wpb_column pos-top pos-center align_left column_child col-lg-6 boomapps_vccolumn single-internal-gutter\"><div class=\"uncol style-dark\" ><div class=\"uncoltable\"><div class=\"uncell  boomapps_vccolumn no-block-padding\" ><div class=\"uncont\" ><div class=\"divider-wrapper\"  >\n    <hr class=\"border-accent-color separator-no-padding\"  \/>\n<\/div>\n<div class=\"uncode_text_column\" ><p>Lange Zeit hatten die Kasinos das alleinige Recht auf luxuri\u00f6se Kasinotische und -materialien.<\/p>\n<p>Bis jetzt, denn jetzt haben auch Sie die M\u00f6glichkeit, in den Besitz von sch\u00f6nen, originellen Casino-Tisch und Materialien zu kommen. Sind Sie also auf der Suche nach einem sch\u00f6nen Blackjack-Tisch mit exklusivem Design? Oder einen Roulettetisch, den Sie in Bezug auf Farbe und Layout selbst zusammengestellt haben? Alles ist m\u00f6glich, um bei Ihnen vor Ort ein fantastisches Casino-Erlebnis zu schaffen.<\/p>\n<\/div><\/div><\/div><\/div><\/div><\/div><\/div><\/div><\/div><div class=\"divider-wrapper\"  >\n    <hr class=\"border-accent-color separator-no-padding\"  \/>\n<\/div>\n<div class=\"vc_row row-internal row-container boomapps_vcrow\"><div class=\"row row-child\"><div class=\"wpb_row row-inner\"><div class=\"wpb_column pos-top pos-center align_center column_child col-lg-12 boomapps_vccolumn single-internal-gutter\"><div class=\"uncol style-dark\" ><div class=\"uncoltable\"><div class=\"uncell  boomapps_vccolumn no-block-padding\" ><div class=\"uncont\" ><div class=\"vc_custom_heading_wrap\"><div class=\"heading-text el-text\" ><\/p>\n<h3>VERKAUFSANGEBOT \"NEU<\/h3>\n<p>\n<\/div><div class=\"clear\"><\/div><\/div><div id=\"index-108240\" class=\"isotope-system isotope-general-dark grid-general-dark\" >\n\t\t\t\n\t\t\t\t\t\t\t\t\t\t\t\t\t\t<div class=\"isotope-wrapper grid-wrapper half-gutter isotope-inner-padding grid-inner-padding\" >\t\t\t\t\t\t\t\t\t\t\t\t<div class=\"isotope-container grid-container isotope-layout style-masonry isotope-pagination grid-pagination\" data-type=\"masonry\" data-layout=\"masonry\" data-lg=\"1000\" data-md=\"600\" data-sm=\"480\" data-vp-height=\"\">\t\t\t<div class=\"tmb atc-typography-inherit tmb-iso-w4 tmb-iso-h4 tmb-round img-round-lg tmb-dark tmb-overlay-gradient-bottom tmb-overlay-anim tmb-content-center tmb-content-mobile-center tmb-image-anim  grid-cat-1422 tmb-id-63499 tmb-content-under tmb-media-first\" ><div class=\"t-inside style-color-prif-bg no-anim\" ><div class=\"t-entry-visual\"><div class=\"t-entry-visual-tc\"><div class=\"t-entry-visual-cont\"><div class=\"dummy\" style=\"padding-top: 98.5%;\"><\/div><a role=\"button\" tabindex=\"-1\" href=\"https:\/\/royalcasinocompany.nl\/de\/roulette-tafels-kopen-nieuw\/\" class=\"pushed\" aria-label=\"Roulette-Tisch mit stabilem Mahagoni-Rahmen, wei\u00dfer Ledereinfassung und luxuri\u00f6sem roten Spielfeld\"  target=\"_self\" data-lb-index=\"0\"><div class=\"t-entry-visual-overlay\"><div class=\"t-entry-visual-overlay-in style-color-rgdb-bg\" style=\"opacity: 0.01;\"><\/div><\/div><img decoding=\"async\" class=\"wp-image-66714\" src=\"https:\/\/royalcasinocompany.nl\/wp-content\/uploads\/2021\/04\/IMG_2473.jpeg\" width=\"518\" height=\"510\" alt=\"Roulette tafel met stefvig onderstel van mahonie, witte lederen rand en luxe rood speelveld\" title=\"\" srcset=\"https:\/\/royalcasinocompany.nl\/wp-content\/uploads\/2021\/04\/IMG_2473.jpeg 518w, https:\/\/royalcasinocompany.nl\/wp-content\/uploads\/2021\/04\/IMG_2473-300x295.jpeg 300w, https:\/\/royalcasinocompany.nl\/wp-content\/uploads\/2021\/04\/IMG_2473-350x345.jpeg 350w\" sizes=\"(max-width: 518px) 100vw, 518px\"><\/a><\/div>\n\t\t\t\t\t<\/div>\n\t\t\t\t<\/div><div class=\"t-entry-text\">\n\t\t\t\t\t\t\t\t\t<div class=\"t-entry-text-tc single-block-padding\"><div class=\"t-entry\"><h3 class=\"t-entry-title h6 title-scale\"><a href=\"https:\/\/royalcasinocompany.nl\/de\/roulette-tafels-kopen-nieuw\/\" target=\"_self\">Roulettetische kaufen (neu)<\/a><\/h3><\/div><\/div>\n\t\t\t\t\t\t\t<\/div><\/div><\/div><div class=\"tmb atc-typography-inherit tmb-iso-w4 tmb-iso-h4 tmb-round img-round-lg tmb-dark tmb-overlay-gradient-bottom tmb-overlay-anim tmb-content-center tmb-content-mobile-center tmb-image-anim  grid-cat-1422 tmb-id-63305 tmb-content-under tmb-media-first\" ><div class=\"t-inside style-color-prif-bg no-anim\" ><div class=\"t-entry-visual\"><div class=\"t-entry-visual-tc\"><div class=\"t-entry-visual-cont\"><div class=\"dummy\" style=\"padding-top: 98.5%;\"><\/div><a role=\"button\" tabindex=\"-1\" href=\"https:\/\/royalcasinocompany.nl\/de\/blackjack-tafel-kopen-nieuw\/\" class=\"pushed\" aria-label=\"luxuri\u00f6ser Blackjack-Tisch aus Mahagoniholz mit doppelter Schicht und marineblauem Spielfeld\"  target=\"_self\" data-lb-index=\"1\"><div class=\"t-entry-visual-overlay\"><div class=\"t-entry-visual-overlay-in style-color-rgdb-bg\" style=\"opacity: 0.01;\"><\/div><\/div><img decoding=\"async\" class=\"wp-image-66669\" src=\"https:\/\/royalcasinocompany.nl\/wp-content\/uploads\/2021\/04\/IMG_2518.jpeg\" width=\"518\" height=\"510\" alt=\"luxe mahonie houten blackjack tafel met dubbele speellaag en navy blue speelveld\" title=\"\" srcset=\"https:\/\/royalcasinocompany.nl\/wp-content\/uploads\/2021\/04\/IMG_2518.jpeg 518w, https:\/\/royalcasinocompany.nl\/wp-content\/uploads\/2021\/04\/IMG_2518-300x295.jpeg 300w, https:\/\/royalcasinocompany.nl\/wp-content\/uploads\/2021\/04\/IMG_2518-350x345.jpeg 350w\" sizes=\"(max-width: 518px) 100vw, 518px\"><\/a><\/div>\n\t\t\t\t\t<\/div>\n\t\t\t\t<\/div><div class=\"t-entry-text\">\n\t\t\t\t\t\t\t\t\t<div class=\"t-entry-text-tc single-block-padding\"><div class=\"t-entry\"><h3 class=\"t-entry-title h6 title-scale\"><a href=\"https:\/\/royalcasinocompany.nl\/de\/blackjack-tafel-kopen-nieuw\/\" target=\"_self\">Blackjack-Tisch kaufen (neu)<\/a><\/h3><\/div><\/div>\n\t\t\t\t\t\t\t<\/div><\/div><\/div><div class=\"tmb atc-typography-inherit tmb-iso-w4 tmb-iso-h4 tmb-round img-round-lg tmb-dark tmb-overlay-gradient-bottom tmb-overlay-anim tmb-content-center tmb-content-mobile-center tmb-image-anim  grid-cat-1422 tmb-id-67591 tmb-content-under tmb-media-first\" ><div class=\"t-inside style-color-prif-bg no-anim\" ><div class=\"t-entry-visual\"><div class=\"t-entry-visual-tc\"><div class=\"t-entry-visual-cont\"><div class=\"dummy\" style=\"padding-top: 98.5%;\"><\/div><a role=\"button\" tabindex=\"-1\" href=\"https:\/\/royalcasinocompany.nl\/de\/poker-tafels-kopen-nieuw\/\" class=\"pushed\" aria-label=\"Pokertisch mit schwarzer Lederverkleidung, farbigem Layout, mit Dealer-Tablett und klappbaren Beinen\"  target=\"_self\" data-lb-index=\"2\"><div class=\"t-entry-visual-overlay\"><div class=\"t-entry-visual-overlay-in style-color-rgdb-bg\" style=\"opacity: 0.01;\"><\/div><\/div><img decoding=\"async\" class=\"wp-image-66591\" src=\"https:\/\/royalcasinocompany.nl\/wp-content\/uploads\/2021\/04\/IMG_2601.jpeg\" width=\"518\" height=\"510\" alt=\"Poker tafel met zwarte lederen rand, gekleurde lay-out, met dealer tray en klappoten\" title=\"\" srcset=\"https:\/\/royalcasinocompany.nl\/wp-content\/uploads\/2021\/04\/IMG_2601.jpeg 518w, https:\/\/royalcasinocompany.nl\/wp-content\/uploads\/2021\/04\/IMG_2601-300x295.jpeg 300w, https:\/\/royalcasinocompany.nl\/wp-content\/uploads\/2021\/04\/IMG_2601-350x345.jpeg 350w\" sizes=\"(max-width: 518px) 100vw, 518px\"><\/a><\/div>\n\t\t\t\t\t<\/div>\n\t\t\t\t<\/div><div class=\"t-entry-text\">\n\t\t\t\t\t\t\t\t\t<div class=\"t-entry-text-tc single-block-padding\"><div class=\"t-entry\"><h3 class=\"t-entry-title h6 title-scale\"><a href=\"https:\/\/royalcasinocompany.nl\/de\/poker-tafels-kopen-nieuw\/\" target=\"_self\">Pokertische kaufen (neu)<\/a><\/h3><\/div><\/div>\n\t\t\t\t\t\t\t<\/div><\/div><\/div><div class=\"tmb atc-typography-inherit tmb-iso-w4 tmb-iso-h4 tmb-round img-round-lg tmb-dark tmb-overlay-gradient-bottom tmb-overlay-anim tmb-content-center tmb-content-mobile-center tmb-image-anim  grid-cat-1422 tmb-id-66793 tmb-content-under tmb-media-first\" ><div class=\"t-inside style-color-prif-bg no-anim\" ><div class=\"t-entry-visual\"><div class=\"t-entry-visual-tc\"><div class=\"t-entry-visual-cont\"><div class=\"dummy\" style=\"padding-top: 98.5%;\"><\/div><a role=\"button\" tabindex=\"-1\" href=\"https:\/\/royalcasinocompany.nl\/de\/casino-accessoires\/\" class=\"pushed\" aria-label=\"Dinge, die man an einem Casinotisch benutzt\"  target=\"_self\" data-lb-index=\"3\"><div class=\"t-entry-visual-overlay\"><div class=\"t-entry-visual-overlay-in style-color-rgdb-bg\" style=\"opacity: 0.01;\"><\/div><\/div><img decoding=\"async\" class=\"wp-image-66685\" src=\"https:\/\/royalcasinocompany.nl\/wp-content\/uploads\/2021\/04\/IMG_2502.jpeg\" width=\"518\" height=\"510\" alt=\"spullen wat je gebruikt aan een casinotafel\" title=\"\" srcset=\"https:\/\/royalcasinocompany.nl\/wp-content\/uploads\/2021\/04\/IMG_2502.jpeg 518w, https:\/\/royalcasinocompany.nl\/wp-content\/uploads\/2021\/04\/IMG_2502-300x295.jpeg 300w, https:\/\/royalcasinocompany.nl\/wp-content\/uploads\/2021\/04\/IMG_2502-350x345.jpeg 350w\" sizes=\"(max-width: 518px) 100vw, 518px\"><\/a><\/div>\n\t\t\t\t\t<\/div>\n\t\t\t\t<\/div><div class=\"t-entry-text\">\n\t\t\t\t\t\t\t\t\t<div class=\"t-entry-text-tc single-block-padding\"><div class=\"t-entry\"><h3 class=\"t-entry-title h6 title-scale\"><a href=\"https:\/\/royalcasinocompany.nl\/de\/casino-accessoires\/\" target=\"_self\">Casino-Zubeh\u00f6r<\/a><\/h3><\/div><\/div>\n\t\t\t\t\t\t\t<\/div><\/div><\/div><div class=\"tmb atc-typography-inherit tmb-iso-w4 tmb-iso-h4 tmb-round img-round-lg tmb-dark tmb-overlay-gradient-bottom tmb-overlay-anim tmb-content-center tmb-content-mobile-center tmb-image-anim  grid-cat-1422 tmb-id-63677 tmb-content-under tmb-media-first\" ><div class=\"t-inside style-color-prif-bg no-anim\" ><div class=\"t-entry-visual\"><div class=\"t-entry-visual-tc\"><div class=\"t-entry-visual-cont\"><div class=\"dummy\" style=\"padding-top: 98.5%;\"><\/div><a role=\"button\" tabindex=\"-1\" href=\"https:\/\/royalcasinocompany.nl\/de\/casino-stoelen-kopen-nieuw\/\" class=\"pushed\" aria-label=\"Luxuri\u00f6se Casinost\u00fchle mit braunem und cremefarbenem Leder und goldenem Fu\u00dfkreuz\"  target=\"_self\" data-lb-index=\"4\"><div class=\"t-entry-visual-overlay\"><div class=\"t-entry-visual-overlay-in style-color-rgdb-bg\" style=\"opacity: 0.01;\"><\/div><\/div><img decoding=\"async\" class=\"wp-image-67557\" src=\"https:\/\/royalcasinocompany.nl\/wp-content\/uploads\/2021\/04\/Casino-stoelen-kopen-RCCS12-5.jpg\" width=\"518\" height=\"510\" alt=\"Luxe casino stoelen met bruin en crem\u00e9 leer en een gouden onderstel\" title=\"\" srcset=\"https:\/\/royalcasinocompany.nl\/wp-content\/uploads\/2021\/04\/Casino-stoelen-kopen-RCCS12-5.jpg 518w, https:\/\/royalcasinocompany.nl\/wp-content\/uploads\/2021\/04\/Casino-stoelen-kopen-RCCS12-5-300x295.jpg 300w, https:\/\/royalcasinocompany.nl\/wp-content\/uploads\/2021\/04\/Casino-stoelen-kopen-RCCS12-5-350x345.jpg 350w\" sizes=\"(max-width: 518px) 100vw, 518px\"><\/a><\/div>\n\t\t\t\t\t<\/div>\n\t\t\t\t<\/div><div class=\"t-entry-text\">\n\t\t\t\t\t\t\t\t\t<div class=\"t-entry-text-tc single-block-padding\"><div class=\"t-entry\"><h3 class=\"t-entry-title h6 title-scale\"><a href=\"https:\/\/royalcasinocompany.nl\/de\/casino-stoelen-kopen-nieuw\/\" target=\"_self\">Casino-St\u00fchle kaufen (neu)<\/a><\/h3><\/div><\/div>\n\t\t\t\t\t\t\t<\/div><\/div><\/div><div class=\"tmb atc-typography-inherit tmb-iso-w4 tmb-iso-h4 tmb-round img-round-lg tmb-dark tmb-overlay-gradient-bottom tmb-overlay-anim tmb-content-center tmb-content-mobile-center tmb-image-anim  grid-cat-1422 tmb-id-63805 tmb-content-under tmb-media-first\" ><div class=\"t-inside style-color-prif-bg no-anim\" ><div class=\"t-entry-visual\"><div class=\"t-entry-visual-tc\"><div class=\"t-entry-visual-cont\"><div class=\"dummy\" style=\"padding-top: 98.5%;\"><\/div><a role=\"button\" tabindex=\"-1\" href=\"https:\/\/royalcasinocompany.nl\/de\/poker-stoelen-kopen-nieuw\/\" class=\"pushed\" aria-label=\"Luxuri\u00f6se Pokersessel in einer cremefarbenen\/braunen Kombination mit goldenen Details und einem Logo auf der R\u00fcckenlehne\"  target=\"_self\" data-lb-index=\"5\"><div class=\"t-entry-visual-overlay\"><div class=\"t-entry-visual-overlay-in style-color-rgdb-bg\" style=\"opacity: 0.01;\"><\/div><\/div><img decoding=\"async\" class=\"wp-image-66515\" src=\"https:\/\/royalcasinocompany.nl\/wp-content\/uploads\/2021\/04\/IMG_2677.jpeg\" width=\"518\" height=\"510\" alt=\"Luxe pokerstoelen in een creme\/bruine combinatie met gouden details en een logo op de rugleuning\" title=\"\" srcset=\"https:\/\/royalcasinocompany.nl\/wp-content\/uploads\/2021\/04\/IMG_2677.jpeg 518w, https:\/\/royalcasinocompany.nl\/wp-content\/uploads\/2021\/04\/IMG_2677-300x295.jpeg 300w, https:\/\/royalcasinocompany.nl\/wp-content\/uploads\/2021\/04\/IMG_2677-350x345.jpeg 350w\" sizes=\"(max-width: 518px) 100vw, 518px\"><\/a><\/div>\n\t\t\t\t\t<\/div>\n\t\t\t\t<\/div><div class=\"t-entry-text\">\n\t\t\t\t\t\t\t\t\t<div class=\"t-entry-text-tc single-block-padding\"><div class=\"t-entry\"><h3 class=\"t-entry-title h6 title-scale\"><a href=\"https:\/\/royalcasinocompany.nl\/de\/poker-stoelen-kopen-nieuw\/\" target=\"_self\">Pokerst\u00fchle kaufen (neu)<\/a><\/h3><\/div><\/div>\n\t\t\t\t\t\t\t<\/div><\/div><\/div>\t\t<\/div>\t\n\t\n\n\t<\/div>\t\t\t\t<\/div>\n<\/div><\/div><\/div><\/div><\/div><\/div><\/div><\/div><div class=\"divider-wrapper\"  >\n    <hr class=\"border-accent-color separator-no-padding\"  \/>\n<\/div>\n<div class=\"vc_row row-internal row-container boomapps_vcrow\"><div class=\"row row-child\"><div class=\"wpb_row row-inner\"><div class=\"wpb_column pos-top pos-center align_left column_child col-lg-6 boomapps_vccolumn single-internal-gutter\"><div class=\"uncol style-dark\" ><div class=\"uncoltable\"><div class=\"uncell  boomapps_vccolumn no-block-padding\" ><div class=\"uncont\" ><div class=\"uncode_text_column\" ><\/p>\n<h3>UNSER SCHAUWERK<\/h3>\n<p>Als Experten wissen wir genau, dass ein Casinobesuch ein einzigartiges Erlebnis ist, das alle Sinne anspricht. Mit gro\u00dfer Freude laden wir Sie ein, unseren Showroom\/Lagerhaus zu besuchen, wo wir mit Stolz unsere Auswahl an Casinotischen pr\u00e4sentieren. W\u00e4hrend Ihres Besuchs haben Sie die M\u00f6glichkeit, selbst eine Runde Karten zu spielen oder die Aufregung des Roulettes zu erleben, indem Sie die Roulettekugel drehen. Besuche in unserem Ausstellungsraum sind nur nach Vereinbarung m\u00f6glich und richten sich an wirklich Interessierte. Es ist wichtig zu erw\u00e4hnen, dass wir in unserem Ausstellungsraum drei brandneue Spieltische pr\u00e4sentieren - Roulette, Blackjack und Poker - damit Sie sich selbst ein Bild von der Qualit\u00e4t machen k\u00f6nnen. Unsere gebrauchten Casinotische oder andere Artikel werden am Tag Ihres Termins in unserem Lager speziell f\u00fcr Sie vorbereitet.<\/p>\n<\/div><\/div><\/div><\/div><\/div><\/div><div class=\"wpb_column pos-top pos-center align_left column_child col-lg-6 boomapps_vccolumn single-internal-gutter\"><div class=\"uncol style-dark\" ><div class=\"uncoltable\"><div class=\"uncell  boomapps_vccolumn no-block-padding\" ><div class=\"uncont\" ><div class=\"uncode_text_column\" ><\/p>\n<h3>Ihr eigenes Kasino?<\/h3>\n<p>Haben Sie schon immer davon getr\u00e4umt, einen Casinotisch in Ihrem eigenen Haus zu haben? M\u00f6chten Sie Ihr Arbeitszimmer komplett in ein echtes Casino verwandeln? Mit unseren atemberaubenden Casinotischen und Accessoires werden Sie Ihre Freunde, Bekannten und Kunden garantiert beeindrucken. Egal, ob es sich um einen Cocktailabend, einen M\u00e4nnerabend, ein Treffen Ihres Businessclubs oder einen anderen Anlass handelt, mit unseren hochwertigen Casinotischen werden sie unvergesslich sein.<\/p>\n<\/div><\/div><\/div><\/div><\/div><\/div><\/div><\/div><\/div><\/div><\/div><\/div><\/div><\/div><script id=\"script-row-unique-1\" data-row=\"script-row-unique-1\" type=\"text\/javascript\" class=\"vc_controls\">UNCODE.initRow(document.getElementById(\"row-unique-1\"));<\/script><\/div><\/div><\/div>\n<\/div>","protected":false},"excerpt":{"rendered":"POKER STOELEN KOPEN?Heeft u een pokertafel gekocht of gaat u deze nog kopen? Dan heeft u ook poker stoelen nodig, [...]","protected":false},"author":1,"featured_media":0,"parent":0,"menu_order":0,"comment_status":"closed","ping_status":"closed","template":"","meta":{"footnotes":""},"class_list":["post-63481","page","type-page","status-publish","hentry","page_category-verkoop"],"_links":{"self":[{"href":"https:\/\/royalcasinocompany.nl\/de\/wp-json\/wp\/v2\/pages\/63481","targetHints":{"allow":["GET"]}}],"collection":[{"href":"https:\/\/royalcasinocompany.nl\/de\/wp-json\/wp\/v2\/pages"}],"about":[{"href":"https:\/\/royalcasinocompany.nl\/de\/wp-json\/wp\/v2\/types\/page"}],"author":[{"embeddable":true,"href":"https:\/\/royalcasinocompany.nl\/de\/wp-json\/wp\/v2\/users\/1"}],"replies":[{"embeddable":true,"href":"https:\/\/royalcasinocompany.nl\/de\/wp-json\/wp\/v2\/comments?post=63481"}],"version-history":[{"count":20,"href":"https:\/\/royalcasinocompany.nl\/de\/wp-json\/wp\/v2\/pages\/63481\/revisions"}],"predecessor-version":[{"id":70360,"href":"https:\/\/royalcasinocompany.nl\/de\/wp-json\/wp\/v2\/pages\/63481\/revisions\/70360"}],"wp:attachment":[{"href":"https:\/\/royalcasinocompany.nl\/de\/wp-json\/wp\/v2\/media?parent=63481"}],"curies":[{"name":"wp","href":"https:\/\/api.w.org\/{rel}","templated":true}]}}