{"id":65781,"date":"2023-05-15T12:09:39","date_gmt":"2023-05-15T10:09:39","guid":{"rendered":"https:\/\/royalcasinocompany.nl\/?page_id=65781"},"modified":"2025-09-08T22:16:40","modified_gmt":"2025-09-08T20:16:40","slug":"casino-feest-ideeen","status":"publish","type":"page","link":"https:\/\/royalcasinocompany.nl\/de\/casino-avond\/casino-feest-ideeen\/","title":{"rendered":"Casino-Party-Ideen"},"content":{"rendered":"<div class=\"wpb-content-wrapper\"><div data-parent=\"true\" class=\"vc_row row-container boomapps_vcrow\" id=\"row-unique-0\"><div class=\"row limit-width row-parent\"><div class=\"wpb_row row-inner\"><div class=\"wpb_column pos-top pos-center align_left column_parent col-lg-12 boomapps_vccolumn single-internal-gutter\"><div class=\"uncol style-dark\"  ><div class=\"uncoltable\"><div class=\"uncell  boomapps_vccolumn no-block-padding\" ><div class=\"uncont\" ><div class=\"vc_row row-internal row-container boomapps_vcrow\"><div class=\"row row-child\"><div class=\"wpb_row row-inner\"><div class=\"wpb_column pos-top pos-center align_left column_child col-lg-12 boomapps_vccolumn single-internal-gutter\"><div class=\"uncol style-dark\" ><div class=\"uncoltable\"><div class=\"uncell  boomapps_vccolumn no-block-padding\" ><div class=\"uncont\" ><div class=\"vc_custom_heading_wrap\"><div class=\"heading-text el-text\" ><\/p>\n<h1>Casino-Party-Ideen - Tipps f\u00fcr eine erfolgreiche Veranstaltung<\/h1>\n<p>\n<hr class=\"separator-break separator-accent\" \/><\/div><div class=\"clear\"><\/div><\/div><div class=\"uncode_text_column\" ><\/p>\n<h2 data-pm-slice=\"1 1 &#091;&#093;\">\ud83c\udfb2 Die lustigsten Casino-Party-Ideen f\u00fcr einen unvergesslichen Abend<\/h2>\n<p>Organisieren Sie eine Party und suchen Sie nach origineller und spektakul\u00e4rer Unterhaltung? Entdecken Sie die besten <strong>Casino-Party-Ideen<\/strong> f\u00fcr jede Art von Veranstaltung: von Firmenfeiern \u00fcber Geburtstage bis hin zu Hochzeiten. Mit einem stilvollen mobilen Casino bringen Sie ganz einfach die Aufregung und den Glamour von Las Vegas an Ihren Veranstaltungsort.<\/p>\n<h3>Warum eine Casino-Motto-Party?<\/h3>\n<p>Eine Casino-Party ist mehr als nur Unterhaltung. Sie ist ein stimmungsvolles Erlebnis voller Glitzer, Spielspa\u00df und Interaktion. Und das Beste daran? Die Spiele werden mit fiktivem Geld gespielt, so dass jeder ohne Risiko spielen kann.<\/p>\n<h3>Beliebte Casino-Party-Ideen<\/h3>\n<ul data-spread=\"false\">\n<li>\ud83c\udfb0 <strong>Blackjack Tisch mieten<\/strong> - Perfekt f\u00fcr Anf\u00e4nger und Experten<\/li>\n<li>\ud83c\udfb2 <strong>Roulettetisch mit Croupier<\/strong> - Spannend bis zum letzten Moment<\/li>\n<li>\u2660\ufe0f <strong>Poker-Turnier-Tisch<\/strong> - Ideal f\u00fcr wettbewerbsf\u00e4hige G\u00e4ste<\/li>\n<li>\ud83c\udccf <strong>Mobiles Casino inklusive Dekoration<\/strong> - Luxusbanner, roter Teppich und LED-Beleuchtung<\/li>\n<li>\ud83c\udfad <strong>Kombination von Themen<\/strong> - Denken Sie an James Bond, Las Vegas oder den Gro\u00dfen Gatsby<\/li>\n<\/ul>\n<h3>Vervollst\u00e4ndigen Sie Ihre Party<\/h3>\n<p>Unsere professionellen Croupiers sorgen f\u00fcr Erkl\u00e4rungen und Atmosph\u00e4re. Kombinieren Sie die Casinospiele mit einem Dresscode, einem Preis f\u00fcr den Gewinner und zum Beispiel mit einem Photobooth f\u00fcr ultimative Erinnerungen. So wird Ihre Party wirklich einzigartig.<\/p>\n<div>\n<hr \/>\n<\/div>\n<h2>\ud83d\udca1 Tipps f\u00fcr die Organisation einer Casino-Party<\/h2>\n<ul data-spread=\"false\">\n<li>\ud83d\udccd Sorgen Sie f\u00fcr ausreichend Platz um die Tische herum<\/li>\n<li>\ud83d\udd50 Planen Sie den Spielplan klug (z.B. 3 Stunden Spielzeit mit Pause)<\/li>\n<li>\ud83c\udfc6 Geben Sie dem Gast mit den meisten Chips einen Preis<\/li>\n<li>\ud83d\udcf8 Halten Sie den Abend mit einem Fotografen fest<\/li>\n<\/ul>\n<div>\n<hr \/>\n<\/div>\n<h2>\ud83e\udd1d Organisieren Sie eine Casino-Party? Wir helfen Ihnen gerne!<\/h2>\n<p>Unter <strong>Royal Casino Unternehmen<\/strong> sind Sie bei uns an der richtigen Adresse, wenn Sie stilvolle, professionelle und voll ausgestattete Casinoabende w\u00fcnschen. Wir bieten:<\/p>\n<ul data-spread=\"false\">\n<li>Originelle, hochwertige Casinotische<\/li>\n<li>Erfahrene, freundliche Croupiers<\/li>\n<li>Montage und Demontage vor Ort<\/li>\n<li>Dekoration und Atmosph\u00e4re<\/li>\n<\/ul>\n<p>\u27a1\ufe0f Unsere anderen Ideen finden Sie unter <a href=\"https:\/\/royalcasinocompany.nl\/de\/casino-avond\/\">die Seite Casino-Abend<\/a><\/p>\n<div>\n<hr \/>\n<\/div>\n<h2>\ud83d\udccb H\u00e4ufig gestellte Fragen zu Casino-Party-Ideen<\/h2>\n<p><strong>Ist eine Casino-Party f\u00fcr jedes Publikum geeignet?<\/strong><br \/>\nJa, dank der einfachen Erkl\u00e4rungen und der entspannten Atmosph\u00e4re nehmen Jung und Alt gerne teil.<\/p>\n<p><strong>Was kostet es, einen Casinoabend zu organisieren?<\/strong><br \/>\nDie Preise beginnen bei 525 \u20ac ohne MwSt. pro Tisch, einschlie\u00dflich Croupier, Material und einer Spielzeit von 4 Stunden.<\/p>\n<div>\n<hr \/>\n<\/div>\n<h2>\ud83d\udcde Jetzt ein unverbindliches Angebot anfordern<\/h2>\n<p>Neugierig auf die M\u00f6glichkeiten? Setzen Sie sich mit uns in Verbindung und wir helfen Ihnen gerne dabei, ein Fest zu realisieren, \u00fcber das man noch lange sprechen wird.<\/p>\n<p>\ud83c\udf89 <em>Sie brauchen Ideen f\u00fcr eine Casino-Party? W\u00e4hlen Sie Sicherheit, Atmosph\u00e4re und Klasse mit Royal Casino Company.<\/em><\/p>\n<\/div><\/div><\/div><\/div><\/div><\/div><\/div><\/div><\/div><\/div><\/div><\/div><\/div><\/div><script id=\"script-row-unique-0\" data-row=\"script-row-unique-0\" type=\"text\/javascript\" class=\"vc_controls\">UNCODE.initRow(document.getElementById(\"row-unique-0\"));<\/script><\/div><\/div><\/div>\n<\/div>","protected":false},"excerpt":{"rendered":"Casino feest idee\u00ebn \u2013 tips voor een geslaagd event \ud83c\udfb2 De leukste casino feest idee\u00ebn voor een onvergetelijke avond Organiseer [...]","protected":false},"author":1,"featured_media":67076,"parent":67331,"menu_order":0,"comment_status":"closed","ping_status":"closed","template":"","meta":{"footnotes":""},"class_list":["post-65781","page","type-page","status-publish","has-post-thumbnail","hentry","page_category-huren"],"_links":{"self":[{"href":"https:\/\/royalcasinocompany.nl\/de\/wp-json\/wp\/v2\/pages\/65781","targetHints":{"allow":["GET"]}}],"collection":[{"href":"https:\/\/royalcasinocompany.nl\/de\/wp-json\/wp\/v2\/pages"}],"about":[{"href":"https:\/\/royalcasinocompany.nl\/de\/wp-json\/wp\/v2\/types\/page"}],"author":[{"embeddable":true,"href":"https:\/\/royalcasinocompany.nl\/de\/wp-json\/wp\/v2\/users\/1"}],"replies":[{"embeddable":true,"href":"https:\/\/royalcasinocompany.nl\/de\/wp-json\/wp\/v2\/comments?post=65781"}],"version-history":[{"count":20,"href":"https:\/\/royalcasinocompany.nl\/de\/wp-json\/wp\/v2\/pages\/65781\/revisions"}],"predecessor-version":[{"id":70409,"href":"https:\/\/royalcasinocompany.nl\/de\/wp-json\/wp\/v2\/pages\/65781\/revisions\/70409"}],"up":[{"embeddable":true,"href":"https:\/\/royalcasinocompany.nl\/de\/wp-json\/wp\/v2\/pages\/67331"}],"wp:featuredmedia":[{"embeddable":true,"href":"https:\/\/royalcasinocompany.nl\/de\/wp-json\/wp\/v2\/media\/67076"}],"wp:attachment":[{"href":"https:\/\/royalcasinocompany.nl\/de\/wp-json\/wp\/v2\/media?parent=65781"}],"curies":[{"name":"wp","href":"https:\/\/api.w.org\/{rel}","templated":true}]}}