{"id":66039,"date":"2023-06-12T13:32:27","date_gmt":"2023-06-12T11:32:27","guid":{"rendered":"https:\/\/royalcasinocompany.nl\/?page_id=66039"},"modified":"2025-05-09T12:15:46","modified_gmt":"2025-05-09T10:15:46","slug":"algemenehuurvoorwaarden","status":"publish","type":"page","link":"https:\/\/royalcasinocompany.nl\/de\/algemenehuurvoorwaarden\/","title":{"rendered":"Allgemeine Mietbedingungen"},"content":{"rendered":"<div class=\"wpb-content-wrapper\"><div data-parent=\"true\" class=\"vc_row row-container boomapps_vcrow\" id=\"row-unique-0\"><div class=\"row limit-width row-parent\"><div class=\"wpb_row row-inner\"><div class=\"wpb_column pos-top pos-center align_left column_parent col-lg-12 boomapps_vccolumn single-internal-gutter\"><div class=\"uncol style-dark\"  ><div class=\"uncoltable\"><div class=\"uncell  boomapps_vccolumn no-block-padding\" ><div class=\"uncont\" ><div class=\"uncode_text_column\" ><\/p>\n<h1><strong>Allgemeine Mietbedingungen Royal Casino Company<\/strong><\/h1>\n<p>A. Der gesamte Mietpreis muss mindestens 14 Tage vor der geplanten Veranstaltung auf unsere IBAN-Nummer NL93 RABO 0125 8363 84 im Namen von Royal Casino Company \/ Be Our Guest Events in Huizen \u00fcberwiesen werden. Sie erhalten eine offizielle Best\u00e4tigung und Rechnung, in der alle Vorkehrungen aufgef\u00fchrt sind, die nach Ihrer Zustimmung zu dem Angebot getroffen wurden. Wenn die Rechnung nicht vor oder zum F\u00e4lligkeitsdatum bezahlt wird, beh\u00e4lt sich Royal Casino Company \/ Be Our Guest Events das Recht vor, den Auftrag zu stornieren und die Veranstaltung nicht durchzuf\u00fchren.<\/p>\n<p>B. Wenn die Spieltische nicht im Erdgeschoss aufgestellt werden und dies nicht im Voraus schriftlich mitgeteilt wurde, liegt es im Ermessen der Croupiers, ob die Spieltische aufgrund des Gewichts und der Abmessungen trotzdem hoch- oder heruntergefahren werden. Wenn die Casinotische und die Ausr\u00fcstung hoch- oder heruntergefahren werden, wird nachtr\u00e4glich eine Geb\u00fchr von 12,5% des gesamten Mietpreises erhoben. Um Entt\u00e4uschungen zu vermeiden, empfehlen wir Ihnen, dies vor Ihrer Veranstaltung schriftlich mitzuteilen.<\/p>\n<p>C. Sch\u00e4den an den Casinotischen und Materialien der Royal Casino Company, die nicht durch das Personal der Royal Casino Company verursacht wurden, werden in vollem Umfang ersetzt und dem Mieter\/Kunden in Rechnung gestellt.<\/p>\n<p>D. Die Sicherheit der Mitarbeiter der Royal Casino Company muss gew\u00e4hrleistet sein. Wenn das Personal der Royal Casino Company es aus irgendeinem Grund f\u00fcr unverantwortlich h\u00e4lt, weiter an den Casinotischen zu spielen, werden alle Casinotische geschlossen und abgebaut und das Personal der Royal Casino Company verl\u00e4sst die Veranstaltung.<\/p>\n<p>E. Vom Mieter\/Kunden wird erwartet, dass er f\u00fcr Ordnung und Sauberkeit rund um die Casinotische sorgt, denken Sie an Teller und Gl\u00e4ser.<\/p>\n<p>F. Der in Rechnung gestellte Mietpreis richtet sich nach der vom Mieter\/Auftraggeber angegebenen Anzahl von Spielstunden. Sollte der Wunsch bestehen, l\u00e4nger zu spielen, berechnen wir 50,00 \u20ac pro Stunde pro Casinotisch extra und nach 00:00 Uhr einen Nachtzuschlag von 37,50 \u20ac pro Croupier extra. Eine Verl\u00e4ngerung ist nur f\u00fcr alle gemieteten Casinotische m\u00f6glich.<\/p>\n<p>G. Der Mieter\/Auftraggeber hat f\u00fcr ausreichende Parkm\u00f6glichkeiten zu sorgen. Um den Auf- und Abbau so schnell wie m\u00f6glich durchf\u00fchren zu k\u00f6nnen, sind Parkpl\u00e4tze vor dem Eingang oder im Be- und Entladebereich w\u00fcnschenswert. Das Personal der Royal Casino Company wird mit einem gro\u00dfen Lieferwagen und\/oder K\u00fcbelwagen anreisen.<\/p>\n<p>H. Die Parkgeb\u00fchren werden im Nachhinein 1:1 an den Mieter\/Klienten weitergegeben.<\/p>\n<p>I. Fehlende Jetons der Royal Casino Company werden dem Vermieter\/Veranstalter zum St\u00fcckpreis von 0,25 \u20ac in Rechnung gestellt. Bitte weisen Sie Ihre G\u00e4ste deutlich darauf hin, dass alle Jetons nach der Veranstaltung zur\u00fcckgegeben werden m\u00fcssen.<\/p>\n<p>J. Wenn Sie mehr als 3 Monate vor der geplanten Casino-Veranstaltung stornieren, wird die gesamte Mietgeb\u00fchr an den Mieter\/Auftraggeber zur\u00fcckerstattet.<\/p>\n<p>K. Wenn Sie weniger als 3 Monate vor der geplanten Casino-Veranstaltung stornieren, muss der Mieter\/Auftraggeber 25% des gesamten Mietpreises zahlen.<\/p>\n<p>L. Wenn Sie weniger als 4 Wochen vor der geplanten Casino-Veranstaltung stornieren, muss der Mieter\/Auftraggeber 50% des gesamten Mietpreises zahlen.<\/p>\n<p>M. Bei einer Stornierung weniger als 14 Tage vor der geplanten Casino-Veranstaltung muss der gesamte Mietpreis vom Mieter\/Kunden bezahlt werden.<\/p>\n<p>N. Im Falle der Nichtzahlung durch den Mieter\/Auftraggeber gehen die zus\u00e4tzlich anfallenden Kosten und etwaige Inkassokosten vollst\u00e4ndig zu Lasten des Mieters\/Auftraggebers.<\/p>\n<p>O. F\u00fcr Standorte, die von Huizen NH aus berechnet werden, wird ein Zuschlag von 0,65 Euro pro gefahrenen Kilometer sowohl f\u00fcr die Hin- als auch f\u00fcr die R\u00fcckfahrt erhoben. Dies wird immer im Voraus mit Ihnen im Angebot kommuniziert, wir geben niemals versteckte Kosten im Nachhinein an unsere Kunden weiter.<\/p>\n<p>P. Beim Kauf von 4 oder mehr Spieltischen k\u00f6nnen zus\u00e4tzliche Kosten im Zusammenhang mit der Nutzung\/Miete von zus\u00e4tzlichen Transportmitteln anfallen. Diese Kosten werden immer im Voraus auf Ihrem Kostenvoranschlag erw\u00e4hnt, wir geben niemals versteckte Kosten im Nachhinein an unsere Kunden weiter.<\/p>\n<p>Q. Alkoholfreie Getr\u00e4nke werden vom Mieter\/Auftraggeber w\u00e4hrend der Casino-Veranstaltung zur Verf\u00fcgung gestellt.<\/p>\n<p>R. Die Verpflegung der Crew wird von unseren Croupiers sehr gesch\u00e4tzt. Die Croupiers gehen oft fr\u00fch nach Hause, so dass sie keine Zeit haben, etwas zu essen, bevor sie hinter den Casinotischen arbeiten m\u00fcssen. Wir hoffen, dass Sie dies ber\u00fccksichtigen werden.<\/p>\n<p>S. Leider lassen sich unangenehme Verkehrssituationen\/Folgen\/Autofahrten nicht durch \"h\u00f6here Gewalt\" vermeiden, Royal Casino Company kann f\u00fcr die Folgen davon nicht haftbar gemacht werden. Nat\u00fcrlich werden wir unser M\u00f6glichstes tun, um dies zu vermeiden, indem wir rechtzeitig und wie vereinbart abreisen, um p\u00fcnktlich am Veranstaltungsort zu sein.<\/p>\n<p>DAS SPIELEN UM GELD IST ILLEGAL UND DESHALB HAT SICH DIE ROYAL CASINO COMPANY BEWUSST DAF\u00dcR ENTSCHIEDEN, DIES NICHT ANZUBIETEN. UNSER KERNGESCH\u00c4FT IST DIE LUXUSUNTERHALTUNG.<\/p>\n<h2><strong>FRAGEN<\/strong><\/h2>\n<p>Wenn Sie Fragen oder Anmerkungen zu unseren Datenschutzbestimmungen haben, kontaktieren Sie uns bitte!<\/p>\n<h2><strong>KONTAKTINFORMATIONEN<\/strong><\/h2>\n<p>Royal Casino Unternehmen<br \/>\nKabeltrasse 1<br \/>\n1271 AN HUIZEN<\/p>\n<\/div><\/div><\/div><\/div><\/div><\/div><script id=\"script-row-unique-0\" data-row=\"script-row-unique-0\" type=\"text\/javascript\" class=\"vc_controls\">UNCODE.initRow(document.getElementById(\"row-unique-0\"));<\/script><\/div><\/div><\/div>\n<\/div>","protected":false},"excerpt":{"rendered":"Algemene Huurvoorwaarden Royal Casino Company A. De gehele huursom moet minimaal 14 dagen v\u00f3\u00f3r het geplande evenement zijn overgemaakt op [...]","protected":false},"author":1,"featured_media":0,"parent":0,"menu_order":0,"comment_status":"closed","ping_status":"closed","template":"","meta":{"footnotes":""},"class_list":["post-66039","page","type-page","status-publish","hentry","page_category-over-ons"],"_links":{"self":[{"href":"https:\/\/royalcasinocompany.nl\/de\/wp-json\/wp\/v2\/pages\/66039","targetHints":{"allow":["GET"]}}],"collection":[{"href":"https:\/\/royalcasinocompany.nl\/de\/wp-json\/wp\/v2\/pages"}],"about":[{"href":"https:\/\/royalcasinocompany.nl\/de\/wp-json\/wp\/v2\/types\/page"}],"author":[{"embeddable":true,"href":"https:\/\/royalcasinocompany.nl\/de\/wp-json\/wp\/v2\/users\/1"}],"replies":[{"embeddable":true,"href":"https:\/\/royalcasinocompany.nl\/de\/wp-json\/wp\/v2\/comments?post=66039"}],"version-history":[{"count":3,"href":"https:\/\/royalcasinocompany.nl\/de\/wp-json\/wp\/v2\/pages\/66039\/revisions"}],"predecessor-version":[{"id":70319,"href":"https:\/\/royalcasinocompany.nl\/de\/wp-json\/wp\/v2\/pages\/66039\/revisions\/70319"}],"wp:attachment":[{"href":"https:\/\/royalcasinocompany.nl\/de\/wp-json\/wp\/v2\/media?parent=66039"}],"curies":[{"name":"wp","href":"https:\/\/api.w.org\/{rel}","templated":true}]}}