{"id":67245,"date":"2025-06-25T19:00:39","date_gmt":"2025-06-25T17:00:39","guid":{"rendered":"https:\/\/royalcasinocompany.nl\/?page_id=67245"},"modified":"2025-06-25T20:51:54","modified_gmt":"2025-06-25T18:51:54","slug":"casinotafels-huren-in-amsterdam","status":"publish","type":"page","link":"https:\/\/royalcasinocompany.nl\/de\/casinotafels-huren-in-amsterdam\/","title":{"rendered":"Casinotische zu mieten in Amsterdam"},"content":{"rendered":"<div class=\"wpb-content-wrapper\"><div data-parent=\"true\" class=\"vc_row row-container boomapps_vcrow\" id=\"row-unique-0\"><div class=\"row limit-width row-parent\"><div class=\"wpb_row row-inner\"><div class=\"wpb_column pos-top pos-center align_left column_parent col-lg-12 boomapps_vccolumn single-internal-gutter\"><div class=\"uncol style-dark\"  ><div class=\"uncoltable\"><div class=\"uncell  boomapps_vccolumn no-block-padding\" ><div class=\"uncont\" ><div class=\"vc_row row-internal row-container boomapps_vcrow\"><div class=\"row row-child\"><div class=\"wpb_row row-inner\"><div class=\"wpb_column pos-top pos-center align_center column_child col-lg-12 boomapps_vccolumn single-internal-gutter\"><div class=\"uncol style-dark\" ><div class=\"uncoltable\"><div class=\"uncell  boomapps_vccolumn no-block-padding\" ><div class=\"uncont\" ><div class=\"vc_custom_heading_wrap\"><div class=\"heading-text el-text\" ><h2 class=\"h2\" ><span><\/p><\/span><span><h1 class=\"font-bold text-gray-800 text-h2 leading-&#091;45px&#093; pt-&#091;30px&#093; pb-&#091;4px&#093; &#091;&amp;_a&#093;:underline-offset-&#091;6px&#093; &#091;&amp;_.underline&#093;:underline-offset-&#091;6px&#093;\" dir=\"ltr\">Erleben Sie die Aufregung von Vegas mit unserem professionellen Casino-Tischverleih!<\/h1><\/span><span><p><\/span><\/h2><\/div><div class=\"clear\"><\/div><\/div><div class=\"uncode_text_column\" ><p>Willkommen in Amsterdams High-End-Casino-Erlebnis! Egal, ob Sie eine Veranstaltung f\u00fcr eine Agentur planen, eine Firmenfeier organisieren oder ein unvergessliches Firmenevent veranstalten wollen, unsere professionellen Casinotische bringen die Spannung einer echten Casinonacht direkt an Ihren Veranstaltungsort.<\/p>\n<\/div><div class=\"divider-wrapper\"  >\n    <hr class=\"border-accent-color separator-no-padding\"  \/>\n<\/div>\n<\/div><\/div><\/div><\/div><\/div><\/div><\/div><\/div><div class=\"vc_row row-internal row-container boomapps_vcrow\"><div class=\"row row-child\"><div class=\"wpb_row row-inner\"><div class=\"wpb_column pos-top pos-center align_left column_child col-lg-6 boomapps_vccolumn single-internal-gutter\"><div class=\"uncol style-dark\" ><div class=\"uncoltable\"><div class=\"uncell  boomapps_vccolumn no-block-padding\" ><div class=\"uncont\" ><div class=\"vc_custom_heading_wrap\"><div class=\"heading-text el-text\" ><h2 class=\"h2\" ><span><\/p><\/span><span><h2 class=\"font-bold text-gray-800 text-h3 leading-&#091;36px&#093; pt-&#091;21px&#093; pb-&#091;2px&#093; &#091;&amp;_a&#093;:underline-offset-&#091;6px&#093; &#091;&amp;_.underline&#093;:underline-offset-&#091;6px&#093;\" dir=\"ltr\">Warum unsere Casino-Tische?<\/h2><\/span><span><p><\/span><\/h2><\/div><div class=\"clear\"><\/div><\/div><div class=\"uncode_text_column\" ><\/p>\n<p class=\"text-body font-regular text-gray-800 leading-&#091;24px&#093; pt-&#091;9px&#093; pb-&#091;2px&#093;\" dir=\"ltr\">Unsere Casinotische sind nicht irgendwelche Tische, sie sind Prunkst\u00fccke direkt aus dem echten Casino. Perfekt f\u00fcr:<\/p>\n<ul class=\"pt-&#091;9px&#093; pb-&#091;2px&#093; pl-&#091;24px&#093; list-disc &#091;&amp;_ul&#093;:pt-&#091;5px&#093; pt-&#091;5px&#093;\">\n<li class=\"text-body font-regular text-gray-800 leading-&#091;24px&#093; my-&#091;5px&#093; &#091;&amp;&gt;ol&#093;:!pt-0 &#091;&amp;&gt;ol&#093;:!pb-0 &#091;&amp;&gt;ul&#093;:!pt-0 &#091;&amp;&gt;ul&#093;:!pb-0\" value=\"1\"><b><strong class=\"font-bold\">Organisatorische Agenturen<\/strong><\/b>: Erweitert Ihr Veranstaltungsangebot um einen exklusiven Aspekt.<\/li>\n<li class=\"text-body font-regular text-gray-800 leading-&#091;24px&#093; my-&#091;5px&#093; &#091;&amp;&gt;ol&#093;:!pt-0 &#091;&amp;&gt;ol&#093;:!pb-0 &#091;&amp;&gt;ul&#093;:!pt-0 &#091;&amp;&gt;ul&#093;:!pb-0\" value=\"2\"><b><strong class=\"font-bold\">Unternehmen<\/strong><\/b>: Ideal f\u00fcr Mitarbeiter-Drinks oder einen glamour\u00f6sen Firmenabend.<\/li>\n<li class=\"text-body font-regular text-gray-800 leading-&#091;24px&#093; my-&#091;5px&#093; &#091;&amp;&gt;ol&#093;:!pt-0 &#091;&amp;&gt;ol&#093;:!pb-0 &#091;&amp;&gt;ul&#093;:!pt-0 &#091;&amp;&gt;ul&#093;:!pb-0\" value=\"3\"><b><strong class=\"font-bold\">Firmenveranstaltungen<\/strong><\/b>: Verleihen Sie Ihren Galas, Networking-Events und Preisverleihungen einen Hauch von Klasse.<\/li>\n<\/ul>\n<p>\n<\/div><\/div><\/div><\/div><\/div><\/div><div class=\"wpb_column pos-top pos-center align_left column_child col-lg-6 boomapps_vccolumn single-internal-gutter\"><div class=\"uncol style-dark\" ><div class=\"uncoltable\"><div class=\"uncell  boomapps_vccolumn no-block-padding\" ><div class=\"uncont\" ><div class=\"uncode-single-media  text-left\"><div class=\"single-wrapper\" style=\"max-width: 100%;\"><div class=\"tmb tmb-light  tmb-img-ratio tmb-media-first tmb-media-last tmb-content-overlay tmb-no-bg\"><div class=\"t-inside\"><div class=\"t-entry-visual\"><div class=\"t-entry-visual-tc\"><div class=\"uncode-single-media-wrapper\"><div class=\"dummy\" style=\"padding-top: 74.9%;\"><\/div><img decoding=\"async\" class=\"wp-image-67151\" src=\"https:\/\/royalcasinocompany.nl\/wp-content\/uploads\/2024\/02\/WhatsApp-Image-2024-02-17-at-14.13.48-uai-1133x849.jpeg\" width=\"1133\" height=\"849\" alt=\"- Royal Casino Company\" title=\"\"><\/div>\n\t\t\t\t\t<\/div>\n\t\t\t\t<\/div><\/div><\/div><\/div><\/div><\/div><\/div><\/div><\/div><\/div><\/div><\/div><\/div><div class=\"vc_row row-internal row-container boomapps_vcrow\"><div class=\"row row-child\"><div class=\"wpb_row row-inner\"><div class=\"wpb_column pos-top pos-center align_left column_child col-lg-6 boomapps_vccolumn single-internal-gutter\"><div class=\"uncol style-dark\" ><div class=\"uncoltable\"><div class=\"uncell  boomapps_vccolumn no-block-padding\" ><div class=\"uncont\" ><div class=\"uncode-single-media  text-left\"><div class=\"single-wrapper\" style=\"max-width: 100%;\"><div class=\"tmb tmb-light  tmb-img-ratio tmb-media-first tmb-media-last tmb-content-overlay tmb-no-bg\"><div class=\"t-inside\"><div class=\"t-entry-visual\"><div class=\"t-entry-visual-tc\"><div class=\"uncode-single-media-wrapper\"><div class=\"dummy\" style=\"padding-top: 75%;\"><\/div><img decoding=\"async\" class=\"wp-image-67133\" src=\"https:\/\/royalcasinocompany.nl\/wp-content\/uploads\/2024\/02\/WhatsApp-Image-2024-02-16-at-08.21.19-1-uai-1200x900.jpeg\" width=\"1200\" height=\"900\" alt=\"- Royal Casino Company\" title=\"\"><\/div>\n\t\t\t\t\t<\/div>\n\t\t\t\t<\/div><\/div><\/div><\/div><\/div><\/div><\/div><\/div><\/div><\/div><div class=\"wpb_column pos-top pos-center align_left column_child col-lg-6 boomapps_vccolumn single-internal-gutter\"><div class=\"uncol style-dark\" ><div class=\"uncoltable\"><div class=\"uncell  boomapps_vccolumn no-block-padding\" ><div class=\"uncont\" ><div class=\"vc_custom_heading_wrap\"><div class=\"heading-text el-text\" ><h2 class=\"h2\" ><span><\/p><\/span><span><h2 class=\"font-bold text-gray-800 text-h3 leading-&#091;36px&#093; pt-&#091;21px&#093; pb-&#091;2px&#093; &#091;&amp;_a&#093;:underline-offset-&#091;6px&#093; &#091;&amp;_.underline&#093;:underline-offset-&#091;6px&#093;\" dir=\"ltr\">Unser Alleinstellungsmerkmal<\/h2><\/span><span><p><\/span><\/h2><\/div><div class=\"clear\"><\/div><\/div><div class=\"uncode_text_column\" ><\/p>\n<ul class=\"pt-&#091;9px&#093; pb-&#091;2px&#093; pl-&#091;24px&#093; list-disc &#091;&amp;_ul&#093;:pt-&#091;5px&#093; pt-&#091;5px&#093;\">\n<li class=\"text-body font-regular text-gray-800 leading-&#091;24px&#093; my-&#091;5px&#093; &#091;&amp;&gt;ol&#093;:!pt-0 &#091;&amp;&gt;ol&#093;:!pb-0 &#091;&amp;&gt;ul&#093;:!pt-0 &#091;&amp;&gt;ul&#093;:!pb-0\" value=\"1\"><b><strong class=\"font-bold\">Echte Casino-Erfahrung<\/strong><\/b>Unsere Casinotische bieten ein authentisches Spielerlebnis.<\/li>\n<li class=\"text-body font-regular text-gray-800 leading-&#091;24px&#093; my-&#091;5px&#093; &#091;&amp;&gt;ol&#093;:!pt-0 &#091;&amp;&gt;ol&#093;:!pb-0 &#091;&amp;&gt;ul&#093;:!pt-0 &#091;&amp;&gt;ul&#093;:!pb-0\" value=\"2\"><b><strong class=\"font-bold\">Professionell und elegant<\/strong><\/b>Wir pflegen ein hohes Ma\u00df an Professionalit\u00e4t und unsere Tische entsprechen den \u00e4sthetischen Standards echter Casinos.<\/li>\n<li class=\"text-body font-regular text-gray-800 leading-&#091;24px&#093; my-&#091;5px&#093; &#091;&amp;&gt;ol&#093;:!pt-0 &#091;&amp;&gt;ol&#093;:!pb-0 &#091;&amp;&gt;ul&#093;:!pt-0 &#091;&amp;&gt;ul&#093;:!pb-0\" value=\"3\"><b><strong class=\"font-bold\">Vollst\u00e4ndiges Paket<\/strong><\/b>Von Roulette bis Craps bieten wir ein umfassendes Casino-Erlebnis.<\/li>\n<li class=\"text-body font-regular text-gray-800 leading-&#091;24px&#093; my-&#091;5px&#093; &#091;&amp;&gt;ol&#093;:!pt-0 &#091;&amp;&gt;ol&#093;:!pb-0 &#091;&amp;&gt;ul&#093;:!pt-0 &#091;&amp;&gt;ul&#093;:!pb-0\" value=\"4\"><b><strong class=\"font-bold\">Flexibel und zuverl\u00e4ssig<\/strong><\/b>: Unser Service ist auf Ihre Bed\u00fcrfnisse zugeschnitten. Wir liefern p\u00fcnktlich und sorgen f\u00fcr eine zuverl\u00e4ssige Erfahrung.<\/li>\n<\/ul>\n<p class=\"text-body font-regular text-gray-800 leading-&#091;24px&#093; pt-&#091;9px&#093; pb-&#091;2px&#093;\" dir=\"ltr\">Seien Sie bereit, Ihre G\u00e4ste mit einem unvergesslichen Abend voller Spannung und Spielspa\u00df zu beeindrucken.<\/p>\n<p>\n<\/div><\/div><\/div><\/div><\/div><\/div><\/div><\/div><\/div><div class=\"vc_row row-internal row-container boomapps_vcrow\"><div class=\"row row-child\"><div class=\"wpb_row row-inner\"><div class=\"wpb_column pos-top pos-center align_left column_child col-lg-6 boomapps_vccolumn single-internal-gutter\"><div class=\"uncol style-dark\" ><div class=\"uncoltable\"><div class=\"uncell  boomapps_vccolumn no-block-padding\" ><div class=\"uncont\" ><div class=\"vc_custom_heading_wrap\"><div class=\"heading-text el-text\" ><h2 class=\"h2\" ><span><\/p><\/span><span><h3 class=\"font-bold text-gray-800 text-h4 leading-&#091;30px&#093; pt-&#091;15px&#093; pb-&#091;2px&#093; &#091;&amp;_a&#093;:underline-offset-&#091;6px&#093; &#091;&amp;_.underline&#093;:underline-offset-&#091;6px&#093;\" dir=\"ltr\">Sind Sie bereit, den Einsatz zu erh\u00f6hen?<\/h3><\/span><span><p><\/span><\/h2><\/div><div class=\"clear\"><\/div><\/div><div class=\"uncode_text_column\" ><\/p>\n<p class=\"text-body font-regular text-gray-800 leading-&#091;24px&#093; pt-&#091;9px&#093; pb-&#091;2px&#093;\" dir=\"ltr\">Machen Sie den Schritt, um Ihre Veranstaltung zu einem garantierten Erfolg zu machen. <b><strong class=\"font-bold\">Jetzt ein Angebot anfordern<\/strong><\/b> F\u00fcr die beste Casinotischvermietung in der Region Amsterdam. Klicken Sie auf die Schaltfl\u00e4che unten und lassen Sie uns die Arbeit f\u00fcr Sie erledigen.<\/p>\n<p class=\"text-body font-regular text-gray-800 leading-&#091;24px&#093; pt-&#091;9px&#093; pb-&#091;2px&#093;\" dir=\"ltr\"><a class=\"text-indigo-700 underline underline-offset-4\" title=\"Jetzt ein Angebot anfordern\" href=\"#offerte-formulier\">Ein Angebot anfordern<\/a><\/p>\n<p class=\"text-body font-regular text-gray-800 leading-&#091;24px&#093; pt-&#091;9px&#093; pb-&#091;2px&#093;\" dir=\"ltr\"><i><em class=\"italic\">Erleben Sie den Spa\u00df, den Glamour und die Aufregung. Machen Sie Ihre n\u00e4chste Veranstaltung legend\u00e4r mit unseren Casino-Tischvermietungen.<\/em><\/i><\/p>\n<p>\n<\/div><\/div><\/div><\/div><\/div><\/div><div class=\"wpb_column pos-top pos-center align_left column_child col-lg-6 boomapps_vccolumn single-internal-gutter\"><div class=\"uncol style-dark\" ><div class=\"uncoltable\"><div class=\"uncell  boomapps_vccolumn no-block-padding\" ><div class=\"uncont\" ><div class=\"uncode-single-media  text-left\"><div class=\"single-wrapper\" style=\"max-width: 100%;\"><div class=\"tmb tmb-light  tmb-img-ratio tmb-media-first tmb-media-last tmb-content-overlay tmb-no-bg\"><div class=\"t-inside\"><div class=\"t-entry-visual\"><div class=\"t-entry-visual-tc\"><div class=\"uncode-single-media-wrapper\"><div class=\"dummy\" style=\"padding-top: 75%;\"><\/div><img decoding=\"async\" class=\"wp-image-67135\" src=\"https:\/\/royalcasinocompany.nl\/wp-content\/uploads\/2024\/02\/WhatsApp-Image-2024-02-17-at-13.28.49-uai-1319x989.jpeg\" width=\"1319\" height=\"989\" alt=\"- Royal Casino Company\" title=\"\"><\/div>\n\t\t\t\t\t<\/div>\n\t\t\t\t<\/div><\/div><\/div><\/div><\/div><\/div><\/div><\/div><\/div><\/div><\/div><\/div><\/div><div class=\"vc_row row-internal row-container boomapps_vcrow\"><div class=\"row row-child\"><div class=\"wpb_row row-inner\"><div class=\"wpb_column pos-top pos-center align_left column_child col-lg-6 boomapps_vccolumn single-internal-gutter\"><div class=\"uncol style-dark\" ><div class=\"uncoltable\"><div class=\"uncell  boomapps_vccolumn no-block-padding\" ><div class=\"uncont\" ><div class=\"uncode-single-media  text-left\"><div class=\"single-wrapper\" style=\"max-width: 100%;\"><div class=\"tmb tmb-light  tmb-img-ratio tmb-media-first tmb-media-last tmb-content-overlay tmb-no-bg\"><div class=\"t-inside\"><div class=\"t-entry-visual\"><div class=\"t-entry-visual-tc\"><div class=\"uncode-single-media-wrapper\"><div class=\"dummy\" style=\"padding-top: 75%;\"><\/div><img decoding=\"async\" class=\"wp-image-67086\" src=\"https:\/\/royalcasinocompany.nl\/wp-content\/uploads\/2024\/02\/27-SFEER-5november-HermanceVanDijkPhotography-scaled-uai-2276x1707.jpg\" width=\"2276\" height=\"1707\" alt=\"- Royal Casino Company\" title=\"\"><\/div>\n\t\t\t\t\t<\/div>\n\t\t\t\t<\/div><\/div><\/div><\/div><\/div><\/div><\/div><\/div><\/div><\/div><div class=\"wpb_column pos-top pos-center align_left column_child col-lg-6 boomapps_vccolumn single-internal-gutter\"><div class=\"uncol style-dark\" ><div class=\"uncoltable\"><div class=\"uncell  boomapps_vccolumn no-block-padding\" ><div class=\"uncont\" ><div class=\"vc_custom_heading_wrap\"><div class=\"heading-text el-text\" ><h2 class=\"h2\" ><span><\/p><\/span><span><h2 class=\"font-bold text-gray-800 text-h3 leading-&#091;36px&#093; pt-&#091;21px&#093; pb-&#091;2px&#093; &#091;&amp;_a&#093;:underline-offset-&#091;6px&#093; &#091;&amp;_.underline&#093;:underline-offset-&#091;6px&#093;\" dir=\"ltr\">Unsere Tischoptionen<\/h2><\/span><span><p><\/span><\/h2><\/div><div class=\"clear\"><\/div><\/div><div class=\"uncode_text_column\" ><\/p>\n<p class=\"text-body font-regular text-gray-800 leading-&#091;24px&#093; pt-&#091;9px&#093; pb-&#091;2px&#093;\" dir=\"ltr\">Unsere Casinotische sind in verschiedenen Varianten erh\u00e4ltlich, um Ihren speziellen Bed\u00fcrfnissen gerecht zu werden:<\/p>\n<ul class=\"pt-&#091;9px&#093; pb-&#091;2px&#093; pl-&#091;24px&#093; list-disc &#091;&amp;_ul&#093;:pt-&#091;5px&#093; pt-&#091;5px&#093;\">\n<li class=\"text-body font-regular text-gray-800 leading-&#091;24px&#093; my-&#091;5px&#093; &#091;&amp;&gt;ol&#093;:!pt-0 &#091;&amp;&gt;ol&#093;:!pb-0 &#091;&amp;&gt;ul&#093;:!pt-0 &#091;&amp;&gt;ul&#093;:!pb-0\" value=\"1\"><b><strong class=\"font-bold\">Roulette<\/strong><\/b>Dieses kultige Casinospiel ist ein Publikumsliebling und sorgt f\u00fcr lebhafte Interaktion.<\/li>\n<li class=\"text-body font-regular text-gray-800 leading-&#091;24px&#093; my-&#091;5px&#093; &#091;&amp;&gt;ol&#093;:!pt-0 &#091;&amp;&gt;ol&#093;:!pb-0 &#091;&amp;&gt;ul&#093;:!pt-0 &#091;&amp;&gt;ul&#093;:!pb-0\" value=\"2\"><b><strong class=\"font-bold\">Blackjack<\/strong><\/b>Ein klassisches Kartenspiel, bei dem die Spieler gegen den Geber spielen. Ideal f\u00fcr eine strategische Herausforderung.<\/li>\n<li class=\"text-body font-regular text-gray-800 leading-&#091;24px&#093; my-&#091;5px&#093; &#091;&amp;&gt;ol&#093;:!pt-0 &#091;&amp;&gt;ol&#093;:!pb-0 &#091;&amp;&gt;ul&#093;:!pt-0 &#091;&amp;&gt;ul&#093;:!pb-0\" value=\"3\"><b><strong class=\"font-bold\">Poker<\/strong><\/b>Ein beliebtes und spannendes Spiel, das Strategie, Geschicklichkeit und Gl\u00fcck kombiniert.<\/li>\n<li value=\"3\">Und vieles mehr, <a href=\"https:\/\/royalcasinocompany.nl\/de\/casino-inhuur-prijzen\/\">Klicken Sie hier f\u00fcr unser Angebot.<\/a><\/li>\n<\/ul>\n<p>\n<\/div><\/div><\/div><\/div><\/div><\/div><\/div><\/div><\/div><div class=\"vc_row row-internal row-container boomapps_vcrow\"><div class=\"row row-child\"><div class=\"wpb_row row-inner\"><div class=\"wpb_column pos-top pos-center align_left column_child col-lg-6 boomapps_vccolumn single-internal-gutter\"><div class=\"uncol style-dark\" ><div class=\"uncoltable\"><div class=\"uncell  boomapps_vccolumn no-block-padding\" ><div class=\"uncont\" ><div class=\"vc_custom_heading_wrap\"><div class=\"heading-text el-text\" ><h2 class=\"h2\" ><span><\/p><\/span><span><h2 class=\"font-bold text-gray-800 text-h3 leading-&#091;36px&#093; pt-&#091;21px&#093; pb-&#091;2px&#093; &#091;&amp;_a&#093;:underline-offset-&#091;6px&#093; &#091;&amp;_.underline&#093;:underline-offset-&#091;6px&#093;\" dir=\"ltr\">Unsere Dienstleistungen<\/h2><\/span><span><p><\/span><\/h2><\/div><div class=\"clear\"><\/div><\/div><div class=\"uncode_text_column\" ><\/p>\n<p class=\"text-body font-regular text-gray-800 leading-&#091;24px&#093; pt-&#091;9px&#093; pb-&#091;2px&#093;\" dir=\"ltr\">Neben der Vermietung von Casinotischen bieten wir auch zus\u00e4tzliche Dienstleistungen an, um Ihre Veranstaltung zu vervollst\u00e4ndigen:<\/p>\n<ul class=\"pt-&#091;9px&#093; pb-&#091;2px&#093; pl-&#091;24px&#093; list-disc &#091;&amp;_ul&#093;:pt-&#091;5px&#093; pt-&#091;5px&#093;\">\n<li class=\"text-body font-regular text-gray-800 leading-&#091;24px&#093; my-&#091;5px&#093; &#091;&amp;&gt;ol&#093;:!pt-0 &#091;&amp;&gt;ol&#093;:!pb-0 &#091;&amp;&gt;ul&#093;:!pt-0 &#091;&amp;&gt;ul&#093;:!pb-0\" value=\"1\"><b><strong class=\"font-bold\">Croupiers<\/strong><\/b>Unsere professionellen Croupiers sorgen f\u00fcr ein authentisches Casino-Erlebnis und begleiten die Spiele.<\/li>\n<li class=\"text-body font-regular text-gray-800 leading-&#091;24px&#093; my-&#091;5px&#093; &#091;&amp;&gt;ol&#093;:!pt-0 &#091;&amp;&gt;ol&#093;:!pb-0 &#091;&amp;&gt;ul&#093;:!pt-0 &#091;&amp;&gt;ul&#093;:!pb-0\" value=\"2\"><b><strong class=\"font-bold\">Dekoration<\/strong><\/b>Mit unseren ma\u00dfgeschneiderten Dekorationspaketen verleihen Sie Ihrer Veranstaltung noch mehr Glamour.<\/li>\n<li class=\"text-body font-regular text-gray-800 leading-&#091;24px&#093; my-&#091;5px&#093; &#091;&amp;&gt;ol&#093;:!pt-0 &#091;&amp;&gt;ol&#093;:!pb-0 &#091;&amp;&gt;ul&#093;:!pt-0 &#091;&amp;&gt;ul&#093;:!pb-0\" value=\"3\"><b><strong class=\"font-bold\">Verpflegung<\/strong><\/b>: Vervollst\u00e4ndigen Sie Ihren Casinoabend mit leckeren Snacks und Getr\u00e4nken.<\/li>\n<\/ul>\n<p>\n<\/div><\/div><\/div><\/div><\/div><\/div><div class=\"wpb_column pos-top pos-center align_left column_child col-lg-6 boomapps_vccolumn single-internal-gutter\"><div class=\"uncol style-dark\" ><div class=\"uncoltable\"><div class=\"uncell  boomapps_vccolumn no-block-padding\" ><div class=\"uncont\" ><div class=\"uncode-single-media  text-left\"><div class=\"single-wrapper\" style=\"max-width: 100%;\"><div class=\"tmb tmb-light  tmb-img-ratio tmb-media-first tmb-media-last tmb-content-overlay tmb-no-bg\"><div class=\"t-inside\"><div class=\"t-entry-visual\"><div class=\"t-entry-visual-tc\"><div class=\"uncode-single-media-wrapper\"><div class=\"dummy\" style=\"padding-top: 75.1%;\"><\/div><img decoding=\"async\" class=\"wp-image-67092\" src=\"https:\/\/royalcasinocompany.nl\/wp-content\/uploads\/2024\/02\/60-Paul50%C2%A9HERMANCEVANDIJK-uai-910x683.jpg\" width=\"910\" height=\"683\" alt=\"- Royal Casino Company\" title=\"\"><\/div>\n\t\t\t\t\t<\/div>\n\t\t\t\t<\/div><\/div><\/div><\/div><\/div><\/div><\/div><\/div><\/div><\/div><\/div><\/div><\/div><div class=\"divider-wrapper\"  >\n    <hr class=\"border-accent-color separator-no-padding\"  \/>\n<\/div>\n<div class=\"vc_row row-internal row-container boomapps_vcrow\"><div class=\"row row-child\"><div class=\"wpb_row row-inner\"><div class=\"wpb_column pos-top pos-center align_left column_child col-lg-12 boomapps_vccolumn single-internal-gutter\"><div class=\"uncol style-dark\" ><div class=\"uncoltable\"><div class=\"uncell  boomapps_vccolumn no-block-padding\" ><div class=\"uncont\" ><div class=\"vc_custom_heading_wrap\"><div class=\"heading-text el-text\" ><h2 class=\"h2\" ><span><\/p><\/span><span><h2 class=\"font-bold text-gray-800 text-h3 leading-&#091;36px&#093; pt-&#091;21px&#093; pb-&#091;2px&#093; &#091;&amp;_a&#093;:underline-offset-&#091;6px&#093; &#091;&amp;_.underline&#093;:underline-offset-&#091;6px&#093;\" dir=\"ltr\">Kontakt<\/h2><\/span><span><p><\/span><\/h2><\/div><div class=\"clear\"><\/div><\/div><div class=\"uncode_text_column\" ><\/p>\n<p class=\"text-body font-regular text-gray-800 leading-&#091;24px&#093; pt-&#091;9px&#093; pb-&#091;2px&#093;\" dir=\"ltr\">Wir helfen Ihnen gerne bei der Planung Ihrer n\u00e4chsten Veranstaltung. Kontaktieren Sie uns f\u00fcr weitere Informationen oder um einen Termin zu vereinbaren <a href=\"https:\/\/royalcasinocompany.nl\/de\/offerteformulier\/\">Angebot<\/a> Anfrage. Unser Team ist bereit, Ihre Veranstaltung auf die n\u00e4chste Stufe zu heben.<\/p>\n<p class=\"text-body font-regular text-gray-800 leading-&#091;24px&#093; pt-&#091;9px&#093; pb-&#091;2px&#093;\" dir=\"ltr\"><i><em class=\"italic\">\u00dcberraschen Sie Ihre G\u00e4ste mit einem Abend voller Glanz und Glamour. Nehmen Sie <a href=\"https:\/\/royalcasinocompany.nl\/de\/contact-royal-casino-company\/\">Kontakt<\/a> mit uns.<\/em><\/i><\/p>\n<p class=\"text-body font-regular text-gray-800 leading-&#091;24px&#093; pt-&#091;9px&#093; pb-&#091;2px&#093;\" dir=\"ltr\"><i><em class=\"italic\">Wir freuen uns darauf, Ihre Veranstaltung mit unserem professionellen Casino-Tischverleih zu einem Erfolg zu machen.<\/em><\/i> 1TP5Genie\u00dfen Sie einen Abend voller Spa\u00df<\/p>\n<p class=\"text-body font-regular text-gray-800 leading-&#091;24px&#093; pt-&#091;9px&#093; pb-&#091;2px&#093;\" dir=\"ltr\">Mit unserem <a href=\"https:\/\/royalcasinocompany.nl\/de\/casino-inhuur-prijzen\/\">Casino-Tische<\/a> wir bringen den Spa\u00df und die Aufregung von Vegas zu Ihrer Veranstaltung. Unsere professionellen Tische und Dienstleistungen sorgen f\u00fcr einen unvergesslichen Abend f\u00fcr Sie und Ihre G\u00e4ste.<\/p>\n<p class=\"text-body font-regular text-gray-800 leading-&#091;24px&#093; pt-&#091;9px&#093; pb-&#091;2px&#093;\" dir=\"ltr\"><i><em class=\"italic\">Fordern Sie jetzt ein Angebot an und erleben Sie die Gro\u00dfartigkeit unserer Casino-Unterhaltung.<\/em><\/i> <a href=\"https:\/\/royalcasinocompany.nl\/de\/offerteformulier\/\">Ein Angebot anfordern<\/a><\/p>\n<p class=\"text-body font-regular text-gray-800 leading-&#091;24px&#093; pt-&#091;9px&#093; pb-&#091;2px&#093;\" dir=\"ltr\"><b><strong class=\"font-bold\">Die Spiele k\u00f6nnen beginnen!<\/strong><\/b> Erleben Sie selbst, warum sich unsere Kunden immer wieder f\u00fcr uns entscheiden, wenn es um das Mieten von Casinotischen geht. Wir garantieren einen professionellen und zuverl\u00e4ssigen Service f\u00fcr jede Veranstaltung. Kontaktieren Sie uns noch heute und erleben Sie die Aufregung von Vegas in Ihrer N\u00e4he!<\/p>\n<p>\n<\/div><\/div><\/div><\/div><\/div><\/div><\/div><\/div><\/div><\/div><\/div><\/div><\/div><\/div><script id=\"script-row-unique-0\" data-row=\"script-row-unique-0\" type=\"text\/javascript\" class=\"vc_controls\">UNCODE.initRow(document.getElementById(\"row-unique-0\"));<\/script><\/div><\/div><\/div>\n<\/div>","protected":false},"excerpt":{"rendered":"Ervaar de Spanning van Vegas met Onze Professionele Casino Tafel Verhuur!Welkom bij de high-end casino-ervaring van Amsterdam! Of u nu [...]","protected":false},"author":1,"featured_media":67076,"parent":0,"menu_order":0,"comment_status":"closed","ping_status":"closed","template":"","meta":{"footnotes":""},"class_list":["post-67245","page","type-page","status-publish","has-post-thumbnail","hentry","page_category-casino-huren-nederland","page_category-huren"],"_links":{"self":[{"href":"https:\/\/royalcasinocompany.nl\/de\/wp-json\/wp\/v2\/pages\/67245","targetHints":{"allow":["GET"]}}],"collection":[{"href":"https:\/\/royalcasinocompany.nl\/de\/wp-json\/wp\/v2\/pages"}],"about":[{"href":"https:\/\/royalcasinocompany.nl\/de\/wp-json\/wp\/v2\/types\/page"}],"author":[{"embeddable":true,"href":"https:\/\/royalcasinocompany.nl\/de\/wp-json\/wp\/v2\/users\/1"}],"replies":[{"embeddable":true,"href":"https:\/\/royalcasinocompany.nl\/de\/wp-json\/wp\/v2\/comments?post=67245"}],"version-history":[{"count":9,"href":"https:\/\/royalcasinocompany.nl\/de\/wp-json\/wp\/v2\/pages\/67245\/revisions"}],"predecessor-version":[{"id":67269,"href":"https:\/\/royalcasinocompany.nl\/de\/wp-json\/wp\/v2\/pages\/67245\/revisions\/67269"}],"wp:featuredmedia":[{"embeddable":true,"href":"https:\/\/royalcasinocompany.nl\/de\/wp-json\/wp\/v2\/media\/67076"}],"wp:attachment":[{"href":"https:\/\/royalcasinocompany.nl\/de\/wp-json\/wp\/v2\/media?parent=67245"}],"curies":[{"name":"wp","href":"https:\/\/api.w.org\/{rel}","templated":true}]}}