{"id":67331,"date":"2024-02-20T10:02:11","date_gmt":"2024-02-20T09:02:11","guid":{"rendered":"https:\/\/royalcasinocompany.nl\/?page_id=67331"},"modified":"2025-09-08T22:16:33","modified_gmt":"2025-09-08T20:16:33","slug":"casino-avond","status":"publish","type":"page","link":"https:\/\/royalcasinocompany.nl\/de\/casino-avond\/","title":{"rendered":"Casino-Nacht"},"content":{"rendered":"<div class=\"wpb-content-wrapper\"><div data-parent=\"true\" class=\"vc_row row-container boomapps_vcrow\" id=\"row-unique-0\"><div class=\"row limit-width row-parent\"><div class=\"wpb_row row-inner\"><div class=\"wpb_column pos-top pos-center align_left column_parent col-lg-12 boomapps_vccolumn single-internal-gutter\"><div class=\"uncol style-dark\"  ><div class=\"uncoltable\"><div class=\"uncell  boomapps_vccolumn no-block-padding\" ><div class=\"uncont\" ><div class=\"vc_row row-internal row-container boomapps_vcrow\"><div class=\"row row-child\"><div class=\"wpb_row row-inner\"><div class=\"wpb_column pos-top pos-center align_left column_child col-lg-12 boomapps_vccolumn single-internal-gutter\"><div class=\"uncol style-dark\" ><div class=\"uncoltable\"><div class=\"uncell  boomapps_vccolumn no-block-padding\" ><div class=\"uncont\" ><div class=\"uncode_text_column\" ><\/p>\n<h1>Organisieren Sie einen Casino-Abend mit Stil und Nervenkitzel<\/h1>\n<p>M\u00f6chten Sie eine <strong>Casino-Nacht<\/strong> Sie m\u00f6chten eine Veranstaltung organisieren, die Ihre G\u00e4ste \u00fcberrascht und unterh\u00e4lt? Royal Casino Company hilft Ihnen, jede Party oder Veranstaltung in ein stilvolles und unvergessliches Erlebnis zu verwandeln. Ob Hochzeit, Firmenfeier oder Gala-Dinner: Mit unseren luxuri\u00f6sen Casinotischen, erfahrenen Croupiers und einer stimmungsvollen Dekoration bringen wir die Atmosph\u00e4re eines echten Casinos an Ihren Veranstaltungsort. A <strong>Casino-Nachtvermietung<\/strong> ist der Weg, Unterhaltung und Eleganz zu verbinden.<\/p>\n<h2>Wie l\u00e4uft ein Casino-Abend ab?<\/h2>\n<p>A <strong>Casino-Nacht<\/strong> ist ein festliches Konzept, bei dem die G\u00e4ste mit fiktivem Geld an Casinospielen teilnehmen. Es gibt also kein echtes Gl\u00fccksspiel, sondern ein echtes Erlebnis! Bei der Ankunft erhalten Ihre G\u00e4ste Spielgeld, mit dem sie auf beliebte Spiele setzen k\u00f6nnen, wie z. B. <strong>Blackjack<\/strong>, <strong>roulette<\/strong>, <strong>punto banco<\/strong> oder <strong>poker<\/strong>. Unsere professionellen Croupiers begleiten jedes Spiel, bieten Erkl\u00e4rungen, Atmosph\u00e4re und Show.<\/p>\n<p>Dank unserer Erfahrung und unserer Liebe zum Detail f\u00fchlt man sich, als w\u00fcrde man ein luxuri\u00f6ses Casino in Las Vegas oder Monte Carlo betreten. Die Beleuchtung, die Dekoration und der rote Teppich runden das Bild ab. Ideal f\u00fcr alle, die ihre Party einmal etwas anders gestalten m\u00f6chten.<\/p>\n<h2>Vorteile der Anmietung einer Casino-Nacht<\/h2>\n<ul>\n<li>Professionelle und repr\u00e4sentative Croupiers<\/li>\n<li>Originale Spieltische wie in einem echten Casino<\/li>\n<li>Luxus-Look mit rotem Teppich, Beleuchtung und Dekoration<\/li>\n<li>Ma\u00dfgeschneidert f\u00fcr kleine und gro\u00dfe Gruppen<\/li>\n<li>Spa\u00df f\u00fcr Jung und Alt, Anf\u00e4nger und Fortgeschrittene<\/li>\n<li>Geeignet f\u00fcr Innen- und Au\u00dfenbereiche<\/li>\n<li>Rundum versorgt: keine Sorgen, aber Spitzenqualit\u00e4t<\/li>\n<\/ul>\n<h2>F\u00fcr welche Anl\u00e4sse sind Casinoabende geeignet?<\/h2>\n<p>A <strong>einen Casino-Abend veranstalten<\/strong> eignet sich f\u00fcr zahlreiche Veranstaltungen und Partys. Wir veranstalten regelm\u00e4\u00dfig Casinoabende, unter anderem f\u00fcr:<\/p>\n<ul>\n<li>Firmenfeiern und Mitarbeiterabende<\/li>\n<li>Hochzeiten und Jubil\u00e4en<\/li>\n<li>Galas und Themenabende<\/li>\n<li>Geburtstage und Junggesellenabschiede<\/li>\n<li>Er\u00f6ffnungen, Produkteinf\u00fchrungen und Networking-Drinks<\/li>\n<\/ul>\n<p>Unsere Casinoabende sind flexibel. Wir kommen an jeden Ort in den Niederlanden oder Belgien: von Luxushotels und Veranstaltungsorten bis hin zu einem sch\u00f6n dekorierten Festzelt in Ihrem eigenen Garten.<\/p>\n<h2>Warum Royal Casino Company w\u00e4hlen?<\/h2>\n<p>Royal Casino Company ist der Spezialist f\u00fcr Luxus <strong>Casino-Vermietung<\/strong> in den Niederlanden. Mit mehr als 10 Jahren Erfahrung und einer Leidenschaft f\u00fcr Gastfreundschaft bieten wir ein Gesamtkonzept, das Ihre Erwartungen \u00fcbertrifft. Unsere Spieltische sind von hoher Qualit\u00e4t und stilvoll pr\u00e4sentiert. Unsere Croupiers sind nicht nur professionell, sondern auch freundlich, energiegeladen und gut im F\u00fchren von Gruppen.<\/p>\n<p>Wir denken gemeinsam mit Ihnen \u00fcber die Gestaltung des Abends, die Art der Spiele, die Anzahl der Tische und die gew\u00fcnschte Atmosph\u00e4re nach. Von der intimen Privatparty bis zum gro\u00dfen Firmenevent: wir passen alles an Ihre Bed\u00fcrfnisse an. Unser Ziel? A <strong>unvergessliche Casino-Nacht<\/strong> f\u00fcr Sie und Ihre G\u00e4ste.<\/p>\n<h2>H\u00e4ufig gestellte Fragen zu Casinoabenden<\/h2>\n<h3>Ist ein Casino-Abend legal?<\/h3>\n<p>Ja, eine <strong>Casino-Nachtvermietung<\/strong> 100% ist legal. Da es mit Falschgeld spielt und keine Bargeldpreise auszahlt, ben\u00f6tigt es keine Gl\u00fccksspiellizenz. Es ist reine Unterhaltung.<\/p>\n<h3>K\u00f6nnen auch Anf\u00e4nger teilnehmen?<\/h3>\n<p>Ja, in der Tat. Unsere Croupiers erkl\u00e4ren jedes Spiel Schritt f\u00fcr Schritt und sorgen daf\u00fcr, dass sich auch Anf\u00e4nger wohlf\u00fchlen. Jeder kann mitmachen, unabh\u00e4ngig von Erfahrung oder Alter.<\/p>\n<h3>Wie viele Spieltische ben\u00f6tige ich?<\/h3>\n<p>Das h\u00e4ngt von der Anzahl der G\u00e4ste ab. Als Richtwert nehmen wir einen Spieltisch pro 10 bis 12 Personen. Wir beraten Sie gerne individuell, abh\u00e4ngig von Ihrer Party und Ihrem Standort.<\/p>\n<h3>Was geh\u00f6rt zu einem Casino-Abend?<\/h3>\n<p>Unsere Pakete sind all-in: Spieltische, Personal, Chips, Dekoration und Auf- und Abbau sind inbegriffen. Sie m\u00fcssen sich um nichts k\u00fcmmern.<\/p>\n<h2>Einzigartige Extras m\u00f6glich<\/h2>\n<p>Machen Sie Ihr <strong>Casino-Nacht<\/strong> mit zus\u00e4tzlichen Optionen wie einem Live-S\u00e4nger, einem Photobooth, einer Glitzerwand, einer Champagnerbar oder einer thematischen Dekoration (z. B. James Bond oder Las Vegas) noch spezieller werden. Wir arbeiten mit zuverl\u00e4ssigen Partnern f\u00fcr ein Gesamterlebnis zusammen.<\/p>\n<h2>Unverbindliches Angebot anfordern<\/h2>\n<p>Sind Sie bereit, Ihre Party mit einem professionellen und stilvollen Catering unvergesslich zu machen? <strong>Casino-Nacht<\/strong>? Fordern Sie jetzt ein unverbindliches Angebot \u00fcber unser <a href=\"\/de\/offerte-aanvragen\/\">Angebotsformular<\/a> oder nehmen <a href=\"\/de\/contact\/\">direkter Kontakt<\/a> mit uns. Innerhalb von 24 Stunden erhalten Sie ein individuelles Angebot, das auf Ihre Bed\u00fcrfnisse zugeschnitten ist. Lassen Sie Ihre G\u00e4ste erleben, wie besonders ein Abend voller Spannung, Spa\u00df und Stil sein kann!<\/p>\n<h2>Siehe auch unsere anderen Dienstleistungen<\/h2>\n<ul>\n<li><a href=\"\/de\/blackjack-tafel-huren\/\">Blackjack Tisch mieten<\/a><\/li>\n<li><a href=\"\/de\/roulette-tafel-huren\/\">Roulette-Tisch mieten<\/a><\/li>\n<li><a href=\"\/de\/casino-verhuur\/\">Luxus Kasino Vermietung<\/a><\/li>\n<\/ul>\n<p>\n<\/div><div class=\"divider-wrapper\"  >\n    <hr class=\"border-accent-color separator-no-padding\"  \/>\n<\/div>\n<\/div><\/div><\/div><\/div><\/div><\/div><\/div><\/div><\/div><\/div><\/div><\/div><\/div><script id=\"script-row-unique-0\" data-row=\"script-row-unique-0\" type=\"text\/javascript\" class=\"vc_controls\">UNCODE.initRow(document.getElementById(\"row-unique-0\"));<\/script><\/div><\/div><\/div>\n<\/div>","protected":false},"excerpt":{"rendered":"Casino avond organiseren met stijl en spanning Wil jij een casino avond organiseren die jouw gasten verrast en vermaakt? Royal [...]","protected":false},"author":1,"featured_media":67076,"parent":0,"menu_order":0,"comment_status":"closed","ping_status":"closed","template":"","meta":{"footnotes":""},"class_list":["post-67331","page","type-page","status-publish","has-post-thumbnail","hentry","page_category-huren"],"_links":{"self":[{"href":"https:\/\/royalcasinocompany.nl\/de\/wp-json\/wp\/v2\/pages\/67331","targetHints":{"allow":["GET"]}}],"collection":[{"href":"https:\/\/royalcasinocompany.nl\/de\/wp-json\/wp\/v2\/pages"}],"about":[{"href":"https:\/\/royalcasinocompany.nl\/de\/wp-json\/wp\/v2\/types\/page"}],"author":[{"embeddable":true,"href":"https:\/\/royalcasinocompany.nl\/de\/wp-json\/wp\/v2\/users\/1"}],"replies":[{"embeddable":true,"href":"https:\/\/royalcasinocompany.nl\/de\/wp-json\/wp\/v2\/comments?post=67331"}],"version-history":[{"count":20,"href":"https:\/\/royalcasinocompany.nl\/de\/wp-json\/wp\/v2\/pages\/67331\/revisions"}],"predecessor-version":[{"id":70430,"href":"https:\/\/royalcasinocompany.nl\/de\/wp-json\/wp\/v2\/pages\/67331\/revisions\/70430"}],"wp:featuredmedia":[{"embeddable":true,"href":"https:\/\/royalcasinocompany.nl\/de\/wp-json\/wp\/v2\/media\/67076"}],"wp:attachment":[{"href":"https:\/\/royalcasinocompany.nl\/de\/wp-json\/wp\/v2\/media?parent=67331"}],"curies":[{"name":"wp","href":"https:\/\/api.w.org\/{rel}","templated":true}]}}