{"id":70714,"date":"2025-08-26T19:48:56","date_gmt":"2025-08-26T17:48:56","guid":{"rendered":"https:\/\/royalcasinocompany.nl\/?page_id=70714"},"modified":"2025-08-26T19:53:29","modified_gmt":"2025-08-26T17:53:29","slug":"craps-tafel-kopen-tweedehands","status":"publish","type":"page","link":"https:\/\/royalcasinocompany.nl\/de\/casinotafel-kopen-tweedehands\/craps-tafel-kopen-tweedehands\/","title":{"rendered":"Craps-Tisch kaufen (gebraucht)"},"content":{"rendered":"<div class=\"wpb-content-wrapper\"><div data-parent=\"true\" class=\"vc_row row-container boomapps_vcrow\" id=\"row-unique-0\"><div class=\"row limit-width row-parent\"><div class=\"wpb_row row-inner\"><div class=\"wpb_column pos-top pos-center align_left column_parent col-lg-12 boomapps_vccolumn single-internal-gutter\"><div class=\"uncol style-dark\"  ><div class=\"uncoltable\"><div class=\"uncell  boomapps_vccolumn no-block-padding\" ><div class=\"uncont\" ><div class=\"uncode_text_column text-small text-accent-color\" ><nav aria-label=\"Semmelbr\u00f6sel\" class=\"rank-math-breadcrumb\"><p><span class=\"last\">Startseite<\/span><\/p><\/nav>\n<\/div><\/div><\/div><\/div><\/div><\/div><script id=\"script-row-unique-0\" data-row=\"script-row-unique-0\" type=\"text\/javascript\" class=\"vc_controls\">UNCODE.initRow(document.getElementById(\"row-unique-0\"));<\/script><\/div><\/div><\/div><div data-parent=\"true\" class=\"vc_row row-container boomapps_vcrow\" id=\"row-unique-1\"><div class=\"row triple-top-padding single-bottom-padding single-h-padding limit-width row-parent\"><div class=\"wpb_row row-inner\"><div class=\"wpb_column pos-top pos-center align_left column_parent col-lg-12 boomapps_vccolumn single-internal-gutter\"><div class=\"uncol style-dark\"  ><div class=\"uncoltable\"><div class=\"uncell  boomapps_vccolumn no-block-padding\" ><div class=\"uncont\" ><div class=\"vc_row row-internal row-container boomapps_vcrow\"><div class=\"row row-child\"><div class=\"wpb_row row-inner\"><div class=\"wpb_column pos-top pos-center align_center column_child col-lg-12 boomapps_vccolumn single-internal-gutter\"><div class=\"uncol style-dark\" ><div class=\"uncoltable\"><div class=\"uncell  boomapps_vccolumn no-block-padding\" ><div class=\"uncont\" ><div class=\"vc_custom_heading_wrap\"><div class=\"heading-text el-text\" ><\/p>\n<h1>CRAPS-TISCH KAUFEN?<\/h1>\n<div ><p>ZWEITE HAND<\/p>\n<\/div><hr class=\"separator-break separator-accent\" \/><\/div><div class=\"clear\"><\/div><\/div><\/div><\/div><\/div><\/div><\/div><\/div><\/div><\/div><\/div><\/div><\/div><\/div><\/div><script id=\"script-row-unique-1\" data-row=\"script-row-unique-1\" type=\"text\/javascript\" class=\"vc_controls\">UNCODE.initRow(document.getElementById(\"row-unique-1\"));<\/script><\/div><\/div><\/div><div data-parent=\"true\" class=\"vc_row row-container boomapps_vcrow\" id=\"row-unique-2\"><div class=\"row limit-width row-parent\"><div class=\"wpb_row row-inner\"><div class=\"wpb_column pos-top pos-center align_left column_parent col-lg-12 boomapps_vccolumn single-internal-gutter\"><div class=\"uncol style-dark\"  ><div class=\"uncoltable\"><div class=\"uncell  boomapps_vccolumn no-block-padding\" ><div class=\"uncont\" ><div class=\"uncode_text_column\" ><p>Auf dieser Seite finden Sie unser exklusives Angebot an sch\u00f6nen Craps-Tischen aus zweiter Hand. Diese beeindruckenden Tische stammen aus renommierten ausl\u00e4ndischen Casinos und wurden in unserem Lager komplett \u00fcberarbeitet. Das Ergebnis: ein sehr luxuri\u00f6ser Craps-Tisch, der wieder so gut wie neu ist, aber zu einem erschwinglichen Preis.<\/p>\n<p>Jeder Tisch strahlt die Spannung und Atmosph\u00e4re eines echten Casinos aus. Die gro\u00dfz\u00fcgige Spielfl\u00e4che, die zahlreichen Einsatzm\u00f6glichkeiten und die Dynamik des W\u00fcrfelspiels sorgen f\u00fcr ein einzigartiges Erlebnis. Tr\u00e4umen Sie schon seit Jahren davon, einen echten Craps-Tisch zu besitzen - f\u00fcr Ihre Wohnh\u00f6hle, Ihr B\u00fcro oder f\u00fcr Abende mit Freunden? Dann ist dies Ihre Chance!<\/p>\n<p>W\u00e4hrend man im Casino oft nur zuschaut, k\u00f6nnen Sie jetzt selbst in die Rolle des Spielleiters oder Croupiers schl\u00fcpfen. Empfangen Sie G\u00e4ste, veranstalten Sie Ihren eigenen Casinoabend und genie\u00dfen Sie einen Blickfang, der Luxus und Klasse ausstrahlt.<\/p>\n<p>Unsere Tische weisen manchmal kleine Gebrauchsspuren auf, was ihren Charakter und ihre Geschichte nur noch verst\u00e4rkt. Nach der Aufarbeitung sind sie technisch und optisch wieder in einem Topzustand und bereit f\u00fcr ein zweites Leben.<\/p>\n<p>Holen Sie sich jetzt einen originalen Craps-Tisch nach Hause und erleben Sie das Spiel wie im Casino - nur in Ihrer eigenen Umgebung.<\/p>\n<\/div><\/div><\/div><\/div><\/div><\/div><script id=\"script-row-unique-2\" data-row=\"script-row-unique-2\" type=\"text\/javascript\" class=\"vc_controls\">UNCODE.initRow(document.getElementById(\"row-unique-2\"));<\/script><\/div><\/div><\/div><div data-parent=\"true\" class=\"vc_row row-container boomapps_vcrow\" id=\"row-unique-3\"><div class=\"row limit-width row-parent\"><div class=\"wpb_row row-inner\"><div class=\"wpb_column pos-top pos-center align_left column_parent col-lg-12 boomapps_vccolumn single-internal-gutter\"><div class=\"uncol style-dark\"  ><div class=\"uncoltable\"><div class=\"uncell  boomapps_vccolumn no-block-padding\" ><div class=\"uncont\" ><div class=\"divider-wrapper\"  >\n    <hr class=\"border-accent-color separator-no-padding\"  \/>\n<\/div>\n<\/div><\/div><\/div><\/div><\/div><script id=\"script-row-unique-3\" data-row=\"script-row-unique-3\" type=\"text\/javascript\" class=\"vc_controls\">UNCODE.initRow(document.getElementById(\"row-unique-3\"));<\/script><\/div><\/div><\/div><div data-parent=\"true\" class=\"vc_row row-container boomapps_vcrow\" id=\"row-unique-4\"><div class=\"row limit-width row-parent\"><div class=\"wpb_row row-inner\"><div class=\"wpb_column pos-top pos-center align_left column_parent col-lg-12 boomapps_vccolumn single-internal-gutter\"><div class=\"uncol style-dark\"  ><div class=\"uncoltable\"><div class=\"uncell  boomapps_vccolumn no-block-padding\" ><div class=\"uncont\" ><div class=\"vc_row row-internal row-container boomapps_vcrow\"><div class=\"row row-child\"><div class=\"wpb_row row-inner\"><div class=\"wpb_column pos-top pos-center align_left column_child col-lg-6 boomapps_vccolumn single-internal-gutter\"><div class=\"uncol style-dark\" ><div class=\"uncoltable\"><div class=\"uncell  boomapps_vccolumn no-block-padding\" ><div class=\"uncont\" ><div class=\"vc_custom_heading_wrap\"><div class=\"heading-text el-text\" ><h2 class=\"h2\" ><span>#1 - Craps-Tisch (Marke unbekannt)<\/span><\/h2><\/div><div class=\"clear\"><\/div><\/div><div class=\"uncode_text_column\" ><\/p>\n<blockquote>\n<p>3.000 \u20ac zzgl. 21% MwSt.<\/p>\n<\/blockquote>\n<p>Dieser sch\u00f6ne Craps-Tisch ist ein einzigartiges Exemplar mit einem beeindruckenden Aussehen. Die Marke ist unbekannt, aber die Qualit\u00e4t und die Verarbeitung lassen nichts zu w\u00fcnschen \u00fcbrig. Dank seiner gro\u00dfz\u00fcgigen Abmessungen, dem detaillierten Spielfeld und der luxuri\u00f6sen Verarbeitung f\u00fchlen Sie und Ihre G\u00e4ste sich sofort wie in einem professionellen Casino.<\/p>\n<p>Der Tisch ist solide und strapazierf\u00e4hig, so konzipiert, dass er \u00fcber Jahre hinweg Freude und Klasse ausstrahlt. Dies ist kein gew\u00f6hnlicher Spieltisch, sondern ein Statement, das jeden Raum in ein echtes Casino-Erlebnis verwandelt.<\/p>\n<p>Der Craps-Tisch wird komplett geliefert, einschlie\u00dflich aller Zubeh\u00f6rteile, die zum sofortigen Spielen ben\u00f6tigt werden.<\/p>\n<p>Dieses Modell wurde nur sehr wenig benutzt und ist daher in einem hervorragenden Zustand - fast wie neu. Damit holen Sie sich ein besonderes und seltenes St\u00fcck nach Hause, das Sie garantiert beeindrucken wird.<\/p>\n<\/div><\/div><\/div><\/div><\/div><\/div><div class=\"wpb_column pos-top pos-center align_left column_child col-lg-6 boomapps_vccolumn single-internal-gutter\"><div class=\"uncol style-dark\" ><div class=\"uncoltable\"><div class=\"uncell  boomapps_vccolumn no-block-padding\" ><div class=\"uncont\" ><div class=\"uncode-single-media  text-left\"><div class=\"single-wrapper\" style=\"max-width: 100%;\"><div class=\"tmb tmb-light  tmb-img-ratio tmb-media-first tmb-media-last tmb-content-overlay tmb-no-bg\"><div class=\"t-inside\"><div class=\"t-entry-visual\"><div class=\"t-entry-visual-tc\"><div class=\"uncode-single-media-wrapper\"><div class=\"dummy\" style=\"padding-top: 75%;\"><\/div><img decoding=\"async\" class=\"wp-image-70715\" src=\"https:\/\/royalcasinocompany.nl\/wp-content\/uploads\/2025\/08\/WhatsApp-Image-2025-08-26-at-19.41.30-uai-844x633.jpeg\" width=\"844\" height=\"633\" alt=\"craps tafel kopen\" title=\"\"><\/div>\n\t\t\t\t\t<\/div>\n\t\t\t\t<\/div><\/div><\/div><\/div><\/div><div class=\"uncode_text_column\" ><p>Der Tisch kann in unserem Ausstellungsraum besichtigt werden - Sie sind herzlich eingeladen, sich selbst von der Qualit\u00e4t und dem Aussehen zu \u00fcberzeugen.<\/p>\n<p>Abmessungen: 325 x 125 x 95 cm<br \/>\nLieferung: gegen einen Aufpreis von 0,85 \u20ac pro km m\u00f6glich.<\/p>\n<\/div><\/div><\/div><\/div><\/div><\/div><\/div><\/div><\/div><div id=\"gallery-107721\" class=\"un-media-gallery isotope-system isotope-general-dark grid-general-dark\">\n\t\t\t\t\t\n\t\n\t<div class=\"isotope-wrapper grid-wrapper single-gutter\" >\n\t\t\t\t\t\t\t\t\t<div class=\"isotope-container isotope-layout style-masonry\" data-type=\"masonry\" data-layout=\"masonry\" data-lg=\"1000\" data-md=\"600\" data-sm=\"480\">\n<div class=\"tmb tmb-iso-w3 tmb-iso-h4 tmb-light tmb-overlay-text-anim tmb-overlay-anim tmb-overlay-middle tmb-overlay-text-left tmb-image-anim tmb-id-70716  tmb-img-ratio tmb-media-first tmb-media-last tmb-content-overlay tmb-no-bg tmb-lightbox\" ><div class=\"t-inside no-anim\" ><div class=\"t-entry-visual\"><div class=\"t-entry-visual-tc\"><div class=\"t-entry-visual-cont\"><div class=\"dummy\" style=\"padding-top: 75%;\"><\/div><a href=\"https:\/\/royalcasinocompany.nl\/wp-content\/uploads\/2025\/08\/WhatsApp-Image-2025-08-26-at-19.41.31.jpeg\"  class=\"pushed\" data-active=\"1\" data-lbox=\"ilightbox_gallery-107721\" data-options=\"width:943,height:625,thumbnail: 'https:\/\/royalcasinocompany.nl\/wp-content\/uploads\/2025\/08\/WhatsApp-Image-2025-08-26-at-19.41.31-300x199.jpeg'\" data-lb-index=\"0\"><div class=\"t-entry-visual-overlay\"><div class=\"t-entry-visual-overlay-in style-dark-bg\" style=\"opacity: 0.5;\"><\/div><\/div><img decoding=\"async\" class=\"wp-image-70716\" src=\"https:\/\/royalcasinocompany.nl\/wp-content\/uploads\/2025\/08\/WhatsApp-Image-2025-08-26-at-19.41.31-uai-833x625.jpeg\" width=\"833\" height=\"625\" alt=\"Craps tafel kopen\" title=\"\"><\/a><\/div>\n\t\t\t\t\t<\/div>\n\t\t\t\t<\/div><\/div><\/div><div class=\"tmb tmb-iso-w3 tmb-iso-h4 tmb-light tmb-overlay-text-anim tmb-overlay-anim tmb-overlay-middle tmb-overlay-text-left tmb-image-anim tmb-id-70717  tmb-img-ratio tmb-media-first tmb-media-last tmb-content-overlay tmb-no-bg tmb-lightbox\" ><div class=\"t-inside no-anim\" ><div class=\"t-entry-visual\"><div class=\"t-entry-visual-tc\"><div class=\"t-entry-visual-cont\"><div class=\"dummy\" style=\"padding-top: 75.1%;\"><\/div><a href=\"https:\/\/royalcasinocompany.nl\/wp-content\/uploads\/2025\/08\/WhatsApp-Image-2025-08-26-at-19.41.31-1.jpeg\"  class=\"pushed\" data-active=\"1\" data-lbox=\"ilightbox_gallery-107721\" data-options=\"width:943,height:617,thumbnail: 'https:\/\/royalcasinocompany.nl\/wp-content\/uploads\/2025\/08\/WhatsApp-Image-2025-08-26-at-19.41.31-1-300x196.jpeg'\" data-lb-index=\"1\"><div class=\"t-entry-visual-overlay\"><div class=\"t-entry-visual-overlay-in style-dark-bg\" style=\"opacity: 0.5;\"><\/div><\/div><img decoding=\"async\" class=\"wp-image-70717\" src=\"https:\/\/royalcasinocompany.nl\/wp-content\/uploads\/2025\/08\/WhatsApp-Image-2025-08-26-at-19.41.31-1-uai-822x617.jpeg\" width=\"822\" height=\"617\" alt=\"Craps tafel kopen\" title=\"\"><\/a><\/div>\n\t\t\t\t\t<\/div>\n\t\t\t\t<\/div><\/div><\/div><div class=\"tmb tmb-iso-w3 tmb-iso-h4 tmb-light tmb-overlay-text-anim tmb-overlay-anim tmb-overlay-middle tmb-overlay-text-left tmb-image-anim tmb-id-70718  tmb-img-ratio tmb-media-first tmb-media-last tmb-content-overlay tmb-no-bg tmb-lightbox\" ><div class=\"t-inside no-anim\" ><div class=\"t-entry-visual\"><div class=\"t-entry-visual-tc\"><div class=\"t-entry-visual-cont\"><div class=\"dummy\" style=\"padding-top: 75%;\"><\/div><a href=\"https:\/\/royalcasinocompany.nl\/wp-content\/uploads\/2025\/08\/WhatsApp-Image-2025-08-26-at-19.41.30-1.jpeg\"  class=\"pushed\" data-active=\"1\" data-lbox=\"ilightbox_gallery-107721\" data-options=\"width:943,height:633,thumbnail: 'https:\/\/royalcasinocompany.nl\/wp-content\/uploads\/2025\/08\/WhatsApp-Image-2025-08-26-at-19.41.30-1-300x201.jpeg'\" data-lb-index=\"2\"><div class=\"t-entry-visual-overlay\"><div class=\"t-entry-visual-overlay-in style-dark-bg\" style=\"opacity: 0.5;\"><\/div><\/div><img decoding=\"async\" class=\"wp-image-70718\" src=\"https:\/\/royalcasinocompany.nl\/wp-content\/uploads\/2025\/08\/WhatsApp-Image-2025-08-26-at-19.41.30-1-uai-844x633.jpeg\" width=\"844\" height=\"633\" alt=\"Craps tafel kopen\" title=\"\"><\/a><\/div>\n\t\t\t\t\t<\/div>\n\t\t\t\t<\/div><\/div><\/div><div class=\"tmb tmb-iso-w3 tmb-iso-h4 tmb-light tmb-overlay-text-anim tmb-overlay-anim tmb-overlay-middle tmb-overlay-text-left tmb-image-anim tmb-id-70719  tmb-img-ratio tmb-media-first tmb-media-last tmb-content-overlay tmb-no-bg tmb-lightbox\" ><div class=\"t-inside no-anim\" ><div class=\"t-entry-visual\"><div class=\"t-entry-visual-tc\"><div class=\"t-entry-visual-cont\"><div class=\"dummy\" style=\"padding-top: 75%;\"><\/div><a href=\"https:\/\/royalcasinocompany.nl\/wp-content\/uploads\/2025\/08\/WhatsApp-Image-2025-08-26-at-19.41.30-1-1.jpeg\"  class=\"pushed\" data-active=\"1\" data-lbox=\"ilightbox_gallery-107721\" data-options=\"width:943,height:627,thumbnail: 'https:\/\/royalcasinocompany.nl\/wp-content\/uploads\/2025\/08\/WhatsApp-Image-2025-08-26-at-19.41.30-1-1-300x199.jpeg'\" data-lb-index=\"3\"><div class=\"t-entry-visual-overlay\"><div class=\"t-entry-visual-overlay-in style-dark-bg\" style=\"opacity: 0.5;\"><\/div><\/div><img decoding=\"async\" class=\"wp-image-70719\" src=\"https:\/\/royalcasinocompany.nl\/wp-content\/uploads\/2025\/08\/WhatsApp-Image-2025-08-26-at-19.41.30-1-1-uai-836x627.jpeg\" width=\"836\" height=\"627\" alt=\"Craps tafel kopen\" title=\"\"><\/a><\/div>\n\t\t\t\t\t<\/div>\n\t\t\t\t<\/div><\/div><\/div><div class=\"tmb tmb-iso-w3 tmb-iso-h4 tmb-light tmb-overlay-text-anim tmb-overlay-anim tmb-overlay-middle tmb-overlay-text-left tmb-image-anim tmb-id-70720  tmb-img-ratio tmb-media-first tmb-media-last tmb-content-overlay tmb-no-bg tmb-lightbox\" ><div class=\"t-inside no-anim\" ><div class=\"t-entry-visual\"><div class=\"t-entry-visual-tc\"><div class=\"t-entry-visual-cont\"><div class=\"dummy\" style=\"padding-top: 75%;\"><\/div><a href=\"https:\/\/royalcasinocompany.nl\/wp-content\/uploads\/2025\/08\/WhatsApp-Image-2025-08-26-at-19.34.37-4.jpeg\"  class=\"pushed\" data-active=\"1\" data-lbox=\"ilightbox_gallery-107721\" data-options=\"width:2048,height:1536,thumbnail: 'https:\/\/royalcasinocompany.nl\/wp-content\/uploads\/2025\/08\/WhatsApp-Image-2025-08-26-at-19.34.37-4-300x225.jpeg'\" data-lb-index=\"4\"><div class=\"t-entry-visual-overlay\"><div class=\"t-entry-visual-overlay-in style-dark-bg\" style=\"opacity: 0.5;\"><\/div><\/div><img decoding=\"async\" class=\"wp-image-70720\" src=\"https:\/\/royalcasinocompany.nl\/wp-content\/uploads\/2025\/08\/WhatsApp-Image-2025-08-26-at-19.34.37-4.jpeg\" width=\"2048\" height=\"1536\" alt=\"Craps tafel kopen\" title=\"\" srcset=\"https:\/\/royalcasinocompany.nl\/wp-content\/uploads\/2025\/08\/WhatsApp-Image-2025-08-26-at-19.34.37-4.jpeg 2048w, https:\/\/royalcasinocompany.nl\/wp-content\/uploads\/2025\/08\/WhatsApp-Image-2025-08-26-at-19.34.37-4-300x225.jpeg 300w, https:\/\/royalcasinocompany.nl\/wp-content\/uploads\/2025\/08\/WhatsApp-Image-2025-08-26-at-19.34.37-4-1024x768.jpeg 1024w, https:\/\/royalcasinocompany.nl\/wp-content\/uploads\/2025\/08\/WhatsApp-Image-2025-08-26-at-19.34.37-4-768x576.jpeg 768w, https:\/\/royalcasinocompany.nl\/wp-content\/uploads\/2025\/08\/WhatsApp-Image-2025-08-26-at-19.34.37-4-1536x1152.jpeg 1536w, https:\/\/royalcasinocompany.nl\/wp-content\/uploads\/2025\/08\/WhatsApp-Image-2025-08-26-at-19.34.37-4-16x12.jpeg 16w, https:\/\/royalcasinocompany.nl\/wp-content\/uploads\/2025\/08\/WhatsApp-Image-2025-08-26-at-19.34.37-4-350x263.jpeg 350w\" sizes=\"(max-width: 2048px) 100vw, 2048px\"><\/a><\/div>\n\t\t\t\t\t<\/div>\n\t\t\t\t<\/div><\/div><\/div><div class=\"tmb tmb-iso-w3 tmb-iso-h4 tmb-light tmb-overlay-text-anim tmb-overlay-anim tmb-overlay-middle tmb-overlay-text-left tmb-image-anim tmb-id-70721  tmb-img-ratio tmb-media-first tmb-media-last tmb-content-overlay tmb-no-bg tmb-lightbox\" ><div class=\"t-inside no-anim\" ><div class=\"t-entry-visual\"><div class=\"t-entry-visual-tc\"><div class=\"t-entry-visual-cont\"><div class=\"dummy\" style=\"padding-top: 75%;\"><\/div><a href=\"https:\/\/royalcasinocompany.nl\/wp-content\/uploads\/2025\/08\/WhatsApp-Image-2025-08-26-at-19.34.37-3.jpeg\"  class=\"pushed\" data-active=\"1\" data-lbox=\"ilightbox_gallery-107721\" data-options=\"width:1536,height:2048,thumbnail: 'https:\/\/royalcasinocompany.nl\/wp-content\/uploads\/2025\/08\/WhatsApp-Image-2025-08-26-at-19.34.37-3-225x300.jpeg'\" data-lb-index=\"5\"><div class=\"t-entry-visual-overlay\"><div class=\"t-entry-visual-overlay-in style-dark-bg\" style=\"opacity: 0.5;\"><\/div><\/div><img decoding=\"async\" class=\"wp-image-70721\" src=\"https:\/\/royalcasinocompany.nl\/wp-content\/uploads\/2025\/08\/WhatsApp-Image-2025-08-26-at-19.34.37-3-uai-1536x1152.jpeg\" width=\"1536\" height=\"1152\" alt=\"Craps tafel kopen\" title=\"\"><\/a><\/div>\n\t\t\t\t\t<\/div>\n\t\t\t\t<\/div><\/div><\/div><div class=\"tmb tmb-iso-w3 tmb-iso-h4 tmb-light tmb-overlay-text-anim tmb-overlay-anim tmb-overlay-middle tmb-overlay-text-left tmb-image-anim tmb-id-70722  tmb-img-ratio tmb-media-first tmb-media-last tmb-content-overlay tmb-no-bg tmb-lightbox\" ><div class=\"t-inside no-anim\" ><div class=\"t-entry-visual\"><div class=\"t-entry-visual-tc\"><div class=\"t-entry-visual-cont\"><div class=\"dummy\" style=\"padding-top: 75%;\"><\/div><a href=\"https:\/\/royalcasinocompany.nl\/wp-content\/uploads\/2025\/08\/WhatsApp-Image-2025-08-26-at-19.34.37-1.jpeg\"  class=\"pushed\" data-active=\"1\" data-lbox=\"ilightbox_gallery-107721\" data-options=\"width:1536,height:2048,thumbnail: 'https:\/\/royalcasinocompany.nl\/wp-content\/uploads\/2025\/08\/WhatsApp-Image-2025-08-26-at-19.34.37-1-225x300.jpeg'\" data-lb-index=\"6\"><div class=\"t-entry-visual-overlay\"><div class=\"t-entry-visual-overlay-in style-dark-bg\" style=\"opacity: 0.5;\"><\/div><\/div><img decoding=\"async\" class=\"wp-image-70722\" src=\"https:\/\/royalcasinocompany.nl\/wp-content\/uploads\/2025\/08\/WhatsApp-Image-2025-08-26-at-19.34.37-1-uai-1536x1152.jpeg\" width=\"1536\" height=\"1152\" alt=\"Craps tafel kopen\" title=\"\"><\/a><\/div>\n\t\t\t\t\t<\/div>\n\t\t\t\t<\/div><\/div><\/div><div class=\"tmb tmb-iso-w3 tmb-iso-h4 tmb-light tmb-overlay-text-anim tmb-overlay-anim tmb-overlay-middle tmb-overlay-text-left tmb-image-anim tmb-id-70715  tmb-img-ratio tmb-media-first tmb-media-last tmb-content-overlay tmb-no-bg tmb-lightbox\" ><div class=\"t-inside no-anim\" ><div class=\"t-entry-visual\"><div class=\"t-entry-visual-tc\"><div class=\"t-entry-visual-cont\"><div class=\"dummy\" style=\"padding-top: 75%;\"><\/div><a href=\"https:\/\/royalcasinocompany.nl\/wp-content\/uploads\/2025\/08\/WhatsApp-Image-2025-08-26-at-19.41.30.jpeg\"  class=\"pushed\" data-active=\"1\" data-lbox=\"ilightbox_gallery-107721\" data-options=\"width:943,height:633,thumbnail: 'https:\/\/royalcasinocompany.nl\/wp-content\/uploads\/2025\/08\/WhatsApp-Image-2025-08-26-at-19.41.30-300x201.jpeg'\" data-lb-index=\"7\"><div class=\"t-entry-visual-overlay\"><div class=\"t-entry-visual-overlay-in style-dark-bg\" style=\"opacity: 0.5;\"><\/div><\/div><img decoding=\"async\" class=\"wp-image-70715\" src=\"https:\/\/royalcasinocompany.nl\/wp-content\/uploads\/2025\/08\/WhatsApp-Image-2025-08-26-at-19.41.30-uai-844x633.jpeg\" width=\"844\" height=\"633\" alt=\"craps tafel kopen\" title=\"\"><\/a><\/div>\n\t\t\t\t\t<\/div>\n\t\t\t\t<\/div><\/div><\/div>\t\t\t<\/div>\n\t\t\t\t\t<\/div>\n\n\t\n\t\n\t\n<\/div>\n\n<\/div><\/div><\/div><\/div><\/div><script id=\"script-row-unique-4\" data-row=\"script-row-unique-4\" type=\"text\/javascript\" class=\"vc_controls\">UNCODE.initRow(document.getElementById(\"row-unique-4\"));<\/script><\/div><\/div><\/div><div data-parent=\"true\" class=\"vc_row row-container boomapps_vcrow\" id=\"row-unique-5\"><div class=\"row limit-width row-parent\"><div class=\"wpb_row row-inner\"><div class=\"wpb_column pos-top pos-center align_left column_parent col-lg-12 boomapps_vccolumn single-internal-gutter\"><div class=\"uncol style-dark\"  ><div class=\"uncoltable\"><div class=\"uncell  boomapps_vccolumn no-block-padding\" ><div class=\"uncont\" ><div class=\"divider-wrapper\"  >\n    <hr class=\"border-accent-color separator-no-padding\"  \/>\n<\/div>\n<\/div><\/div><\/div><\/div><\/div><script id=\"script-row-unique-5\" data-row=\"script-row-unique-5\" type=\"text\/javascript\" class=\"vc_controls\">UNCODE.initRow(document.getElementById(\"row-unique-5\"));<\/script><\/div><\/div><\/div>\n<\/div>","protected":false},"excerpt":{"rendered":"Home CRAPS TAFEL KOPEN? TWEEDEHANDS Op deze pagina vindt u ons exclusieve aanbod van prachtige tweedehands craps tafels. Deze indrukwekkende [...]","protected":false},"author":1,"featured_media":70718,"parent":57681,"menu_order":0,"comment_status":"closed","ping_status":"closed","template":"","meta":{"footnotes":""},"class_list":["post-70714","page","type-page","status-publish","has-post-thumbnail","hentry","page_category-verkoop"],"_links":{"self":[{"href":"https:\/\/royalcasinocompany.nl\/de\/wp-json\/wp\/v2\/pages\/70714","targetHints":{"allow":["GET"]}}],"collection":[{"href":"https:\/\/royalcasinocompany.nl\/de\/wp-json\/wp\/v2\/pages"}],"about":[{"href":"https:\/\/royalcasinocompany.nl\/de\/wp-json\/wp\/v2\/types\/page"}],"author":[{"embeddable":true,"href":"https:\/\/royalcasinocompany.nl\/de\/wp-json\/wp\/v2\/users\/1"}],"replies":[{"embeddable":true,"href":"https:\/\/royalcasinocompany.nl\/de\/wp-json\/wp\/v2\/comments?post=70714"}],"version-history":[{"count":2,"href":"https:\/\/royalcasinocompany.nl\/de\/wp-json\/wp\/v2\/pages\/70714\/revisions"}],"predecessor-version":[{"id":70726,"href":"https:\/\/royalcasinocompany.nl\/de\/wp-json\/wp\/v2\/pages\/70714\/revisions\/70726"}],"up":[{"embeddable":true,"href":"https:\/\/royalcasinocompany.nl\/de\/wp-json\/wp\/v2\/pages\/57681"}],"wp:featuredmedia":[{"embeddable":true,"href":"https:\/\/royalcasinocompany.nl\/de\/wp-json\/wp\/v2\/media\/70718"}],"wp:attachment":[{"href":"https:\/\/royalcasinocompany.nl\/de\/wp-json\/wp\/v2\/media?parent=70714"}],"curies":[{"name":"wp","href":"https:\/\/api.w.org\/{rel}","templated":true}]}}