{"id":70815,"date":"2025-09-09T08:31:37","date_gmt":"2025-09-09T06:31:37","guid":{"rendered":"https:\/\/royalcasinocompany.nl\/?page_id=70815"},"modified":"2025-09-09T09:33:45","modified_gmt":"2025-09-09T07:33:45","slug":"casino-thema","status":"publish","type":"page","link":"https:\/\/royalcasinocompany.nl\/de\/casino-thema\/","title":{"rendered":"Thema Casino"},"content":{"rendered":"<div class=\"wpb-content-wrapper\"><div data-parent=\"true\" class=\"vc_row row-container boomapps_vcrow\" id=\"row-unique-0\"><div class=\"row limit-width row-parent\"><div class=\"wpb_row row-inner\"><div class=\"wpb_column pos-top pos-center align_center column_parent col-lg-12 boomapps_vccolumn single-internal-gutter\"><div class=\"uncol style-dark\"  ><div class=\"uncoltable\"><div class=\"uncell  boomapps_vccolumn no-block-padding\" ><div class=\"uncont\" ><div class=\"vc_row row-internal row-container boomapps_vcrow\"><div class=\"row row-child\"><div class=\"wpb_row row-inner\"><div class=\"wpb_column pos-top pos-center align_center column_child col-lg-12 boomapps_vccolumn single-internal-gutter\"><div class=\"uncol style-dark\" ><div class=\"uncoltable\"><div class=\"uncell  boomapps_vccolumn no-block-padding\" ><div class=\"uncont\" ><div class=\"vc_custom_heading_wrap\"><div class=\"heading-text el-text\" ><\/p>\n<h1>KASINO-THEMEN<\/h1>\n<p>\n<hr class=\"separator-break separator-accent\" \/><\/div><div class=\"clear\"><\/div><\/div><div class=\"uncode_text_column\" ><p>Eine unvergessliche Party oder Veranstaltung beginnt mit der Wahl des richtigen Casinothemas. Bei Royal Casino Company bringen wir die Magie von Las Vegas, die Aufregung von James Bond und die Eleganz des Gro\u00dfen Gatsby direkt zu Ihrem Veranstaltungsort. Mit luxuri\u00f6sen Casinotischen, professionellen Croupiers und stilvoller Dekoration machen wir jede Party zu einem kompletten Erlebnis. Ob Sie nun eine Firmenveranstaltung, eine Hochzeit oder einen Themenabend organisieren - mit einem Casino-Thema sorgen Sie garantiert f\u00fcr Glamour und Unterhaltung.<\/p>\n<\/div><div class=\"vc_custom_heading_wrap\"><div class=\"heading-text el-text\" ><\/p>\n<h2>Beliebte Casino-Themen<\/h2>\n<p>\n<\/div><div class=\"clear\"><\/div><\/div><div class=\"uncode_text_column\" ><p>Organisieren Sie eine Party unter dem Motto Casino und \u00fcberraschen Sie Ihre G\u00e4ste. Wir bieten verschiedene Themen an, die auf Stil, Atmosph\u00e4re und Erfahrung abgestimmt sind. Von einer lebhaften Las Vegas-Show-Nacht bis hin zu einer stilvollen James-Bond-Casino-Nacht - jedes Thema garantiert ein einzigartiges Erlebnis.<\/p>\n<\/div><div class=\"divider-wrapper\"  >\n    <hr class=\"border-accent-color separator-no-padding\"  \/>\n<\/div>\n<\/div><\/div><\/div><\/div><\/div><\/div><\/div><\/div><\/div><\/div><\/div><\/div><\/div><script id=\"script-row-unique-0\" data-row=\"script-row-unique-0\" type=\"text\/javascript\" class=\"vc_controls\">UNCODE.initRow(document.getElementById(\"row-unique-0\"));<\/script><\/div><\/div><\/div><div data-parent=\"true\" class=\"vc_row row-container boomapps_vcrow\" id=\"row-unique-1\"><div class=\"row limit-width row-parent\"><div class=\"wpb_row row-inner\"><div class=\"wpb_column pos-top pos-center align_center column_parent col-lg-12 boomapps_vccolumn single-internal-gutter\"><div class=\"uncol style-dark\"  ><div class=\"uncoltable\"><div class=\"uncell  boomapps_vccolumn no-block-padding\" ><div class=\"uncont\" ><div class=\"vc_row row-internal row-container boomapps_vcrow\"><div class=\"row row-child\"><div class=\"wpb_row row-inner\"><div class=\"wpb_column pos-top pos-center align_center column_child col-lg-12 boomapps_vccolumn single-internal-gutter\"><div class=\"uncol style-dark\" ><div class=\"uncoltable\"><div class=\"uncell  boomapps_vccolumn no-block-padding\" ><div class=\"uncont\" ><div id=\"index-998870\" class=\"isotope-system isotope-general-dark grid-general-dark\" >\n\t\t\t\n\t\t\t\t\t\t\t\t\t\t\t\t\t\t<div class=\"isotope-wrapper grid-wrapper half-gutter\" >\t\t\t\t\t\t\t\t\t\t\t\t<div class=\"isotope-container grid-container isotope-layout style-masonry isotope-pagination grid-pagination\" data-type=\"masonry\" data-layout=\"masonry\" data-lg=\"1000\" data-md=\"600\" data-sm=\"480\" data-vp-height=\"\">\t\t\t<div class=\"tmb atc-typography-inherit tmb-iso-w4 tmb-iso-h4 tmb-round img-round-lg tmb-dark tmb-overlay-text-anim tmb-overlay-anim tmb-content-center tmb-image-anim  grid-cat-1472 tmb-id-70738 tmb-img-ratio tmb-content-under tmb-media-first\" ><div class=\"t-inside style-color-prif-bg no-anim\" ><div class=\"t-entry-visual\"><div class=\"t-entry-visual-tc\"><div class=\"t-entry-visual-cont\"><div class=\"dummy\" style=\"padding-top: 80%;\"><\/div><a role=\"button\" tabindex=\"-1\" href=\"https:\/\/royalcasinocompany.nl\/de\/las-vegas-casino-night\/\" class=\"pushed\" aria-label=\"Men\u00fckarte zum Thema Las Vegas\"  target=\"_self\" data-lb-index=\"0\"><div class=\"t-entry-visual-overlay\"><div class=\"t-entry-visual-overlay-in style-light-bg\" style=\"opacity: 0.01;\"><\/div><\/div><img decoding=\"async\" class=\"wp-image-68393\" src=\"https:\/\/royalcasinocompany.nl\/wp-content\/uploads\/2024\/05\/6-SFEER-5november-HermanceVanDijkPhotography-scaled-uai-2133x1707.jpg\" width=\"2133\" height=\"1707\" alt=\"Menu kaart in het thema van Las Vegas\" title=\"\"><\/a><\/div>\n\t\t\t\t\t<\/div>\n\t\t\t\t<\/div><div class=\"t-entry-text\">\n\t\t\t\t\t\t\t\t\t<div class=\"t-entry-text-tc single-block-padding\"><div class=\"t-entry\"><h3 class=\"t-entry-title h6 title-scale\"><a href=\"https:\/\/royalcasinocompany.nl\/de\/las-vegas-casino-night\/\" target=\"_self\">Las Vegas Show Night - Erleben Sie den Zauber des Strip vor Ort<\/a><\/h3><p class=\"t-entry-readmore btn-container\"><a href=\"https:\/\/royalcasinocompany.nl\/de\/las-vegas-casino-night\/\" class=\"btn btn-default btn-outline btn-round btn-flat\" target=\"_self\">Mehr Infos &amp; Preise<\/a><\/p><\/div><\/div>\n\t\t\t\t\t\t\t<\/div><\/div><\/div><div class=\"tmb atc-typography-inherit tmb-iso-w4 tmb-iso-h4 tmb-round img-round-lg tmb-dark tmb-overlay-text-anim tmb-overlay-anim tmb-content-center tmb-image-anim  grid-cat-1472 tmb-id-70732 tmb-img-ratio tmb-content-under tmb-media-first\" ><div class=\"t-inside style-color-prif-bg no-anim\" ><div class=\"t-entry-visual\"><div class=\"t-entry-visual-tc\"><div class=\"t-entry-visual-cont\"><div class=\"dummy\" style=\"padding-top: 80%;\"><\/div><a role=\"button\" tabindex=\"-1\" href=\"https:\/\/royalcasinocompany.nl\/de\/great-gatsby-casino-night\/\" class=\"pushed\" aria-label=\"Casino-Schild mit Eingangsvorhang mieten\"  target=\"_self\" data-lb-index=\"1\"><div class=\"t-entry-visual-overlay\"><div class=\"t-entry-visual-overlay-in style-light-bg\" style=\"opacity: 0.01;\"><\/div><\/div><img decoding=\"async\" class=\"wp-image-69165\" src=\"https:\/\/royalcasinocompany.nl\/wp-content\/uploads\/2024\/05\/Royalcasino1-161-scaled-uai-2133x1707.jpg\" width=\"2133\" height=\"1707\" alt=\"Casino sign met entree gordijn huren\" title=\"\"><\/a><\/div>\n\t\t\t\t\t<\/div>\n\t\t\t\t<\/div><div class=\"t-entry-text\">\n\t\t\t\t\t\t\t\t\t<div class=\"t-entry-text-tc single-block-padding\"><div class=\"t-entry\"><h3 class=\"t-entry-title h6 title-scale\"><a href=\"https:\/\/royalcasinocompany.nl\/de\/great-gatsby-casino-night\/\" target=\"_self\">Great Gatsby Casino Night - Erleben Sie die Goldenen Zwanziger mit Stil<\/a><\/h3><p class=\"t-entry-readmore btn-container\"><a href=\"https:\/\/royalcasinocompany.nl\/de\/great-gatsby-casino-night\/\" class=\"btn btn-default btn-outline btn-round btn-flat\" target=\"_self\">Mehr Infos &amp; Preise<\/a><\/p><\/div><\/div>\n\t\t\t\t\t\t\t<\/div><\/div><\/div><div class=\"tmb atc-typography-inherit tmb-iso-w4 tmb-iso-h4 tmb-round img-round-lg tmb-dark tmb-overlay-text-anim tmb-overlay-anim tmb-content-center tmb-image-anim  grid-cat-1472 tmb-id-70727 tmb-img-ratio tmb-content-under tmb-media-first\" ><div class=\"t-inside style-color-prif-bg no-anim\" ><div class=\"t-entry-visual\"><div class=\"t-entry-visual-tc\"><div class=\"t-entry-visual-cont\"><div class=\"dummy\" style=\"padding-top: 80%;\"><\/div><a role=\"button\" tabindex=\"-1\" href=\"https:\/\/royalcasinocompany.nl\/de\/james-bond-casino-night\/\" class=\"pushed\" aria-label=\"Royal Casino Spielgeld\"  target=\"_self\" data-lb-index=\"2\"><div class=\"t-entry-visual-overlay\"><div class=\"t-entry-visual-overlay-in style-light-bg\" style=\"opacity: 0.01;\"><\/div><\/div><img decoding=\"async\" class=\"wp-image-69139\" src=\"https:\/\/royalcasinocompany.nl\/wp-content\/uploads\/2024\/05\/19-SFEER-5november-HermanceVanDijkPhotography-scaled-uai-1707x1365.jpg\" width=\"1707\" height=\"1365\" alt=\"Royal casino speelgeld\" title=\"\"><\/a><\/div>\n\t\t\t\t\t<\/div>\n\t\t\t\t<\/div><div class=\"t-entry-text\">\n\t\t\t\t\t\t\t\t\t<div class=\"t-entry-text-tc single-block-padding\"><div class=\"t-entry\"><h3 class=\"t-entry-title h6 title-scale\"><a href=\"https:\/\/royalcasinocompany.nl\/de\/james-bond-casino-night\/\" target=\"_self\">James Bond Casino Night - Erleben Sie Casino Royale vor Ort<\/a><\/h3><p class=\"t-entry-readmore btn-container\"><a href=\"https:\/\/royalcasinocompany.nl\/de\/james-bond-casino-night\/\" class=\"btn btn-default btn-outline btn-round btn-flat\" target=\"_self\">Mehr Infos &amp; Preise<\/a><\/p><\/div><\/div>\n\t\t\t\t\t\t\t<\/div><\/div><\/div>\t\t<\/div>\t\n\t\n\n\t<\/div>\t\t\t\t<\/div>\n<\/div><\/div><\/div><\/div><\/div><\/div><\/div><\/div><div class=\"divider-wrapper\"  >\n    <hr class=\"border-accent-color separator-no-padding\"  \/>\n<\/div>\n<\/div><\/div><\/div><\/div><\/div><script id=\"script-row-unique-1\" data-row=\"script-row-unique-1\" type=\"text\/javascript\" class=\"vc_controls\">UNCODE.initRow(document.getElementById(\"row-unique-1\"));<\/script><\/div><\/div><\/div><div data-parent=\"true\" class=\"vc_row row-container boomapps_vcrow\" id=\"row-unique-2\"><div class=\"row limit-width row-parent\"><div class=\"wpb_row row-inner\"><div class=\"wpb_column pos-top pos-center align_left column_parent col-lg-12 boomapps_vccolumn single-internal-gutter\"><div class=\"uncol style-dark\"  ><div class=\"uncoltable\"><div class=\"uncell  boomapps_vccolumn no-block-padding\" ><div class=\"uncont\" ><div class=\"vc_row row-internal row-container boomapps_vcrow\"><div class=\"row row-child\"><div class=\"wpb_row row-inner\"><div class=\"wpb_column pos-top pos-center align_left column_child col-lg-6 boomapps_vccolumn single-internal-gutter\"><div class=\"uncol style-dark\" ><div class=\"uncoltable\"><div class=\"uncell  boomapps_vccolumn no-block-padding\" ><div class=\"uncont\" ><div class=\"vc_custom_heading_wrap\"><div class=\"heading-text el-text\" ><\/p>\n<h2>James Bond Casino-Nacht<\/h2>\n<p>\n<\/div><div class=\"clear\"><\/div><\/div><div class=\"uncode_text_column\" ><p>Wollten Sie schon immer einmal die Welt von 007 erleben? Mit einem James-Bond-Casino-Thema tauchen Sie Ihre G\u00e4ste in eine Atmosph\u00e4re von Spannung und Klasse ein. Denken Sie an elegante Tische, professionelle Croupiers und ein geheimnisvolles Ambiente, das perfekt zum Charakter von James Bond passt. Dieses Thema ist ideal f\u00fcr alle, die einen eleganten und exklusiven Abend veranstalten m\u00f6chten.<\/p>\n<\/div><\/div><\/div><\/div><\/div><\/div><div class=\"wpb_column pos-top pos-center align_left column_child col-lg-6 boomapps_vccolumn single-internal-gutter\"><div class=\"uncol style-dark\" ><div class=\"uncoltable\"><div class=\"uncell  boomapps_vccolumn no-block-padding\" ><div class=\"uncont\" ><div id=\"index-9988702\" class=\"isotope-system isotope-general-dark grid-general-dark\" >\n\t\t\t\n\t\t\t\t\t\t\t\t\t\t\t\t\t\t<div class=\"isotope-wrapper grid-wrapper half-gutter\" >\t\t\t\t\t\t\t\t\t\t\t\t<div class=\"isotope-container grid-container isotope-layout style-masonry isotope-pagination grid-pagination\" data-type=\"masonry\" data-layout=\"masonry\" data-lg=\"1000\" data-md=\"600\" data-sm=\"480\" data-vp-height=\"\">\t\t\t<div class=\"tmb atc-typography-inherit tmb-iso-w6 tmb-iso-h4 tmb-round img-round-lg tmb-dark tmb-overlay-text-anim tmb-overlay-anim tmb-content-center tmb-image-anim  grid-cat-1472 tmb-id-70727 tmb-img-ratio tmb-content-under tmb-media-first\" ><div class=\"t-inside style-color-prif-bg no-anim\" ><div class=\"t-entry-visual\"><div class=\"t-entry-visual-tc\"><div class=\"t-entry-visual-cont\"><div class=\"dummy\" style=\"padding-top: 75%;\"><\/div><a role=\"button\" tabindex=\"-1\" href=\"https:\/\/royalcasinocompany.nl\/de\/james-bond-casino-night\/\" class=\"pushed\" aria-label=\"Royal Casino Spielgeld\"  target=\"_self\" data-lb-index=\"0\"><div class=\"t-entry-visual-overlay\"><div class=\"t-entry-visual-overlay-in style-light-bg\" style=\"opacity: 0.01;\"><\/div><\/div><img decoding=\"async\" class=\"wp-image-69139\" src=\"https:\/\/royalcasinocompany.nl\/wp-content\/uploads\/2024\/05\/19-SFEER-5november-HermanceVanDijkPhotography-scaled-uai-1707x1280.jpg\" width=\"1707\" height=\"1280\" alt=\"Royal casino speelgeld\" title=\"\"><\/a><\/div>\n\t\t\t\t\t<\/div>\n\t\t\t\t<\/div><div class=\"t-entry-text\">\n\t\t\t\t\t\t\t\t\t<div class=\"t-entry-text-tc single-block-padding\"><div class=\"t-entry\"><h3 class=\"t-entry-title h6 title-scale\"><a href=\"https:\/\/royalcasinocompany.nl\/de\/james-bond-casino-night\/\" target=\"_self\">James Bond Casino Night - Erleben Sie Casino Royale vor Ort<\/a><\/h3><p class=\"t-entry-readmore btn-container\"><a href=\"https:\/\/royalcasinocompany.nl\/de\/james-bond-casino-night\/\" class=\"btn btn-default btn-outline btn-round btn-flat\" target=\"_self\">Mehr Infos &amp; Preise<\/a><\/p><\/div><\/div>\n\t\t\t\t\t\t\t<\/div><\/div><\/div>\t\t<\/div>\t\n\t\n\n\t<\/div>\t\t\t\t<\/div>\n<\/div><\/div><\/div><\/div><\/div><\/div><\/div><\/div><div class=\"vc_row row-internal row-container boomapps_vcrow\"><div class=\"row row-child\"><div class=\"wpb_row row-inner\"><div class=\"wpb_column pos-top pos-center align_left column_child col-lg-6 boomapps_vccolumn single-internal-gutter\"><div class=\"uncol style-dark\" ><div class=\"uncoltable\"><div class=\"uncell  boomapps_vccolumn no-block-padding\" ><div class=\"uncont\" ><div class=\"vc_custom_heading_wrap\"><div class=\"heading-text el-text\" ><\/p>\n<h2>Las Vegas Show-Nacht<\/h2>\n<p>\n<\/div><div class=\"clear\"><\/div><\/div><div class=\"uncode_text_column\" ><p>Ein Casino-Thema in Las Vegas zu organisieren, bedeutet Glitzer, Neonlicht und ultimative Unterhaltung. Unsere Showgirls, die spektakul\u00e4ren Casinotische und die luxuri\u00f6se Dekoration bringen den Zauber des ber\u00fchmten Strip direkt zu Ihrer Veranstaltung. Dieses Thema garantiert Energie, Glamour und eine Party, an die sich Ihre G\u00e4ste noch lange Zeit erinnern werden.<\/p>\n<\/div><\/div><\/div><\/div><\/div><\/div><div class=\"wpb_column pos-top pos-center align_left column_child col-lg-6 boomapps_vccolumn single-internal-gutter\"><div class=\"uncol style-dark\" ><div class=\"uncoltable\"><div class=\"uncell  boomapps_vccolumn no-block-padding\" ><div class=\"uncont\" ><div id=\"index-99887028\" class=\"isotope-system isotope-general-dark grid-general-dark\" >\n\t\t\t\n\t\t\t\t\t\t\t\t\t\t\t\t\t\t<div class=\"isotope-wrapper grid-wrapper half-gutter\" >\t\t\t\t\t\t\t\t\t\t\t\t<div class=\"isotope-container grid-container isotope-layout style-masonry isotope-pagination grid-pagination\" data-type=\"masonry\" data-layout=\"masonry\" data-lg=\"1000\" data-md=\"600\" data-sm=\"480\" data-vp-height=\"\">\t\t\t<div class=\"tmb atc-typography-inherit tmb-iso-w6 tmb-iso-h4 tmb-round img-round-lg tmb-dark tmb-overlay-text-anim tmb-overlay-anim tmb-content-center tmb-image-anim  grid-cat-1472 tmb-id-70738 tmb-img-ratio tmb-content-under tmb-media-first\" ><div class=\"t-inside style-color-prif-bg no-anim\" ><div class=\"t-entry-visual\"><div class=\"t-entry-visual-tc\"><div class=\"t-entry-visual-cont\"><div class=\"dummy\" style=\"padding-top: 75%;\"><\/div><a role=\"button\" tabindex=\"-1\" href=\"https:\/\/royalcasinocompany.nl\/de\/las-vegas-casino-night\/\" class=\"pushed\" aria-label=\"Men\u00fckarte zum Thema Las Vegas\"  target=\"_self\" data-lb-index=\"0\"><div class=\"t-entry-visual-overlay\"><div class=\"t-entry-visual-overlay-in style-light-bg\" style=\"opacity: 0.01;\"><\/div><\/div><img decoding=\"async\" class=\"wp-image-68393\" src=\"https:\/\/royalcasinocompany.nl\/wp-content\/uploads\/2024\/05\/6-SFEER-5november-HermanceVanDijkPhotography-scaled-uai-2276x1707.jpg\" width=\"2276\" height=\"1707\" alt=\"Menu kaart in het thema van Las Vegas\" title=\"\"><\/a><\/div>\n\t\t\t\t\t<\/div>\n\t\t\t\t<\/div><div class=\"t-entry-text\">\n\t\t\t\t\t\t\t\t\t<div class=\"t-entry-text-tc single-block-padding\"><div class=\"t-entry\"><h3 class=\"t-entry-title h6 title-scale\"><a href=\"https:\/\/royalcasinocompany.nl\/de\/las-vegas-casino-night\/\" target=\"_self\">Las Vegas Show Night - Erleben Sie den Zauber des Strip vor Ort<\/a><\/h3><p class=\"t-entry-readmore btn-container\"><a href=\"https:\/\/royalcasinocompany.nl\/de\/las-vegas-casino-night\/\" class=\"btn btn-default btn-outline btn-round btn-flat\" target=\"_self\">Mehr Infos &amp; Preise<\/a><\/p><\/div><\/div>\n\t\t\t\t\t\t\t<\/div><\/div><\/div>\t\t<\/div>\t\n\t\n\n\t<\/div>\t\t\t\t<\/div>\n<\/div><\/div><\/div><\/div><\/div><\/div><\/div><\/div><div class=\"vc_row row-internal row-container boomapps_vcrow\"><div class=\"row row-child\"><div class=\"wpb_row row-inner\"><div class=\"wpb_column pos-top pos-center align_left column_child col-lg-6 boomapps_vccolumn single-internal-gutter\"><div class=\"uncol style-dark\" ><div class=\"uncoltable\"><div class=\"uncell  boomapps_vccolumn no-block-padding\" ><div class=\"uncont\" ><div class=\"vc_custom_heading_wrap\"><div class=\"heading-text el-text\" ><\/p>\n<h2>Gro\u00dfer Gatsby Casino-Abend<\/h2>\n<p>\n<\/div><div class=\"clear\"><\/div><\/div><div class=\"uncode_text_column\" ><p>Versetzen Sie sich in die Roaring Twenties zur\u00fcck und w\u00e4hlen Sie ein Great Gatsby Casino-Thema. Art-D\u00e9co-Details, stilvolles Dekor und die Atmosph\u00e4re der wilden Zwanziger Jahre sorgen f\u00fcr eine bezaubernde Party. Dieses Thema ist perfekt f\u00fcr alle, die einen luxuri\u00f6sen und stilvollen Abend mit einem Hauch von Nostalgie veranstalten m\u00f6chten.<\/p>\n<\/div><\/div><\/div><\/div><\/div><\/div><div class=\"wpb_column pos-top pos-center align_left column_child col-lg-6 boomapps_vccolumn single-internal-gutter\"><div class=\"uncol style-dark\" ><div class=\"uncoltable\"><div class=\"uncell  boomapps_vccolumn no-block-padding\" ><div class=\"uncont\" ><div id=\"index-998870284\" class=\"isotope-system isotope-general-dark grid-general-dark\" >\n\t\t\t\n\t\t\t\t\t\t\t\t\t\t\t\t\t\t<div class=\"isotope-wrapper grid-wrapper half-gutter\" >\t\t\t\t\t\t\t\t\t\t\t\t<div class=\"isotope-container grid-container isotope-layout style-masonry isotope-pagination grid-pagination\" data-type=\"masonry\" data-layout=\"masonry\" data-lg=\"1000\" data-md=\"600\" data-sm=\"480\" data-vp-height=\"\">\t\t\t<div class=\"tmb atc-typography-inherit tmb-iso-w6 tmb-iso-h4 tmb-round img-round-lg tmb-dark tmb-overlay-text-anim tmb-overlay-anim tmb-content-center tmb-image-anim  grid-cat-1472 tmb-id-70732 tmb-img-ratio tmb-content-under tmb-media-first\" ><div class=\"t-inside style-color-prif-bg no-anim\" ><div class=\"t-entry-visual\"><div class=\"t-entry-visual-tc\"><div class=\"t-entry-visual-cont\"><div class=\"dummy\" style=\"padding-top: 75%;\"><\/div><a role=\"button\" tabindex=\"-1\" href=\"https:\/\/royalcasinocompany.nl\/de\/great-gatsby-casino-night\/\" class=\"pushed\" aria-label=\"Casino-Schild mit Eingangsvorhang mieten\"  target=\"_self\" data-lb-index=\"0\"><div class=\"t-entry-visual-overlay\"><div class=\"t-entry-visual-overlay-in style-light-bg\" style=\"opacity: 0.01;\"><\/div><\/div><img decoding=\"async\" class=\"wp-image-69165\" src=\"https:\/\/royalcasinocompany.nl\/wp-content\/uploads\/2024\/05\/Royalcasino1-161-scaled-uai-2276x1707.jpg\" width=\"2276\" height=\"1707\" alt=\"Casino sign met entree gordijn huren\" title=\"\"><\/a><\/div>\n\t\t\t\t\t<\/div>\n\t\t\t\t<\/div><div class=\"t-entry-text\">\n\t\t\t\t\t\t\t\t\t<div class=\"t-entry-text-tc single-block-padding\"><div class=\"t-entry\"><h3 class=\"t-entry-title h6 title-scale\"><a href=\"https:\/\/royalcasinocompany.nl\/de\/great-gatsby-casino-night\/\" target=\"_self\">Great Gatsby Casino Night - Erleben Sie die Goldenen Zwanziger mit Stil<\/a><\/h3><p class=\"t-entry-readmore btn-container\"><a href=\"https:\/\/royalcasinocompany.nl\/de\/great-gatsby-casino-night\/\" class=\"btn btn-default btn-outline btn-round btn-flat\" target=\"_self\">Mehr Infos &amp; Preise<\/a><\/p><\/div><\/div>\n\t\t\t\t\t\t\t<\/div><\/div><\/div>\t\t<\/div>\t\n\t\n\n\t<\/div>\t\t\t\t<\/div>\n<\/div><\/div><\/div><\/div><\/div><\/div><\/div><\/div><\/div><\/div><\/div><\/div><\/div><script id=\"script-row-unique-2\" data-row=\"script-row-unique-2\" type=\"text\/javascript\" class=\"vc_controls\">UNCODE.initRow(document.getElementById(\"row-unique-2\"));<\/script><\/div><\/div><\/div>\n<\/div>","protected":false},"excerpt":{"rendered":"Great Gatsby Casino Night \u2013 Beleef de Roaring Twenties in stijl Stap in de wereld van Art Deco, jazz en [...]","protected":false},"author":1,"featured_media":67073,"parent":0,"menu_order":0,"comment_status":"closed","ping_status":"closed","template":"","meta":{"footnotes":""},"class_list":["post-70815","page","type-page","status-publish","has-post-thumbnail","hentry"],"_links":{"self":[{"href":"https:\/\/royalcasinocompany.nl\/de\/wp-json\/wp\/v2\/pages\/70815","targetHints":{"allow":["GET"]}}],"collection":[{"href":"https:\/\/royalcasinocompany.nl\/de\/wp-json\/wp\/v2\/pages"}],"about":[{"href":"https:\/\/royalcasinocompany.nl\/de\/wp-json\/wp\/v2\/types\/page"}],"author":[{"embeddable":true,"href":"https:\/\/royalcasinocompany.nl\/de\/wp-json\/wp\/v2\/users\/1"}],"replies":[{"embeddable":true,"href":"https:\/\/royalcasinocompany.nl\/de\/wp-json\/wp\/v2\/comments?post=70815"}],"version-history":[{"count":12,"href":"https:\/\/royalcasinocompany.nl\/de\/wp-json\/wp\/v2\/pages\/70815\/revisions"}],"predecessor-version":[{"id":70833,"href":"https:\/\/royalcasinocompany.nl\/de\/wp-json\/wp\/v2\/pages\/70815\/revisions\/70833"}],"wp:featuredmedia":[{"embeddable":true,"href":"https:\/\/royalcasinocompany.nl\/de\/wp-json\/wp\/v2\/media\/67073"}],"wp:attachment":[{"href":"https:\/\/royalcasinocompany.nl\/de\/wp-json\/wp\/v2\/media?parent=70815"}],"curies":[{"name":"wp","href":"https:\/\/api.w.org\/{rel}","templated":true}]}}