{"id":71076,"date":"2025-10-29T13:22:19","date_gmt":"2025-10-29T12:22:19","guid":{"rendered":"https:\/\/royalcasinocompany.nl\/?page_id=71076"},"modified":"2026-01-15T22:42:21","modified_gmt":"2026-01-15T21:42:21","slug":"dit-verwachten-wij-van-jou","status":"publish","type":"page","link":"https:\/\/royalcasinocompany.nl\/de\/personeel\/dit-verwachten-wij-van-jou\/","title":{"rendered":"Das erwarten wir von Ihnen"},"content":{"rendered":"<div class=\"wpb-content-wrapper\"><div data-parent=\"true\" class=\"vc_row row-container boomapps_vcrow\" id=\"row-unique-0\"><div class=\"row limit-width row-parent\"><div class=\"wpb_row row-inner\"><div class=\"wpb_column pos-top pos-left align_left column_parent col-lg-12 boomapps_vccolumn single-internal-gutter\"><div class=\"uncol style-dark\"  ><div class=\"uncoltable\"><div class=\"uncell  boomapps_vccolumn no-block-padding\" ><div class=\"uncont\" ><div class=\"vc_row row-internal row-container boomapps_vcrow\"><div class=\"row row-child\"><div class=\"wpb_row row-inner\"><div class=\"wpb_column pos-top pos-center align_left column_child col-lg-12 boomapps_vccolumn single-internal-gutter\"><div class=\"uncol style-dark\" ><div class=\"uncoltable\"><div class=\"uncell  boomapps_vccolumn no-block-padding\" ><div class=\"uncont\" ><div class=\"vc_custom_heading_wrap\"><div class=\"heading-text el-text\" ><\/p>\n<h1>Das ist es, was wir von Ihnen erwarten:<\/h1>\n<p>\n<hr class=\"separator-break separator-accent\" \/><\/div><div class=\"clear\"><\/div><\/div><div class=\"empty-space empty-single\" ><span class=\"empty-space-inner\"><\/span><\/div>\n<div class=\"uncode_text_column\" ><\/p>\n<div class=\"rcc-portal\">\n<h2>Arbeit als Croupier<\/h2>\n<p>Arbeit als Croupier bei <strong>Royal Casino Unternehmen<\/strong> ist kein Standardjob.<br \/>\nSie sind das Gesicht unseres Unternehmens und sorgen daf\u00fcr, dass die G\u00e4ste einen professionellen und unvergesslichen Abend erleben.<br \/>\nDies erfordert Engagement, Verantwortung, Einf\u00fchlungsverm\u00f6gen, Lernbereitschaft und Begeisterung.<\/p>\n<p>Unsere Eins\u00e4tze finden oft abends und am Wochenende statt.<br \/>\nBei einer Veranstaltung sind Sie der Chef am Casinotisch: Sie bestimmen die Atmosph\u00e4re und das Erlebnis der G\u00e4ste.<\/p>\n<p>-<\/p>\n<div class=\"rcc-grid\">\n<div class=\"rcc-card\">\n<h3><span class=\"rcc-emoji\">\ud83d\udcaa<\/span>Anstrengung<\/h3>\n<p>Wir erwarten von Ihnen vollen Einsatz. Sie sind ein Botschafter der Royal Casino Company und sorgen daf\u00fcr, dass sich die G\u00e4ste willkommen f\u00fchlen, Spa\u00df haben und gut betreut werden. Sie sind h\u00f6flich, enthusiastisch und serviceorientiert, sowohl gegen\u00fcber G\u00e4sten als auch gegen\u00fcber Kollegen.<\/p>\n<p>-<\/p>\n<\/div>\n<div class=\"rcc-card\">\n<h3><span class=\"rcc-emoji\">\ud83e\udded<\/span>Verantwortung<\/h3>\n<p>Jeder Mitarbeiter tr\u00e4gt von Anfang bis Ende Verantwortung.<br \/>\nSie geben Ihre Verf\u00fcgbarkeit rechtzeitig bekannt, helfen beim Auf- und Abbau, bewirten die G\u00e4ste und erfassen Ihre Arbeitsstunden korrekt.<br \/>\nWir arbeiten mit unabh\u00e4ngigen Menschen zusammen, die stolz auf das sind, was sie tun.<br \/>\nSie m\u00f6gen das nicht oder es passt nicht zu Ihnen? Dann ist diese Arbeit wahrscheinlich nicht das, wonach Sie suchen.<\/p>\n<p>-<\/p>\n<\/div>\n<div class=\"rcc-card\">\n<h3><span class=\"rcc-emoji\">\ud83e\udd1d<\/span>Einf\u00fchlungsverm\u00f6gen<\/h3>\n<p>Jede Situation ist anders. Manchmal muss man schnell handeln, professionell bleiben und auf eine ordentliche Art und Weise reagieren.<br \/>\nEgal, ob es sich um einen l\u00e4stigen Gast oder einen Fehler handelt, der behoben werden muss, Sie sorgen daf\u00fcr, dass alles reibungslos und freundlich abl\u00e4uft.<br \/>\nSo kann man die Atmosph\u00e4re f\u00fcr alle positiv gestalten.<\/p>\n<p>-<\/p>\n<\/div>\n<div class=\"rcc-card\">\n<h3><span class=\"rcc-emoji\">\ud83e\udde0<\/span>Neugierde<\/h3>\n<p>Am Anfang werden viele neue Informationen auf Sie zukommen. Wir erwarten von Ihnen, dass Sie Initiative zeigen und aktiv lernen.<br \/>\nLernen Sie, wie unsere Spiele funktionieren, und \u00fcben Sie zu Hause, damit Sie sie perfekt erkl\u00e4ren und anleiten k\u00f6nnen.<\/p>\n<p><strong>Unsere Casino-Spiele sind:<\/strong><br \/>\nRoulette, Blackjack, Poker, Money Wheel, Chuck \u00e1 Luck, Bonus Poker, Franz\u00f6sisches Roulette und Craps.<\/p>\n<p>Sie lernen auch, wie man Dekorationen auf- und abbaut, Spielautomaten benutzt und alles professionell pr\u00e4sentiert.<\/p>\n<p>-<\/p>\n<\/div>\n<div class=\"rcc-card\">\n<h3><span class=\"rcc-emoji\">\u2b50<\/span>Enthusiasmus<\/h3>\n<p>Ihre Energie und Ihr Charisma bestimmen die Stimmung im Team, vor Ort und am Casinotisch.<br \/>\nDie Kunden engagieren uns, weil wir mit begeisterten, vorzeigbaren und geselligen Croupiers arbeiten.<br \/>\nJe mehr Spa\u00df Sie ausstrahlen, desto mehr Spa\u00df werden die G\u00e4ste haben und desto mehr werden Sie gesch\u00e4tzt werden.<\/p>\n<\/div>\n<\/div>\n<\/div>\n<p>\n<\/div><div class=\"divider-wrapper\"  >\n    <hr class=\"border-accent-color separator-no-padding\"  \/>\n<\/div>\n<\/div><\/div><\/div><\/div><\/div><\/div><\/div><\/div><\/div><\/div><\/div><\/div><\/div><script id=\"script-row-unique-0\" data-row=\"script-row-unique-0\" type=\"text\/javascript\" class=\"vc_controls\">UNCODE.initRow(document.getElementById(\"row-unique-0\"));<\/script><\/div><\/div><\/div>\n<\/div>","protected":false},"excerpt":{"rendered":"Dit verwachten wij van jou: Werken als croupier Werken als croupier bij Royal Casino Company is geen standaard baan. Je [...]","protected":false},"author":1,"featured_media":70251,"parent":71016,"menu_order":0,"comment_status":"closed","ping_status":"closed","template":"","meta":{"footnotes":""},"class_list":["post-71076","page","type-page","status-publish","has-post-thumbnail","hentry","page_category-personeel-portaal"],"_links":{"self":[{"href":"https:\/\/royalcasinocompany.nl\/de\/wp-json\/wp\/v2\/pages\/71076","targetHints":{"allow":["GET"]}}],"collection":[{"href":"https:\/\/royalcasinocompany.nl\/de\/wp-json\/wp\/v2\/pages"}],"about":[{"href":"https:\/\/royalcasinocompany.nl\/de\/wp-json\/wp\/v2\/types\/page"}],"author":[{"embeddable":true,"href":"https:\/\/royalcasinocompany.nl\/de\/wp-json\/wp\/v2\/users\/1"}],"replies":[{"embeddable":true,"href":"https:\/\/royalcasinocompany.nl\/de\/wp-json\/wp\/v2\/comments?post=71076"}],"version-history":[{"count":20,"href":"https:\/\/royalcasinocompany.nl\/de\/wp-json\/wp\/v2\/pages\/71076\/revisions"}],"predecessor-version":[{"id":71920,"href":"https:\/\/royalcasinocompany.nl\/de\/wp-json\/wp\/v2\/pages\/71076\/revisions\/71920"}],"up":[{"embeddable":true,"href":"https:\/\/royalcasinocompany.nl\/de\/wp-json\/wp\/v2\/pages\/71016"}],"wp:featuredmedia":[{"embeddable":true,"href":"https:\/\/royalcasinocompany.nl\/de\/wp-json\/wp\/v2\/media\/70251"}],"wp:attachment":[{"href":"https:\/\/royalcasinocompany.nl\/de\/wp-json\/wp\/v2\/media?parent=71076"}],"curies":[{"name":"wp","href":"https:\/\/api.w.org\/{rel}","templated":true}]}}