{"id":71079,"date":"2025-10-29T13:25:07","date_gmt":"2025-10-29T12:25:07","guid":{"rendered":"https:\/\/royalcasinocompany.nl\/?page_id=71079"},"modified":"2026-01-16T11:02:39","modified_gmt":"2026-01-16T10:02:39","slug":"uiterlijke-verzorging","status":"publish","type":"page","link":"https:\/\/royalcasinocompany.nl\/de\/personeel\/uiterlijke-verzorging\/","title":{"rendered":"\u00c4u\u00dfere Pflege"},"content":{"rendered":"<div class=\"wpb-content-wrapper\"><div data-parent=\"true\" class=\"vc_row row-container boomapps_vcrow\" id=\"row-unique-0\"><div class=\"row limit-width row-parent\"><div class=\"wpb_row row-inner\"><div class=\"wpb_column pos-top pos-center align_left column_parent col-lg-12 boomapps_vccolumn single-internal-gutter\"><div class=\"uncol style-dark\"  ><div class=\"uncoltable\"><div class=\"uncell  boomapps_vccolumn no-block-padding\" ><div class=\"uncont\" ><div class=\"vc_row row-internal row-container boomapps_vcrow\"><div class=\"row row-child\"><div class=\"wpb_row row-inner\"><div class=\"wpb_column pos-top pos-center align_left column_child col-lg-12 boomapps_vccolumn single-internal-gutter\"><div class=\"uncol style-dark\" ><div class=\"uncoltable\"><div class=\"uncell  boomapps_vccolumn no-block-padding\" ><div class=\"uncont\" ><div class=\"vc_custom_heading_wrap\"><div class=\"heading-text el-text\" ><\/p>\n<h1>\ud83d\udc8e K\u00f6rperliche Pflege<\/h1>\n<p>\n<hr class=\"separator-break separator-accent\" \/><\/div><div class=\"clear\"><\/div><\/div><div class=\"empty-space empty-single\" ><span class=\"empty-space-inner\"><\/span><\/div>\n<div class=\"uncode_text_column\" ><p>Ein gepflegtes und vorzeigbares Erscheinungsbild ist einer der wichtigsten Bestandteile Ihrer Rolle als Croupier bei <strong>Royal Casino Unternehmen<\/strong>.<br \/>\nDer erste Eindruck beim Kunden bestimmt, wie die Veranstaltung beginnt, und den bekommt man nur einmal. Sorgen Sie also daf\u00fcr, dass dieser Eindruck professionell, gepflegt und positiv ist.<\/p>\n<p>Wenn Sie auf der Baustelle ankommen, sind Sie oft die erste Person, die den Kunden trifft. In diesem Moment repr\u00e4sentieren Sie nicht nur sich selbst, sondern das ganze Unternehmen.<br \/>\nDer Kunde soll sofort sehen, dass wir f\u00fcr Folgendes stehen <strong>Qualit\u00e4t, Stil und Professionalit\u00e4t<\/strong>. Ein gepflegtes \u00c4u\u00dferes weckt Vertrauen, strahlt Stolz aus und macht den Unterschied zwischen einem gew\u00f6hnlichen Abend und einem unvergesslichen Erlebnis aus.<\/p>\n<p>-<\/p>\n<h3>\ud83e\uddcd\u200d\u2642\ufe0f K\u00f6rperpflege<\/h3>\n<p>Sie m\u00fcssen beim Aufbau nicht in Ihrem schicken Casino-Outfit erscheinen, aber Sie h\u00f6ren <strong>ordentlich und vorzeigbar<\/strong> f\u00fcr diesen Tag.<br \/>\nAchten Sie auf die folgenden Punkte, um immer ordentlich und professionell zu erscheinen:<\/p>\n<ul>\n<li>\ud83c\udf38 <strong>Frischer K\u00f6rperduft:<\/strong> Verwenden Sie t\u00e4glich ein Deodorant und einen dezenten Duft. \u00dcbertreiben Sie es nicht mit Parf\u00fcm oder Aftershave.<\/li>\n<li>\ud83e\uddb7 <strong>Saubere Z\u00e4hne und frischer Atem:<\/strong> Putzen Sie sich vor der Abreise die Z\u00e4hne und nehmen Sie bei Bedarf ein Pfefferminz.<\/li>\n<li>\ud83d\udc87\u200d\u2642\ufe0f <strong>Gepflegter Haarschnitt:<\/strong> Benutzen Sie Wachs, Gel oder Haarspray, um Ihr Haar ordentlich zu formen. Kommen Sie nie mit ungepflegtem oder fettigem Haar.<\/li>\n<li>\ud83e\uddd4 <strong>Bart:<\/strong> Halten Sie Ihren Bart immer ordentlich gestutzt und gepflegt. Keine Bartstoppeln ohne Form oder Pflege.<\/li>\n<li>\ud83d\udc85 <strong>N\u00e4gel:<\/strong> kurz, sauber und ordentlich. Waschen Sie sich nach dem Aufbauen immer die H\u00e4nde.<\/li>\n<li>\ud83e\uddf4 <strong>Haut:<\/strong> Vergewissern Sie sich, dass Ihr Gesicht sauber ist, keine fettige Haut hat und nicht ungepflegt aussieht.<\/li>\n<li>\ud83e\uddfc <strong>Allgemeine Hygiene:<\/strong> Achten Sie darauf, dass Ihre Kleidung, Ihre H\u00e4nde und Ihr Gesicht immer frisch und sauber sind. Eine Dusche vor der Abreise ist eine Selbstverst\u00e4ndlichkeit.<\/li>\n<\/ul>\n<p>Ein frisches, gepflegtes \u00c4u\u00dferes zeigt, dass Sie stolz auf Ihre Arbeit sind und sowohl den Kunden als auch Ihre Kollegen respektieren.<br \/>\nSie strahlen Professionalit\u00e4t aus und nehmen Ihre Aufgabe ernst.<\/p>\n<p>-<\/p>\n<h3>\ud83d\udc54 Kleidung und Pr\u00e4sentation<\/h3>\n<p>W\u00e4hrend des Aufbaus k\u00f6nnen Sie leger gekleidet sein, solange es sich um <strong>sauber, ordentlich und vorzeigbar<\/strong> ist.<br \/>\nW\u00e4hrend der Veranstaltung werden offizielle <strong><a href=\"#\">Kleiderordnung<\/a><\/strong> und <strong>Kleiderordnung<\/strong>, Aber es ist auch wichtig, sich au\u00dferhalb dieser Momente zurechtzufinden.<\/p>\n<h4>\ud83d\udeab Nicht erlaubt (auch w\u00e4hrend des Aufbaus):<\/h4>\n<ul>\n<li>\u274c Abgelaufene oder schmutzige Schuhe<\/li>\n<li>\u274c Hosen mit L\u00f6chern oder Rissen<\/li>\n<li>\u274c Hausschuhe oder Sandalen<\/li>\n<li>\u274c Kurze Hosen<\/li>\n<li>\u274c Trainings- oder Jogginghose<\/li>\n<\/ul>\n<p>Vergewissern Sie sich, dass Ihre Kleidung <strong>sauber, geb\u00fcgelt und vollst\u00e4ndig<\/strong> ist. Ein gepflegtes Erscheinungsbild ist Teil der Erfahrung, die wir unseren Kunden bieten.<br \/>\nDie G\u00e4ste sehen Sie als Teil der Show, und Ihr Auftreten bestimmt die Atmosph\u00e4re und das Aussehen der gesamten Veranstaltung mit.<\/p>\n<p>-<\/p>\n<h3>\ud83c\udf1f Haltung und Aussehen<\/h3>\n<p>\u00c4u\u00dferliche Pflege geht \u00fcber Kleidung und Frisur hinaus. Auch Ihre K\u00f6rperhaltung, Ihre Energie und Ihr Gesichtsausdruck sind Teil der Erfahrung.<br \/>\nEin freundliches L\u00e4cheln, eine aufrechte Haltung und eine offene Einstellung machen einen gro\u00dfen Unterschied.<\/p>\n<ul>\n<li>\ud83d\ude0a L\u00e4cheln Sie und nehmen Sie Blickkontakt mit den G\u00e4sten auf.<\/li>\n<li>\ud83d\udde3\ufe0f Sprechen Sie deutlich und mit Begeisterung.<\/li>\n<li>\ud83d\udcac Seien Sie in jedem Gespr\u00e4ch h\u00f6flich, ruhig und professionell.<\/li>\n<li>\ud83e\uddcd\u200d\u2640\ufe0f Stehen Sie aufrecht, lehnen Sie sich nicht gegen Tische oder W\u00e4nde und halten Sie Ihre H\u00e4nde ordentlich bei sich.<\/li>\n<\/ul>\n<p>-<\/p>\n<h3>\ud83c\udfc1 Zusammenfassend<\/h3>\n<p>Sie arbeiten in der <strong>Unterhaltungsindustrie<\/strong> alles ist eine Frage der Erfahrung, der Ausstrahlung und der Energie. Ein gepflegter Croupier strahlt aus <strong>Klasse, Ruhe und Vertrauen<\/strong> von.<br \/>\nDas ist genau das, was unsere Kunden sch\u00e4tzen und warum sie sich f\u00fcr <strong>Royal Casino Unternehmen<\/strong> w\u00e4hlen.<\/p>\n<p>-<\/p>\n<p><strong>Erinnern Sie sich:<\/strong> Ihr Aussehen ist unser erster Eindruck.<br \/>\nSeien Sie stolz, strahlen Sie Professionalit\u00e4t aus und zeigen Sie, dass Sie Teil des besten Casino-Teams der Niederlande sind. \u2728<\/p>\n<\/div><div class=\"divider-wrapper\"  >\n    <hr class=\"border-accent-color separator-no-padding\"  \/>\n<\/div>\n<\/div><\/div><\/div><\/div><\/div><\/div><\/div><\/div><\/div><\/div><\/div><\/div><\/div><script id=\"script-row-unique-0\" data-row=\"script-row-unique-0\" type=\"text\/javascript\" class=\"vc_controls\">UNCODE.initRow(document.getElementById(\"row-unique-0\"));<\/script><\/div><\/div><\/div>\n<\/div>","protected":false},"excerpt":{"rendered":"\ud83d\udc8e Uiterlijke verzorging Een verzorgde en representatieve uitstraling is \u00e9\u00e9n van de belangrijkste onderdelen van jouw rol als croupier bij [...]","protected":false},"author":1,"featured_media":69137,"parent":71016,"menu_order":0,"comment_status":"closed","ping_status":"closed","template":"","meta":{"footnotes":""},"class_list":["post-71079","page","type-page","status-publish","has-post-thumbnail","hentry","page_category-personeel-portaal"],"_links":{"self":[{"href":"https:\/\/royalcasinocompany.nl\/de\/wp-json\/wp\/v2\/pages\/71079","targetHints":{"allow":["GET"]}}],"collection":[{"href":"https:\/\/royalcasinocompany.nl\/de\/wp-json\/wp\/v2\/pages"}],"about":[{"href":"https:\/\/royalcasinocompany.nl\/de\/wp-json\/wp\/v2\/types\/page"}],"author":[{"embeddable":true,"href":"https:\/\/royalcasinocompany.nl\/de\/wp-json\/wp\/v2\/users\/1"}],"replies":[{"embeddable":true,"href":"https:\/\/royalcasinocompany.nl\/de\/wp-json\/wp\/v2\/comments?post=71079"}],"version-history":[{"count":8,"href":"https:\/\/royalcasinocompany.nl\/de\/wp-json\/wp\/v2\/pages\/71079\/revisions"}],"predecessor-version":[{"id":71964,"href":"https:\/\/royalcasinocompany.nl\/de\/wp-json\/wp\/v2\/pages\/71079\/revisions\/71964"}],"up":[{"embeddable":true,"href":"https:\/\/royalcasinocompany.nl\/de\/wp-json\/wp\/v2\/pages\/71016"}],"wp:featuredmedia":[{"embeddable":true,"href":"https:\/\/royalcasinocompany.nl\/de\/wp-json\/wp\/v2\/media\/69137"}],"wp:attachment":[{"href":"https:\/\/royalcasinocompany.nl\/de\/wp-json\/wp\/v2\/media?parent=71079"}],"curies":[{"name":"wp","href":"https:\/\/api.w.org\/{rel}","templated":true}]}}