{"id":71082,"date":"2025-10-29T13:31:20","date_gmt":"2025-10-29T12:31:20","guid":{"rendered":"https:\/\/royalcasinocompany.nl\/?page_id=71082"},"modified":"2026-01-15T23:12:48","modified_gmt":"2026-01-15T22:12:48","slug":"kledingvoorschriften","status":"publish","type":"page","link":"https:\/\/royalcasinocompany.nl\/de\/personeel\/kledingvoorschriften\/","title":{"rendered":"Kleiderordnung"},"content":{"rendered":"<div class=\"wpb-content-wrapper\"><div data-parent=\"true\" class=\"vc_row row-container boomapps_vcrow\" id=\"row-unique-0\"><div class=\"row limit-width row-parent\"><div class=\"wpb_row row-inner\"><div class=\"wpb_column pos-top pos-center align_left column_parent col-lg-12 boomapps_vccolumn single-internal-gutter\"><div class=\"uncol style-dark\"  ><div class=\"uncoltable\"><div class=\"uncell  boomapps_vccolumn no-block-padding\" ><div class=\"uncont\" ><div class=\"vc_row row-internal row-container boomapps_vcrow\"><div class=\"row row-child\"><div class=\"wpb_row row-inner\"><div class=\"wpb_column pos-top pos-center align_left column_child col-lg-12 boomapps_vccolumn single-internal-gutter\"><div class=\"uncol style-dark\" ><div class=\"uncoltable\"><div class=\"uncell  boomapps_vccolumn no-block-padding\" ><div class=\"uncont\" ><div class=\"vc_custom_heading_wrap\"><div class=\"heading-text el-text\" ><\/p>\n<h1>\ud83d\udc54 Dresscode &amp; Kleiderordnung<\/h1>\n<p>\n<hr class=\"separator-break separator-accent\" \/><\/div><div class=\"clear\"><\/div><\/div><div class=\"empty-space empty-single\" ><span class=\"empty-space-inner\"><\/span><\/div>\n<div class=\"uncode_text_column\" ><p>Ihr Auftreten und Ihre Kleidung bestimmen weitgehend den Eindruck, den Sie bei unseren Kunden hinterlassen.<br \/>\nUnter\u00a0<strong>Be Our Guest Veranstaltungen<\/strong> geht es um Professionalit\u00e4t, Stil und Qualit\u00e4t, die Sie mit der richtigen Kleidung und Pflege ausstrahlen.<\/p>\n<p>Unsere Unternehmenskleidung ist mehr als ein Outfit: Sie ist eine <strong>Teil unseres Markenimages<\/strong>.<br \/>\nDurch ein sauberes, ordentliches und einheitliches Erscheinungsbild zeigen wir, dass wir ein Team sind.<br \/>\nDie Kunden erkennen uns sofort und gewinnen Vertrauen in unsere Professionalit\u00e4t.<\/p>\n<p>-<\/p>\n<h3>\ud83c\udfaf Warum wir mit Firmenkleidung arbeiten<\/h3>\n<p>Mit unserer Unternehmenskleidung schaffen wir Wiedererkennbarkeit, Einigkeit und Vertrauen. Sie sorgt daf\u00fcr, dass jeder vorzeigbar aussieht und tr\u00e4gt zur positiven Wahrnehmung unserer Kunden bei. Au\u00dferdem st\u00e4rkt sie den Teamgeist: Alle sind gleich, Teil eines Ganzen und strahlen dasselbe aus.<\/p>\n<p>Au\u00dferdem muss man nicht dar\u00fcber nachdenken, was man anzieht, weil man immer wei\u00df, was von einem erwartet wird.<br \/>\nEin gepflegtes \u00c4u\u00dferes und angemessene Kleidung sind Teil der Visitenkarte von <strong>Be Our Guest Veranstaltungen<\/strong>.<\/p>\n<p>-<\/p>\n<h3>\ud83d\ude9a Bei Montage und Demontage<\/h3>\n<p>W\u00e4hrend des Verladens, Auf- und Abbaus k\u00f6nnen Sie bequem, aber vorzeigbar gekleidet sein.<br \/>\nSchlie\u00dflich sind Sie das Gesicht des Unternehmens, auch wenn Sie mit praktischen Arbeiten besch\u00e4ftigt sind.<\/p>\n<p><strong>W\u00e4hrend des Auf- und Abbaus zu tragen:<\/strong><\/p>\n<ul>\n<li>\ud83d\udc55 <strong>Be Our Guest-T-Shirt<\/strong>\u00a0<em>(ausgeliehen)<\/em><\/li>\n<li>\ud83c\udf92 <strong>Packen Sie Ihre Ausr\u00fcstung in unsere Sporttasche<\/strong> <em>(ausgeliehen)<\/em><\/li>\n<li>\ud83e\udde5 <strong>Jacke \"Be Our Guest<\/strong> <em>(ausgeliehen)<\/em><\/li>\n<li>\ud83d\udc56 Saubere Jeans (ohne L\u00f6cher oder Risse)<\/li>\n<li>\ud83d\udc5f Saubere repr\u00e4sentative Turnschuhe<\/li>\n<li>\ud83c\udf38 Frischer K\u00f6rpergeruch und gepflegtes Aussehen<\/li>\n<\/ul>\n<p>-<\/p>\n<h3>\ud83c\udfb2 W\u00e4hrend eines Ereignisses<\/h3>\n<p>Sobald das Kasino beginnt, erwarten wir, dass alle Spieler in repr\u00e4sentativer Croupier-Kleidung erscheinen.<br \/>\nZu diesem Zeitpunkt sind Sie die Visitenkarte von <strong>Royal Casino Unternehmen<\/strong> Die G\u00e4ste sollen sofort sehen, dass sie es mit einem professionellen Casino-Team zu tun haben.<\/p>\n<p><strong>W\u00e4hrend der Veranstaltung zu tragen:<\/strong><\/p>\n<ul>\n<li>\ud83d\udda4 Gepflegte schwarze Schuhe (keine Turnschuhe oder Sportschuhe)<\/li>\n<li>\ud83e\udde6 Schwarze hohe Socken<\/li>\n<li>\ud83d\udc56 Schwarze Hose (keine Jeans oder blaue Hose)<\/li>\n<li>\ud83e\uddcd\u200d\u2642\ufe0f Schwarzer G\u00fcrtel<\/li>\n<li>\ud83e\udd0d Wei\u00dfes Hemd mit hohem Kragen (krawattentauglich)<\/li>\n<li>\ud83d\udc9b Goldene Krawatte <em>(von Royal Casino Company)<\/em><\/li>\n<li>\ud83d\udda4 Schwarze Weste <em>(von Royal Casino Company)<\/em><\/li>\n<\/ul>\n<p>-<\/p>\n<h3>\ud83e\uddf3 Kleidung von Royal Casino Company<\/h3>\n<p>Sie erhalten von uns die folgenden Gegenst\u00e4nde und sollten sie mit Sorgfalt verwenden:<\/p>\n<ul>\n<li>\ud83d\udc9b Goldene Krawatte<\/li>\n<li>\ud83d\udda4 Schwarze Weste<\/li>\n<li>\ud83e\udde5 Be Our Guest Jacke<\/li>\n<li>\ud83d\udc55 Be Our Guest Kapuzenpullover<\/li>\n<\/ul>\n<p>Sie holen diese Artikel f\u00fcr jeden Auftrag aus dem Lager und bringen sie nach Abschluss zur\u00fcck <strong>ordentlich und sauber<\/strong> wieder an der richtigen Stelle.<br \/>\nVerlust oder Besch\u00e4digung m\u00fcssen sofort in der App Ihrer Einsatzgruppe gemeldet werden.<\/p>\n<p>-<\/p>\n<h3>\ud83d\udcb6 Einlage und Kredit<\/h3>\n<p>Die folgenden Punkte sind in <strong>Darlehen<\/strong> und verbleiben im Eigentum des Unternehmens:<\/p>\n<ul>\n<li>\ud83d\udc55 <strong>Be Our Guest-T-Shirts<\/strong><\/li>\n<li>\ud83d\udc55<strong> Be Our Guest Kapuzenpulli<\/strong><\/li>\n<li>\ud83c\udf92 <strong>Royal Casino Tasche<br \/>\n<\/strong><\/li>\n<li>\ud83e\udde5 <strong>Jacke \"Be Our Guest<\/strong><\/li>\n<\/ul>\n<p>Hierf\u00fcr zahlen Sie eine <strong>einmalige Kaution von 25 \u20ac<\/strong>.<br \/>\nWenn Sie diese Artikel in gleichem Zustand zur\u00fccksenden, erhalten Sie eine volle R\u00fcckerstattung.<\/p>\n<p><strong>Kaution \u00fcberwiesen an:<\/strong><br \/>\nIBAN: <strong>NL93 RABO 0125 8363 84<\/strong><br \/>\nZu H\u00e4nden. <strong>Kreative Unterhaltung Gruppe B.V.<\/strong><br \/>\nO.v.v. <em>Borg Be Our Guest Firmenbekleidungspaket\u00a0<\/em><\/p>\n<p>-<\/p>\n<h3>\ud83d\udecd\ufe0f Eigene Kleidung einkaufen<\/h3>\n<p>Um die anderen Kleidungsst\u00fccke k\u00fcmmern Sie sich selbst.<br \/>\nSorgen Sie daf\u00fcr, dass alles immer sauber, geb\u00fcgelt und aufger\u00e4umt ist. Unten sind einige <strong>Empfohlene Gesch\u00e4fte<\/strong> wo Sie qualitativ hochwertige und stilvolle Arbeitskleidung finden k\u00f6nnen:<\/p>\n<ul>\n<li>\ud83d\udda4 <strong>WIR<\/strong> - sachlich, bezahlbar und repr\u00e4sentativ<\/li>\n<li>\ud83e\udd0d <strong>H&amp;M<\/strong> - modern, erschwinglich und aufger\u00e4umt<\/li>\n<li>\ud83d\udc8e <strong>Cavallaro (Laren)<\/strong> - hochwertige Hemden<\/li>\n<\/ul>\n<p>Ein gutes Hemd von Cavallaro kostet durchschnittlich 95 \u20ac, bleibt aber auch nach h\u00e4ufigem Gebrauch sch\u00f6n und sieht auf jeder Veranstaltung elegant und professionell aus.<\/p>\n<p>-<\/p>\n<h3>\u2728 K\u00f6rperliche Pflege<\/h3>\n<p>Neben der Kleidung ist die K\u00f6rperpflege ebenso wichtig.<br \/>\nEin gepflegtes Erscheinungsbild strahlt Respekt gegen\u00fcber Kollegen und G\u00e4sten aus. Beachten Sie die folgenden Punkte:<\/p>\n<ul>\n<li>\ud83e\uddf4 Verwenden Sie Deodorant und einen frischen Duft.<\/li>\n<li>\ud83e\uddfc Achten Sie darauf, dass Ihre Kleidung sauber und geb\u00fcgelt ist und frisch riecht.<\/li>\n<li>Ordentlich frisiertes Haar (keine M\u00fctze, Hut oder Kapuze).<\/li>\n<li>\ud83e\uddd4 Gepflegter und ordentlich gestutzter Bart.<\/li>\n<li>\ud83d\udc85 Gepflegte N\u00e4gel und H\u00e4nde.<\/li>\n<li>\ud83e\uddb7 Frischer Atem und saubere Z\u00e4hne.<\/li>\n<\/ul>\n<p>-<\/p>\n<h3>\ud83d\udeab Nicht erlaubt<\/h3>\n<ul>\n<li>H\u00fcte, M\u00fctzen oder Pullover<\/li>\n<li>\u274c Trainings- oder Jogginghose<\/li>\n<li>\u274c Schlampige, verf\u00e4rbte oder kaputte Kleidung<\/li>\n<li>\u274c \u00dcberm\u00e4\u00dfiges Parf\u00fcm oder Aftershave<\/li>\n<li>Ungepflegtes Erscheinungsbild (Haare, H\u00e4nde, Kleidung, Schuhe)<\/li>\n<\/ul>\n<p>-<\/p>\n<h3>\ud83c\udfc1 Zusammenfassend<\/h3>\n<p>Sorgen Sie daf\u00fcr, dass Sie immer da sind <strong>Gepflegt, stilvoll und professionell<\/strong> sowohl w\u00e4hrend des Aufbaus als auch w\u00e4hrend der Veranstaltung selbst.<br \/>\nSie sind das Gesicht der <strong>Be Our Guest Veranstaltungen<\/strong>, und die Erfahrung unserer G\u00e4ste beginnt mit Ihrem Auftreten.<br \/>\nWenn man gut aussieht, strahlt das ganze Team das aus. \u2728<\/p>\n<\/div><div class=\"divider-wrapper\"  >\n    <hr class=\"border-accent-color separator-no-padding\"  \/>\n<\/div>\n<\/div><\/div><\/div><\/div><\/div><\/div><\/div><\/div><\/div><\/div><\/div><\/div><\/div><script id=\"script-row-unique-0\" data-row=\"script-row-unique-0\" type=\"text\/javascript\" class=\"vc_controls\">UNCODE.initRow(document.getElementById(\"row-unique-0\"));<\/script><\/div><\/div><\/div>\n<\/div>","protected":false},"excerpt":{"rendered":"\ud83d\udc54 Kledingvoorschriften &amp; Dresscode Jouw uiterlijk en kleding bepalen voor een groot deel de indruk die je achterlaat bij onze [...]","protected":false},"author":1,"featured_media":68399,"parent":71016,"menu_order":0,"comment_status":"closed","ping_status":"closed","template":"","meta":{"footnotes":""},"class_list":["post-71082","page","type-page","status-publish","has-post-thumbnail","hentry","page_category-personeel-portaal"],"_links":{"self":[{"href":"https:\/\/royalcasinocompany.nl\/de\/wp-json\/wp\/v2\/pages\/71082","targetHints":{"allow":["GET"]}}],"collection":[{"href":"https:\/\/royalcasinocompany.nl\/de\/wp-json\/wp\/v2\/pages"}],"about":[{"href":"https:\/\/royalcasinocompany.nl\/de\/wp-json\/wp\/v2\/types\/page"}],"author":[{"embeddable":true,"href":"https:\/\/royalcasinocompany.nl\/de\/wp-json\/wp\/v2\/users\/1"}],"replies":[{"embeddable":true,"href":"https:\/\/royalcasinocompany.nl\/de\/wp-json\/wp\/v2\/comments?post=71082"}],"version-history":[{"count":7,"href":"https:\/\/royalcasinocompany.nl\/de\/wp-json\/wp\/v2\/pages\/71082\/revisions"}],"predecessor-version":[{"id":71939,"href":"https:\/\/royalcasinocompany.nl\/de\/wp-json\/wp\/v2\/pages\/71082\/revisions\/71939"}],"up":[{"embeddable":true,"href":"https:\/\/royalcasinocompany.nl\/de\/wp-json\/wp\/v2\/pages\/71016"}],"wp:featuredmedia":[{"embeddable":true,"href":"https:\/\/royalcasinocompany.nl\/de\/wp-json\/wp\/v2\/media\/68399"}],"wp:attachment":[{"href":"https:\/\/royalcasinocompany.nl\/de\/wp-json\/wp\/v2\/media?parent=71082"}],"curies":[{"name":"wp","href":"https:\/\/api.w.org\/{rel}","templated":true}]}}