{"id":71087,"date":"2025-10-29T13:39:35","date_gmt":"2025-10-29T12:39:35","guid":{"rendered":"https:\/\/royalcasinocompany.nl\/?page_id=71087"},"modified":"2026-01-15T22:50:51","modified_gmt":"2026-01-15T21:50:51","slug":"bonusregeling","status":"publish","type":"page","link":"https:\/\/royalcasinocompany.nl\/de\/personeel\/bonusregeling\/","title":{"rendered":"Bonusregelung"},"content":{"rendered":"<div class=\"wpb-content-wrapper\"><div data-parent=\"true\" class=\"vc_row row-container boomapps_vcrow\" id=\"row-unique-0\"><div class=\"row limit-width row-parent\"><div class=\"wpb_row row-inner\"><div class=\"wpb_column pos-top pos-left align_left column_parent col-lg-12 boomapps_vccolumn single-internal-gutter\"><div class=\"uncol style-dark\"  ><div class=\"uncoltable\"><div class=\"uncell  boomapps_vccolumn\" ><div class=\"uncont no-block-padding col-custom-width\" style=\" max-width:60%;\" ><div class=\"vc_row row-internal row-container boomapps_vcrow\"><div class=\"row row-child\"><div class=\"wpb_row row-inner\"><div class=\"wpb_column pos-top pos-center align_left column_child col-lg-12 boomapps_vccolumn single-internal-gutter\"><div class=\"uncol style-dark\" ><div class=\"uncoltable\"><div class=\"uncell  boomapps_vccolumn no-block-padding\" ><div class=\"uncont\" ><div class=\"vc_custom_heading_wrap\"><div class=\"heading-text el-text\" ><\/p>\n<h1>\ud83c\udfaf Bonusregelung<\/h1>\n<p>\n<hr class=\"separator-break separator-accent\" \/><\/div><div class=\"clear\"><\/div><\/div><div class=\"empty-space empty-single\" ><span class=\"empty-space-inner\"><\/span><\/div>\n<div class=\"uncode_text_column\" ><\/p>\n<div class=\"rcc-portal\">\n<p>Unter <strong>Royal Casino Unternehmen<\/strong> wir sch\u00e4tzen Mitarbeiter, die sich aktiv f\u00fcr das Unternehmen einsetzen und unser Team wachsen lassen. Zus\u00e4tzlich zu Ihrem regul\u00e4ren Gehalt k\u00f6nnen Sie daher zus\u00e4tzliche Boni verdienen f\u00fcr <strong>Initiative, Engagement und Loyalit\u00e4t<\/strong>.<\/p>\n<p>Mit unserem Bonussystem wollen wir Kollegen belohnen, die zum Erfolg des Teams beitragen, sei es, dass sie neue Croupiers anwerben oder neue Auftr\u00e4ge gewinnen.<\/p>\n<p>-<\/p>\n<div class=\"rcc-grid\">\n<div class=\"rcc-card\">\n<h4><span class=\"rcc-emoji\">\ud83c\udccf<\/span>Anwendung eines neuen Croupiers<\/h4>\n<p><strong>Belohnung:<\/strong> 200 \u20ac netto<\/p>\n<p>Sie stellen einen neuen Kollegen ein, der sich im Team durchsetzt? Dann erhalten Sie eine Pr\u00e4mie f\u00fcr Ihre Bem\u00fchungen.<\/p>\n<p><strong>Bedingungen:<\/strong><\/p>\n<ul class=\"rcc-bullets\">\n<li>Der neue Croupier hat mindestens f\u00fcnfmal bei Royal Casino Company gearbeitet.<\/li>\n<li>Sie geben seine oder ihre Kontaktinformationen an <strong>vor<\/strong> die Anwendung.<\/li>\n<li>Sp\u00e4tere Berichte k\u00f6nnen nicht mehr in den Genuss des Bonus kommen.<\/li>\n<li>Sie beantragen die Pr\u00e4mie selbst, sobald die Bedingungen erf\u00fcllt sind.<\/li>\n<\/ul>\n<p>-<\/p>\n<\/div>\n<div class=\"rcc-card\">\n<h4><span class=\"rcc-emoji\">\ud83c\udfb0<\/span>Neue Casino-Bestellung anwenden<\/h4>\n<p><strong>Belohnung:<\/strong> 100 \u20ac netto<\/p>\n<p>Sie werben einen neuen Kunden oder eine neue Veranstaltung? Dann w\u00fcrdigen wir das mit einem Extra-Bonus.<\/p>\n<p><strong>Bedingungen:<\/strong><\/p>\n<ul class=\"rcc-bullets\">\n<li>Der Auftrag hat einen Mindestumsatz von <strong>\u20ac 1.000,- exkl. MwSt.<\/strong>.<\/li>\n<li>Die Buchung enth\u00e4lt mindestens <strong>2 Spieltische<\/strong>.<\/li>\n<li>Die Kundendaten wurden von Ihnen weitergegeben <strong>vor<\/strong> der Kunde selbst einen Kostenvoranschlag anfordert.<\/li>\n<\/ul>\n<p>-<\/p>\n<\/div>\n<\/div>\n<h3>Warum diese Bonusregelung?<\/h3>\n<p>Unser Bonusprogramm ist darauf ausgerichtet <strong>lohnende Initiative<\/strong>.<br \/>\nWir sind stolz auf Kollegen, die mitdenken, Chancen erkennen und Royal Casino Company helfen, weiter zu wachsen.<\/p>\n<p>Werden Sie dazu beitragen, neue Kollegen oder Kunden zu gewinnen?<br \/>\nDann m\u00f6chten wir unsere Wertsch\u00e4tzung nicht nur mit Worten, sondern auch mit einer finanziellen Belohnung zeigen.<\/p>\n<p><strong>Dank Ihrer Bem\u00fchungen k\u00f6nnen wir gemeinsam etwas bewirken!<\/strong><\/p>\n<\/div>\n<p>\n<\/div><div class=\"divider-wrapper\"  >\n    <hr class=\"border-accent-color separator-no-padding\"  \/>\n<\/div>\n<\/div><\/div><\/div><\/div><\/div><\/div><\/div><\/div><\/div><\/div><\/div><\/div><\/div><script id=\"script-row-unique-0\" data-row=\"script-row-unique-0\" type=\"text\/javascript\" class=\"vc_controls\">UNCODE.initRow(document.getElementById(\"row-unique-0\"));<\/script><\/div><\/div><\/div>\n<\/div>","protected":false},"excerpt":{"rendered":"\ud83c\udfaf Bonusregeling Bij Royal Casino Company waarderen we medewerkers die zich actief inzetten voor het bedrijf en ons team helpen [...]","protected":false},"author":1,"featured_media":69859,"parent":71016,"menu_order":0,"comment_status":"closed","ping_status":"closed","template":"","meta":{"footnotes":""},"class_list":["post-71087","page","type-page","status-publish","has-post-thumbnail","hentry","page_category-personeel-portaal"],"_links":{"self":[{"href":"https:\/\/royalcasinocompany.nl\/de\/wp-json\/wp\/v2\/pages\/71087","targetHints":{"allow":["GET"]}}],"collection":[{"href":"https:\/\/royalcasinocompany.nl\/de\/wp-json\/wp\/v2\/pages"}],"about":[{"href":"https:\/\/royalcasinocompany.nl\/de\/wp-json\/wp\/v2\/types\/page"}],"author":[{"embeddable":true,"href":"https:\/\/royalcasinocompany.nl\/de\/wp-json\/wp\/v2\/users\/1"}],"replies":[{"embeddable":true,"href":"https:\/\/royalcasinocompany.nl\/de\/wp-json\/wp\/v2\/comments?post=71087"}],"version-history":[{"count":8,"href":"https:\/\/royalcasinocompany.nl\/de\/wp-json\/wp\/v2\/pages\/71087\/revisions"}],"predecessor-version":[{"id":71927,"href":"https:\/\/royalcasinocompany.nl\/de\/wp-json\/wp\/v2\/pages\/71087\/revisions\/71927"}],"up":[{"embeddable":true,"href":"https:\/\/royalcasinocompany.nl\/de\/wp-json\/wp\/v2\/pages\/71016"}],"wp:featuredmedia":[{"embeddable":true,"href":"https:\/\/royalcasinocompany.nl\/de\/wp-json\/wp\/v2\/media\/69859"}],"wp:attachment":[{"href":"https:\/\/royalcasinocompany.nl\/de\/wp-json\/wp\/v2\/media?parent=71087"}],"curies":[{"name":"wp","href":"https:\/\/api.w.org\/{rel}","templated":true}]}}