{"id":71090,"date":"2025-10-29T13:44:37","date_gmt":"2025-10-29T12:44:37","guid":{"rendered":"https:\/\/royalcasinocompany.nl\/?page_id=71090"},"modified":"2026-01-15T22:58:11","modified_gmt":"2026-01-15T21:58:11","slug":"collegialiteit","status":"publish","type":"page","link":"https:\/\/royalcasinocompany.nl\/de\/personeel\/collegialiteit\/","title":{"rendered":"Kollegialit\u00e4t"},"content":{"rendered":"<div class=\"wpb-content-wrapper\"><div data-parent=\"true\" class=\"vc_row row-container boomapps_vcrow\" id=\"row-unique-0\"><div class=\"row limit-width row-parent\"><div class=\"wpb_row row-inner\"><div class=\"wpb_column pos-top pos-left align_left column_parent col-lg-12 boomapps_vccolumn single-internal-gutter\"><div class=\"uncol style-dark\"  ><div class=\"uncoltable\"><div class=\"uncell  boomapps_vccolumn no-block-padding\" ><div class=\"uncont\" ><div class=\"vc_row row-internal row-container boomapps_vcrow\"><div class=\"row row-child\"><div class=\"wpb_row row-inner\"><div class=\"wpb_column pos-top pos-center align_left column_child col-lg-12 boomapps_vccolumn single-internal-gutter\"><div class=\"uncol style-dark\" ><div class=\"uncoltable\"><div class=\"uncell  boomapps_vccolumn no-block-padding\" ><div class=\"uncont\" ><div class=\"vc_custom_heading_wrap\"><div class=\"heading-text el-text\" ><\/p>\n<h1>\ud83e\udd1d Kollegialit\u00e4t<\/h1>\n<p>\n<hr class=\"separator-break separator-accent\" \/><\/div><div class=\"clear\"><\/div><\/div><div class=\"empty-space empty-single\" ><span class=\"empty-space-inner\"><\/span><\/div>\n<div class=\"uncode_text_column\" ><\/p>\n<h2>Zusammenarbeit und Teamgeist<\/h2>\n<p>Unter <strong>Royal Casino Unternehmen<\/strong> steht ganz im Zeichen der Zusammenarbeit. Wir arbeiten <strong>zusammen<\/strong>, nicht <strong>Seite an Seite<\/strong>.<br \/>\nNur wenn wir als ein Team denken, handeln und kommunizieren, k\u00f6nnen wir jeden Auftrag zum Erfolg f\u00fchren.<\/p>\n<p>Sie arbeiten bei Royal Casino Company, weil Sie ein <strong>Teamplayer<\/strong> sind jemand, der wei\u00df, dass eine gute Atmosph\u00e4re, klare Kommunikation und gegenseitige Unterst\u00fctzung den Unterschied zwischen einem sch\u00f6nen Abend und einer unvergesslichen Veranstaltung ausmachen.<\/p>\n<p>-<\/p>\n<h3>\ud83d\udcac Was Kollegialit\u00e4t f\u00fcr uns bedeutet<\/h3>\n<p>Kollegialit\u00e4t bedeutet mehr als nur nett zueinander zu sein.<br \/>\nEs bedeutet, dass Sie <strong>sich gegenseitig helfen, unterst\u00fctzen und ansprechen<\/strong> wenn n\u00f6tig.<br \/>\nJeder macht von Zeit zu Zeit einen Fehler oder hat einen schlechten Tag - und das ist nicht schlimm.<br \/>\nEs geht darum, wie wir damit umgehen: nicht verurteilen, sondern gemeinsam helfen und verbessern.<\/p>\n<p>Ein professionelles Team erkennt man an Kollegen, die:<\/p>\n<ul>\n<li>\ud83e\udd1d Einander helfen, ohne dass man darum gebeten werden muss.<\/li>\n<li>\ud83d\udde3\ufe0f Trauen Sie sich, respektvoll aufeinander zuzugehen und sich gegenseitig zu verbessern.<\/li>\n<li>\ud83d\udc42 Einander zuh\u00f6ren und offen sein f\u00fcr Feedback.<\/li>\n<li>\ud83d\udcaa Etwas Zus\u00e4tzliches tun, um das Team zu entlasten.<\/li>\n<li>\ud83d\udd25 Motivieren Sie sich gegenseitig, wenn es schwierig wird.<\/li>\n<li>\ud83c\udfc6 Stolz auf ein gemeinsames gutes Ergebnis sein.<\/li>\n<li>\ud83d\udcac Sie wagen es, kritisch zu sein, aber immer mit Respekt.<\/li>\n<li>\ud83d\udd17 Kommunizieren Sie klar, ehrlich und direkt.<\/li>\n<\/ul>\n<p>-<\/p>\n<h3>\ud83d\udc65 Gemeinsam verantwortlich<\/h3>\n<p>Jeden Auftrag, den wir erledigen, erledigen wir als <strong>ein Team<\/strong>.<br \/>\nDer Kunde sieht uns nicht als einzelne Croupiers, sondern als eine Einheit. <strong>Royal Casino Unternehmen<\/strong>.<br \/>\nWenn eine Person ihre Arbeit nicht gut macht, wirkt sich das auf die gesamte Gruppe aus.<br \/>\nDeshalb \u00fcbernimmt jeder Verantwortung - f\u00fcr sich selbst, f\u00fcr das Material und f\u00fcreinander.<\/p>\n<p>Etwas geht schief? Kein Problem - das kann passieren.<br \/>\nWichtig ist, dass Sie den Vorfall anerkennen, daraus lernen und daf\u00fcr sorgen, dass er sich nicht wiederholt.<br \/>\nDiejenigen, die offen f\u00fcr Feedback und Verbesserungen sind, wachsen am schnellsten und geh\u00f6ren wirklich zu unserem Team.<\/p>\n<p>-<\/p>\n<h3>\ud83c\udf1f Unsere Vision<\/h3>\n<p>Wir glauben, dass eine starke Teamatmosph\u00e4re mit folgenden Faktoren beginnt <strong>Respekt, Ehrlichkeit und Humor<\/strong>.<br \/>\nWir wollen Kollegen, die ernsthaft arbeiten, einander vertrauen und gemeinsam nach Qualit\u00e4t streben.<br \/>\nKolleginnen und Kollegen, die nicht nur an ihre eigene Aufgabe denken, sondern an das Gesamterlebnis unserer G\u00e4ste.<\/p>\n<p>-<\/p>\n<h3>\ud83d\udcac Unsere Grundwerte<\/h3>\n<p><strong>\ud83e\udd1d Wir machen es gemeinsam<\/strong><br \/>\nJeder tr\u00e4gt zum Erfolg bei. Wir helfen, unterst\u00fctzen und erg\u00e4nzen uns gegenseitig, wo es n\u00f6tig ist. Keiner steht allein.<\/p>\n<p><strong>\ud83d\udcac Wir kommunizieren offen<\/strong><br \/>\nWir sagen, was besser sein k\u00f6nnte, aber immer mit Respekt. Eine klare Kommunikation verhindert Missverst\u00e4ndnisse und sorgt f\u00fcr eine angenehme Zusammenarbeit.<\/p>\n<p><strong>\ud83d\udcaa Wir helfen uns gegenseitig<\/strong><br \/>\nEgal, ob viel los ist oder es ein bisschen schwierig wird - als Team sind wir f\u00fcreinander da. Gemeinsam machen wir den Unterschied.<\/p>\n<p><strong>\ud83c\udfc6 Wir sorgen daf\u00fcr, dass jeder Kunde zufrieden nach Hause geht<\/strong><br \/>\nLetztlich geht es um das Erlebnis der G\u00e4ste. Als Team schaffen wir eine Atmosph\u00e4re, die beeindruckt und Erinnerungen hinterl\u00e4sst.<\/p>\n<p>-<\/p>\n<p><strong>Das ist es, was Royal Casino Company stark macht - und deshalb sind Sie Teil dieses Teams.<\/strong><br \/>\nGemeinsam sorgen wir daf\u00fcr, dass jede Veranstaltung reibungslos, professionell und mit Freude abl\u00e4uft. \ud83d\udcaa\u2728<\/p>\n<\/div><div class=\"divider-wrapper\"  >\n    <hr class=\"border-accent-color separator-no-padding\"  \/>\n<\/div>\n<\/div><\/div><\/div><\/div><\/div><\/div><\/div><\/div><\/div><\/div><\/div><\/div><\/div><script id=\"script-row-unique-0\" data-row=\"script-row-unique-0\" type=\"text\/javascript\" class=\"vc_controls\">UNCODE.initRow(document.getElementById(\"row-unique-0\"));<\/script><\/div><\/div><\/div>\n<\/div>","protected":false},"excerpt":{"rendered":"\ud83e\udd1d Collegialiteit Samenwerking &amp; Teamspirit Bij Royal Casino Company draait alles om samenwerking. We werken met elkaar, niet naast elkaar. [...]","protected":false},"author":1,"featured_media":70351,"parent":71016,"menu_order":0,"comment_status":"closed","ping_status":"closed","template":"","meta":{"footnotes":""},"class_list":["post-71090","page","type-page","status-publish","has-post-thumbnail","hentry","page_category-personeel-portaal"],"_links":{"self":[{"href":"https:\/\/royalcasinocompany.nl\/de\/wp-json\/wp\/v2\/pages\/71090","targetHints":{"allow":["GET"]}}],"collection":[{"href":"https:\/\/royalcasinocompany.nl\/de\/wp-json\/wp\/v2\/pages"}],"about":[{"href":"https:\/\/royalcasinocompany.nl\/de\/wp-json\/wp\/v2\/types\/page"}],"author":[{"embeddable":true,"href":"https:\/\/royalcasinocompany.nl\/de\/wp-json\/wp\/v2\/users\/1"}],"replies":[{"embeddable":true,"href":"https:\/\/royalcasinocompany.nl\/de\/wp-json\/wp\/v2\/comments?post=71090"}],"version-history":[{"count":8,"href":"https:\/\/royalcasinocompany.nl\/de\/wp-json\/wp\/v2\/pages\/71090\/revisions"}],"predecessor-version":[{"id":71931,"href":"https:\/\/royalcasinocompany.nl\/de\/wp-json\/wp\/v2\/pages\/71090\/revisions\/71931"}],"up":[{"embeddable":true,"href":"https:\/\/royalcasinocompany.nl\/de\/wp-json\/wp\/v2\/pages\/71016"}],"wp:featuredmedia":[{"embeddable":true,"href":"https:\/\/royalcasinocompany.nl\/de\/wp-json\/wp\/v2\/media\/70351"}],"wp:attachment":[{"href":"https:\/\/royalcasinocompany.nl\/de\/wp-json\/wp\/v2\/media?parent=71090"}],"curies":[{"name":"wp","href":"https:\/\/api.w.org\/{rel}","templated":true}]}}