{"id":71094,"date":"2025-10-29T13:58:38","date_gmt":"2025-10-29T12:58:38","guid":{"rendered":"https:\/\/royalcasinocompany.nl\/?page_id=71094"},"modified":"2026-01-16T10:54:21","modified_gmt":"2026-01-16T09:54:21","slug":"time-management","status":"publish","type":"page","link":"https:\/\/royalcasinocompany.nl\/de\/personeel\/time-management\/","title":{"rendered":"Zeitmanagement"},"content":{"rendered":"<div class=\"wpb-content-wrapper\"><div data-parent=\"true\" class=\"vc_row row-container boomapps_vcrow\" id=\"row-unique-0\"><div class=\"row limit-width row-parent\"><div class=\"wpb_row row-inner\"><div class=\"wpb_column pos-top pos-center align_left column_parent col-lg-12 boomapps_vccolumn single-internal-gutter\"><div class=\"uncol style-dark\"  ><div class=\"uncoltable\"><div class=\"uncell  boomapps_vccolumn no-block-padding\" ><div class=\"uncont\" ><div class=\"vc_row row-internal row-container boomapps_vcrow\"><div class=\"row row-child\"><div class=\"wpb_row row-inner\"><div class=\"wpb_column pos-top pos-center align_left column_child col-lg-12 boomapps_vccolumn single-internal-gutter\"><div class=\"uncol style-dark\" ><div class=\"uncoltable\"><div class=\"uncell  boomapps_vccolumn no-block-padding\" ><div class=\"uncont\" ><div class=\"vc_custom_heading_wrap\"><div class=\"heading-text el-text\" ><\/p>\n<h1>\u23f0 Zeitmanagement<\/h1>\n<p>\n<hr class=\"separator-break separator-accent\" \/><\/div><div class=\"clear\"><\/div><\/div><div class=\"empty-space empty-single\" ><span class=\"empty-space-inner\"><\/span><\/div>\n<div class=\"uncode_text_column\" ><p>Gute Planung und effizientes Arbeiten sind ein wichtiger Teil Ihrer Arbeit bei <strong>Be Our Guest Veranstaltungen<\/strong>.<br \/>\nJede Minute z\u00e4hlt, nicht weil wir in Eile sind, sondern weil <strong>Struktur und Professionalit\u00e4t<\/strong> die den Unterschied zwischen einer gew\u00f6hnlichen Aufgabe und einer perfekten Ausf\u00fchrung ausmachen.<\/p>\n<p>Wir wollen, dass jeder Auftrag reibungslos, straff und p\u00fcnktlich und ohne Stress abl\u00e4uft. Das bedeutet, dass wir gut zusammenarbeiten, vorausschauend denken und genau wissen, was von Ihnen erwartet wird - von Anfang bis Ende.<\/p>\n<p>-<\/p>\n<h3>\ud83d\udccb Die neun Phasen eines Casino-Jobs<\/h3>\n<p>Jede Aufgabe folgt den gleichen Schritten. Zusammen bilden sie die Reise von A bis Z:<\/p>\n<ol>\n<li>\ud83d\ude90 <strong>Beladen des Busses<\/strong><\/li>\n<li>\ud83d\udee3\ufe0f <strong>Ausgehend von<\/strong><\/li>\n<li>\ud83e\udd1d <strong>Meet &amp; Greet &amp; Standortbesichtigung<\/strong><\/li>\n<li>\ud83e\uddf1 <strong>Aufbauen<\/strong><\/li>\n<li>\ud83c\udfb2 <strong>Die Veranstaltung selbst<\/strong><\/li>\n<li>\ud83c\udfc6 <strong>Preisverleihung<\/strong><\/li>\n<li>\ud83d\udd27 <strong>Phasing-out<\/strong><\/li>\n<li>\ud83d\udefb <strong>R\u00fcckreise<\/strong><\/li>\n<li>\ud83c\udfed <strong>Entladen des Busses<\/strong><\/li>\n<\/ol>\n<p>Der vollst\u00e4ndige Zeitplan f\u00fcr diese Phasen wird im Voraus berechnet (in Rentman und in der Gruppen-App) und ist auf der <strong>Anrufliste<\/strong>.<br \/>\nDiese Zeiten sind nicht nur ein Richtwert, sie sind Teil des Budgets und bestimmen, ob ein Auftrag rentabel ist.<br \/>\nDaher ist es wichtig, dass das Team die geplanten Zeiten einh\u00e4lt und innerhalb dieser Grenzen effizient arbeitet.<\/p>\n<p>-<\/p>\n<h3>\ud83c\udfaf Warum Zeitmanagement so wichtig ist<\/h3>\n<p>F\u00fcr jeden Auftrag erstellen die Mitarbeiter des B\u00fcros ein Budget, in dem alle Kosten enthalten sind: Personal, Transport, Reisezeit, Rabatte, Material und Marge.<br \/>\nWenn ein Team strukturell l\u00e4nger arbeitet als geplant, steigen die Kosten, was sich unmittelbar auf die Rentabilit\u00e4t des Unternehmens auswirkt.<\/p>\n<p>Daher erwarten wir von jedem <strong>intelligent, effizient und mit Tempo<\/strong> gearbeitet.<br \/>\nJeder ist f\u00fcr seine eigenen Anstrengungen sowie f\u00fcr das Tempo des Teams verantwortlich.<\/p>\n<ul>\n<li>\u2705 Arbeiten Sie konzentriert und halten Sie sich nicht unn\u00f6tig auf.<\/li>\n<li>\u2705 Denken Sie voraus: Was k\u00f6nnen Sie im Voraus vorbereiten oder aufr\u00e4umen?<\/li>\n<li>\u2705 Helft euch gegenseitig: Gemeinsam werdet ihr schneller fertig.<\/li>\n<li>\u2705 Behalten Sie den \u00dcberblick und h\u00f6ren Sie der Aufsichtsperson zu.<\/li>\n<\/ul>\n<p>-<\/p>\n<h3>\ud83d\udcb0 Bezahlung &amp; Arbeitszeit<\/h3>\n<p>Sie werden nach den folgenden Kriterien bezahlt <strong>Gesamtzeitplan<\/strong> die auf dem Call-Sheet aufgef\u00fchrt sind. Diese Zeit umfasst die Reisezeit, den Auf- und Abbau, die Veranstaltung selbst, die Wartezeit und eventuelle zus\u00e4tzliche Pausen.<\/p>\n<p>Manchmal ist man etwas fr\u00fcher fertig und macht ein paar zus\u00e4tzliche Pausen, manchmal dauert es etwas l\u00e4nger, aber das geh\u00f6rt zum Job und gleicht sich schlie\u00dflich aus.<br \/>\nWichtig ist, dass Sie professionell bleiben. Arbeiten Sie gut und sorgf\u00e4ltig, konzentrieren Sie sich und kommunizieren Sie gut mit der Aufsichtsbeh\u00f6rde \u00fcber die Fortschritte.<\/p>\n<p>-<\/p>\n<h3>\ud83d\udd52 Zeit in den eigenen H\u00e4nden<\/h3>\n<p>Nach der Veranstaltung k\u00f6nnen der Kunde oder die G\u00e4ste Sie zu einem (alkoholfreien) Getr\u00e4nk oder zu einem geselligen Gespr\u00e4ch einladen.<br \/>\nDas ist in Ordnung, aber dieses Mal f\u00e4llt <strong>au\u00dferhalb der bezahlten Arbeitszeiten<\/strong>. Wir erwarten von Ihnen, dass Sie wissen, wann die Arbeit erledigt ist, und dass Sie Ihre Arbeitszeiten ehrlich aufzeichnen.<\/p>\n<p>-<\/p>\n<h3>\u23f3 Zus\u00e4tzliche Arbeitszeit bei Verl\u00e4ngerung<\/h3>\n<p>Wenn ein Kunde beschlie\u00dft, l\u00e4nger zu spielen, werden Sie nat\u00fcrlich auch f\u00fcr diese zus\u00e4tzliche Zeit bezahlt. Manchmal entscheidet der Kunde dies erst am Abend selbst, was eine gewisse Improvisation des Teams erfordert. Der Manager koordiniert dies vor Ort.<\/p>\n<p>Um Missverst\u00e4ndnisse zu vermeiden, ist es wichtig, die zus\u00e4tzlichen Kosten immer zuerst mit dem Kunden zu besprechen. Die Kosten f\u00fcr die Verl\u00e4ngerung betragen 60 \u20ac ohne 21% MwSt. pro Stunde und Croupier. Diese zus\u00e4tzliche Zeit wird dem Kunden nach der Party per Rechnung in Rechnung gestellt.<\/p>\n<p>Es ist wichtig, dass Sie als Team immer auf die W\u00fcnsche des Kunden eingehen. Nur bei Vorliegen eines guten und berechtigten Grundes kann entschieden werden, nicht weiter zu spielen. Habt ihr Fragen dazu oder Zweifel an eurer Entscheidung? Dann kontaktiert immer Tim oder Taltiha \u00fcber die Gruppen-App und besprecht es gemeinsam.<\/p>\n<p>Bleiben Sie niemals aus eigenem Antrieb l\u00e4nger, ohne sich mit dem Kunden und Tim oder Taltiha abzusprechen. Wenn Sie dies tun, wird diese zus\u00e4tzliche Zeit nicht bezahlt.<\/p>\n<p>-<\/p>\n<h3>\ud83d\udeab Keine unn\u00f6tigen Ausreden<\/h3>\n<p>Wir verlassen uns darauf, dass jeder professionell mit der Zeit umgeht.<br \/>\nBestimmte Verz\u00f6gerungen geh\u00f6ren zum Job und sind kein Grund, \u00dcberstunden zu schreiben.<br \/>\nDie folgenden Ausreden werden angef\u00fchrt <strong>nicht akzeptiert<\/strong>:<\/p>\n<ul>\n<li>\u274c Stau auf dem R\u00fcckweg<\/li>\n<li>\u274c Die Fertigstellung dauerte l\u00e4nger als geplant<\/li>\n<li>\u274c Br\u00fccke war offen<\/li>\n<li>\u274c Chips nachf\u00fcllen<\/li>\n<li>\u274c Der Bus f\u00e4hrt nicht mehr schneller<\/li>\n<li>\u274c Busbetankung<\/li>\n<\/ul>\n<p>-<\/p>\n<p>Wir erwarten <strong>Ehrlichkeit, Disziplin und Einsicht<\/strong>.<br \/>\nWer seine Arbeit gut plant, konzentriert arbeitet und im Team zusammenarbeitet, wird p\u00fcnktlich fertig und hinterl\u00e4sst einen professionellen Eindruck beim Kunden und im B\u00fcro.<\/p>\n<p>-<\/p>\n<h3>\ud83c\udfc6 Intelligent und effizient arbeiten<\/h3>\n<p>Gutes Zeitmanagement hat nichts mit Schnelligkeit zu tun, sondern mit <strong>Organisation und Zusammenarbeit<\/strong>.<br \/>\nZiel ist es, alles in der zur Verf\u00fcgung stehenden Zeit sauber, fehlerfrei und ruhig auszuf\u00fchren.<br \/>\nNutzen Sie Ihren Verstand, bleiben Sie ruhig und arbeiten Sie strukturiert.<\/p>\n<ul>\n<li>\ud83d\udd39 Bereiten Sie sich gut vor und lesen Sie vor der Abreise das Flugblatt.<\/li>\n<li>\ud83d\udd39 Arbeiten Sie konzentriert und ohne Ablenkung.<\/li>\n<li>\ud83d\udd39 Halten Sie das Tempo hoch, aber arbeiten Sie vorsichtig.<\/li>\n<li>\ud83d\udd39 Vermeiden Sie Doppelarbeit: Denken Sie voraus.<\/li>\n<li>\ud83d\udd39 Arbeiten Sie zusammen, helfen Sie sich gegenseitig und kommunizieren Sie klar.<\/li>\n<\/ul>\n<p>-<\/p>\n<h3>\ud83d\udcd8 Zusammenfassung<\/h3>\n<ul>\n<li>\ud83e\udde9 Zeitmanagement ist Teamarbeit.<\/li>\n<li>\u23f1\ufe0f Beachten Sie den Zeitplan auf dem Aufrufzettel.<\/li>\n<li>\u2699\ufe0f Arbeiten Sie strukturiert, schnell und sorgf\u00e4ltig.<\/li>\n<li>\ud83d\udcac Kommunizieren Sie klar und arbeiten Sie als Team zusammen.<\/li>\n<li>\ud83c\udfaf Sorgen Sie daf\u00fcr, dass jede Arbeit p\u00fcnktlich, professionell und mit Freude erledigt wird.<\/li>\n<\/ul>\n<p>-<\/p>\n<p><strong>Wer seine Zeit gut einteilt, arbeitet ruhiger, erbringt bessere Leistungen und strahlt Professionalit\u00e4t aus.<\/strong><br \/>\nUnter <strong>Be Our Guest Veranstaltungen<\/strong>\u00a0gilt: <em>Die Zeit ist nicht zum F\u00fcllen da, sondern zur intelligenten Nutzung.<\/em> \ud83d\udd52\ud83d\udc8e<\/p>\n<\/div><div class=\"divider-wrapper\"  >\n    <hr class=\"border-accent-color separator-no-padding\"  \/>\n<\/div>\n<\/div><\/div><\/div><\/div><\/div><\/div><\/div><\/div><\/div><\/div><\/div><\/div><\/div><script id=\"script-row-unique-0\" data-row=\"script-row-unique-0\" type=\"text\/javascript\" class=\"vc_controls\">UNCODE.initRow(document.getElementById(\"row-unique-0\"));<\/script><\/div><\/div><\/div>\n<\/div>","protected":false},"excerpt":{"rendered":"\u23f0 Time Management Goede planning en effici\u00ebnt werken zijn een belangrijk onderdeel van jouw werk bij Be Our Guest Events. [...]","protected":false},"author":1,"featured_media":69007,"parent":71016,"menu_order":0,"comment_status":"closed","ping_status":"closed","template":"","meta":{"footnotes":""},"class_list":["post-71094","page","type-page","status-publish","has-post-thumbnail","hentry","page_category-personeel-portaal"],"_links":{"self":[{"href":"https:\/\/royalcasinocompany.nl\/de\/wp-json\/wp\/v2\/pages\/71094","targetHints":{"allow":["GET"]}}],"collection":[{"href":"https:\/\/royalcasinocompany.nl\/de\/wp-json\/wp\/v2\/pages"}],"about":[{"href":"https:\/\/royalcasinocompany.nl\/de\/wp-json\/wp\/v2\/types\/page"}],"author":[{"embeddable":true,"href":"https:\/\/royalcasinocompany.nl\/de\/wp-json\/wp\/v2\/users\/1"}],"replies":[{"embeddable":true,"href":"https:\/\/royalcasinocompany.nl\/de\/wp-json\/wp\/v2\/comments?post=71094"}],"version-history":[{"count":6,"href":"https:\/\/royalcasinocompany.nl\/de\/wp-json\/wp\/v2\/pages\/71094\/revisions"}],"predecessor-version":[{"id":71962,"href":"https:\/\/royalcasinocompany.nl\/de\/wp-json\/wp\/v2\/pages\/71094\/revisions\/71962"}],"up":[{"embeddable":true,"href":"https:\/\/royalcasinocompany.nl\/de\/wp-json\/wp\/v2\/pages\/71016"}],"wp:featuredmedia":[{"embeddable":true,"href":"https:\/\/royalcasinocompany.nl\/de\/wp-json\/wp\/v2\/media\/69007"}],"wp:attachment":[{"href":"https:\/\/royalcasinocompany.nl\/de\/wp-json\/wp\/v2\/media?parent=71094"}],"curies":[{"name":"wp","href":"https:\/\/api.w.org\/{rel}","templated":true}]}}