{"id":71097,"date":"2025-10-29T14:02:31","date_gmt":"2025-10-29T13:02:31","guid":{"rendered":"https:\/\/royalcasinocompany.nl\/?page_id=71097"},"modified":"2025-11-11T10:42:30","modified_gmt":"2025-11-11T09:42:30","slug":"werken-in-de-entertainmentbranche","status":"publish","type":"page","link":"https:\/\/royalcasinocompany.nl\/de\/personeel\/werken-in-de-entertainmentbranche\/","title":{"rendered":"Arbeiten in der Unterhaltungsindustrie"},"content":{"rendered":"<div class=\"wpb-content-wrapper\"><div data-parent=\"true\" class=\"vc_row row-container boomapps_vcrow\" id=\"row-unique-0\"><div class=\"row limit-width row-parent\"><div class=\"wpb_row row-inner\"><div class=\"wpb_column pos-top pos-left align_left column_parent col-lg-12 boomapps_vccolumn single-internal-gutter\"><div class=\"uncol style-dark\"  ><div class=\"uncoltable\"><div class=\"uncell  boomapps_vccolumn no-block-padding\" ><div class=\"uncont\" ><div class=\"vc_row row-internal row-container boomapps_vcrow\"><div class=\"row row-child\"><div class=\"wpb_row row-inner\"><div class=\"wpb_column pos-top pos-center align_left column_child col-lg-12 boomapps_vccolumn single-internal-gutter\"><div class=\"uncol style-dark\" ><div class=\"uncoltable\"><div class=\"uncell  boomapps_vccolumn no-block-padding\" ><div class=\"uncont\" ><div class=\"vc_custom_heading_wrap\"><div class=\"heading-text el-text\" ><\/p>\n<h1>Arbeiten in der Unterhaltungsindustrie<\/h1>\n<p>\n<hr class=\"separator-break separator-accent\" \/><\/div><div class=\"clear\"><\/div><\/div><div class=\"empty-space empty-single\" ><span class=\"empty-space-inner\"><\/span><\/div>\n<div class=\"uncode_text_column\" ><\/p>\n<div class=\"rcc-portal\">\n<h2>Zusammenarbeit und Teamgeist<\/h2>\n<p>Unter <strong>Royal Casino Unternehmen<\/strong> geht es um Zusammenarbeit.<br \/>\nWir arbeiten <strong>zusammen<\/strong>, nicht <strong>Seite an Seite<\/strong>. Nur gemeinsam k\u00f6nnen wir jeden Auftrag zu einem Erfolg machen.<\/p>\n<p>Sie arbeiten bei Royal Casino Company, weil Sie ein <strong>Teamplayer<\/strong> sind jemand, der wei\u00df, dass eine gute Atmosph\u00e4re, Kommunikation und Zusammenarbeit den Unterschied zwischen einem sch\u00f6nen Abend und einer unvergesslichen Veranstaltung ausmachen.<\/p>\n<h3>Was Kollegialit\u00e4t f\u00fcr uns bedeutet<\/h3>\n<p>Kollegialit\u00e4t bedeutet mehr als nur nett zueinander zu sein. Es bedeutet, dass Sie <strong>sich gegenseitig helfen, unterst\u00fctzen und ansprechen<\/strong> wenn n\u00f6tig.<br \/>\nJeder macht mal einen Fehler oder hat einen schlechten Tag, und das ist nicht schlimm.<br \/>\nEs geht darum, nicht \u00fcbereinander zu urteilen, sondern sich gegenseitig zu helfen und gemeinsam besser zu werden.<\/p>\n<p>Ein professionelles Team erkennt man an Kollegen, die:<\/p>\n<ul class=\"rcc-bullets\">\n<li>Einander helfen, ohne dass man darum gebeten werden muss.<\/li>\n<li>Wir wagen es, uns gegenseitig respektvoll anzusprechen und zu verbessern.<\/li>\n<li>Einander zuh\u00f6ren und offen f\u00fcr Feedback sein.<\/li>\n<li>Etwas zu tun, um das Team zu entlasten.<\/li>\n<li>Motivieren Sie sich gegenseitig, wenn die Zeiten schwierig sind.<\/li>\n<li>Stolz auf ein gemeinsames gutes Ergebnis.<\/li>\n<li>Er wagt es, kritisch zu sein, aber immer mit Respekt.<\/li>\n<li>Klare und ehrliche Kommunikation.<\/li>\n<\/ul>\n<h3>Gemeinsam verantwortlich<\/h3>\n<p>Jeden Auftrag, den wir erledigen, erledigen wir als <strong>ein Team<\/strong>.<br \/>\nDer Kunde sieht uns nicht als getrennte Croupiers, sondern als eine Einheit: <strong>Royal Casino Unternehmen<\/strong>.<br \/>\nWenn eine Person ihre Arbeit nicht gut macht, wirkt sich das auf die gesamte Gruppe aus.<br \/>\nDeshalb \u00fcbernimmt jeder Verantwortung - f\u00fcr sich selbst und f\u00fcr das Team.<\/p>\n<p>Etwas geht schief? Kein Problem, das kann passieren.<br \/>\nDas Wichtigste ist, dass man es anerkennt, daraus lernt und daf\u00fcr sorgt, dass es nicht wieder passiert.<br \/>\nDiejenigen, die offen f\u00fcr Verbesserungen sind, wachsen am schnellsten und geh\u00f6ren wirklich zu unserem Team.<\/p>\n<h3>Die Kraft der Teamarbeit<\/h3>\n<p>Ein erfolgreicher Abend ist nie das Ergebnis einer einzelnen Person, sondern von <strong>Teamarbeit<\/strong>.<br \/>\nZusammen mit Ihren Kollegen und dem Manager bilden Sie eine Einheit: professionell, tatkr\u00e4ftig und enthusiastisch.<br \/>\nDie G\u00e4ste sp\u00fcren, dass Sie Spa\u00df haben, und das macht den Unterschied aus.<\/p>\n<div class=\"rcc-grid\">\n<div class=\"rcc-card\">\n<h4><span class=\"rcc-emoji\">\ud83e\udd1d<\/span>Wir machen es gemeinsam<\/h4>\n<p>Jeder tr\u00e4gt zum Erfolg bei. Wir helfen, unterst\u00fctzen und erg\u00e4nzen uns gegenseitig, wo es n\u00f6tig ist. Keiner steht allein.<\/p>\n<\/div>\n<div class=\"rcc-card\">\n<h4><span class=\"rcc-emoji\">\ud83d\udcac<\/span>Wir kommunizieren offen<\/h4>\n<p>Wir sagen, was besser sein k\u00f6nnte, aber immer mit Respekt. Eine klare Kommunikation verhindert Missverst\u00e4ndnisse und sorgt f\u00fcr ein gutes Arbeitsklima.<\/p>\n<\/div>\n<div class=\"rcc-card\">\n<h4><span class=\"rcc-emoji\">\ud83d\udcaa<\/span>Wir helfen uns gegenseitig<\/h4>\n<p>Egal, ob es gesch\u00e4ftig zugeht oder ob wir als Team ein bisschen schwierig sind, wir sind f\u00fcreinander da. Gemeinsam machen wir einen Unterschied.<\/p>\n<\/div>\n<div class=\"rcc-card\">\n<h4><span class=\"rcc-emoji\">\ud83c\udfc6<\/span>Wir sorgen daf\u00fcr, dass jeder Kunde zufrieden nach Hause geht<\/h4>\n<p>Letztlich geht es um das Erlebnis der G\u00e4ste. Als Team schaffen wir eine Atmosph\u00e4re, die beeindruckt und in Erinnerung bleibt.<\/p>\n<\/div>\n<div class=\"rcc-card\">\n<h4><span class=\"rcc-emoji\">\u2b50<\/span>Wir sind stolz auf unsere Arbeit<\/h4>\n<p>Wir tun dies mit Leidenschaft, Respekt und Spa\u00df. Jeder, der sein Bestes gibt, tr\u00e4gt zum Erfolg der Royal Casino Company bei.<\/p>\n<\/div>\n<\/div>\n<h3>Unser Leitbild<\/h3>\n<p>Wir glauben, dass eine angenehme Arbeitsatmosph\u00e4re beginnt mit <strong>Respekt, Ehrlichkeit und Humor<\/strong>.<br \/>\nWir wollen Kollegen, die ernsthaft arbeiten, einander vertrauen und gemeinsam nach Qualit\u00e4t streben.<br \/>\nKollegen, die nicht nur an ihre eigene Aufgabe, sondern an das Gesamtbild denken.<\/p>\n<h3>Zusammenfassung<\/h3>\n<p>Zusammenarbeit ist die Grundlage f\u00fcr alles, was wir tun.<br \/>\nWir vertrauen einander, unterst\u00fctzen uns gegenseitig und feiern gemeinsam Erfolge.<br \/>\nAls Team schaffen wir nicht nur einen Casino-Abend, sondern eine <strong>erleben<\/strong> Ich werde diese Jungs nie vergessen.<\/p>\n<p>Das ist es, was <strong>Royal Casino Unternehmen<\/strong> stark und deshalb bist du Teil dieses Teams. \ud83d\udcab<\/p>\n<\/div>\n<p>\n<\/div><\/div><\/div><\/div><\/div><\/div><\/div><\/div><\/div><\/div><\/div><\/div><\/div><\/div><script id=\"script-row-unique-0\" data-row=\"script-row-unique-0\" type=\"text\/javascript\" class=\"vc_controls\">UNCODE.initRow(document.getElementById(\"row-unique-0\"));<\/script><\/div><\/div><\/div>\n<\/div>","protected":false},"excerpt":{"rendered":"Werken in de entertainmentbranche Samenwerking &amp; Teamspirit Bij Royal Casino Company draait alles om samenwerking. We werken met elkaar, niet [...]","protected":false},"author":1,"featured_media":68380,"parent":71016,"menu_order":0,"comment_status":"closed","ping_status":"closed","template":"","meta":{"footnotes":""},"class_list":["post-71097","page","type-page","status-publish","has-post-thumbnail","hentry","page_category-personeel-portaal"],"_links":{"self":[{"href":"https:\/\/royalcasinocompany.nl\/de\/wp-json\/wp\/v2\/pages\/71097","targetHints":{"allow":["GET"]}}],"collection":[{"href":"https:\/\/royalcasinocompany.nl\/de\/wp-json\/wp\/v2\/pages"}],"about":[{"href":"https:\/\/royalcasinocompany.nl\/de\/wp-json\/wp\/v2\/types\/page"}],"author":[{"embeddable":true,"href":"https:\/\/royalcasinocompany.nl\/de\/wp-json\/wp\/v2\/users\/1"}],"replies":[{"embeddable":true,"href":"https:\/\/royalcasinocompany.nl\/de\/wp-json\/wp\/v2\/comments?post=71097"}],"version-history":[{"count":12,"href":"https:\/\/royalcasinocompany.nl\/de\/wp-json\/wp\/v2\/pages\/71097\/revisions"}],"predecessor-version":[{"id":71414,"href":"https:\/\/royalcasinocompany.nl\/de\/wp-json\/wp\/v2\/pages\/71097\/revisions\/71414"}],"up":[{"embeddable":true,"href":"https:\/\/royalcasinocompany.nl\/de\/wp-json\/wp\/v2\/pages\/71016"}],"wp:featuredmedia":[{"embeddable":true,"href":"https:\/\/royalcasinocompany.nl\/de\/wp-json\/wp\/v2\/media\/68380"}],"wp:attachment":[{"href":"https:\/\/royalcasinocompany.nl\/de\/wp-json\/wp\/v2\/media?parent=71097"}],"curies":[{"name":"wp","href":"https:\/\/api.w.org\/{rel}","templated":true}]}}