{"id":71104,"date":"2025-10-29T15:00:15","date_gmt":"2025-10-29T14:00:15","guid":{"rendered":"https:\/\/royalcasinocompany.nl\/?page_id=71104"},"modified":"2026-01-15T22:59:53","modified_gmt":"2026-01-15T21:59:53","slug":"fotos-maken-op-locatie","status":"publish","type":"page","link":"https:\/\/royalcasinocompany.nl\/de\/personeel\/fotos-maken-op-locatie\/","title":{"rendered":"Fotos vor Ort machen"},"content":{"rendered":"<div class=\"wpb-content-wrapper\"><div data-parent=\"true\" class=\"vc_row row-container boomapps_vcrow\" id=\"row-unique-0\"><div class=\"row limit-width row-parent\"><div class=\"wpb_row row-inner\"><div class=\"wpb_column pos-top pos-center align_left column_parent col-lg-12 boomapps_vccolumn single-internal-gutter\"><div class=\"uncol style-dark\"  ><div class=\"uncoltable\"><div class=\"uncell  boomapps_vccolumn no-block-padding\" ><div class=\"uncont\" ><div class=\"vc_row row-internal row-container boomapps_vcrow\"><div class=\"row row-child\"><div class=\"wpb_row row-inner\"><div class=\"wpb_column pos-top pos-center align_left column_child col-lg-12 boomapps_vccolumn single-internal-gutter\"><div class=\"uncol style-dark\" ><div class=\"uncoltable\"><div class=\"uncell  boomapps_vccolumn no-block-padding\" ><div class=\"uncont\" ><div class=\"vc_custom_heading_wrap\"><div class=\"heading-text el-text\" ><\/p>\n<h1>Aufnahme von Fotos und Videos vor Ort<\/h1>\n<p>\n<hr class=\"separator-break separator-accent\" \/><\/div><div class=\"clear\"><\/div><\/div><div class=\"empty-space empty-single\" ><span class=\"empty-space-inner\"><\/span><\/div>\n<div class=\"uncode_text_column\" ><\/p>\n<h2>\ud83d\udcf8 Inhalte erstellen - Fotos &amp; Filme<\/h2>\n<p>Gutes tun <strong>Fotos und Videos<\/strong> vor Ort ist <strong>obligatorisch<\/strong> auf jeden Befehl von <strong>Royal Casino Unternehmen<\/strong>.<br \/>\nDiese Bilder sind f\u00fcr unser Marketing, unsere Website, unsere sozialen Medien und unsere Pr\u00e4sentationen unverzichtbar.<br \/>\nSie zeigen, wer wir sind, wie professionell wir arbeiten und welche Erfahrungen wir unseren Kunden bieten.<\/p>\n<p><strong>Ohne gute Inhalte k\u00f6nnen wir unsere Aufgaben nicht pr\u00e4sentieren, neue Kunden nicht \u00fcberzeugen und somit keine neuen Auftr\u00e4ge generieren.<\/strong><br \/>\nMit anderen Worten: <strong>gute Fotos und Videos = mehr Arbeit f\u00fcr alle.<\/strong><\/p>\n<p>-<\/p>\n<h3>\ud83c\udfaf Warum Inhalte so wichtig sind<\/h3>\n<p>Royal Casino Company verkauft kein Standardprodukt, sondern ein <strong>erleben<\/strong>.<br \/>\nDiese Erfahrung kann man nur mit Bildern richtig vermitteln. Potenzielle Kunden sollten in der Lage sein <em>siehe<\/em> wie sch\u00f6n unsere Tische sind, wie enthusiastisch unsere Croupiers arbeiten und wie viel Spa\u00df die G\u00e4ste haben.<\/p>\n<p>Die von Ihnen erstellten Inhalte:<\/p>\n<ul>\n<li>\ud83d\udcf1 Verwendet f\u00fcr unsere Website, soziale Medien und Werbematerialien.<\/li>\n<li>\ud83c\udfaf Hilft, neue Kunden zu gewinnen.<\/li>\n<li>\ud83d\udc8e Pr\u00e4sentieren Sie unsere Qualit\u00e4t und Professionalit\u00e4t.<\/li>\n<li>\ud83e\udd1d Das schafft indirekt mehr Arbeit und Kontinuit\u00e4t f\u00fcr das gesamte Team.<\/li>\n<\/ul>\n<p>Deshalb ist die Erstellung guter Bilder keine optionale Aufgabe, sondern eine <strong>feste Verpflichtung<\/strong> mit jedem Auftrag.<\/p>\n<p>-<\/p>\n<h3>\ud83d\udc65 Wer ist verantwortlich?<\/h3>\n<p>Die <strong>Gesch\u00e4ftsf\u00fchrer (LG)<\/strong> ist letztlich f\u00fcr die Erstellung der Inhalte verantwortlich.<br \/>\nDer LG kann jemanden aus dem Team mit der Aufnahme von Fotos und Videos beauftragen, bleibt aber daf\u00fcr verantwortlich, dass dies geschieht <strong>gut und vollst\u00e4ndig<\/strong> geschieht.<\/p>\n<p>Planen Sie daf\u00fcr immer bewusst Zeit ein.<br \/>\nEin guter Zeitpunkt ist z. B. bei der Ankunft, w\u00e4hrend des Aufbaus, kurz vor Beginn der Veranstaltung oder w\u00e4hrend einer kurzen Pause.<br \/>\nNehmen Sie sich Zeit und stellen Sie sicher, dass das Ergebnis professionell ist - keine schnellen oder schlampigen Fotos, sondern Bilder, die <strong>Instagram-w\u00fcrdig<\/strong> sind.<\/p>\n<p>-<\/p>\n<h3>\ud83d\udcf2 Welche Art von Bildern soll aufgenommen werden?<\/h3>\n<p>Marke von <strong>alles mindestens 3 Sch\u00fcsse<\/strong> sowohl Fotos als auch kurze Videos. (siehe dazu die Checkliste f\u00fcr den Inhalt)<br \/>\nVerwenden Sie dazu die Kamera eines guten Handys (vorzugsweise iPhone oder \u00e4hnlich) und filmen Sie immer <strong>vertikal<\/strong>.<\/p>\n<h4>\ud83c\udfe0 Der Standort<\/h4>\n<ul>\n<li>\ud83d\udcf8 Foto\/Film von der Au\u00dfenansicht des Veranstaltungsortes.<\/li>\n<li>\ud83c\udff7\ufe0f Foto\/Film von Logo oder Name auf der Fassade.<\/li>\n<li>\ud83c\udfdb\ufe0f Foto\/Film von der leeren Halle vor dem Bau.<\/li>\n<li>\u2728 Foto\/Film des Raums, wenn alles eingerichtet und fertig ist.<\/li>\n<\/ul>\n<h4>\ud83c\udfb2 Die Kasinotische<\/h4>\n<ul>\n<li>\ud83c\udfaf Nahaufnahme der einzelnen Casinotische.<\/li>\n<li>\ud83d\udcf7 \u00dcbersichtsfoto von allen Tischen zusammen.<\/li>\n<li>\ud83d\udc8e Detailaufnahmen von Zubeh\u00f6r, Chips, Lampen und Dekoration.<\/li>\n<\/ul>\n<h4>\ud83e\uddcd\u200d\u2642\ufe0f Die Croupiers<\/h4>\n<ul>\n<li>\ud83d\ude04 Foto von jedem Croupier mit einem lustigen oder stilvollen Hintergrund.<\/li>\n<li>\ud83c\udfb0 Foto von jedem Croupier hinter seinem Casinotisch.<\/li>\n<li>\ud83d\udcf8 Gruppenfoto mit allen Croupiers zusammen vor einem sch\u00f6nen Hintergrund oder im Raum.<\/li>\n<\/ul>\n<h4>\ud83c\udf89 Extras &amp; Atmosph\u00e4re<\/h4>\n<ul>\n<li>\ud83d\udcf8 Spielende G\u00e4ste (nur mit respektvollen, repr\u00e4sentativen Bildern).<\/li>\n<li>\ud83d\udcac Interaktion zwischen G\u00e4sten und Croupiers.<\/li>\n<li>\ud83c\udf78 Stimmungsbilder vom Veranstaltungsort, der Beleuchtung, dem Catering oder den Darstellern.<\/li>\n<li>\ud83d\ude90 Unser Casino-Bus oder Fahrzeuge mit Logo vor Ort.<\/li>\n<\/ul>\n<p>-<\/p>\n<h3>\ud83e\udde0 Wichtig: Qualit\u00e4t vor Quantit\u00e4t<\/h3>\n<ul>\n<li>Lieber 10 gute Fotos machen als 30 mittelm\u00e4\u00dfige.<\/li>\n<li>Stellen Sie sicher, dass die Bilder <strong>vertikal<\/strong> sind (f\u00fcr soziale Medien).<\/li>\n<li>Sorgen Sie f\u00fcr ausreichend Licht, verwenden Sie gegebenenfalls einen Blitz.<\/li>\n<li>Halten Sie die Kamera gerade und vermeiden Sie unscharfe Bilder.<\/li>\n<li>Denken Sie an die Komposition: Tisch, Menschen und Atmosph\u00e4re zusammen im Bild.<\/li>\n<li>Machen Sie sowohl \u00dcbersichtsaufnahmen als auch Nahaufnahmen.<\/li>\n<li>Achten Sie immer auf die Privatsph\u00e4re: Machen Sie keine Fotos, die die G\u00e4ste unvorteilhaft zeigen.<\/li>\n<\/ul>\n<p>-<\/p>\n<h3>\ud83d\udcf8 Wenn ein Fotograf anwesend ist<\/h3>\n<p>Wenn ein offizieller Fotograf anwesend ist, fragen Sie immer h\u00f6flich nach seinem oder ihrem <strong>Fahrkarte oder Kontaktangaben<\/strong>.<br \/>\nBitte geben Sie diese Informationen an das B\u00fcro weiter, damit wir die Fotos anfordern k\u00f6nnen.<br \/>\nBitte beachten Sie, dass dies Folgendes ersetzt <strong>nicht<\/strong> Ihre eigene inhaltliche Verpflichtung.<br \/>\nWir haben immer <strong>eigene Fotos und Videos<\/strong> f\u00fcr unser Archiv und die sozialen Medien ben\u00f6tigt.<\/p>\n<p>-<\/p>\n<h3>\ud83d\udca1 Zusammenfassung<\/h3>\n<ul>\n<li>\ud83d\udcf7 Die Aufnahme von Fotos und Videos ist <strong>obligatorisch<\/strong> mit jedem Auftrag.<\/li>\n<li>\ud83d\udc54 Die Aufsichtsperson ist letztendlich verantwortlich.<\/li>\n<li>\ud83d\udcf1 Nehmen Sie vertikale, klare und repr\u00e4sentative Bilder auf.<\/li>\n<li>Pr\u00e4sentieren Sie die Atmosph\u00e4re, die Qualit\u00e4t und die Professionalit\u00e4t von Royal Casino Company.<\/li>\n<li>\ud83c\udfc6 Gute Inhalte = mehr Sichtbarkeit, mehr Kunden, mehr Auftr\u00e4ge.<\/li>\n<\/ul>\n<p><strong>Gute Inhalte zeigen, wer wir sind, was wir tun und warum sich Kunden f\u00fcr Royal Casino Company entscheiden - und das beginnt mit Ihnen!<\/strong> \ud83d\ude4c<\/p>\n<\/div><div class=\"divider-wrapper\"  >\n    <hr class=\"border-accent-color separator-no-padding\"  \/>\n<\/div>\n<\/div><\/div><\/div><\/div><\/div><\/div><\/div><\/div><\/div><\/div><\/div><\/div><\/div><script id=\"script-row-unique-0\" data-row=\"script-row-unique-0\" type=\"text\/javascript\" class=\"vc_controls\">UNCODE.initRow(document.getElementById(\"row-unique-0\"));<\/script><\/div><\/div><\/div>\n<\/div>","protected":false},"excerpt":{"rendered":"Foto's &amp; Filmpjes maken op locatie \ud83d\udcf8 Content maken \u2013 Foto\u2019s &amp; Filmpjes Het maken van goede foto\u2019s en filmpjes [...]","protected":false},"author":1,"featured_media":67076,"parent":71016,"menu_order":0,"comment_status":"closed","ping_status":"closed","template":"","meta":{"footnotes":""},"class_list":["post-71104","page","type-page","status-publish","has-post-thumbnail","hentry","page_category-personeel-portaal"],"_links":{"self":[{"href":"https:\/\/royalcasinocompany.nl\/de\/wp-json\/wp\/v2\/pages\/71104","targetHints":{"allow":["GET"]}}],"collection":[{"href":"https:\/\/royalcasinocompany.nl\/de\/wp-json\/wp\/v2\/pages"}],"about":[{"href":"https:\/\/royalcasinocompany.nl\/de\/wp-json\/wp\/v2\/types\/page"}],"author":[{"embeddable":true,"href":"https:\/\/royalcasinocompany.nl\/de\/wp-json\/wp\/v2\/users\/1"}],"replies":[{"embeddable":true,"href":"https:\/\/royalcasinocompany.nl\/de\/wp-json\/wp\/v2\/comments?post=71104"}],"version-history":[{"count":7,"href":"https:\/\/royalcasinocompany.nl\/de\/wp-json\/wp\/v2\/pages\/71104\/revisions"}],"predecessor-version":[{"id":71932,"href":"https:\/\/royalcasinocompany.nl\/de\/wp-json\/wp\/v2\/pages\/71104\/revisions\/71932"}],"up":[{"embeddable":true,"href":"https:\/\/royalcasinocompany.nl\/de\/wp-json\/wp\/v2\/pages\/71016"}],"wp:featuredmedia":[{"embeddable":true,"href":"https:\/\/royalcasinocompany.nl\/de\/wp-json\/wp\/v2\/media\/67076"}],"wp:attachment":[{"href":"https:\/\/royalcasinocompany.nl\/de\/wp-json\/wp\/v2\/media?parent=71104"}],"curies":[{"name":"wp","href":"https:\/\/api.w.org\/{rel}","templated":true}]}}