{"id":71170,"date":"2025-10-31T09:42:11","date_gmt":"2025-10-31T08:42:11","guid":{"rendered":"https:\/\/royalcasinocompany.nl\/?page_id=71170"},"modified":"2026-01-15T22:49:08","modified_gmt":"2026-01-15T21:49:08","slug":"beschikbaarheid-en-inplannen","status":"publish","type":"page","link":"https:\/\/royalcasinocompany.nl\/de\/personeel\/beschikbaarheid-en-inplannen\/","title":{"rendered":"Verf\u00fcgbarkeit und Terminplanung"},"content":{"rendered":"<div class=\"wpb-content-wrapper\"><div data-parent=\"true\" class=\"vc_row row-container boomapps_vcrow\" id=\"row-unique-0\"><div class=\"row limit-width row-parent\"><div class=\"wpb_row row-inner\"><div class=\"wpb_column pos-top pos-center align_left column_parent col-lg-12 boomapps_vccolumn single-internal-gutter\"><div class=\"uncol style-dark\"  ><div class=\"uncoltable\"><div class=\"uncell  boomapps_vccolumn no-block-padding\" ><div class=\"uncont\" ><div class=\"vc_custom_heading_wrap\"><div class=\"heading-text el-text\" ><\/p>\n<h1>Verf\u00fcgbarkeit \u2192 Terminplanung \u2192 Zeitplan<\/h1>\n<p>\n<hr class=\"separator-break separator-accent\" \/><\/div><div class=\"clear\"><\/div><\/div><div class=\"empty-space empty-single\" ><span class=\"empty-space-inner\"><\/span><\/div>\n<div class=\"uncode_text_column\" ><p>Damit bei uns alles reibungslos l\u00e4uft <strong>Be Our Guest Veranstaltungen<\/strong>, ist eine gute Planung unerl\u00e4sslich.<br \/>\nMit dieser Erkl\u00e4rung wissen Sie genau, wie wir bei der Einteilung der Mitarbeiter, der Zusammenstellung der Teams und der Erstellung des Zeitplans vorgehen.<br \/>\nAuf diese Weise vermeiden wir Missverst\u00e4ndnisse und jeder wei\u00df, woran er ist.<\/p>\n<p>Lesen Sie hier Schritt f\u00fcr Schritt, wie der Planungsprozess abl\u00e4uft, was wir von Ihnen erwarten und wie Sie sich selbst gut vorbereiten k\u00f6nnen.<\/p>\n<p>-<\/p>\n<h3>1\ufe0f\u20e3 Angebotsanforderung &amp; Verf\u00fcgbarkeitsrunde<\/h3>\n<p>Sobald ein <strong>Angebotsanforderung<\/strong> mit hoher Wahrscheinlichkeit durchkommt, beginnen wir, die Verf\u00fcgbarkeit unseres Teams zu pr\u00fcfen.<br \/>\nAlle Croupiers erhalten dar\u00fcber eine Benachrichtigung per E-Mail und eine Mitteilung in der <strong>Rentman-App<\/strong>.<\/p>\n<p><strong>Ihre Aktion:<\/strong><br \/>\nEingabe <strong>2 bis 3 Tage<\/strong> Ihre Verf\u00fcgbarkeit durch Rentman:<\/p>\n<ul>\n<li><strong>Verf\u00fcgbar<\/strong> - Sie k\u00f6nnen zu dem angegebenen Datum arbeiten.<\/li>\n<li><strong>Nicht verf\u00fcgbar<\/strong> - Sie k\u00f6nnen nicht arbeiten (lassen Sie uns das auch immer wissen).<\/li>\n<li><strong>Zweifeln Sie?<\/strong> - Wenn ja, informieren Sie uns bitte \u00fcber die App, damit wir wissen, dass Sie noch pr\u00fcfen m\u00fcssen, ob es funktioniert.<\/li>\n<\/ul>\n<p>Unsere Kollegen im B\u00fcro warten in diesem Stadium auf Ihre Antwort, um zu entscheiden, ob wir den Auftrag definitiv annehmen oder ihn aufgrund von Personalmangel ablehnen m\u00fcssen. Es ist daher wichtig, dass Sie immer <strong>Reagiert schnell<\/strong> Das entscheidet dar\u00fcber, ob wir einen Job annehmen k\u00f6nnen oder ihn aufgeben m\u00fcssen.<\/p>\n<p>-<\/p>\n<h3>2\ufe0f\u20e3 Teamauswahl<\/h3>\n<p>Wenn gen\u00fcgend Croupiers verf\u00fcgbar sind, stellt das B\u00fcro das Team zusammen.<br \/>\nDie Benotung erfolgt sorgf\u00e4ltig nach folgenden Kriterien:<\/p>\n<ul>\n<li>Motivation und Engagement<\/li>\n<li>Verl\u00e4sslichkeit und bisherige Leistungen<\/li>\n<li>Geschwindigkeit der Reaktion<\/li>\n<li>Erfahrung mit der Art der Veranstaltung<\/li>\n<\/ul>\n<p>Neue Kollegen (Junior Croupiers) werden mit einem <strong>erfahrener Senior Croupier.<\/strong><br \/>\nAuf diese Weise lernen Sie direkt von den Besten und haben immer jemanden im Team, an den Sie sich mit Fragen wenden k\u00f6nnen.<br \/>\nWir wollen, dass sich jeder weiterentwickelt und mit jeder Aufgabe st\u00e4rker wird.<\/p>\n<p>-<\/p>\n<h3>3\ufe0f\u20e3 Teamkommunikation \u00fcber WhatsApp<\/h3>\n<p>Sobald das Team komplett ist, werden wir eine <strong>WhatsApp-Gruppenchat<\/strong> f\u00fcr diese spezielle Aufgabe.<br \/>\nIn dieser Gruppen-App <strong>gesamte Kommunikation<\/strong> \u00fcber die Veranstaltung, wie z. B.:<\/p>\n<ul>\n<li>Zus\u00e4tzliche Informationen<\/li>\n<li>Kolleginnen und Kollegen, mit denen Sie arbeiten<\/li>\n<li>Das Anrufverzeichnis<\/li>\n<li>Besondere oder spezifische Anweisungen<\/li>\n<\/ul>\n<p>Sie werden nach einer <strong>Lesebest\u00e4tigung<\/strong> senden, sobald Sie die Nachricht gelesen haben.<br \/>\nAuf diese Weise k\u00f6nnen wir sicher sein, dass jeder die Informationen erhalten und den Termin in seinem Kalender eingetragen hat.<\/p>\n<p>Haben Sie Fragen zur Aufgabe oder zu Ihrer Arbeit? Dann stellen Sie sie immer in der Gruppen-App der Veranstaltung.<br \/>\nJegliche Kommunikation \u00fcber diesen speziellen Auftrag ist <strong>ausschlie\u00dflich \u00fcber diese Gruppen-App<\/strong>, damit alles klar und \u00fcbersichtlich bleibt.<\/p>\n<p>-<\/p>\n<h3>4\ufe0f\u20e3 Verabredung = Verabredung<\/h3>\n<p>Unter <strong>Be Our Guest Veranstaltungen<\/strong> wir wenden eine klare Regel an: <strong>ein Gesch\u00e4ft ist ein Gesch\u00e4ft<\/strong>.<br \/>\nUnsere Kunden z\u00e4hlen auf uns und wir z\u00e4hlen auf Sie. Das bedeutet Sie:<\/p>\n<ul>\n<li>Immer <strong>p\u00fcnktlich<\/strong> sind (mindestens 10 Minuten vor dem Start anwesend).<\/li>\n<li><strong>Vorbereitet und professionell<\/strong> erscheint.<\/li>\n<li>Sie halten sich an getroffene Vereinbarungen.<\/li>\n<\/ul>\n<p><strong>Anmerkung:<\/strong> Wenn Sie nicht erscheinen, ohne dies vorher telefonisch mit <strong>Tim<\/strong> oder <strong>Talitha<\/strong>?<br \/>\nDann bedeutet dies <strong>fristlose Entlassung<\/strong>. Wir arbeiten professionell, und das erwarten wir auch von jedem im Team.<br \/>\nZuverl\u00e4ssigkeit ist die Grundlage unseres Erfolgs.<\/p>\n<p>-<\/p>\n<h3>5\ufe0f\u20e3 Sie k\u00f6nnen doch sicher nicht arbeiten, wenn Sie auf \u201cverf\u00fcgbar\u201d verzichten?<\/h3>\n<p>Das kann nat\u00fcrlich passieren, aber es ist wichtig, dass wir das tun <strong>so bald wie m\u00f6glich<\/strong> wissen, damit wir f\u00fcr Ersatz sorgen k\u00f6nnen und unser Kunde nicht entt\u00e4uscht sein wird.<\/p>\n<p>Klicken Sie unten, um das richtige Verfahren f\u00fcr diesen Fall zu erfahren:<\/p>\n<p>\ud83d\udc49 <a href=\"https:\/\/royalcasinocompany.nl\/de\/personeel\/je-kan-niet-werken-en-nu\/\">Ich bin eingeplant, kann aber trotzdem nicht arbeiten - was nun?<\/a><\/p>\n<p>Ich danke Ihnen f\u00fcr Ihren Einsatz, Ihre Professionalit\u00e4t und Ihr Engagement.<br \/>\nGemeinsam sorgen wir daf\u00fcr, dass jede Veranstaltung von <strong>Royal Casino Unternehmen<\/strong> reibungslos. \ud83c\udfb0\u2728<\/p>\n<\/div><div class=\"divider-wrapper\"  >\n    <hr class=\"border-accent-color separator-no-padding\"  \/>\n<\/div>\n<\/div><\/div><\/div><\/div><\/div><script id=\"script-row-unique-0\" data-row=\"script-row-unique-0\" type=\"text\/javascript\" class=\"vc_controls\">UNCODE.initRow(document.getElementById(\"row-unique-0\"));<\/script><\/div><\/div><\/div>\n<\/div>","protected":false},"excerpt":{"rendered":"Beschikbaarheid \u2192 Inplannen \u2192 Rooster Om alles soepel te laten verlopen bij Be Our Guest Events, is een goede planning [...]","protected":false},"author":1,"featured_media":70924,"parent":71016,"menu_order":0,"comment_status":"closed","ping_status":"closed","template":"","meta":{"footnotes":""},"class_list":["post-71170","page","type-page","status-publish","has-post-thumbnail","hentry","page_category-personeel-portaal"],"_links":{"self":[{"href":"https:\/\/royalcasinocompany.nl\/de\/wp-json\/wp\/v2\/pages\/71170","targetHints":{"allow":["GET"]}}],"collection":[{"href":"https:\/\/royalcasinocompany.nl\/de\/wp-json\/wp\/v2\/pages"}],"about":[{"href":"https:\/\/royalcasinocompany.nl\/de\/wp-json\/wp\/v2\/types\/page"}],"author":[{"embeddable":true,"href":"https:\/\/royalcasinocompany.nl\/de\/wp-json\/wp\/v2\/users\/1"}],"replies":[{"embeddable":true,"href":"https:\/\/royalcasinocompany.nl\/de\/wp-json\/wp\/v2\/comments?post=71170"}],"version-history":[{"count":10,"href":"https:\/\/royalcasinocompany.nl\/de\/wp-json\/wp\/v2\/pages\/71170\/revisions"}],"predecessor-version":[{"id":71925,"href":"https:\/\/royalcasinocompany.nl\/de\/wp-json\/wp\/v2\/pages\/71170\/revisions\/71925"}],"up":[{"embeddable":true,"href":"https:\/\/royalcasinocompany.nl\/de\/wp-json\/wp\/v2\/pages\/71016"}],"wp:featuredmedia":[{"embeddable":true,"href":"https:\/\/royalcasinocompany.nl\/de\/wp-json\/wp\/v2\/media\/70924"}],"wp:attachment":[{"href":"https:\/\/royalcasinocompany.nl\/de\/wp-json\/wp\/v2\/media?parent=71170"}],"curies":[{"name":"wp","href":"https:\/\/api.w.org\/{rel}","templated":true}]}}