{"id":71174,"date":"2025-10-31T09:51:39","date_gmt":"2025-10-31T08:51:39","guid":{"rendered":"https:\/\/royalcasinocompany.nl\/?page_id=71174"},"modified":"2026-01-16T09:28:49","modified_gmt":"2026-01-16T08:28:49","slug":"rentman","status":"publish","type":"page","link":"https:\/\/royalcasinocompany.nl\/de\/personeel\/rentman\/","title":{"rendered":"Rentman"},"content":{"rendered":"<div class=\"wpb-content-wrapper\"><div data-parent=\"true\" class=\"vc_row row-container boomapps_vcrow\" id=\"row-unique-0\"><div class=\"row limit-width row-parent\"><div class=\"wpb_row row-inner\"><div class=\"wpb_column pos-top pos-center align_left column_parent col-lg-12 boomapps_vccolumn single-internal-gutter\"><div class=\"uncol style-dark\"  ><div class=\"uncoltable\"><div class=\"uncell  boomapps_vccolumn no-block-padding\" ><div class=\"uncont\" ><div class=\"vc_custom_heading_wrap\"><div class=\"heading-text el-text\" ><\/p>\n<h1>\ud83d\udcf2 Rentman - Ihre Planung und Kommunikation<\/h1>\n<p>\n<hr class=\"separator-break separator-accent\" \/><\/div><div class=\"clear\"><\/div><\/div><div class=\"empty-space empty-single\" ><span class=\"empty-space-inner\"><\/span><\/div>\n<div class=\"uncode_text_column\" ><p>Innerhalb <strong>Be Our Guest Veranstaltungen<\/strong>\u00a0wir arbeiten mit <strong>Rentman<\/strong>, unser zentrales Planungstool f\u00fcr Personal, Material und Auftr\u00e4ge.<br \/>\nBei Rentman ist alles klar, professionell und effizient, sowohl im B\u00fcro als auch f\u00fcr alle, die vor Ort arbeiten.<br \/>\nDas System sorgt daf\u00fcr, dass Sie immer genau wissen <strong>wobei<\/strong> und <strong>wenn<\/strong> Sie m\u00fcssen arbeiten, mit wem Sie arbeiten und was von Ihnen erwartet wird.<\/p>\n<p>-<\/p>\n<h3>\ud83d\udd0d Was ist Rentman?<\/h3>\n<p>Rentman ist eine digitale Umgebung, in der alle unsere Auftr\u00e4ge, Team-Layouts und Materialien geplant werden.<br \/>\nJeder Mitarbeiter hat ein eigenes Profil, in dem Sie Ihre Verf\u00fcgbarkeit angeben, Ihre Aufgaben einsehen und wichtige Informationen \u00fcber Ihre Veranstaltungen finden k\u00f6nnen.<br \/>\nSie k\u00f6nnen Rentman \u00fcber die <strong>App auf Ihrem Handy<\/strong> oder \u00fcber die <strong>Computer oder Tablet<\/strong>.<\/p>\n<p>In Rentman finden Sie unter anderem:<\/p>\n<ul>\n<li>\ud83d\udcc5 Ihr pers\u00f6nliches <strong>Gitter<\/strong> mit geplanten Ereignissen.<\/li>\n<li>\ud83d\udd52 Die genaue <strong>Arbeitszeiten<\/strong> und <strong>Anwesenheitszeiten<\/strong>.<\/li>\n<li>\ud83d\udccd Die <strong>Standort<\/strong> der Veranstaltung mit Navigation \u00fcber Google Maps.<\/li>\n<li>\ud83d\udc65 Die Namen Ihrer <strong>Kollegen<\/strong> innerhalb des Teams.<\/li>\n<li>\ud83e\uddfe Wichtig <strong>Dokumente<\/strong> oder <strong>Anh\u00e4nge<\/strong> die zu Ihrem Auftrag geh\u00f6ren.<\/li>\n<\/ul>\n<p>-<\/p>\n<h3>\ud83d\udca1 Warum wir mit Rentman arbeiten<\/h3>\n<p>Wir verwenden Rentman, weil es Klarheit, Schnelligkeit und Professionalit\u00e4t in der Kommunikation bietet.<br \/>\nDurch die Arbeit mit diesem System:<\/p>\n<ul>\n<li>\u2705 Hat jeder immer Einblick in seinen eigenen Zeitplan.<\/li>\n<li>\u2705 K\u00f6nnen Sie schnell und einfach Ihre <strong>Verf\u00fcgbarkeit<\/strong> weitergeben.<\/li>\n<li>\u2705 \u00c4nderungen sind sofort sichtbar, ohne separate Nachrichten per WhatsApp oder E-Mail.<\/li>\n<li>\u2705 Halten Sie den Zeitplan sowohl f\u00fcr das B\u00fcro als auch f\u00fcr das Personal klar.<\/li>\n<li>\u2705 K\u00f6nnen wir Teams besser zusammenstellen und effizienter planen.<\/li>\n<\/ul>\n<p>-<\/p>\n<p>Kurz gesagt: <strong>Rentman ist der Weg, um unsere Auftr\u00e4ge reibungslos, professionell und fehlerfrei zu organisieren<\/strong>.<br \/>\nAlle verwenden das gleiche System und arbeiten mit den gleichen Informationen, was Verwirrung vermeidet und f\u00fcr Ruhe und Struktur sorgt.<\/p>\n<p>-<\/p>\n<h3>\ud83d\udcd8 Wie verwenden Sie Rentman?<\/h3>\n<p>Um Ihnen den Weg zu ebnen, haben wir drei \u00fcbersichtliche Leitf\u00e4den erstellt.<br \/>\nLesen Sie diese sorgf\u00e4ltig durch und vergewissern Sie sich, dass Sie genau wissen, wie es funktioniert.<br \/>\nEine gute Vorbereitung macht Ihre Arbeit einfacher und professioneller.<\/p>\n<ul>\n<li>\ud83d\udcf1 <a href=\"https:\/\/royalcasinocompany.nl\/wp-content\/uploads\/2025\/10\/01-Hoe-werkt-de-Rentman-App.pdf\">Handbuch: So funktioniert die Rentman App<\/a><\/li>\n<li>\ud83d\uddd3\ufe0f <a href=\"https:\/\/royalcasinocompany.nl\/wp-content\/uploads\/2025\/11\/01-Uitleg-over-de-Rentman-Beschikbaarheid-doorgeven-1.pdf\">Manuell: Verf\u00fcgbarkeit der \u00dcbertragung<\/a><\/li>\n<li>\ud83d\udcbb <a href=\"https:\/\/royalcasinocompany.nl\/wp-content\/uploads\/2025\/11\/03-Uitleg-over-de-Rentman-op-Computer-of-tablet-1.pdf\">Handbuch: Rentman auf Computer oder Tablet<\/a><\/li>\n<\/ul>\n<p>-<\/p>\n<h3>\u2699\ufe0f Wichtig zu wissen<\/h3>\n<ul>\n<li>Laden Sie immer die <strong>Rentman App<\/strong> sobald Sie Ihren Dienst antreten.<\/li>\n<li>\u00dcberpr\u00fcfen Sie regelm\u00e4\u00dfig Ihren Zeitplan und melden Sie \u00c4nderungen Ihrer Verf\u00fcgbarkeit rechtzeitig.<\/li>\n<li>Lesen Sie die Informationen zu den einzelnen Aufgaben sorgf\u00e4ltig durch.<\/li>\n<li>Verwenden Sie <strong>Nur Rentner<\/strong> f\u00fcr Terminplanung und Verf\u00fcgbarkeit. WhatsApp wird nur f\u00fcr die Kommunikation innerhalb eines bestimmten Teams verwendet.<\/li>\n<\/ul>\n<p>Wenn Sie Rentman gut nutzen, arbeiten Sie wie der Rest unseres Teams <strong>professionell, zuverl\u00e4ssig und vorbereitet<\/strong>.<br \/>\nDies ist die Grundlage f\u00fcr einen reibungslosen Ablauf der Veranstaltung und zufriedene Kunden. \ud83c\udfaf<\/p>\n<\/div><span class=\"btn-container\" ><a role=\"button\"  href=\"https:\/\/royalcasinocompany.nl\/wp-content\/uploads\/2025\/10\/01-Hoe-werkt-de-Rentman-App.pdf\" class=\"custom-link btn border-width-0 btn-default btn-flat btn-icon-left\" target=\"_blank\">So funktioniert die Rentman-App<\/a><\/span><div class=\"divider-wrapper\"  >\n    <hr class=\"border-accent-color separator-no-padding\"  \/>\n<\/div>\n<\/div><\/div><\/div><\/div><\/div><script id=\"script-row-unique-0\" data-row=\"script-row-unique-0\" type=\"text\/javascript\" class=\"vc_controls\">UNCODE.initRow(document.getElementById(\"row-unique-0\"));<\/script><\/div><\/div><\/div>\n<\/div>","protected":false},"excerpt":{"rendered":"\ud83d\udcf2 Rentman \u2013 Jouw planning &amp; communicatie Binnen Be Our Guest Events\u00a0werken we met Rentman, onze centrale planningstool voor personeel, [...]","protected":false},"author":1,"featured_media":0,"parent":71016,"menu_order":0,"comment_status":"closed","ping_status":"closed","template":"","meta":{"footnotes":""},"class_list":["post-71174","page","type-page","status-publish","hentry","page_category-personeel-portaal"],"_links":{"self":[{"href":"https:\/\/royalcasinocompany.nl\/de\/wp-json\/wp\/v2\/pages\/71174","targetHints":{"allow":["GET"]}}],"collection":[{"href":"https:\/\/royalcasinocompany.nl\/de\/wp-json\/wp\/v2\/pages"}],"about":[{"href":"https:\/\/royalcasinocompany.nl\/de\/wp-json\/wp\/v2\/types\/page"}],"author":[{"embeddable":true,"href":"https:\/\/royalcasinocompany.nl\/de\/wp-json\/wp\/v2\/users\/1"}],"replies":[{"embeddable":true,"href":"https:\/\/royalcasinocompany.nl\/de\/wp-json\/wp\/v2\/comments?post=71174"}],"version-history":[{"count":11,"href":"https:\/\/royalcasinocompany.nl\/de\/wp-json\/wp\/v2\/pages\/71174\/revisions"}],"predecessor-version":[{"id":71954,"href":"https:\/\/royalcasinocompany.nl\/de\/wp-json\/wp\/v2\/pages\/71174\/revisions\/71954"}],"up":[{"embeddable":true,"href":"https:\/\/royalcasinocompany.nl\/de\/wp-json\/wp\/v2\/pages\/71016"}],"wp:attachment":[{"href":"https:\/\/royalcasinocompany.nl\/de\/wp-json\/wp\/v2\/media?parent=71174"}],"curies":[{"name":"wp","href":"https:\/\/api.w.org\/{rel}","templated":true}]}}