{"id":71186,"date":"2025-11-02T12:33:38","date_gmt":"2025-11-02T11:33:38","guid":{"rendered":"https:\/\/royalcasinocompany.nl\/?page_id=71186"},"modified":"2026-01-15T22:44:08","modified_gmt":"2026-01-15T21:44:08","slug":"aankomst-op-locatie","status":"publish","type":"page","link":"https:\/\/royalcasinocompany.nl\/de\/personeel\/aankomst-op-locatie\/","title":{"rendered":"Ankunft vor Ort"},"content":{"rendered":"<div class=\"wpb-content-wrapper\"><div data-parent=\"true\" class=\"vc_row row-container boomapps_vcrow\" id=\"row-unique-0\"><div class=\"row limit-width row-parent\"><div class=\"wpb_row row-inner\"><div class=\"wpb_column pos-top pos-center align_left column_parent col-lg-12 boomapps_vccolumn single-internal-gutter\"><div class=\"uncol style-dark\"  ><div class=\"uncoltable\"><div class=\"uncell  boomapps_vccolumn no-block-padding\" ><div class=\"uncont\" ><div class=\"vc_row row-internal row-container boomapps_vcrow\"><div class=\"row row-child\"><div class=\"wpb_row row-inner\"><div class=\"wpb_column pos-top pos-center align_left column_child col-lg-12 boomapps_vccolumn single-internal-gutter\"><div class=\"uncol style-dark\" ><div class=\"uncoltable\"><div class=\"uncell  boomapps_vccolumn no-block-padding\" ><div class=\"uncont\" ><div class=\"vc_custom_heading_wrap\"><div class=\"heading-text el-text\" ><\/p>\n<h1>\ud83d\udccd Ankunft vor Ort<\/h1>\n<p>\n<hr class=\"separator-break separator-accent\" \/><\/div><div class=\"clear\"><\/div><\/div><div class=\"empty-space empty-single\" ><span class=\"empty-space-inner\"><\/span><\/div>\n<div class=\"uncode_text_column\" ><p>Die Ankunft vor Ort ist ein wichtiger Moment. Dies ist der erste Kontakt zwischen <strong>Royal Casino Unternehmen<\/strong> und den Kunden und damit den Moment, in dem der erste Eindruck gemacht wird. Stellen Sie sicher, dass Sie <strong>professionell, h\u00f6flich und organisiert<\/strong> kommt von dem Moment an r\u00fcber, in dem man aussteigt.<\/p>\n<p>-<\/p>\n<h3>\ud83d\ude90 Ankunft und Vorbereitung<\/h3>\n<ul>\n<li>\ud83d\udcc5 \u00dcberpr\u00fcfen Sie bei Ihrer Ankunft die <strong>Anrufliste<\/strong> ein paar mehr f\u00fcr die richtigen Zeiten, Kontakt- und Ortsinformationen.<\/li>\n<li>\ud83d\udeaa Die <strong>Gesch\u00e4ftsf\u00fchrer (LG)<\/strong> geht zuerst hinein und stellt sich dem Kunden oder der Kontaktperson freundlich vor.<\/li>\n<li>\ud83d\udde3\ufe0f Stellen Sie sich und Ihre Kollegen h\u00f6flich vor, sch\u00fctteln Sie die H\u00e4nde und zeigen Sie eine professionelle Haltung und einen professionellen Ton.<br \/>\nDies ist der Moment, in dem der Kunde entscheidet: \u201cDieses Team wei\u00df, was es tut\u201d.\u201d<\/li>\n<\/ul>\n<p>-<\/p>\n<h3>\ud83e\udd1d Kommunikation mit dem Kunden<\/h3>\n<ul>\n<li>Der Manager erkundigt sich h\u00f6flich nach den W\u00fcnschen des Kunden und bespricht kurz den Ablaufplan (Aufbau, Garderobe, Startzeit, eventuelle Besonderheiten).<\/li>\n<li>Der Kunde kann bei dieser Gelegenheit zus\u00e4tzliche W\u00fcnsche \u00e4u\u00dfern, die er sorgf\u00e4ltig notiert oder sich vom LG \u00fcber die Gruppen-App best\u00e4tigen l\u00e4sst, damit sie nicht vergessen werden.<\/li>\n<li>Geben Sie professionelle Ratschl\u00e4ge, wenn die Einrichtung oder der Standort des Tisches besser sein k\u00f6nnte, wir denken immer <strong>entlang<\/strong> mit dem Kunden, niemals gegen ihn.<\/li>\n<\/ul>\n<p>-<\/p>\n<h3>\ud83e\uddf1 Bauphase<\/h3>\n<ul>\n<li>\ud83c\udfb2 Der LG verteilt die Aufgaben: wer holt welches Material aus dem Bus, wer baut welchen Tisch auf, wer k\u00fcmmert sich um die Beleuchtung und so weiter.<\/li>\n<li>\u2699\ufe0f Arbeiten Sie strukturiert: Legen Sie zuerst alles an seinen Platz, bevor Sie mit dem Auspacken beginnen.<\/li>\n<li>\ud83e\uddcd\u200d\u2642\ufe0f Jeder hilft dem anderen, auch wenn der eigene Teil schon fertig ist. Durch Teamarbeit wird alles schneller und besser fertig.<\/li>\n<li>\u23f1\ufe0f Der LG beh\u00e4lt die Zeit im Auge und sorgt daf\u00fcr, dass das Team nach Plan arbeitet.<\/li>\n<\/ul>\n<p>-<\/p>\n<h3>\u2615 Pause und Zeitmessung<\/h3>\n<ul>\n<li>Die auf dem Anrufbeleg aufgef\u00fchrten Zeiten sind <strong>mit dem Kunden vereinbart<\/strong>.<br \/>\nHalten Sie sich immer daran und geben Sie keine eigene Interpretation ab, ohne dies vorher mit dem Kunden und gegebenenfalls mit Tim oder Taltiha \u00fcber die Gruppen-App zu besprechen.<\/li>\n<li>Die Pause sollte erst eingelegt werden, wenn alles fertig ist und der LG sie genehmigt hat.<\/li>\n<li>Nutzen Sie die Pausen, um zu verschnaufen, aber bleiben Sie professionell: Bleiben Sie in der N\u00e4he und achten Sie auf die Anfangszeit der Veranstaltung.<\/li>\n<\/ul>\n<p>-<\/p>\n<h3>\ud83c\udfaf Briefing &amp; Positionen<\/h3>\n<ul>\n<li>Vor Beginn der Veranstaltung gibt der LG eine kurze <strong>Einweisung<\/strong> zum Team:\n<ul>\n<li>Wer an welchem Tisch steht<\/li>\n<li>Zu welchem Zeitpunkt wird eine Pause eingelegt?<\/li>\n<li>Welche \u00c4nderungen werden nach der Pause vorgenommen?<\/li>\n<li>Die wichtigsten Regeln oder Details<\/li>\n<li>Welche Atmosph\u00e4re und welchen Ton der Kunde erwartet (formell, festlich, informell usw.)<\/li>\n<\/ul>\n<\/li>\n<li>Nach der Einweisung wei\u00df jeder genau, was vor, w\u00e4hrend und nach der Veranstaltung zu tun ist.<\/li>\n<\/ul>\n<p>-<\/p>\n<h3>\ud83d\udca1 Tipps f\u00fcr einen professionellen Eindruck<\/h3>\n<ul>\n<li>\ud83d\udd52 Immer sein <strong>p\u00fcnktlich<\/strong> lieber 10 Minuten zu fr\u00fch als 1 Minute zu sp\u00e4t.<\/li>\n<li>Erscheinen Sie vorzeigbar (keine M\u00fctze, Kapuze oder unprofessionelle Kleidung).<\/li>\n<li>\ud83d\udcac Seien Sie freundlich, h\u00f6flich und proaktiv in Haltung und Kommunikation.<\/li>\n<li>\ud83d\ude4c Zeigen Sie Begeisterung, l\u00e4cheln Sie und seien Sie hilfsbereit.<\/li>\n<li>\ud83e\udd2b Sprechen Sie vor dem Kunden niemals negativ \u00fcber Kollegen oder das Unternehmen.<\/li>\n<\/ul>\n<p>-<\/p>\n<h3>\ud83c\udfc1 Kurz und b\u00fcndig<\/h3>\n<ul>\n<li>\ud83d\udccd Melden Sie sich bei der Ankunft beim Kunden ordnungsgem\u00e4\u00df.<\/li>\n<li>\ud83d\udde3\ufe0f Der LG er\u00f6rtert Anforderungen und Planung.<\/li>\n<li>\ud83e\uddf1 Bauen Sie strukturiert und sorgf\u00e4ltig entsprechend der Aufgabenteilung.<\/li>\n<li>\ud83d\udd52 Behalten Sie die Zeit im Auge und machen Sie erst eine Pause, wenn alles fertig ist.<\/li>\n<li>\ud83c\udfb2 Nehmen Sie die Einweisung ernst und wissen Sie, welche Rolle Sie w\u00e4hrend der Veranstaltung haben.<\/li>\n<\/ul>\n<p>Ein guter Start vor Ort entscheidet \u00fcber den Verlauf des gesamten Abends. Als Team, das einen professionellen, ruhigen und organisierten Start hinlegt, machen wir sofort einen guten Eindruck.<br \/>\n<strong>Der Kunde f\u00fchlt sich bereits in diesem Moment beruhigt, und das ist genau das, was wir erreichen wollen.<\/strong> \u2728<\/p>\n<\/div><div class=\"divider-wrapper\"  >\n    <hr class=\"border-accent-color separator-no-padding\"  \/>\n<\/div>\n<\/div><\/div><\/div><\/div><\/div><\/div><\/div><\/div><\/div><\/div><\/div><\/div><\/div><script id=\"script-row-unique-0\" data-row=\"script-row-unique-0\" type=\"text\/javascript\" class=\"vc_controls\">UNCODE.initRow(document.getElementById(\"row-unique-0\"));<\/script><\/div><\/div><\/div>\n<\/div>","protected":false},"excerpt":{"rendered":"\ud83d\udccd Aankomst op locatie De aankomst op locatie is een belangrijk moment. Dit is het eerste contact tussen Royal Casino [...]","protected":false},"author":1,"featured_media":0,"parent":71016,"menu_order":0,"comment_status":"closed","ping_status":"closed","template":"","meta":{"footnotes":""},"class_list":["post-71186","page","type-page","status-publish","hentry","page_category-personeel-portaal"],"_links":{"self":[{"href":"https:\/\/royalcasinocompany.nl\/de\/wp-json\/wp\/v2\/pages\/71186","targetHints":{"allow":["GET"]}}],"collection":[{"href":"https:\/\/royalcasinocompany.nl\/de\/wp-json\/wp\/v2\/pages"}],"about":[{"href":"https:\/\/royalcasinocompany.nl\/de\/wp-json\/wp\/v2\/types\/page"}],"author":[{"embeddable":true,"href":"https:\/\/royalcasinocompany.nl\/de\/wp-json\/wp\/v2\/users\/1"}],"replies":[{"embeddable":true,"href":"https:\/\/royalcasinocompany.nl\/de\/wp-json\/wp\/v2\/comments?post=71186"}],"version-history":[{"count":5,"href":"https:\/\/royalcasinocompany.nl\/de\/wp-json\/wp\/v2\/pages\/71186\/revisions"}],"predecessor-version":[{"id":71921,"href":"https:\/\/royalcasinocompany.nl\/de\/wp-json\/wp\/v2\/pages\/71186\/revisions\/71921"}],"up":[{"embeddable":true,"href":"https:\/\/royalcasinocompany.nl\/de\/wp-json\/wp\/v2\/pages\/71016"}],"wp:attachment":[{"href":"https:\/\/royalcasinocompany.nl\/de\/wp-json\/wp\/v2\/media?parent=71186"}],"curies":[{"name":"wp","href":"https:\/\/api.w.org\/{rel}","templated":true}]}}