{"id":71191,"date":"2025-11-02T12:37:42","date_gmt":"2025-11-02T11:37:42","guid":{"rendered":"https:\/\/royalcasinocompany.nl\/?page_id=71191"},"modified":"2026-01-15T23:19:03","modified_gmt":"2026-01-15T22:19:03","slug":"omkleden","status":"publish","type":"page","link":"https:\/\/royalcasinocompany.nl\/de\/personeel\/omkleden\/","title":{"rendered":"Wechsel der Kleidung"},"content":{"rendered":"<div class=\"wpb-content-wrapper\"><div data-parent=\"true\" class=\"vc_row row-container boomapps_vcrow\" id=\"row-unique-0\"><div class=\"row limit-width row-parent\"><div class=\"wpb_row row-inner\"><div class=\"wpb_column pos-top pos-center align_left column_parent col-lg-12 boomapps_vccolumn single-internal-gutter\"><div class=\"uncol style-dark\"  ><div class=\"uncoltable\"><div class=\"uncell  boomapps_vccolumn no-block-padding\" ><div class=\"uncont\" ><div class=\"vc_row row-internal row-container boomapps_vcrow\"><div class=\"row row-child\"><div class=\"wpb_row row-inner\"><div class=\"wpb_column pos-top pos-center align_left column_child col-lg-12 boomapps_vccolumn single-internal-gutter\"><div class=\"uncol style-dark\" ><div class=\"uncoltable\"><div class=\"uncell  boomapps_vccolumn no-block-padding\" ><div class=\"uncont\" ><div class=\"vc_custom_heading_wrap\"><div class=\"heading-text el-text\" ><\/p>\n<h1>\ud83d\udc54 Umziehen - der Moment der Vorbereitung<\/h1>\n<p>\n<hr class=\"separator-break separator-accent\" \/><\/div><div class=\"clear\"><\/div><\/div><div class=\"empty-space empty-single\" ><span class=\"empty-space-inner\"><\/span><\/div>\n<div class=\"uncode_text_column\" ><p>Nach dem Aufbau des Casinos ist es Zeit f\u00fcr einen wichtigen Moment: die <strong>Kleiderwechsel<\/strong>.<br \/>\nDies ist nicht nur eine Pause, sondern der Moment, in dem Sie sich darauf vorbereiten, so zu sein wie <strong>professioneller Croupier<\/strong> an die Arbeit gehen.<br \/>\nVon diesem Moment an sind Sie die Visitenkarte von <strong>Royal Casino Unternehmen<\/strong> Ihr Erscheinungsbild bestimmt den ersten Eindruck der G\u00e4ste.<\/p>\n<p>-<\/p>\n<h3>\ud83e\uddcd\u200d\u2642\ufe0f Professionell und repr\u00e4sentativ<\/h3>\n<p>Wenn die Tische gedeckt sind und alles perfekt aussieht, nehmen Sie sich etwas Zeit, um sich umzuziehen und sich auszuruhen.<br \/>\nJeder Croupier muss schauen <strong>fantastisch, gepflegt und repr\u00e4sentativ<\/strong> aussehen.<br \/>\nEin gepflegtes \u00c4u\u00dferes strahlt Professionalit\u00e4t, Disziplin und Stolz aus, und genau das wollen wir auch unseren Kunden und G\u00e4sten gegen\u00fcber zum Ausdruck bringen.<\/p>\n<p><strong>Anmerkung:<\/strong> Ihre Kleidung und Ihr Auftreten sind Teil des Gesamterlebnisses.<br \/>\nAls Teil des Casinos sehen die G\u00e4ste Sie als stilvollen, gastfreundlichen Profi, der wei\u00df, was er tut.<\/p>\n<p>-<\/p>\n<h3>\ud83d\udd52 Pause &amp; Vorbereitung<\/h3>\n<p>Auch das Umziehen z\u00e4hlt als Pause. Es gibt gen\u00fcgend Zeit, wenn Sie sie richtig einteilen.<br \/>\nNutzen Sie diese Zeit, um sich zu entspannen, etwas zu essen und sich geistig auf das Ereignis vorzubereiten.<\/p>\n<ul>\n<li>\ud83c\udf7d\ufe0f <strong>Essen &amp; Trinken:<\/strong> Oft gibt es eine <strong>Mannschaftsessen<\/strong> vorhanden. Wenn nicht, k\u00f6nnen Sie in dieser Zeit essen, was Sie selbst mitgebracht haben.<\/li>\n<li>\ud83d\udca7 <strong>Fl\u00fcssigkeitszufuhr:<\/strong> Trinken Sie viel Wasser, aber vermeiden Sie starke Ger\u00fcche (wie Knoblauch, Zwiebeln oder starkes Parf\u00fcm) unmittelbar vor der Veranstaltung.<\/li>\n<li>\ud83e\uddd8\u200d\u2642\ufe0f <strong>Ruhiger Moment:<\/strong> Nutzen Sie diesen Moment, um sich zu erholen und zu entspannen.<\/li>\n<\/ul>\n<p>-<\/p>\n<h3>\ud83c\udfa9 Anziehen nach der Kleiderordnung<\/h3>\n<p>Jeder Croupier tr\u00e4gt die <strong>offizielle repr\u00e4sentative Croupier-Kleidung<\/strong>.<br \/>\nZiehen Sie sich sorgf\u00e4ltig an und \u00fcberpr\u00fcfen Sie jedes Detail:<\/p>\n<ul>\n<li>\ud83d\udda4 <strong>Schwarze Kleiderschuhe<\/strong> (keine Trainer oder Ausbilder)<\/li>\n<li>\ud83e\udde6 <strong>Schwarze hohe Socken<\/strong><\/li>\n<li>\ud83d\udc56 <strong>Schwarze Hose<\/strong> (keine Jeans oder blaue Hosen)<\/li>\n<li>\ud83e\uddcd\u200d\u2642\ufe0f <strong>Schwarzer G\u00fcrtel<\/strong><\/li>\n<li>\ud83e\udd0d <strong>Wei\u00dfes Hemd<\/strong> mit hohem Kragen (geeignet f\u00fcr Krawatte)<\/li>\n<li>\ud83d\udc9b <strong>Gold-Krawatte<\/strong> (von Royal Casino Company)<\/li>\n<li>\ud83d\udda4 <strong>Schwarze Weste<\/strong> (von Royal Casino Company)<\/li>\n<\/ul>\n<p>Achten Sie darauf, dass Ihre Kleidung sauber, geb\u00fcgelt und frisch ist.<br \/>\nVerwenden Sie gegebenenfalls einen kleinen Spiegel, um Ihre Krawatte oder Weste ein letztes Mal zu \u00fcberpr\u00fcfen, bevor Sie den Veranstaltungsort betreten.<\/p>\n<p>-<\/p>\n<h3>\ud83e\udd1d \u00dcberpr\u00fcfen Sie sich gegenseitig<\/h3>\n<p>Ein gutes Team hilft sich gegenseitig. Bevor sie sich zu den Casinotischen begeben, nehmen sich alle Kollegen einen Moment Zeit, um sich gegenseitig zu \u00fcberpr\u00fcfen.<br \/>\nAchten Sie auf Details: Ist die Krawatte gerade, ist das Hemd richtig gesteckt, ist die Weste geschlossen, sind die Schuhe sauber?<\/p>\n<ul>\n<li>\ud83d\udc54 <strong>Unentschieden:<\/strong> gerade, gut verknotet und in der richtigen L\u00e4nge.<\/li>\n<li>\ud83e\uddcd\u200d\u2640\ufe0f <strong>Gilet:<\/strong> geschlossen, ohne Falten oder offene Kn\u00f6pfe.<\/li>\n<li>\ud83d\udc5e <strong>Schuhe:<\/strong> sauber, poliert und aufger\u00e4umt.<\/li>\n<li>\ud83e\ude9e <strong>Allgemeines Erscheinungsbild:<\/strong> L\u00e4cheln, gepflegtes Haar, frischer Atem und selbstbewusstes Auftreten.<\/li>\n<\/ul>\n<p>Sehen Sie, dass mit einem Kollegen etwas nicht stimmt? <strong>Seid freundlich zueinander. <\/strong>Wir alle helfen uns gegenseitig, perfekt auszusehen, denn wir arbeiten als professionelles Team.<\/p>\n<p>-<\/p>\n<h3>\u26a0\ufe0f Wichtige Verhaltensregeln<\/h3>\n<ul>\n<li>\ud83d\udead Rauchen in Uniform ist <strong>Verbotene<\/strong> auch nicht drau\u00dfen, kurz vor oder w\u00e4hrend der Veranstaltung.<\/li>\n<li>\ud83d\udcf1 Keine Telefone am Tisch oder sichtbar im Raum.<\/li>\n<li>\ud83c\udf77 Kein Alkoholkonsum w\u00e4hrend der Arbeitszeit, auch wenn er vom Kunden angeboten wird.<\/li>\n<\/ul>\n<p>-<\/p>\n<h3>\u2728 Bereit zum Abflug<\/h3>\n<p>Sobald alle vollst\u00e4ndig angezogen sind, wird die <strong>Gesch\u00e4ftsf\u00fchrer (LG)<\/strong> ein kurzes Briefing mit den letzten Punkten: wer steht wo, wann kommen die G\u00e4ste und was wird von allen erwartet. Seien Sie p\u00fcnktlich bereit und <strong>mit einem L\u00e4cheln<\/strong> auf die Tische zugehen.<\/p>\n<p><strong>Von diesem Moment an sind Sie nicht einfach nur ein weiterer Angestellter - Sie sind ein Croupier der Royal Casino Company.<\/strong><br \/>\nProfessionell, stilvoll und stolz. \ud83c\udfb2\u2728<\/p>\n<p>-<\/p>\n<h3>\ud83e\ude9e Wechsel-Check vor dem Start<\/h3>\n<p>Mit dieser kurzen Checkliste k\u00f6nnen Sie sicherstellen, dass Sie und Ihre Kollegen vor der Er\u00f6ffnung des Casinos perfekt aussehen:<\/p>\n<ul>\n<li>\ud83d\udc5e Schuhe poliert und sauber<\/li>\n<li>\ud83e\udde6 Schwarze Socken an<\/li>\n<li>\ud83d\udc56 Hose geb\u00fcgelt, knitterfrei<\/li>\n<li>\ud83d\udc54 Krawatte richtig geknotet, gerade und in der richtigen L\u00e4nge<\/li>\n<li>\ud83d\udda4 Gilet geschlossen und faltenfrei<\/li>\n<li>\ud83e\uddcd\u200d\u2642\ufe0f Hemd sauber, in die Hose gesteckt und zugekn\u00f6pft<\/li>\n<li>\ud83d\udc87\u200d\u2642\ufe0f Ordentlich gestyltes Haar, kein unordentlicher Look<\/li>\n<li>\ud83e\uddf4 Deo verwendet, frischer Duft (kein \u00dcberschuss)<\/li>\n<li>\ud83e\uddb7 Z\u00e4hne geputzt, frischer Atem<\/li>\n<li>\ud83d\udcf1 Telefon auf lautlos und weggelegt<\/li>\n<li>\ud83c\udf7d\ufe0f Gegessen oder gegessen von der Crew<\/li>\n<li>\ud83d\ude0a Ein L\u00e4cheln und gute Energie!<\/li>\n<\/ul>\n<p>-<\/p>\n<p><strong>Kontrollieren Sie sich gegenseitig, bevor Sie zum Veranstaltungsort gehen.<\/strong><br \/>\nJeder ist erst dann bereit, wenn das ganze Team perfekt aussieht, denn gemeinsam machen wir den besten Eindruck. \ud83d\udcaa\ud83c\udfa9<\/p>\n<\/div><div class=\"divider-wrapper\"  >\n    <hr class=\"border-accent-color separator-no-padding\"  \/>\n<\/div>\n<\/div><\/div><\/div><\/div><\/div><\/div><\/div><\/div><\/div><\/div><\/div><\/div><\/div><script id=\"script-row-unique-0\" data-row=\"script-row-unique-0\" type=\"text\/javascript\" class=\"vc_controls\">UNCODE.initRow(document.getElementById(\"row-unique-0\"));<\/script><\/div><\/div><\/div>\n<\/div>","protected":false},"excerpt":{"rendered":"\ud83d\udc54 Omkleden \u2013 het moment van voorbereiding Na het opbouwen van het casino is het tijd voor een belangrijk moment: [...]","protected":false},"author":1,"featured_media":0,"parent":71016,"menu_order":0,"comment_status":"closed","ping_status":"closed","template":"","meta":{"footnotes":""},"class_list":["post-71191","page","type-page","status-publish","hentry","page_category-personeel-portaal"],"_links":{"self":[{"href":"https:\/\/royalcasinocompany.nl\/de\/wp-json\/wp\/v2\/pages\/71191","targetHints":{"allow":["GET"]}}],"collection":[{"href":"https:\/\/royalcasinocompany.nl\/de\/wp-json\/wp\/v2\/pages"}],"about":[{"href":"https:\/\/royalcasinocompany.nl\/de\/wp-json\/wp\/v2\/types\/page"}],"author":[{"embeddable":true,"href":"https:\/\/royalcasinocompany.nl\/de\/wp-json\/wp\/v2\/users\/1"}],"replies":[{"embeddable":true,"href":"https:\/\/royalcasinocompany.nl\/de\/wp-json\/wp\/v2\/comments?post=71191"}],"version-history":[{"count":7,"href":"https:\/\/royalcasinocompany.nl\/de\/wp-json\/wp\/v2\/pages\/71191\/revisions"}],"predecessor-version":[{"id":71944,"href":"https:\/\/royalcasinocompany.nl\/de\/wp-json\/wp\/v2\/pages\/71191\/revisions\/71944"}],"up":[{"embeddable":true,"href":"https:\/\/royalcasinocompany.nl\/de\/wp-json\/wp\/v2\/pages\/71016"}],"wp:attachment":[{"href":"https:\/\/royalcasinocompany.nl\/de\/wp-json\/wp\/v2\/media?parent=71191"}],"curies":[{"name":"wp","href":"https:\/\/api.w.org\/{rel}","templated":true}]}}