{"id":71194,"date":"2025-11-02T12:39:05","date_gmt":"2025-11-02T11:39:05","guid":{"rendered":"https:\/\/royalcasinocompany.nl\/?page_id=71194"},"modified":"2026-01-16T10:56:00","modified_gmt":"2026-01-16T09:56:00","slug":"uitdelen-speelgeld","status":"publish","type":"page","link":"https:\/\/royalcasinocompany.nl\/de\/personeel\/uitdelen-speelgeld\/","title":{"rendered":"Aush\u00e4ndigung von Spielgeld"},"content":{"rendered":"<div class=\"wpb-content-wrapper\"><div data-parent=\"true\" class=\"vc_row row-container boomapps_vcrow\" id=\"row-unique-0\"><div class=\"row limit-width row-parent\"><div class=\"wpb_row row-inner\"><div class=\"wpb_column pos-top pos-center align_left column_parent col-lg-12 boomapps_vccolumn single-internal-gutter\"><div class=\"uncol style-dark\"  ><div class=\"uncoltable\"><div class=\"uncell  boomapps_vccolumn no-block-padding\" ><div class=\"uncont\" ><div class=\"vc_row row-internal row-container boomapps_vcrow\"><div class=\"row row-child\"><div class=\"wpb_row row-inner\"><div class=\"wpb_column pos-top pos-center align_left column_child col-lg-12 boomapps_vccolumn single-internal-gutter\"><div class=\"uncol style-dark\" ><div class=\"uncoltable\"><div class=\"uncell  boomapps_vccolumn no-block-padding\" ><div class=\"uncont\" ><div class=\"vc_custom_heading_wrap\"><div class=\"heading-text el-text\" ><\/p>\n<h1>\ud83d\udcb5 Aush\u00e4ndigung von Spielgeld und Chips<\/h1>\n<p>\n<hr class=\"separator-break separator-accent\" \/><\/div><div class=\"clear\"><\/div><\/div><div class=\"empty-space empty-single\" ><span class=\"empty-space-inner\"><\/span><\/div>\n<div class=\"uncode_text_column\" ><p>Die Ausgabe von Spielgeld ist ein wichtiger Teil der Arbeit in einem Kasino.<br \/>\nSchlie\u00dflich bestimmt sie den Beginn des Casinoabends, das Gleichgewicht an den Tischen und das Erlebnis der G\u00e4ste.<br \/>\nDaher ist es wichtig, dass diese <strong>klar, professionell und konsequent<\/strong> wird von dem gesamten Team durchgef\u00fchrt.<\/p>\n<p>-<\/p>\n<h3>\ud83c\udfaf Warum dies wichtig ist<\/h3>\n<p>Die ordnungsgem\u00e4\u00dfe Verwendung von Spielgeld und Jetons ist gew\u00e4hrleistet:<\/p>\n<ul>\n<li>\u2696\ufe0f Ein fairer und gleicher Start f\u00fcr alle G\u00e4ste.<\/li>\n<li>\ud83c\udfb2 Eine gute Mischung aus Spiel, Spannung und Spa\u00df.<\/li>\n<li>\ud83d\udcac Ein professionelles Erscheinungsbild gegen\u00fcber dem Kunden.<\/li>\n<li>\ud83d\udcb0 Ein realistisches Spielerlebnis, nicht zu wenige und nicht zu viele Chips im Umlauf.<\/li>\n<\/ul>\n<p>-<\/p>\n<h3>\ud83d\udc64 Wer gibt das Spielgeld aus?<\/h3>\n<ul>\n<li>Die <strong>leitender Croupier (LG)<\/strong> bestimmt, wie viele Chips eine Note wert ist (siehe Tabelle Noten und Chips unten).<\/li>\n<li>Die <strong>Croupiers<\/strong> das Spielgeld an die G\u00e4ste ausgeben, was immer wieder geschieht <strong>unter der Leitung des LG<\/strong> und nach dem vereinbarten Wert pro Schein.<\/li>\n<li>Wurde der Wert noch nicht an Sie weitergegeben? <strong>Fragen Sie den LG proaktiv danach<\/strong> bevor Sie mit dem Verteilen beginnen.<\/li>\n<\/ul>\n<p>-<\/p>\n<h3>\ud83d\udccd Wo und wann verteilen Sie?<\/h3>\n<ul>\n<li>Das Spielgeld wird beim Eintreten der G\u00e4ste ausgegeben, je nach Aufbau der Veranstaltung.<br \/>\nSprechen Sie immer mit dem Kunden \u00fcber die W\u00fcnsche und Modalit\u00e4ten f\u00fcr die Auszahlung des Spielgeldes.<\/li>\n<li>Bei kleineren Veranstaltungen h\u00e4ndigen die Croupiers die Scheine oder Chips selbst aus, indem sie umhergehen und jedem Gast pers\u00f6nlich das Spielgeld zusammen mit einer kurzen Erkl\u00e4rung des Zwecks und des zu gewinnenden Preises \u00fcberreichen.<\/li>\n<li>Bei gr\u00f6\u00dferen Veranstaltungen geschieht dies meist zentral am Eingang der Party. Hostessen sind oft da, um die G\u00e4ste mit einem Glas Sekt zu begr\u00fc\u00dfen, und es ist besonders sch\u00f6n, wenn sie auch das Spielgeld an die G\u00e4ste \u00fcbergeben. Dies geschieht immer in Absprache mit dem Auftraggeber, damit die W\u00fcnsche und Vereinbarungen klar sind.<\/li>\n<li>Der LG stellt sicher, dass jeder wei\u00df <strong>wobei<\/strong> die Verteilung erfolgt und <strong>wenn<\/strong> sollte dies geschehen.<\/li>\n<\/ul>\n<p>-<\/p>\n<h3>\ud83d\udcb8 Wie viel Spielgeld geben Sie pro Gast?<\/h3>\n<p>Die Menge der Chips pro Gast h\u00e4ngt von der Gr\u00f6\u00dfe der Veranstaltung und der Anzahl der Tische ab.<br \/>\nBefolgen Sie stets den Leitfaden auf dem <strong>Anrufliste<\/strong> oder verwenden Sie die nachstehende Tabelle.<\/p>\n<p>-<\/p>\n<h3>\ud83d\udcb6 Tabelle der Notizen und Fiche (Leitfaden)<\/h3>\n<p>Verwenden Sie diese Tabelle zur Bestimmung <strong>wie viele Fahrkarten<\/strong> und <strong>wie viele Euro in Chips<\/strong> pro Ticket ausgestellt werden.<br \/>\nDiese Richtlinie stellt sicher, dass jede Veranstaltung ausgewogen ist: weder zu viel noch zu wenig Spielgeld im Umlauf.<br \/>\nDie Anzahl der Karten und der Wert pro Karte richten sich nach der Anzahl der G\u00e4ste und Tische der Veranstaltung.<\/p>\n<p>Die richtige Verteilung der Sp\u00e4ne ist wichtig f\u00fcr die <strong>Spielzeit, Erfahrung und Professionalit\u00e4t<\/strong>.<br \/>\nZu viele Chips sorgen f\u00fcr wenig Rotation an den Spieltischen, zu wenige Chips f\u00fchren dazu, dass den G\u00e4sten die Chips zu schnell ausgehen.<br \/>\nDaher ist es wichtig, dass Sie diese Tabelle gut kennen und sie bei der Ausgabe von Spielgeld konsequent anwenden.<\/p>\n<style>\n  table.rcc-table {<br \/>    width: 100%;<br \/>    border-collapse: collapse;<br \/>    margin-top: 10px;<br \/>    margin-bottom: 20px;<br \/>    font-size: 15px;<br \/>    border: 1px solid #444;<br \/>  }<br \/>  table.rcc-table th {<br \/>    background-color: #c9a34a; \/* goudkleurige header *\/<br \/>    color: #111; \/* donkere tekst voor contrast *\/<br \/>    text-align: left;<br \/>    padding: 10px;<br \/>    font-weight: 700;<br \/>  }<br \/>  table.rcc-table td {<br \/>    border: 1px solid #555;<br \/>    padding: 10px;<br \/>    color: #fff; \/* witte tekst *\/<br \/>    background-color: #1f1f1f; \/* donkergrijze cellen *\/<br \/>  }<br \/>  table.rcc-table tr:nth-child(even) td {<br \/>    background-color: #292929; \/* afwisselend iets lichtere achtergrond *\/<br \/>  }<br \/>  table.rcc-table caption {<br \/>    caption-side: bottom;<br \/>    text-align: left;<br \/>    font-size: 14px;<br \/>    color: #aaa;<br \/>    padding-top: 8px;<br \/>  }<br \/><\/style>\n<table class=\"rcc-table\">\n<thead>\n<tr>\n<th>Anzahl der Kasinotische<\/th>\n<th>Anzahl der G\u00e4ste auf der Party<\/th>\n<th>Anzahl der Noten pro Gast<\/th>\n<th>Wert der Chips pro Note<\/th>\n<\/tr>\n<\/thead>\n<tbody>\n<tr>\n<td>1 Tisch<\/td>\n<td>10 - 50<\/td>\n<td>2<\/td>\n<td>\u20ac30 - \u20ac40<\/td>\n<\/tr>\n<tr>\n<td>2 Tabellen<\/td>\n<td>25 - 150<\/td>\n<td>1-2<\/td>\n<td>\u20ac40 - \u20ac50<\/td>\n<\/tr>\n<tr>\n<td>3 Tabellen<\/td>\n<td>50 - 200<\/td>\n<td>1<\/td>\n<td>\u20ac40 - \u20ac50<\/td>\n<\/tr>\n<tr>\n<td>4 Tabellen<\/td>\n<td>100 - 250<\/td>\n<td>1<\/td>\n<td>\u20ac30 - \u20ac40<\/td>\n<\/tr>\n<tr>\n<td>5-7 Tabellen<\/td>\n<td>150 - 500<\/td>\n<td>1<\/td>\n<td>\u20ac30 - \u20ac50<\/td>\n<\/tr>\n<tr>\n<td>8-10 Tische<\/td>\n<td>250+<\/td>\n<td>1<\/td>\n<td>\u20ac30 - \u20ac40<\/td>\n<\/tr>\n<\/tbody>\n<\/table>\n<p>Bitte beachten Sie, dass es sich hierbei um Richtwerte handelt. Die genauen Werte werden f\u00fcr jede Veranstaltung von der Aufsichtsperson oder dem B\u00fcropersonal festgelegt.<\/p>\n<p>-<\/p>\n<h3>\ud83d\udcc8 Allgemeine Leitlinien<\/h3>\n<ul>\n<li>Unter <strong>kleinere Parteien<\/strong> geben Ihnen normalerweise etwas <strong>mehr Chips pro Note<\/strong> Um das Spiel am Leben zu erhalten.<\/li>\n<li>Unter <strong>wichtige Ereignisse<\/strong> Sie erhalten <strong>weniger Sp\u00e4ne<\/strong> um das Spiel besser auszubalancieren.<\/li>\n<li>Das Ziel ist immer, die <strong>Spielzeit<\/strong> und <strong>Spannungsbogen<\/strong> Gleichgewicht: Niemandem sollten die Chips zu fr\u00fch ausgehen.<\/li>\n<\/ul>\n<p>-<\/p>\n<h3>\ud83e\uddee Personalisierte Dollarnoten<\/h3>\n<p>Es kommt vor, dass ein Kunde personalisierte Notizen mit seinem eigenen Logo oder Design bestellt. Da der Kunde daf\u00fcr extra bezahlt, ist es wichtig, dass Sie wissen <strong>wie viel und wie<\/strong> werden diese Notizen verteilt.<\/p>\n<p>-<\/p>\n<h4>Wichtige Regeln:<\/h4>\n<ul>\n<li>\n<ul>\n<li>\ud83c\udf9f\ufe0f Geben Sie personalisierte Zettel genauso aus wie normale Zettel.<\/li>\n<li>\ud83d\udcb0 Verwenden Sie so viele der bestellten Scheine wie m\u00f6glich - der Kunde bezahlt sie.<\/li>\n<li>\ud83d\udce6 Die Scheine werden in der Regel in S\u00e4tzen von 250 St\u00fcck bestellt, von denen fast alle verwendet werden, sofern nicht anders vereinbart.<\/li>\n<li>\ud83c\udf81 Lassen Sie die restlichen Zettel nach der Veranstaltung vor Ort oder geben Sie sie dem Kunden als Andenken. Der Kunde hat diese Zettel gekauft, also sorgen Sie immer daf\u00fcr, dass sie beim Kunden ankommen.<\/li>\n<\/ul>\n<\/li>\n<\/ul>\n<h4>So berechnen Sie die Anzahl der Noten pro Gast:<\/h4>\n<ol>\n<li>Pr\u00fcfen Sie die <strong>Anrufliste<\/strong> Wie viele G\u00e4ste werden erwartet.<\/li>\n<li>Teilen Sie die Gesamtzahl der Scheine (in der Regel 250 oder 500) durch die Anzahl der G\u00e4ste.<\/li>\n<li>Runden Sie das Ergebnis auf <strong>unter<\/strong> mit einem guten Gef\u00fchl ab.<\/li>\n<\/ol>\n<p><strong>Beispiel:<\/strong><br \/>\nDer Kunde hat 250 personalisierte Eintrittskarten bestellt, und es kommen 70 G\u00e4ste.<br \/>\n250 \u00f7 70 = 3,5 \u2192 jeder Gast erh\u00e4lt <strong>3 Anmerkungen<\/strong>.<\/p>\n<p>-<\/p>\n<h4>\u2696\ufe0f Wichtig:<\/h4>\n<p>Wenn Sie mehr Geldscheine pro Gast ausgeben, m\u00fcssen Sie es schaffen <strong>Anzahl der Chips pro Ticket<\/strong> leicht nach unten. Wenn Sie das nicht tun, kommt zu viel Spielgeld ins Spiel und die Tische geraten aus dem Gleichgewicht. Arbeiten Sie also immer konsequent und stimmen Sie sich im Zweifelsfall mit der LG ab.<\/p>\n<p>-<\/p>\n<h3>\ud83e\udd14 Was tun, wenn den G\u00e4sten die Chips ausgehen?<\/h3>\n<ul>\n<li>\ud83c\udf89 <strong>Kleine Parteien:<\/strong> feststellen, dass viele G\u00e4ste \u201cpleite\u201d sind?<br \/>\nMit dem Einverst\u00e4ndnis des LG und des Kunden, organisieren Sie eine <strong>zus\u00e4tzliches Handout<\/strong> und allen G\u00e4sten wieder Startgeld geben, damit alle wieder gleiche Chancen haben.<\/li>\n<li>\ud83c\udfe2 <strong>Wichtige Ereignisse:<\/strong> zus\u00e4tzliche Scheine nur in Absprache mit dem Kunden ausgeben und LG bei langer Spielzeit oder vielen Tischen oft nicht n\u00f6tig.<\/li>\n<\/ul>\n<p>-<\/p>\n<h3>\ud83d\udca1 Zus\u00e4tzlicher Hinweis<\/h3>\n<p>G\u00e4ste genie\u00dfen <strong>mit einem gro\u00dfen Stapel von Chips beginnen<\/strong>. Das bringt sofort Atmosph\u00e4re und Energie in den Raum.<br \/>\nEin enthusiastischer Start = ein besseres Spiel und ein gl\u00fccklicherer Kunde. Geben Sie Ihren G\u00e4sten von der ersten Sekunde an das Gef\u00fchl, Teil eines echten Casino-Erlebnisses zu sein - das ist der Unterschied, den Royal Casino Company ausmacht. \ud83c\udfb2<\/p>\n<p>-<\/p>\n<h3>\u2705 Zusammenfassung<\/h3>\n<ul>\n<li>Die <strong>Exekutive<\/strong> bestimmt den Wert pro Note \u2192 immer fragen.<\/li>\n<li>Die <strong>Croupiers<\/strong> das Spielgeld ausgeben - ordentlich, organisiert und mit einem L\u00e4cheln.<\/li>\n<li>Personalisierte Notizen verwenden <strong>fast alle<\/strong> (der Kunde zahlt daf\u00fcr).<\/li>\n<li>F\u00fcr zus\u00e4tzliche Hinweise stellen Sie die <strong>Anzahl der Chips pro Ticket<\/strong> um das Gleichgewicht zu halten.<\/li>\n<li>Arbeiten Sie immer nach der Tabelle oder den Anweisungen des B\u00fcros.<\/li>\n<li>Begeistern Sie die G\u00e4ste: mehr Chips = mehr Spa\u00df = zufriedener Kunde.<\/li>\n<\/ul>\n<p>-<\/p>\n<p><strong>Schlussfolgerung:<\/strong> Konsequentes Arbeiten, gute Koordination mit der LG und professionelles Austeilen sorgen f\u00fcr einen reibungslosen und fairen Ablauf jeder Veranstaltung.<br \/>\nDas ist die Grundlage f\u00fcr ein erfolgreiches Casino - und es beginnt mit Ihnen. \ud83d\udcaa<\/p>\n<\/div><div class=\"divider-wrapper\"  >\n    <hr class=\"border-accent-color separator-no-padding\"  \/>\n<\/div>\n<\/div><\/div><\/div><\/div><\/div><\/div><\/div><\/div><\/div><\/div><\/div><\/div><\/div><script id=\"script-row-unique-0\" data-row=\"script-row-unique-0\" type=\"text\/javascript\" class=\"vc_controls\">UNCODE.initRow(document.getElementById(\"row-unique-0\"));<\/script><\/div><\/div><\/div>\n<\/div>","protected":false},"excerpt":{"rendered":"\ud83d\udcb5 Uitdelen van speelgeld &amp; fiches Het uitdelen van het casino-speelgeld is een belangrijk onderdeel van elke casino opdracht. Het [...]","protected":false},"author":1,"featured_media":0,"parent":71016,"menu_order":0,"comment_status":"closed","ping_status":"closed","template":"","meta":{"footnotes":""},"class_list":["post-71194","page","type-page","status-publish","hentry","page_category-personeel-portaal"],"_links":{"self":[{"href":"https:\/\/royalcasinocompany.nl\/de\/wp-json\/wp\/v2\/pages\/71194","targetHints":{"allow":["GET"]}}],"collection":[{"href":"https:\/\/royalcasinocompany.nl\/de\/wp-json\/wp\/v2\/pages"}],"about":[{"href":"https:\/\/royalcasinocompany.nl\/de\/wp-json\/wp\/v2\/types\/page"}],"author":[{"embeddable":true,"href":"https:\/\/royalcasinocompany.nl\/de\/wp-json\/wp\/v2\/users\/1"}],"replies":[{"embeddable":true,"href":"https:\/\/royalcasinocompany.nl\/de\/wp-json\/wp\/v2\/comments?post=71194"}],"version-history":[{"count":11,"href":"https:\/\/royalcasinocompany.nl\/de\/wp-json\/wp\/v2\/pages\/71194\/revisions"}],"predecessor-version":[{"id":71963,"href":"https:\/\/royalcasinocompany.nl\/de\/wp-json\/wp\/v2\/pages\/71194\/revisions\/71963"}],"up":[{"embeddable":true,"href":"https:\/\/royalcasinocompany.nl\/de\/wp-json\/wp\/v2\/pages\/71016"}],"wp:attachment":[{"href":"https:\/\/royalcasinocompany.nl\/de\/wp-json\/wp\/v2\/media?parent=71194"}],"curies":[{"name":"wp","href":"https:\/\/api.w.org\/{rel}","templated":true}]}}