{"id":71196,"date":"2025-11-02T12:41:05","date_gmt":"2025-11-02T11:41:05","guid":{"rendered":"https:\/\/royalcasinocompany.nl\/?page_id=71196"},"modified":"2025-11-14T08:24:48","modified_gmt":"2025-11-14T07:24:48","slug":"verloop-casino-avond","status":"publish","type":"page","link":"https:\/\/royalcasinocompany.nl\/de\/personeel\/verloop-casino-avond\/","title":{"rendered":"Durchf\u00fchrung des Casinoabends"},"content":{"rendered":"<div class=\"wpb-content-wrapper\"><div data-parent=\"true\" class=\"vc_row row-container boomapps_vcrow\" id=\"row-unique-0\"><div class=\"row limit-width row-parent\"><div class=\"wpb_row row-inner\"><div class=\"wpb_column pos-top pos-center align_left column_parent col-lg-12 boomapps_vccolumn single-internal-gutter\"><div class=\"uncol style-dark\"  ><div class=\"uncoltable\"><div class=\"uncell  boomapps_vccolumn no-block-padding\" ><div class=\"uncont\" ><div class=\"vc_row row-internal row-container boomapps_vcrow\"><div class=\"row row-child\"><div class=\"wpb_row row-inner\"><div class=\"wpb_column pos-top pos-center align_left column_child col-lg-12 boomapps_vccolumn single-internal-gutter\"><div class=\"uncol style-dark\" ><div class=\"uncoltable\"><div class=\"uncell  boomapps_vccolumn no-block-padding\" ><div class=\"uncont\" ><div class=\"vc_custom_heading_wrap\"><div class=\"heading-text el-text\" ><\/p>\n<h1>\ud83c\udfb2 Durchf\u00fchrung des Casinoabends<\/h1>\n<p>\n<hr class=\"separator-break separator-accent\" \/><\/div><div class=\"clear\"><\/div><\/div><div class=\"empty-space empty-single\" ><span class=\"empty-space-inner\"><\/span><\/div>\n<div class=\"uncode_text_column\" ><p>Ein Casino-Abend im <strong>Royal Casino Unternehmen<\/strong> ist ein Erlebnis von Anfang bis Ende. W\u00e4hrend der Veranstaltung dreht sich alles um Professionalit\u00e4t, Begeisterung und Gastfreundschaft. Als Croupier sind Sie daf\u00fcr verantwortlich, dass an Ihrem Tisch von der ersten Minute bis zum letzten Spiel ein reibungsloser Ablauf gew\u00e4hrleistet ist.<\/p>\n<h3>\u23f1\ufe0f Vor dem Start<\/h3>\n<ul>\n<li>\ud83d\udd54 <strong>F\u00fcnf Minuten bevor die G\u00e4ste zu spielen beginnen<\/strong> sind Sie <strong>aktiv und repr\u00e4sentativ<\/strong> hinter Ihrem Tisch bereit.<\/li>\n<li>\ud83d\udc4b Begr\u00fc\u00dfen Sie Ihre G\u00e4ste mit einem L\u00e4cheln und stellen Sie sich freundlich vor (\u201cGuten Abend, willkommen am Blackjack-Tisch!\u201d).<\/li>\n<li>\ud83d\udcd8 Viele G\u00e4ste wissen nicht, wie das Spiel funktioniert und geben deshalb <strong>immer eine begeisterte Spielerkl\u00e4rung<\/strong>.<\/li>\n<li>\ud83d\udcc4 Zeigen Sie nach Ihrer Erkl\u00e4rung auf die <strong>regel-flyer<\/strong> die auf dem Tisch liegt, so dass auch die sp\u00e4ter einsteigenden G\u00e4ste noch einmal in Ruhe lesen k\u00f6nnen.<\/li>\n<li>\ud83d\udcac Verwenden Sie eine einfache Sprache, Humor und Energie - die Atmosph\u00e4re am Tisch beginnt mit Ihnen!<\/li>\n<\/ul>\n<h3>\ud83c\udfaf Beim Spielen<\/h3>\n<p>Von dem Moment an, in dem die Casinotische ge\u00f6ffnet werden, spielen Sie eine zentrale Rolle f\u00fcr die Atmosph\u00e4re und das Erlebnis.<br \/>\nSie sind nicht nur Spielleiter, sondern auch Entertainer, Gastgeber\/Hostess und Ansprechpartner f\u00fcr alle Spieler.<\/p>\n<ul>\n<li>\ud83c\udfb2 <strong>Bleiben Sie aktiv und engagiert:<\/strong> Sprechen Sie mit Ihren Spielern, ermutigen Sie sie und machen Sie ihnen Komplimente, wenn sie gewinnen.<\/li>\n<li>\ud83d\udd04 <strong>F\u00f6rdern Sie den Fluss:<\/strong> Die G\u00e4ste k\u00f6nnen im Laufe des Abends den Tisch wechseln und an anderen Spielen weiterspielen.<\/li>\n<li>\ud83d\udcac <strong>Erkl\u00e4rungen bleiben wichtig:<\/strong> neuen Spielern immer kurz das Spiel erkl\u00e4ren, auch wenn es besetzt ist.<\/li>\n<li>\ud83d\udc40 <strong>Behalten Sie den \u00dcberblick:<\/strong> Achten Sie darauf, wer viel spielt, wer neu ist und ob alle Spa\u00df haben.<\/li>\n<li>\ud83d\udcb8 <strong>Achten Sie auf Chips:<\/strong> Sie \u00fcberpr\u00fcfen regelm\u00e4\u00dfig, ob die Zahlen korrekt sind und ob jemand unbemerkt zus\u00e4tzliche Chips mitnimmt.<\/li>\n<\/ul>\n<p>Vor allem sollen die G\u00e4ste Spa\u00df haben <strong>es geht nicht nur ums Gewinnen, sondern um ein tolles Erlebnis<\/strong>. Sie sind derjenige, der daf\u00fcr sorgt, dass sich jeder willkommen f\u00fchlt und versteht, wie das Spiel funktioniert. Ein begeisterter Croupier schafft automatisch eine freundliche und professionelle Atmosph\u00e4re.<\/p>\n<h3>\u2615 Pause w\u00e4hrend der Veranstaltung<\/h3>\n<p>Bei einem Casino-Abend mit etwa <strong>4 Stunden<\/strong> erfolgt nach etwa <strong>2 Stunden eine kurze Pause<\/strong> Ort.<\/p>\n<ul>\n<li>\ud83d\udd52 <strong>Dauer der Pause:<\/strong> maximal 15 Minuten.<\/li>\n<li>\ud83d\udce2 Sie k\u00fcndigen die Pause an, indem Sie deutlich sagen:<br \/>\n<em>\u201cMeine Damen und Herren, zwei letzte Runden vor der Pause!\u201d<\/em><\/li>\n<li>\ud83e\uddcd Pause <strong>der Reihe nach<\/strong> Deshalb bleibt immer jemand bei den Tischen, um sie zu \u00fcberwachen.<\/li>\n<li>\ud83d\udebb Nutzen Sie diesen Moment, um auf die Toilette zu gehen und etwas zu trinken (alkoholfrei).<\/li>\n<\/ul>\n<h4>\ud83d\udd12 Sicherheit in den Pausen<\/h4>\n<ul>\n<li>\ud83d\udd10 Lassen Sie Chips niemals unbeaufsichtigt.<\/li>\n<li>\ud83e\udde9 Schlie\u00dfen Sie die <strong>chiptray<\/strong> mit dem Deckel (beim Blackjack) oder decken Sie die Chips mit einem <strong>Geschirrtuch<\/strong> wenn kein Deckel vorhanden ist.<\/li>\n<li>\ud83d\udeab Die G\u00e4ste d\u00fcrfen die Tische und Chips w\u00e4hrend der Pause nicht ber\u00fchren.<\/li>\n<\/ul>\n<h4>\ud83d\udead Wichtig: keine Raucherpause<\/h4>\n<p>Rauchen ist <strong>Verbotene<\/strong> w\u00e4hrend der Kasinopausen. Rauchgeruch und nach Zigaretten riechende H\u00e4nde machen einen schlechten Eindruck auf die G\u00e4ste.<br \/>\nAu\u00dferdem bleibt der Geruch in der Kleidung h\u00e4ngen, was bei der Arbeit nicht gerade frisch ist. Nutzen Sie die Pause f\u00fcr ein Getr\u00e4nk, frische Luft und eine kurze Pause, nicht f\u00fcr eine Zigarette.<\/p>\n<h3>\ud83d\udcac Umgang mit G\u00e4sten<\/h3>\n<ul>\n<li>\ud83e\udd1d Seien Sie immer freundlich, geduldig und professionell, auch an stark frequentierten Tischen.<\/li>\n<li>\ud83d\udca1 Achten Sie auf G\u00e4ste, die das Spiel nicht verstehen, und erkl\u00e4ren Sie es in aller Ruhe noch einmal.<\/li>\n<li>\ud83c\udfa9 Sprechen Sie die G\u00e4ste h\u00f6flich an und behalten Sie eine offene, positive Einstellung.<\/li>\n<li>\ud83c\udfb6 Schaffen Sie eine entspannte und gem\u00fctliche Atmosph\u00e4re, ohne unordentlich zu werden.<\/li>\n<li>\ud83c\udfaf Stellen Sie immer das Vergn\u00fcgen der G\u00e4ste in den Mittelpunkt: das ist wichtiger als das Ergebnis des Spiels.<\/li>\n<\/ul>\n<h3>\ud83e\udded Professionelles Verhalten w\u00e4hrend der Veranstaltung<\/h3>\n<ul>\n<li>\ud83d\udcf1 Handys werden au\u00dfer Sichtweite aufbewahrt und am Tisch nicht benutzt.<\/li>\n<li>\ud83c\udf79 Keine alkoholischen Getr\u00e4nke w\u00e4hrend der Arbeitszeiten.<\/li>\n<li>\ud83e\ude9e Halten Sie Ihre Kleidung ordentlich, Weste gerade, Krawatte gut Sie repr\u00e4sentieren die Marke Royal Casino Company.<\/li>\n<li>\ud83d\ude0a L\u00e4cheln Sie immer, halten Sie Augenkontakt und strahlen Sie Ruhe und Spa\u00df aus, auch in Menschenmengen.<\/li>\n<\/ul>\n<h3>\ud83c\udfc1 Ende des Abends<\/h3>\n<p>Wenn die Veranstaltung zu Ende ist, helfen alle mit, den Abend ordentlich zu beenden. Sie warten auf das Signal des Managers, bevor Sie mit dem Aufr\u00e4umen beginnen. Alle Tische bleiben besetzt, bis der LG signalisiert, dass das Spiel offiziell beendet ist.<\/p>\n<ul>\n<li>\ud83c\udfb2 K\u00fcndigen Sie die letzte Runde mit einem L\u00e4cheln an:<br \/>\n<em>\u201cMeine Damen und Herren, dies ist die letzte Runde - viel Gl\u00fcck und danke f\u00fcrs Mitspielen!\u201d<\/em><\/li>\n<li>\ud83e\uddee Beginnen Sie anschlie\u00dfend mit dem Z\u00e4hlen der Chips und notieren Sie den Vor- und Nachnamen des Spielers sowie seine Endpunktzahl.<\/li>\n<li>\ud83e\uddfc Sorgen Sie daf\u00fcr, dass der Tisch noch ordentlich aussieht, bis der letzte Gast geht.<\/li>\n<\/ul>\n<h3>\u2728 Zusammenfassung<\/h3>\n<ul>\n<li>\ud83d\udd54 Seien Sie 5 Minuten vor Beginn hinter Ihrem Tisch bereit.<\/li>\n<li>\ud83c\udf93 Gib jedem neuen Spieler eine kurze, klare Erkl\u00e4rung zum Spiel.<\/li>\n<li>\ud83d\udcc4 Beachten Sie die Handzettel mit den Spielregeln auf den Tischen.<\/li>\n<li>\u2615 Nach 2 Stunden: kurze Pause von \u00b115 Minuten, abwechselnd.<\/li>\n<li>\ud83d\udd12 Decken Sie die Chips immer ab, wenn Sie den Tisch verlassen.<\/li>\n<li>\ud83d\udead In den Pausen wird nicht geraucht.<\/li>\n<li>\ud83c\udfa9 Bleiben Sie professionell, enthusiastisch und pr\u00e4sentabel.<\/li>\n<\/ul>\n<p>Wenn wir diese Leitlinien ordnungsgem\u00e4\u00df befolgen, k\u00f6nnen wir gemeinsam eine <strong>perfekt organisierter, professioneller und stimmungsvoller Casinoabend<\/strong> genau das, was unsere Kunden von uns erwarten <strong>Royal Casino Unternehmen<\/strong>. \ud83c\udf1f<\/p>\n<\/div><\/div><\/div><\/div><\/div><\/div><\/div><\/div><\/div><\/div><\/div><\/div><\/div><\/div><script id=\"script-row-unique-0\" data-row=\"script-row-unique-0\" type=\"text\/javascript\" class=\"vc_controls\">UNCODE.initRow(document.getElementById(\"row-unique-0\"));<\/script><\/div><\/div><\/div>\n<\/div>","protected":false},"excerpt":{"rendered":"\ud83c\udfb2 Verloop van de casino avond Een casinoavond bij Royal Casino Company is een beleving van begin tot eind. Tijdens [...]","protected":false},"author":1,"featured_media":0,"parent":71016,"menu_order":0,"comment_status":"closed","ping_status":"closed","template":"","meta":{"footnotes":""},"class_list":["post-71196","page","type-page","status-publish","hentry","page_category-personeel-portaal"],"_links":{"self":[{"href":"https:\/\/royalcasinocompany.nl\/de\/wp-json\/wp\/v2\/pages\/71196","targetHints":{"allow":["GET"]}}],"collection":[{"href":"https:\/\/royalcasinocompany.nl\/de\/wp-json\/wp\/v2\/pages"}],"about":[{"href":"https:\/\/royalcasinocompany.nl\/de\/wp-json\/wp\/v2\/types\/page"}],"author":[{"embeddable":true,"href":"https:\/\/royalcasinocompany.nl\/de\/wp-json\/wp\/v2\/users\/1"}],"replies":[{"embeddable":true,"href":"https:\/\/royalcasinocompany.nl\/de\/wp-json\/wp\/v2\/comments?post=71196"}],"version-history":[{"count":5,"href":"https:\/\/royalcasinocompany.nl\/de\/wp-json\/wp\/v2\/pages\/71196\/revisions"}],"predecessor-version":[{"id":71473,"href":"https:\/\/royalcasinocompany.nl\/de\/wp-json\/wp\/v2\/pages\/71196\/revisions\/71473"}],"up":[{"embeddable":true,"href":"https:\/\/royalcasinocompany.nl\/de\/wp-json\/wp\/v2\/pages\/71016"}],"wp:attachment":[{"href":"https:\/\/royalcasinocompany.nl\/de\/wp-json\/wp\/v2\/media?parent=71196"}],"curies":[{"name":"wp","href":"https:\/\/api.w.org\/{rel}","templated":true}]}}