{"id":71203,"date":"2025-11-02T12:49:30","date_gmt":"2025-11-02T11:49:30","guid":{"rendered":"https:\/\/royalcasinocompany.nl\/?page_id=71203"},"modified":"2026-01-16T10:47:45","modified_gmt":"2026-01-16T09:47:45","slug":"sluiting-casinotafels","status":"publish","type":"page","link":"https:\/\/royalcasinocompany.nl\/de\/personeel\/sluiting-casinotafels\/","title":{"rendered":"Schlie\u00dfen von Kasinotischen"},"content":{"rendered":"<div class=\"wpb-content-wrapper\"><div data-parent=\"true\" class=\"vc_row row-container boomapps_vcrow\" id=\"row-unique-0\"><div class=\"row limit-width row-parent\"><div class=\"wpb_row row-inner\"><div class=\"wpb_column pos-top pos-center align_left column_parent col-lg-12 boomapps_vccolumn single-internal-gutter\"><div class=\"uncol style-dark\"  ><div class=\"uncoltable\"><div class=\"uncell  boomapps_vccolumn no-block-padding\" ><div class=\"uncont\" ><div class=\"vc_row row-internal row-container boomapps_vcrow\"><div class=\"row row-child\"><div class=\"wpb_row row-inner\"><div class=\"wpb_column pos-top pos-center align_left column_child col-lg-12 boomapps_vccolumn single-internal-gutter\"><div class=\"uncol style-dark\" ><div class=\"uncoltable\"><div class=\"uncell  boomapps_vccolumn no-block-padding\" ><div class=\"uncont\" ><div class=\"vc_custom_heading_wrap\"><div class=\"heading-text el-text\" ><\/p>\n<h1>\ud83c\udfb0 Schlie\u00dfung der Kasinotische<\/h1>\n<p>\n<hr class=\"separator-break separator-accent\" \/><\/div><div class=\"clear\"><\/div><\/div><div class=\"empty-space empty-single\" ><span class=\"empty-space-inner\"><\/span><\/div>\n<div class=\"uncode_text_column\" ><p>Das Ende des Casinoabends ist ein wichtiger Moment. Er bestimmt den letzten Eindruck beim Kunden und bei den G\u00e4sten.<br \/>\nDeshalb schlie\u00dfen wir die Casinotische an einem <strong>professionelle, klare und strukturierte Vorgehensweise<\/strong> aus. Jeder Croupier wei\u00df genau, was von ihm oder ihr erwartet wird.<\/p>\n<p>-<\/p>\n<h3>\u23f3 Vorbereitung des Abschlusses<\/h3>\n<ul>\n<li>\ud83d\udd52 <strong>Die Exekutive (LG)<\/strong> h\u00e4lt \u00fcber <strong>15 Minuten vor der offiziellen Endzeit<\/strong>\u00a0mit seiner Arbeit am Casinotisch zu helfen, die <strong>Preisverleihung<\/strong> vorbereiten.<\/li>\n<li>\ud83c\udfb2 Die anderen Tische bleiben wie gewohnt ge\u00f6ffnet, so dass die G\u00e4ste des geschlossenen Tisches bei Bedarf dort weiterspielen k\u00f6nnen.<\/li>\n<\/ul>\n<p>-<\/p>\n<h3>\ud83d\udce2 Ank\u00fcndigung der Schlie\u00dfung<\/h3>\n<ul>\n<li>\ud83c\udfa4 Der LG k\u00fcndigt die bevorstehende Schlie\u00dfung deutlich an, dies kann \u00fcber den DJ, das Mikrofon oder m\u00fcndlich selbst geschehen.<br \/>\nZum Beispiel: <em>\u201cMeine Damen und Herren, das Casino wird in 10 Minuten geschlossen. Bitte geben Sie Ihre Schecks und Jetons an den Casinotischen ab. Die Preisverleihung folgt gleich.\u201d<\/em><\/li>\n<li>\ud83d\udcac Falls erforderlich, wiederholen Sie diese Nachricht f\u00fcnf Minuten sp\u00e4ter noch einmal in einem freundlichen Ton.<\/li>\n<li>Auf diese Weise wissen alle G\u00e4ste, dass das Casino bald schlie\u00dft und k\u00f6nnen ihre letzten Eins\u00e4tze t\u00e4tigen oder ihre Gewinne verbuchen lassen.<\/li>\n<\/ul>\n<p>-<\/p>\n<h3>\ud83e\uddee Einzug von Chips und Schecks<\/h3>\n<ul>\n<li>\ud83d\udcac K\u00fcndigen Sie Ihrem Tisch mit einem L\u00e4cheln an, dass dies die letzte Runde ist.<br \/>\nZum Beispiel: <em>\u201cMeine Damen und Herren, dies ist die letzte Runde! Legen Sie noch einmal alles in die Waagschale und wer wei\u00df, vielleicht sind Sie am Ende der Sieger des Abends!\u201d<\/em><\/li>\n<li>\ud83d\udcb0 Die Croupiers sorgen dann daf\u00fcr, dass alle Chips ordentlich abgenommen werden und der Spielstand mit Vor- und Nachnamen festgehalten wird.<\/li>\n<li>\ud83e\uddfe G\u00e4sten, die mit Schecks oder Chips an Ihren Tisch kommen, helfen Sie, indem Sie ihre Punkte ordentlich und korrekt mit Vor- und Nachnamen notieren.<\/li>\n<li>\ud83e\uddcd Der LG macht eine letzte Runde durch den Raum, um zu \u00fcberpr\u00fcfen, ob noch Chips oder Schecks unter den anwesenden G\u00e4sten im Umlauf sind.<\/li>\n<li>\ud83d\udccb Wenn es noch Spieler mit Schecks gibt, notiert die LG deren <strong>Ergebnis<\/strong> einschlie\u00dflich Vor- und Nachname auf der Liste der Gewinner f\u00fcr die Preisverleihung.<\/li>\n<\/ul>\n<p>-<\/p>\n<h3>\ud83e\udeb6 Professioneller Abschluss am Tisch<\/h3>\n<ul>\n<li>\ud83e\uddfc Achten Sie darauf, dass der Tisch auch in den letzten Minuten noch ordentlich aussieht. Ein gut gepflegter Tisch strahlt Professionalit\u00e4t aus.<\/li>\n<li>\ud83e\uddee Z\u00e4hlen Sie danach in Ruhe die Chips, notieren Sie Auff\u00e4lligkeiten und melden Sie Abweichungen sofort in der Gruppen-App des Events. Fehlen Ihnen viele Chips? Dann gehen Sie zu einem anderen Spieltisch, um zu sehen, ob es dort einen \u00dcberschuss an Chips gibt, damit Sie Ihren Chip-Tisch wieder auff\u00fcllen k\u00f6nnen.<\/li>\n<\/ul>\n<p>-<\/p>\n<h3>\ud83c\udfc6 Vorbereitung der Preisverleihung<\/h3>\n<ul>\n<li>\ud83c\udf9f\ufe0f Sobald alle Chips und Schecks eingel\u00f6st sind, sammelt die LG die h\u00f6chsten Punktzahlen des Abends, abh\u00e4ngig von der Anzahl der verf\u00fcgbaren Preise.<\/li>\n<li>\ud83d\udcc8 Die Croupiers k\u00f6nnen helfen, indem sie ihre Tischgewinne an die LG weitergeben.<\/li>\n<li>\ud83c\udf81 Die LG bereitet die Preisverleihung und die vom B\u00fcro oder vom Kunden zur Verf\u00fcgung gestellten Preise vor.<\/li>\n<\/ul>\n<p>-<\/p>\n<h3>\u26a0\ufe0f Kontrolle durch Vorgesetzte<\/h3>\n<ul>\n<li>\ud83d\udc40 Der LG kontrolliert alle Tische vor Beginn der Preisverleihung.<\/li>\n<li>\ud83d\udd0d Kontrollpunkte: sind alle Chips meist vollst\u00e4ndig, sind die Chipf\u00e4cher geschlossen, ist das Spielgeld aufbewahrt, sind die Tische aufger\u00e4umt?<\/li>\n<li>\ud83d\udce2 Wenn alles fertig ist, k\u00fcndigt der LG an, dass die Preisverleihung beginnen wird.<\/li>\n<\/ul>\n<p>-<\/p>\n<h3>\ud83d\udca1 Wichtige Punkte zu beachten<\/h3>\n<ul>\n<li>\ud83d\udd52 Der Abend ist noch nicht zu Ende, wenn <strong>alle Chips, Banknoten und Schecks<\/strong> eingereicht und kontrolliert worden sind.<\/li>\n<li>\ud83d\udeab Sobald die Schlie\u00dfung bekannt gegeben wird, d\u00fcrfen keine Spieler mehr an den Tischen sitzen.<\/li>\n<li>\ud83e\uddcd Bleiben Sie professionell und freundlich die letzten Minuten mit den G\u00e4sten am besten.<\/li>\n<li>\ud83d\udde3\ufe0f Vermeiden Sie Hektik und Chaos. Ruhe, Struktur und ein L\u00e4cheln sorgen f\u00fcr einen angenehmen Abschluss.<\/li>\n<\/ul>\n<p>-<\/p>\n<h3>\u2705 Zusammenfassung<\/h3>\n<ul>\n<li>LG unterbricht das Spiel 15 Minuten vor Ende der Spielzeit, um die Preisverleihung vorzubereiten.<\/li>\n<li>\ud83d\udce2 LG k\u00fcndigt die Schlie\u00dfung eindeutig \u00fcber einen DJ oder Sender an.<\/li>\n<li>\ud83c\udfb2 Die Croupiers nehmen alle Chips und Schecks ordentlich auf.<\/li>\n<li>LG notiert die Endnoten und bereitet die Preisverleihung vor.<\/li>\n<li>\ud83e\uddfc Die Tische bleiben bis zum letzten Moment sauber und aufger\u00e4umt.<\/li>\n<li>\ud83c\udfc6 Der Abend endet mit einer Preisverleihung und zufriedenen G\u00e4sten.<\/li>\n<\/ul>\n<p>-<\/p>\n<p>Auf diese Weise beenden wir jeden Abend professionell, ruhig und mit Klasse.<br \/>\nSo endet jede Veranstaltung, wie sie sollte: <strong>mit zufriedenen G\u00e4sten und einem perfekten Eindruck von Royal Casino Company.<\/strong> \u2728<\/p>\n<\/div><div class=\"divider-wrapper\"  >\n    <hr class=\"border-accent-color separator-no-padding\"  \/>\n<\/div>\n<\/div><\/div><\/div><\/div><\/div><\/div><\/div><\/div><\/div><\/div><\/div><\/div><\/div><script id=\"script-row-unique-0\" data-row=\"script-row-unique-0\" type=\"text\/javascript\" class=\"vc_controls\">UNCODE.initRow(document.getElementById(\"row-unique-0\"));<\/script><\/div><\/div><\/div>\n<\/div>","protected":false},"excerpt":{"rendered":"\ud83c\udfb0 Sluiting van de casinotafels Het einde van de casinoavond is een belangrijk moment. Het bepaalt de laatste indruk bij [...]","protected":false},"author":1,"featured_media":0,"parent":71016,"menu_order":0,"comment_status":"closed","ping_status":"closed","template":"","meta":{"footnotes":""},"class_list":["post-71203","page","type-page","status-publish","hentry","page_category-personeel-portaal"],"_links":{"self":[{"href":"https:\/\/royalcasinocompany.nl\/de\/wp-json\/wp\/v2\/pages\/71203","targetHints":{"allow":["GET"]}}],"collection":[{"href":"https:\/\/royalcasinocompany.nl\/de\/wp-json\/wp\/v2\/pages"}],"about":[{"href":"https:\/\/royalcasinocompany.nl\/de\/wp-json\/wp\/v2\/types\/page"}],"author":[{"embeddable":true,"href":"https:\/\/royalcasinocompany.nl\/de\/wp-json\/wp\/v2\/users\/1"}],"replies":[{"embeddable":true,"href":"https:\/\/royalcasinocompany.nl\/de\/wp-json\/wp\/v2\/comments?post=71203"}],"version-history":[{"count":7,"href":"https:\/\/royalcasinocompany.nl\/de\/wp-json\/wp\/v2\/pages\/71203\/revisions"}],"predecessor-version":[{"id":71958,"href":"https:\/\/royalcasinocompany.nl\/de\/wp-json\/wp\/v2\/pages\/71203\/revisions\/71958"}],"up":[{"embeddable":true,"href":"https:\/\/royalcasinocompany.nl\/de\/wp-json\/wp\/v2\/pages\/71016"}],"wp:attachment":[{"href":"https:\/\/royalcasinocompany.nl\/de\/wp-json\/wp\/v2\/media?parent=71203"}],"curies":[{"name":"wp","href":"https:\/\/api.w.org\/{rel}","templated":true}]}}