{"id":71206,"date":"2025-11-02T12:50:41","date_gmt":"2025-11-02T11:50:41","guid":{"rendered":"https:\/\/royalcasinocompany.nl\/?page_id=71206"},"modified":"2026-01-15T23:30:55","modified_gmt":"2026-01-15T22:30:55","slug":"prijsuitreiking","status":"publish","type":"page","link":"https:\/\/royalcasinocompany.nl\/de\/personeel\/prijsuitreiking\/","title":{"rendered":"Preisverleihung"},"content":{"rendered":"<div class=\"wpb-content-wrapper\"><div data-parent=\"true\" class=\"vc_row row-container boomapps_vcrow\" id=\"row-unique-0\"><div class=\"row limit-width row-parent\"><div class=\"wpb_row row-inner\"><div class=\"wpb_column pos-top pos-center align_left column_parent col-lg-12 boomapps_vccolumn single-internal-gutter\"><div class=\"uncol style-dark\"  ><div class=\"uncoltable\"><div class=\"uncell  boomapps_vccolumn no-block-padding\" ><div class=\"uncont\" ><div class=\"vc_row row-internal row-container boomapps_vcrow\"><div class=\"row row-child\"><div class=\"wpb_row row-inner\"><div class=\"wpb_column pos-top pos-center align_left column_child col-lg-12 boomapps_vccolumn single-internal-gutter\"><div class=\"uncol style-dark\" ><div class=\"uncoltable\"><div class=\"uncell  boomapps_vccolumn no-block-padding\" ><div class=\"uncont\" ><div class=\"vc_custom_heading_wrap\"><div class=\"heading-text el-text\" ><\/p>\n<h1>\ud83c\udfc6 Preisverleihung<\/h1>\n<p>\n<hr class=\"separator-break separator-accent\" \/><\/div><div class=\"clear\"><\/div><\/div><div class=\"empty-space empty-single\" ><span class=\"empty-space-inner\"><\/span><\/div>\n<div class=\"uncode_text_column\" ><p>Die Preisverleihung ist die <strong>H\u00f6hepunkt und letzter Moment<\/strong> eines jeden Casinoabends. Es ist der Moment, in dem wir den G\u00e4sten f\u00fcr ihren Enthusiasmus danken, die Gewinner hervorheben und die Veranstaltung auf festliche Weise beenden. Eine gut organisierte Preisverleihung hinterl\u00e4sst sowohl beim Kunden als auch bei den G\u00e4sten einen guten Eindruck.<\/p>\n<p>-<\/p>\n<h3>\ud83e\udded Vorbereitung<\/h3>\n<ul>\n<li>\ud83d\udd52 <strong>Besprechen Sie zu Beginn des Abends<\/strong> mit dem Kunden, wie die Punktevergabe und die Preisverleihung ablaufen werden.<br \/>\nBesprechen Sie auch, ob der Kunde Folgendes w\u00fcnscht <strong>Sie als Manager<\/strong> die Preisverleihung moderiert, oder ob er\/sie es vorzieht, dies selbst zu tun.<\/li>\n<li>\ud83d\udccb \u00dcberpr\u00fcfen Sie nach dem Schlie\u00dfen der Casinotische alle <strong>Partituren und Schecks<\/strong> und entscheiden gemeinsam mit dem Team, wer die <strong>Gewinner<\/strong>\u00a0des Abends sind.<\/li>\n<li>\ud83c\udfa4 Wenn m\u00f6glich: bereiten Sie die Preisverleihung mit einem <strong>Mikrofon<\/strong> oder \u00fcber den DJ f\u00fcr eine professionelle Pr\u00e4sentation.<\/li>\n<li>\ud83c\udf81 \u00dcberpr\u00fcfen Sie, ob die Preise vorhanden und vollst\u00e4ndig sind (vom Kunden oder von Royal Casino Company bereitgestellt).<\/li>\n<li>\ud83d\udccd W\u00e4hlen Sie einen zentralen Platz im Raum, von dem aus alle G\u00e4ste einen guten Blick auf die Preisverleihung haben.<\/li>\n<\/ul>\n<p>-<\/p>\n<h3>\ud83d\udce2 Durchf\u00fchrung der Preisverleihung<\/h3>\n<ul>\n<li>Beginnen Sie mit einer enthusiastischen Begr\u00fc\u00dfung und danken Sie allen G\u00e4sten f\u00fcr ihre Teilnahme und Geselligkeit.<br \/>\nBetonen Sie die <strong>positive, fanatische Atmosph\u00e4re<\/strong> des Abends und wie gut alle mitgespielt haben.<\/li>\n<li>Um sicher zu gehen, fragen Sie noch einmal nach, ob die G\u00e4ste ihre Schecks oder Chips noch nicht abgegeben haben.<\/li>\n<li>\ud83c\udfc5 Verk\u00fcnden Sie die Gewinner, beginnend mit dem <strong>Dritter Platz<\/strong> (falls zutreffend), dann die zweite, und zum Schluss die <strong>gro\u00dfer Gewinner.<\/strong><\/li>\n<li>\ud83d\udc4f Nach jeder Ansage fragen Sie nach <strong>Beifall des Publikums<\/strong> und geben dem Gewinner kurz die B\u00fchne, um seinen Preis entgegenzunehmen.<\/li>\n<li>\ud83d\udcf8 Ermuntern Sie den Kunden oder den Fotografen zu einer kurzen Aufnahme <strong>Fotoaufnahmen<\/strong> der Preisverleihung f\u00fcr soziale Medien oder den internen Gebrauch.<\/li>\n<li>\ud83d\udcac Bleiben Sie fr\u00f6hlich, positiv und humorvoll. Zum Beispiel:<br \/>\n<em>\u201cUnd dieser Spieler hatte so viel Gl\u00fcck, dass sogar das Casino nicht mit ihm mithalten konnte!\u201d<\/em><\/li>\n<\/ul>\n<p>-<\/p>\n<h3>\ud83c\udf81 \u00dcbergabe der Preise<\/h3>\n<ul>\n<li>Der LG oder Croupier \u00fcberreicht den Preis pers\u00f6nlich mit einem L\u00e4cheln und gratuliert dem Gewinner.<\/li>\n<li>\u00dcberpr\u00fcfen Sie, ob jeder Preis an die richtige Person geht (entsprechend der notierten Punktezahl).<\/li>\n<li>Bedanken Sie sich beim Kunden und eventuell bei der Organisation daf\u00fcr, dass sie die Veranstaltung erm\u00f6glicht haben.<\/li>\n<\/ul>\n<p>-<\/p>\n<h3>\ud83c\udfa4 Textvorschlag f\u00fcr das LG<\/h3>\n<p><em>\u201cMeine Damen und Herren, was f\u00fcr eine tolle Casinonacht wir hatten!<br \/>\nAlle spielten fanatisch mit und sorgten f\u00fcr eine fantastische Atmosph\u00e4re.<br \/>\nAber wie in jedem Casino gibt es am Ende einige echte Gewinner<br \/>\nWir beginnen mit der Nummer drei...\u201d<\/em><\/p>\n<p>Nutzen Sie Humor, Energie und Enthusiasmus - das ist der Moment, in dem Sie den Abend mit Stil beenden.<br \/>\nWir m\u00f6chten, dass die G\u00e4ste mit einem L\u00e4cheln und einem guten Gef\u00fchl nach Hause gehen.<\/p>\n<p>-<\/p>\n<h3>\ud83c\udf87 Abschluss des Abends<\/h3>\n<ul>\n<li>\ud83d\udc4f Schlie\u00dfen Sie mit einem abschlie\u00dfenden Applaus f\u00fcr alle Teilnehmer.<\/li>\n<li>\ud83d\udcac Ich danke dem Publikum nochmals im Namen der <strong>Royal Casino Unternehmen<\/strong> f\u00fcr ihre Begeisterung.<\/li>\n<li>\ud83c\udfa4 Im Namen des Teams w\u00fcnsche ich allen eine <strong>fr\u00f6hliche Fortsetzung des Abends<\/strong> oder Afterparty.<\/li>\n<li>\ud83d\udce6 Wenn Sie fertig sind, sammeln Sie die restlichen Schecks oder Materialien ein und geben sie dem LG oder dem zust\u00e4ndigen Croupier.<\/li>\n<\/ul>\n<p>-<\/p>\n<h3>\ud83d\udca1 Tipps f\u00fcr eine perfekte Preisverleihung<\/h3>\n<ul>\n<li>\ud83d\udd0a Sprechen Sie ruhig und deutlich; benutzen Sie ein Mikrofon, falls vorhanden.<\/li>\n<li>\ud83c\udfb5 Falls erforderlich, lassen Sie den DJ bei jedem Applaus eine kurze Musik spielen.<\/li>\n<li>\ud83d\udcf8 Fragen Sie, ob ein Foto von den Gewinnern mit ihren Preisen gemacht werden kann.<\/li>\n<li>\ud83c\udfa9 Bleiben Sie professionell, aber auch spontan und enthusiastisch, denn dieser Moment kann durchaus ein Element der Show haben.<\/li>\n<li>\ud83e\udd1d Bitte nehmen Sie sich auch einen Moment Zeit, um dem Kunden oder Veranstalter pers\u00f6nlich am Mikrofon f\u00fcr die Zusammenarbeit zu danken.<\/li>\n<\/ul>\n<p>-<\/p>\n<h3>\u2705 Zusammenfassung<\/h3>\n<ul>\n<li>\ud83d\udd52 Bereiten Sie die Preisverleihung am fr\u00fchen Abend gut vor.<\/li>\n<li>\ud83d\udccb \u00dcberpr\u00fcfen Sie die Ergebnisse und ermitteln Sie die drei Besten (je nach Anzahl der Preise).<\/li>\n<li>\ud83c\udfa4 Pr\u00e4sentieren Sie energisch, positiv und mit Humor.<\/li>\n<li>\ud83d\udc4f Lassen Sie das Publikum mit Beifall und Begeisterung mitmachen.<\/li>\n<li>\ud83c\udfc5 \u00dcbergeben Sie die Auszeichnungen professionell und mit Stolz.<\/li>\n<li>\ud83c\udf87 Schlie\u00dfen Sie den Abend festlich mit einer Danksagung im Namen der Royal Casino Company.<\/li>\n<\/ul>\n<p>-<\/p>\n<p>Mit einem <strong>klare, enthusiastische und gut organisierte Preisverleihung<\/strong> unten, wir beenden jede Veranstaltung mit Klasse, Spa\u00df und Professionalit\u00e4t.<br \/>\nDie G\u00e4ste gehen mit einem L\u00e4cheln, und das ist das sch\u00f6nste Kompliment, das wir bekommen k\u00f6nnen. \u2728<\/p>\n<\/div><div class=\"divider-wrapper\"  >\n    <hr class=\"border-accent-color separator-no-padding\"  \/>\n<\/div>\n<\/div><\/div><\/div><\/div><\/div><\/div><\/div><\/div><\/div><\/div><\/div><\/div><\/div><script id=\"script-row-unique-0\" data-row=\"script-row-unique-0\" type=\"text\/javascript\" class=\"vc_controls\">UNCODE.initRow(document.getElementById(\"row-unique-0\"));<\/script><\/div><\/div><\/div>\n<\/div>","protected":false},"excerpt":{"rendered":"\ud83c\udfc6 Prijsuitreiking De prijsuitreiking is het hoogtepunt \u00e9n slotmoment van elke casinoavond. Het is h\u00e9t moment waarop we de gasten [...]","protected":false},"author":1,"featured_media":0,"parent":71016,"menu_order":0,"comment_status":"closed","ping_status":"closed","template":"","meta":{"footnotes":""},"class_list":["post-71206","page","type-page","status-publish","hentry","page_category-personeel-portaal"],"_links":{"self":[{"href":"https:\/\/royalcasinocompany.nl\/de\/wp-json\/wp\/v2\/pages\/71206","targetHints":{"allow":["GET"]}}],"collection":[{"href":"https:\/\/royalcasinocompany.nl\/de\/wp-json\/wp\/v2\/pages"}],"about":[{"href":"https:\/\/royalcasinocompany.nl\/de\/wp-json\/wp\/v2\/types\/page"}],"author":[{"embeddable":true,"href":"https:\/\/royalcasinocompany.nl\/de\/wp-json\/wp\/v2\/users\/1"}],"replies":[{"embeddable":true,"href":"https:\/\/royalcasinocompany.nl\/de\/wp-json\/wp\/v2\/comments?post=71206"}],"version-history":[{"count":5,"href":"https:\/\/royalcasinocompany.nl\/de\/wp-json\/wp\/v2\/pages\/71206\/revisions"}],"predecessor-version":[{"id":71952,"href":"https:\/\/royalcasinocompany.nl\/de\/wp-json\/wp\/v2\/pages\/71206\/revisions\/71952"}],"up":[{"embeddable":true,"href":"https:\/\/royalcasinocompany.nl\/de\/wp-json\/wp\/v2\/pages\/71016"}],"wp:attachment":[{"href":"https:\/\/royalcasinocompany.nl\/de\/wp-json\/wp\/v2\/media?parent=71206"}],"curies":[{"name":"wp","href":"https:\/\/api.w.org\/{rel}","templated":true}]}}