{"id":71208,"date":"2025-11-02T12:52:28","date_gmt":"2025-11-02T11:52:28","guid":{"rendered":"https:\/\/royalcasinocompany.nl\/?page_id=71208"},"modified":"2026-01-15T22:45:39","modified_gmt":"2026-01-15T21:45:39","slug":"afbouw","status":"publish","type":"page","link":"https:\/\/royalcasinocompany.nl\/de\/personeel\/afbouw\/","title":{"rendered":"Fertigstellung"},"content":{"rendered":"<div class=\"wpb-content-wrapper\"><div data-parent=\"true\" class=\"vc_row row-container boomapps_vcrow\" id=\"row-unique-0\"><div class=\"row limit-width row-parent\"><div class=\"wpb_row row-inner\"><div class=\"wpb_column pos-top pos-center align_left column_parent col-lg-12 boomapps_vccolumn single-internal-gutter\"><div class=\"uncol style-dark\"  ><div class=\"uncoltable\"><div class=\"uncell  boomapps_vccolumn no-block-padding\" ><div class=\"uncont\" ><div class=\"vc_row row-internal row-container boomapps_vcrow\"><div class=\"row row-child\"><div class=\"wpb_row row-inner\"><div class=\"wpb_column pos-top pos-center align_left column_child col-lg-12 boomapps_vccolumn single-internal-gutter\"><div class=\"uncol style-dark\" ><div class=\"uncoltable\"><div class=\"uncell  boomapps_vccolumn no-block-padding\" ><div class=\"uncont\" ><div class=\"vc_custom_heading_wrap\"><div class=\"heading-text el-text\" ><\/p>\n<h1>\ud83e\uddf1 Demontage des Kasinos<\/h1>\n<p>\n<hr class=\"separator-break separator-accent\" \/><\/div><div class=\"clear\"><\/div><\/div><div class=\"empty-space empty-single\" ><span class=\"empty-space-inner\"><\/span><\/div>\n<div class=\"uncode_text_column\" ><p>Nach einem gelungenen Abend verabschieden sich die G\u00e4ste und f\u00fcr unser Team ist der <strong>Auslaufen<\/strong>.<br \/>\nDies ist ein entscheidender Teil der Arbeit: Hier zeigen wir unsere Professionalit\u00e4t, unseren Flei\u00df und unser Verantwortungsbewusstsein.<br \/>\nEin gut gestalteter Abend endet immer mit einem sauberen, organisierten und schadenfreien Abbau.<\/p>\n<p>-<\/p>\n<h3>\ud83d\udc54 Kurze Vorbereitung<\/h3>\n<ul>\n<li>\ud83e\uddcd Sobald die G\u00e4ste gehen und die Tische offiziell geschlossen sind, <strong>alle Croupiers wechseln die Kleidung<\/strong> aus ihrer adretten Kasinokleidung. (Siehe Rufzettel, wenn es erlaubt ist, nach unten zu bauen)<\/li>\n<li>\ud83c\udfaf Danach wird die <strong>strukturierter Abbau<\/strong> aller Materialien gem\u00e4\u00df den Anweisungen auf dem <strong>Anrufliste<\/strong> und die <strong>Checkliste mit K\u00e4stchen zum Ankreuzen<\/strong> (\u201cEnde des Auftrags - in den Bus geladen\u201d).<\/li>\n<li>Die Aufsichtsperson (LG) entscheidet, wer was macht, und teilt die Aufgaben klar auf: wer die Tische abr\u00e4umt, wer die Lampen abr\u00e4umt, wer die Materialkisten abr\u00e4umt, und so weiter.<\/li>\n<\/ul>\n<p>-<\/p>\n<h3>\ud83e\uddf9 Aufr\u00e4umen und Saubermachen<\/h3>\n<p>Bei Royal Casino Company verlassen wir jeden Veranstaltungsort so, wie wir ihn vorgefunden haben - oder besser.<br \/>\nDaher ist die <strong>alles sorgf\u00e4ltig sauber und ordentlich verpackt<\/strong> bevor sie geladen wird.<\/p>\n<ul>\n<li>\ud83e\uddfd Reinigen Sie jeden Casinotisch mit einem leicht feuchten Tuch (Reinigungsspray) und trocknen Sie ihn danach sofort ab (keine nassen Oberfl\u00e4chen im Bus).<\/li>\n<li>\u2728 Pr\u00fcfen Sie, ob Tische, Sp\u00e4neschalen, Zylinder und Dekoration frei von Fingerabdr\u00fccken, Staub oder Getr\u00e4nkeflecken sind.<\/li>\n<li>\ud83e\uddf4 Verwenden Sie das Poliertuch und das Spray, um Kanten, Lampensockel und Displays zu reinigen.<\/li>\n<li>\u00dcberpr\u00fcfe die Chips, Karten und das Zubeh\u00f6r und vergewissere dich, dass alles vollst\u00e4ndig ist (siehe Merkblatt und Checkliste in der Materialkiste).<\/li>\n<li>\ud83d\udce6 Sortieren Sie die Materialien in geeignete Kisten und verschlie\u00dfen Sie sie vor dem Transport.<\/li>\n<\/ul>\n<p>-<\/p>\n<h3>\ud83d\ude9a Einladen in den Bus<\/h3>\n<ul>\n<li>\ud83e\udeb6 Arbeit <strong>strukturiert und ruhig<\/strong> Verbringen Sie lieber 10 Minuten l\u00e4nger als Schaden durch Eile.<\/li>\n<li>\ud83d\udccb Verwenden Sie die <strong>Checkliste auf dem Anrufbeantworter<\/strong> jeden Gegenstand abzuzeichnen, sobald er im Lieferwagen ist. Auf diese Weise vermeiden wir, dass wir etwas vergessen.<\/li>\n<li>\ud83e\udde9 Laden Sie zuerst schwere Gegenst\u00e4nde wie Tischgestelle, Transportwagen und Dekoration und dann die leichteren Materialien.<\/li>\n<li>\ud83e\uddfc Stellen Sie sicher, dass alles <strong>stabil, sicher und gesch\u00fctzt<\/strong> Zustand im Transporter. Verwenden Sie gegebenenfalls Gurte, um Sch\u00e4den auf der Stra\u00dfe zu vermeiden.<\/li>\n<li>\ud83d\udeab Stapeln Sie lose Teile oder Materialien nicht ungesch\u00fctzt (verwenden Sie immer Transportdecken).<\/li>\n<li>\ud83d\udd26 \u00dcberpr\u00fcfen Sie, ob auch Lampen, Rollen und Verl\u00e4ngerungskabel mitgebracht wurden, denn diese werden oft vergessen.<\/li>\n<\/ul>\n<p>-<\/p>\n<h3>\ud83d\udc40 Kontrolle vor der Abreise<\/h3>\n<ul>\n<li>\ud83d\udccb Der LG oder der benannte Endverantwortliche trifft eine <strong>letzte Tour<\/strong> durch den Standort und die Kontrollen:\n<ul>\n<li>Ist alles gem\u00e4\u00df der Checkliste geladen?<\/li>\n<li>Sind alle Bereiche, Ecken und die Umkleidekabine leer?<\/li>\n<li>Sind Tische, St\u00fchle und Kundendekoration wieder an ihren Platz gestellt worden?<\/li>\n<li>Wird der Veranstaltungsort sauber und aufger\u00e4umt verlassen?<\/li>\n<\/ul>\n<\/li>\n<li>\ud83d\udd12 Erst wenn die vollst\u00e4ndige Kontrolle abgeschlossen ist, darf der Bus geschlossen werden und das Team kann gehen.<\/li>\n<\/ul>\n<p>-<\/p>\n<h3>\ud83d\udeab Wichtige Punkte zu beachten<\/h3>\n<ul>\n<li>\ud83e\udde0 Aufenthalt <strong>fokussiert<\/strong> bis zur allerletzten Minute, denn dann werden die meisten Fehler gemacht.<\/li>\n<li>\ud83d\udcac Arbeit <strong>zusammen<\/strong> und miteinander sprechen, wenn etwas nicht ordentlich oder sicher gemacht wird.<\/li>\n<li>\ud83e\udeb6 Heben Sie verantwortungsbewusst: Gehen Sie in die Knie, bitten Sie bei schweren Teilen um Hilfe und vermeiden Sie Verletzungen oder Sch\u00e4den.<\/li>\n<li>\ud83d\udead Das Rauchen w\u00e4hrend des Abbaus oder im Bus ist nicht erlaubt.<\/li>\n<li>\ud83c\udf7b Kein Alkohol bei der Arbeit f\u00fcr die Royal Casino Company.<\/li>\n<\/ul>\n<p>-<\/p>\n<h3>\ud83d\udd50 Zeit und Zeitplan<\/h3>\n<p>Das Auslaufen dauert im Durchschnitt <strong>mindestens eine Stunde<\/strong>, je nach Anzahl der Tische und Dekoration.<br \/>\nGro\u00dfe Veranstaltungen k\u00f6nnen l\u00e4nger dauern, aber das Wichtigste ist, dass alles sorgf\u00e4ltig und sicher durchgef\u00fchrt wird.<\/p>\n<p>Der Manager bleibt verantwortlich bis <strong>der letzte Bus ist voll ausgelastet<\/strong> und das Team kann sicher abreisen.<\/p>\n<p>-<\/p>\n<h3>\u2705 Zusammenfassung - Ihre Schritte zum Ausklang<\/h3>\n<ul>\n<li>\ud83d\udc55 Umziehen nach der Veranstaltung.<\/li>\n<li>\ud83e\uddf9 Tische und Materialien reinigen und \u00fcberpr\u00fcfen.<\/li>\n<li>\ud83d\udce6 Laden Sie alles strukturiert nach der Checkliste.<\/li>\n<li>\ud83d\ude9a Packen Sie den Bus sicher und fest ein, lassen Sie nichts lose liegen.<\/li>\n<li>\ud83d\udc40 Endkontrolle durch LG Standort sauber hinterlassen.<\/li>\n<li>\ud83d\udd12 Gehen Sie erst, wenn alles 100% gepr\u00fcft ist.<\/li>\n<\/ul>\n<p>Wenn wir sauber und konzentriert arbeiten, hinterlassen wir einen <strong>professioneller Eindruck<\/strong> und daf\u00fcr sorgen, dass die Ausr\u00fcstung in einem Top-Zustand bleibt.<br \/>\nSo kann die n\u00e4chste Veranstaltung dank Ihrer Bem\u00fchungen und Ihres Flei\u00dfes wieder perfekt beginnen. \ud83d\ude4c<\/p>\n<\/div><div class=\"divider-wrapper\"  >\n    <hr class=\"border-accent-color separator-no-padding\"  \/>\n<\/div>\n<\/div><\/div><\/div><\/div><\/div><\/div><\/div><\/div><\/div><\/div><\/div><\/div><\/div><script id=\"script-row-unique-0\" data-row=\"script-row-unique-0\" type=\"text\/javascript\" class=\"vc_controls\">UNCODE.initRow(document.getElementById(\"row-unique-0\"));<\/script><\/div><\/div><\/div>\n<\/div>","protected":false},"excerpt":{"rendered":"\ud83e\uddf1 Afbouw van het casino Na een geslaagde avond nemen de gasten afscheid en begint voor ons team de afbouwfase. [...]","protected":false},"author":1,"featured_media":0,"parent":71016,"menu_order":0,"comment_status":"closed","ping_status":"closed","template":"","meta":{"footnotes":""},"class_list":["post-71208","page","type-page","status-publish","hentry","page_category-personeel-portaal"],"_links":{"self":[{"href":"https:\/\/royalcasinocompany.nl\/de\/wp-json\/wp\/v2\/pages\/71208","targetHints":{"allow":["GET"]}}],"collection":[{"href":"https:\/\/royalcasinocompany.nl\/de\/wp-json\/wp\/v2\/pages"}],"about":[{"href":"https:\/\/royalcasinocompany.nl\/de\/wp-json\/wp\/v2\/types\/page"}],"author":[{"embeddable":true,"href":"https:\/\/royalcasinocompany.nl\/de\/wp-json\/wp\/v2\/users\/1"}],"replies":[{"embeddable":true,"href":"https:\/\/royalcasinocompany.nl\/de\/wp-json\/wp\/v2\/comments?post=71208"}],"version-history":[{"count":7,"href":"https:\/\/royalcasinocompany.nl\/de\/wp-json\/wp\/v2\/pages\/71208\/revisions"}],"predecessor-version":[{"id":71922,"href":"https:\/\/royalcasinocompany.nl\/de\/wp-json\/wp\/v2\/pages\/71208\/revisions\/71922"}],"up":[{"embeddable":true,"href":"https:\/\/royalcasinocompany.nl\/de\/wp-json\/wp\/v2\/pages\/71016"}],"wp:attachment":[{"href":"https:\/\/royalcasinocompany.nl\/de\/wp-json\/wp\/v2\/media?parent=71208"}],"curies":[{"name":"wp","href":"https:\/\/api.w.org\/{rel}","templated":true}]}}