{"id":71211,"date":"2025-11-02T12:53:52","date_gmt":"2025-11-02T11:53:52","guid":{"rendered":"https:\/\/royalcasinocompany.nl\/?page_id=71211"},"modified":"2026-01-15T23:00:56","modified_gmt":"2026-01-15T22:00:56","slug":"het-magazijn","status":"publish","type":"page","link":"https:\/\/royalcasinocompany.nl\/de\/personeel\/het-magazijn\/","title":{"rendered":"Das Lagerhaus"},"content":{"rendered":"<div class=\"wpb-content-wrapper\"><div data-parent=\"true\" class=\"vc_row row-container boomapps_vcrow\" id=\"row-unique-0\"><div class=\"row limit-width row-parent\"><div class=\"wpb_row row-inner\"><div class=\"wpb_column pos-top pos-center align_left column_parent col-lg-12 boomapps_vccolumn single-internal-gutter\"><div class=\"uncol style-dark\"  ><div class=\"uncoltable\"><div class=\"uncell  boomapps_vccolumn no-block-padding\" ><div class=\"uncont\" ><div class=\"vc_row row-internal row-container boomapps_vcrow\"><div class=\"row row-child\"><div class=\"wpb_row row-inner\"><div class=\"wpb_column pos-top pos-center align_left column_child col-lg-12 boomapps_vccolumn single-internal-gutter\"><div class=\"uncol style-dark\" ><div class=\"uncoltable\"><div class=\"uncell  boomapps_vccolumn no-block-padding\" ><div class=\"uncont\" ><div class=\"vc_custom_heading_wrap\"><div class=\"heading-text el-text\" ><\/p>\n<h1>\ud83c\udfe0 Das Lagerhaus<\/h1>\n<p>\n<hr class=\"separator-break separator-accent\" \/><\/div><div class=\"clear\"><\/div><\/div><div class=\"empty-space empty-single\" ><span class=\"empty-space-inner\"><\/span><\/div>\n<div class=\"uncode_text_column\" ><p>Unser Lager befindet sich in der <strong>Ambachtsweg ab Nr. 51 in Huizen<\/strong> (aber auf der anderen Stra\u00dfenseite).<br \/>\nDies ist der zentrale Punkt, an dem alle unsere Materialien, Spieltische, Dekorationen und Vorr\u00e4te gelagert und f\u00fcr Veranstaltungen vorbereitet werden.<br \/>\nHier beginnt und endet fast jeder Arbeitstag im <strong>Be Our Guest Veranstaltungen<\/strong>.<\/p>\n<p>-<\/p>\n<h3>\ud83d\udd27 Was passiert im Lager?<\/h3>\n<p>Im Lager werden alle Materialien kontrolliert, gereinigt, sortiert und f\u00fcr die n\u00e4chsten Auftr\u00e4ge vorbereitet.<br \/>\nHier werden auch Busse f\u00fcr Veranstaltungen be- und entladen. Jeder Mitarbeiter, der im Lager arbeitet, spielt eine wichtige Rolle bei der Aufrechterhaltung der Ordnung und des guten Funktionierens unserer Organisation.<\/p>\n<p>Zu den Standardaktivit\u00e4ten geh\u00f6ren:<\/p>\n<ul>\n<li>\ud83c\udfb2 Vorbereiten und Verladen von Spieltischen, Dekorationen und Materialien f\u00fcr Veranstaltungen.<\/li>\n<li>\ud83e\uddfd Reinigung und Aufr\u00e4umen von Material, Dekoration und Transportmitteln nach der R\u00fcckkehr.<\/li>\n<li>\ud83d\udce6 \u00dcberpr\u00fcfung der Materialien auf Sch\u00e4den oder fehlende Teile.<\/li>\n<li>\ud83d\uddc2\ufe0f Ordnungsgem\u00e4\u00dfes Zur\u00fcckstellen von Gegenst\u00e4nden an ihren festen Platz im Lager.<\/li>\n<\/ul>\n<p>Ein gut organisiertes Lager ist eine wesentliche Voraussetzung f\u00fcr den Erfolg unserer Veranstaltungen.<br \/>\nJe besser wir alles in Ordnung halten, desto schneller und reibungsloser geht die Arbeit f\u00fcr alle.<\/p>\n<p>-<\/p>\n<h3>\ud83d\udc65 Verantwortung<\/h3>\n<p>Die <strong>B\u00fcropersonal<\/strong> ist f\u00fcr das Lager verantwortlich, aber jeder, der dort arbeitet oder Gegenst\u00e4nde benutzt, tr\u00e4gt zu Ordnung und Sauberkeit bei.<br \/>\nBetrachten Sie das Lager als unseren gemeinsamen Arbeitsbereich: Gemeinsam sorgen wir daf\u00fcr, dass alles vollst\u00e4ndig, sauber und ordentlich bleibt.<\/p>\n<ul>\n<li>Lassen Sie nie etwas liegen oder unerledigt.<\/li>\n<li>Vergewissern Sie sich immer, dass die mitgebrachten Gegenst\u00e4nde vollst\u00e4ndig und sauber sind.<\/li>\n<li>Bringen Sie die Materialien nach Gebrauch sofort an ihren Platz zur\u00fcck.<\/li>\n<li>Sehen Sie einen Schaden, Schmutz oder fehlende Teile? Melden Sie dies sofort an <strong>Tim<\/strong> oder <strong>Talitha<\/strong>.<\/li>\n<\/ul>\n<p>-<\/p>\n<h3>\u26a0\ufe0f Wichtige Regeln<\/h3>\n<ul>\n<li>\ud83d\udd10 <strong>Zugang<\/strong> - Nur Mitarbeiter mit einer Genehmigung d\u00fcrfen das Lager betreten.<\/li>\n<li>\ud83d\udccb <strong>Vorsicht<\/strong> - Behandeln Sie die Materialien immer mit Sorgfalt; viele Gegenst\u00e4nde sind wertvoll oder handgefertigt.<\/li>\n<li>\ud83e\uddf9 <strong>Sauberkeit<\/strong> - Hinterlassen Sie Ihren Arbeitsplatz sauber, fegen Sie, wenn n\u00f6tig, und werfen Sie Abf\u00e4lle weg.<\/li>\n<li>\ud83e\uddfe <strong>Siehe<\/strong> - Alles, was mitgebracht oder zur\u00fcckgebracht wird, muss mit den Angaben auf dem Call-Sheet \u00fcbereinstimmen.<\/li>\n<\/ul>\n<h3><\/h3>\n<p>\n<\/div><div class=\"divider-wrapper\"  >\n    <hr class=\"border-accent-color separator-no-padding\"  \/>\n<\/div>\n<\/div><\/div><\/div><\/div><\/div><\/div><\/div><\/div><\/div><\/div><\/div><\/div><\/div><script id=\"script-row-unique-0\" data-row=\"script-row-unique-0\" type=\"text\/javascript\" class=\"vc_controls\">UNCODE.initRow(document.getElementById(\"row-unique-0\"));<\/script><\/div><\/div><\/div>\n<\/div>","protected":false},"excerpt":{"rendered":"\ud83c\udfe0 Het magazijn Ons magazijn bevindt zich aan de Ambachtsweg ter hoogte nr. 51 in Huizen (maar dan aan de [...]","protected":false},"author":1,"featured_media":0,"parent":71016,"menu_order":0,"comment_status":"closed","ping_status":"closed","template":"","meta":{"footnotes":""},"class_list":["post-71211","page","type-page","status-publish","hentry","page_category-personeel-portaal"],"_links":{"self":[{"href":"https:\/\/royalcasinocompany.nl\/de\/wp-json\/wp\/v2\/pages\/71211","targetHints":{"allow":["GET"]}}],"collection":[{"href":"https:\/\/royalcasinocompany.nl\/de\/wp-json\/wp\/v2\/pages"}],"about":[{"href":"https:\/\/royalcasinocompany.nl\/de\/wp-json\/wp\/v2\/types\/page"}],"author":[{"embeddable":true,"href":"https:\/\/royalcasinocompany.nl\/de\/wp-json\/wp\/v2\/users\/1"}],"replies":[{"embeddable":true,"href":"https:\/\/royalcasinocompany.nl\/de\/wp-json\/wp\/v2\/comments?post=71211"}],"version-history":[{"count":7,"href":"https:\/\/royalcasinocompany.nl\/de\/wp-json\/wp\/v2\/pages\/71211\/revisions"}],"predecessor-version":[{"id":71933,"href":"https:\/\/royalcasinocompany.nl\/de\/wp-json\/wp\/v2\/pages\/71211\/revisions\/71933"}],"up":[{"embeddable":true,"href":"https:\/\/royalcasinocompany.nl\/de\/wp-json\/wp\/v2\/pages\/71016"}],"wp:attachment":[{"href":"https:\/\/royalcasinocompany.nl\/de\/wp-json\/wp\/v2\/media?parent=71211"}],"curies":[{"name":"wp","href":"https:\/\/api.w.org\/{rel}","templated":true}]}}