{"id":71218,"date":"2025-11-02T12:58:05","date_gmt":"2025-11-02T11:58:05","guid":{"rendered":"https:\/\/royalcasinocompany.nl\/?page_id=71218"},"modified":"2026-01-15T22:52:45","modified_gmt":"2026-01-15T21:52:45","slug":"bus-inladen","status":"publish","type":"page","link":"https:\/\/royalcasinocompany.nl\/de\/personeel\/bus-inladen\/","title":{"rendered":"Beladen des Busses"},"content":{"rendered":"<div class=\"wpb-content-wrapper\"><div data-parent=\"true\" class=\"vc_row row-container boomapps_vcrow\" id=\"row-unique-0\"><div class=\"row limit-width row-parent\"><div class=\"wpb_row row-inner\"><div class=\"wpb_column pos-top pos-center align_left column_parent col-lg-12 boomapps_vccolumn single-internal-gutter\"><div class=\"uncol style-dark\"  ><div class=\"uncoltable\"><div class=\"uncell  boomapps_vccolumn no-block-padding\" ><div class=\"uncont\" ><div class=\"vc_row row-internal row-container boomapps_vcrow\"><div class=\"row row-child\"><div class=\"wpb_row row-inner\"><div class=\"wpb_column pos-top pos-center align_left column_child col-lg-12 boomapps_vccolumn single-internal-gutter\"><div class=\"uncol style-dark\" ><div class=\"uncoltable\"><div class=\"uncell  boomapps_vccolumn no-block-padding\" ><div class=\"uncont\" ><div class=\"vc_custom_heading_wrap\"><div class=\"heading-text el-text\" ><\/p>\n<h1>\ud83d\ude9a Busbelastung<\/h1>\n<p>\n<hr class=\"separator-break separator-accent\" \/><\/div><div class=\"clear\"><\/div><\/div><div class=\"empty-space empty-single\" ><span class=\"empty-space-inner\"><\/span><\/div>\n<div class=\"uncode_text_column\" ><p>Korrektes und sicheres Laden ist unerl\u00e4sslich. Unter <strong>Royal Casino Unternehmen<\/strong> Wir transportieren wertvolles und zerbrechliches Material, von luxuri\u00f6sen Casinotischen bis hin zu Dekoration und Ausr\u00fcstung.<br \/>\nDeshalb ist es wichtig, dass alles <strong>in der richtigen Reihenfolge, gut gesch\u00fctzt und sicher befestigt<\/strong> geladen ist. Dadurch werden Besch\u00e4digungen, Verrutschen oder Unf\u00e4lle auf dem Weg verhindert.<\/p>\n<p>-<\/p>\n<h3>\ud83c\udfaf Warum dies so wichtig ist<\/h3>\n<ul>\n<li>\ud83d\udcb8 Um Sch\u00e4den an Tischen, Zylindern und Dekoration zu vermeiden.<\/li>\n<li>\ud83d\udd12 Um sicherzustellen, dass das Material w\u00e4hrend des Transports nicht verrutschen oder herunterfallen kann.<\/li>\n<li>\ud83d\ude9a Den Bus in Ordnung zu halten, damit bei der Ankunft alles sofort geordnet ausgeladen werden kann.<\/li>\n<li>\ud83d\udcaa Professionell und sorgf\u00e4ltig zu arbeiten, ist unsere Visitenkarte.<\/li>\n<\/ul>\n<p>-<\/p>\n<h3>1\ufe0f\u20e3 Vorbereitung<\/h3>\n<ul>\n<li>Vergewissern Sie sich, dass der Bus sauber und leer ist, bevor Sie mit dem Laden beginnen.<\/li>\n<li>\ud83d\udce6 Stellen Sie sicher, dass Sie alle <strong>Decken, Schaumstoffe und Gurte<\/strong> zur Hand.<\/li>\n<li>\ud83e\udde0 Denken Sie voraus: schwere Gegenst\u00e4nde und Tische kommen zuerst, leichte Materialien kommen sp\u00e4ter darauf oder dazwischen. (Verwenden Sie immer Transportdecken)<\/li>\n<li>\ud83c\udfaf Arbeiten Sie ruhig und in Absprache mit Ihren Kollegen. Die Aufsichtsperson (LG) gibt an, wer was l\u00e4dt.<\/li>\n<\/ul>\n<p>-<\/p>\n<h3>2\ufe0f\u20e3 Tabellen laden<\/h3>\n<p>Beginnen Sie immer mit der Platzierung der Spieltische, die die Grundlage f\u00fcr die Beladung bilden.<\/p>\n<ul>\n<li>\ud83d\udd17 Zwei machen <strong>Zurrgurte<\/strong> an der linken Seite des Busses befestigt, wo die Tische aufgestellt werden sollen.<\/li>\n<li>\ud83e\uddfd Bein <strong>zwei Schaumstoffmatten<\/strong> \u00fcber die Gurte, um die Tischoberfl\u00e4chen zu sch\u00fctzen.<\/li>\n<li>\ud83e\ude91 Setzen Sie die erste Tabelle mit dem <strong>unten<\/strong> gegen die Seite des Busses.<\/li>\n<li>\ud83c\udfb2 Legen Sie die zweite Tabelle mit dem <strong>Blatt gegen das andere Blatt<\/strong> Niemals Feld gegen hinten spielen!<\/li>\n<li>\ud83e\uddf4 Lege zwei oder drei <strong>Decken<\/strong> \u00fcber den Tischen, damit alles gut gesch\u00fctzt ist.<\/li>\n<li>\ud83d\udd12 Best\u00e4tigen Sie die <strong>stabile Zurrgurte<\/strong> und legen Sie Schaumstoff zwischen das B\u00fcgeleisen und die Tischplatte.<\/li>\n<li>Vergewissern Sie sich immer, dass die Tische fest sitzen, bevor Sie weiterarbeiten.<\/li>\n<\/ul>\n<p>-<\/p>\n<h3>3\ufe0f\u20e3 Beladung von Kastenwagen (mit Karren)<\/h3>\n<ul>\n<li>\ud83e\ude91 Decken Sie den Tisch <strong>in der Mitte des Wagens<\/strong> und bedecken Sie sie gut mit 2-3 Decken.<\/li>\n<li>\ud83d\udd17 Sichern Sie die Tische auf dem Wagen mit einem <strong>Zurrgurt<\/strong> und legen Sie einen Schaumstoff zwischen Reifen und Blatt.<\/li>\n<li>\u2699\ufe0f Zweite Etappe <strong>Zurrgurte bereit<\/strong> an der Seite des K\u00fcbelwagens (Ratsche oben, Gurt am Boden).<\/li>\n<li>\ud83d\ude9b Fahren Sie den Wagen vorsichtig in den K\u00fcbelwagen und sichern Sie ihn mit den Zurrgurten.<\/li>\n<li>\u2705 Falls erforderlich, verwenden Sie <strong>Stretchfolie<\/strong> um den Wagen zus\u00e4tzlich zu fixieren.<\/li>\n<\/ul>\n<p>-<\/p>\n<h3>4\ufe0f\u20e3 Fahrgestelle &amp; lange Teile<\/h3>\n<ul>\n<li>\ud83e\uddf1 H\u00f6chstwert einstellen <strong>vier Basen<\/strong> die auf der rechten Seite des Busses angebracht ist.<\/li>\n<li>\ud83d\udd17 Verwenden Sie Zurrgurte und legen Sie Schaumstoffpolster zwischen Metall und Gurt.<\/li>\n<li>\ud83e\ude9c Zwischenbalken k\u00f6nnen oben aufliegen, solange sie fest aufliegen und nicht verrutschen.<\/li>\n<li>\ud83e\udeb5 Lange Roulettestangen? Sichern Sie sie mit zwei Zurrgurten auf der rechten Seite und pr\u00fcfen Sie, ob sie sich nicht bewegen.<\/li>\n<\/ul>\n<p>-<\/p>\n<h3>5\ufe0f\u20e3 Dekoration &amp; Zubeh\u00f6r<\/h3>\n<ul>\n<li>\ud83c\udfc6 Legen Sie die Goldpfosten dicht an das Fahrerhaus des Busses und legen Sie eine Decke dar\u00fcber.<\/li>\n<li>\ud83d\udca1 Lampen und Dekoration fest in die Ecken stecken, mit Gummib\u00e4ndern sichern.<\/li>\n<li>\ud83d\udce6 Materialkisten in der Mitte, bis zu zwei hoch gestapelt. Achte darauf, dass sie nicht verrutschen k\u00f6nnen.<\/li>\n<li>\ud83c\udfb0 Spielautomaten immer auf dem Boden oder an der Seite (nie auf Hunden), gesichert mit einem Zurrgurt.<\/li>\n<\/ul>\n<p>-<\/p>\n<h3>\u2705 Kontrolle und Sicherheit<\/h3>\n<ul>\n<li>\ud83d\udc40 \u00dcberpr\u00fcfen Sie mit dem LG, ob alles sicher ist.<\/li>\n<li>\ud83e\uddf4 \u00dcberpr\u00fcfen Sie noch einmal alle Schaumstoffe, Decken und Bindungen.<\/li>\n<li>\ud83d\udd12 Ziehen Sie an den Gurten, um zu pr\u00fcfen, ob alles sicher ist.<\/li>\n<li>\ud83e\udeb6 Ruhige Arbeit in Eile verursacht Schaden.<\/li>\n<\/ul>\n<p>-<\/p>\n<h3>\u26a0\ufe0f H\u00e4ufige Fehler (vermieden!)<\/h3>\n<ul>\n<li>\u274c Tische legen Blatt gegen Unterseite - immer Blatt gegen Blatt oder Unterseite gegen Unterseite.<\/li>\n<li>\u274c Kein Schaum zwischen den Reifen - das verursacht Kratzer.<\/li>\n<li>\u274c Lose Gegenst\u00e4nde, die nicht gesichert sind - Gefahr von Besch\u00e4digungen w\u00e4hrend der Fahrt.<\/li>\n<li>\u274c Zu hoch gestapelte Kisten - k\u00f6nnen beim Bremsen umkippen.<\/li>\n<\/ul>\n<p>-<\/p>\n<h3>\ud83e\udde0 Zusammenfassend<\/h3>\n<p>Verladen ist Teamarbeit. Arbeiten Sie ruhig, kommunizieren Sie klar und \u00fcberpr\u00fcfen Sie die Arbeit der anderen.<br \/>\nEin richtig beladener Bus verhindert Stress, Sch\u00e4den und Zeitverluste und sorgt daf\u00fcr, dass die n\u00e4chste Veranstaltung so professionell beginnt, wie diese endet. \ud83d\udcaa\u2728<\/p>\n<p>-<\/p>\n<h3>\u2705 Busbeladung - schnelle Kontrolle vor der Abfahrt<\/h3>\n<ul>\n<li>\ud83e\uddf9 Bus ist leer und sauber<\/li>\n<li>\ud83e\udeb5 Tische Blatt an Blatt, ordnungsgem\u00e4\u00df gesichert<\/li>\n<li>\ud83e\uddf4 Schaumstoff zwischen Reifen und Material<\/li>\n<li>Materialkisten vollst\u00e4ndig und fest gestapelt<\/li>\n<li>\ud83e\uddf1 Sockel befestigt, Balken an Ort und Stelle<\/li>\n<li>\ud83c\udfc6 Pfosten und Dekoration mit Decken gesch\u00fctzt<\/li>\n<li>\ud83d\udd12 Alle Zurrgurte befestigt und gepr\u00fcft<\/li>\n<li>\ud83d\udc40 Letzte \u00dcberpr\u00fcfung durch LG<\/li>\n<\/ul>\n<p><strong>Alles \u00fcberpr\u00fcft?<\/strong> Erst dann schlie\u00dfen Sie den Bus und fahren in aller Ruhe zum n\u00e4chsten Ziel.<br \/>\nSicher, professionell und stolz, wie es sich geh\u00f6rt <strong>Royal Casino Unternehmen<\/strong>. \ud83d\ude9b\u2728<\/p>\n<\/div><div class=\"divider-wrapper\"  >\n    <hr class=\"border-accent-color separator-no-padding\"  \/>\n<\/div>\n<\/div><\/div><\/div><\/div><\/div><\/div><\/div><\/div><\/div><\/div><\/div><\/div><\/div><script id=\"script-row-unique-0\" data-row=\"script-row-unique-0\" type=\"text\/javascript\" class=\"vc_controls\">UNCODE.initRow(document.getElementById(\"row-unique-0\"));<\/script><\/div><\/div><\/div>\n<\/div>","protected":false},"excerpt":{"rendered":"\ud83d\ude9a Bus inladen Een correcte en veilige manier van inladen is essentieel. Bij Royal Casino Company vervoeren we waardevolle, kwetsbare [...]","protected":false},"author":1,"featured_media":0,"parent":71016,"menu_order":0,"comment_status":"closed","ping_status":"closed","template":"","meta":{"footnotes":""},"class_list":["post-71218","page","type-page","status-publish","hentry","page_category-personeel-portaal"],"_links":{"self":[{"href":"https:\/\/royalcasinocompany.nl\/de\/wp-json\/wp\/v2\/pages\/71218","targetHints":{"allow":["GET"]}}],"collection":[{"href":"https:\/\/royalcasinocompany.nl\/de\/wp-json\/wp\/v2\/pages"}],"about":[{"href":"https:\/\/royalcasinocompany.nl\/de\/wp-json\/wp\/v2\/types\/page"}],"author":[{"embeddable":true,"href":"https:\/\/royalcasinocompany.nl\/de\/wp-json\/wp\/v2\/users\/1"}],"replies":[{"embeddable":true,"href":"https:\/\/royalcasinocompany.nl\/de\/wp-json\/wp\/v2\/comments?post=71218"}],"version-history":[{"count":6,"href":"https:\/\/royalcasinocompany.nl\/de\/wp-json\/wp\/v2\/pages\/71218\/revisions"}],"predecessor-version":[{"id":71928,"href":"https:\/\/royalcasinocompany.nl\/de\/wp-json\/wp\/v2\/pages\/71218\/revisions\/71928"}],"up":[{"embeddable":true,"href":"https:\/\/royalcasinocompany.nl\/de\/wp-json\/wp\/v2\/pages\/71016"}],"wp:attachment":[{"href":"https:\/\/royalcasinocompany.nl\/de\/wp-json\/wp\/v2\/media?parent=71218"}],"curies":[{"name":"wp","href":"https:\/\/api.w.org\/{rel}","templated":true}]}}