{"id":71223,"date":"2025-11-02T13:08:31","date_gmt":"2025-11-02T12:08:31","guid":{"rendered":"https:\/\/royalcasinocompany.nl\/?page_id=71223"},"modified":"2026-01-15T23:17:39","modified_gmt":"2026-01-15T22:17:39","slug":"nieuwe-medewerker","status":"publish","type":"page","link":"https:\/\/royalcasinocompany.nl\/de\/personeel\/nieuwe-medewerker\/","title":{"rendered":"Neuer Mitarbeiter"},"content":{"rendered":"<div class=\"wpb-content-wrapper\"><div data-parent=\"true\" class=\"vc_row row-container boomapps_vcrow\" id=\"row-unique-0\"><div class=\"row limit-width row-parent\"><div class=\"wpb_row row-inner\"><div class=\"wpb_column pos-top pos-left align_left column_parent col-lg-12 boomapps_vccolumn single-internal-gutter\"><div class=\"uncol style-dark\"  ><div class=\"uncoltable\"><div class=\"uncell  boomapps_vccolumn no-block-padding\" ><div class=\"uncont\" ><div class=\"vc_row row-internal row-container boomapps_vcrow\"><div class=\"row row-child\"><div class=\"wpb_row row-inner\"><div class=\"wpb_column pos-top pos-center align_left column_child col-lg-12 boomapps_vccolumn single-internal-gutter\"><div class=\"uncol style-dark\" ><div class=\"uncoltable\"><div class=\"uncell  boomapps_vccolumn no-block-padding\" ><div class=\"uncont\" ><div class=\"vc_custom_heading_wrap\"><div class=\"heading-text el-text\" ><\/p>\n<h1>Neuer Mitarbeiter<\/h1>\n<p>\n<hr class=\"separator-break separator-accent\" \/><\/div><div class=\"clear\"><\/div><\/div><div class=\"empty-space empty-single\" ><span class=\"empty-space-inner\"><\/span><\/div>\n<div class=\"uncode_text_column\" ><p>Willkommen im Team von <strong>Be Our Guest Veranstaltungen<\/strong>!<br \/>\nSch\u00f6n, dass Sie bei uns sind, wir freuen uns auf eine angenehme, freundliche und professionelle Zusammenarbeit.<\/p>\n<p>Um Ihre Besch\u00e4ftigung richtig zu organisieren, ben\u00f6tigen wir eine Reihe von Formularen und Dokumenten. Mit diesen Angaben erstellen wir Ihre Bereitschaftsdienstvereinbarung, melden Sie bei unserem Buchhalter an und sorgen daf\u00fcr, dass Sie in unser Planungssystem aufgenommen werden <strong>Rentman<\/strong>.<\/p>\n<p>Bitte lesen Sie die nachstehenden Angaben sorgf\u00e4ltig durch und reichen Sie die Formulare vollst\u00e4ndig ausgef\u00fcllt und unterschrieben ein.<\/p>\n<p>-<\/p>\n<h3>\ud83d\udcc4 Was Sie zur Verf\u00fcgung stellen m\u00fcssen<\/h3>\n<ol>\n<li><strong>Erforderliche Daten neuer Mitarbeiter<\/strong><br \/>\nF\u00fcllen Sie dieses Formular vollst\u00e4ndig aus und f\u00fcgen Sie eine Kopie davon bei:<\/p>\n<ul>\n<li>Ihr Identit\u00e4tsnachweis (kein F\u00fchrerschein) - Vorder- und R\u00fcckseite<\/li>\n<li>Ihre Bankkarte - damit Ihre Kontonummer korrekt verarbeitet wird<\/li>\n<li>Ihr ausgef\u00fclltes Mutationsformular von unserem Buchhalter<\/li>\n<\/ul>\n<\/li>\n<li><strong>Lohnsteuerbescheinigung<\/strong><br \/>\nDies ist f\u00fcr jeden neuen Mitarbeiter obligatorisch. Bitte f\u00fcllen Sie dieses Formular aus und geben Sie an, ob wir die <strong>Lohnsummensteuergutschrift<\/strong> gelten sollten.<\/li>\n<li><strong>Darlehensvertrag<\/strong><br \/>\nDarin steht, welche Firmenkleidung und welche Gegenst\u00e4nde Ihnen leihweise \u00fcberlassen werden. Vergessen Sie nicht, die Kaution zu \u00fcberweisen, wie in dem Dokument angegeben.<\/li>\n<li><strong>Arbeitsverg\u00fctung auf Abrufbasis 2025<\/strong><br \/>\nIn diesem Dokument finden Sie alle Informationen \u00fcber Ihren Stundenlohn, die Reisezeitverg\u00fctung und wichtige Vereinbarungen \u00fcber Arbeitszeiten und Pausen.<\/li>\n<\/ol>\n<p>-<\/p>\n<h3>\u2705 Wichtig<\/h3>\n<ul>\n<li>Alle Dokumente einreichen <strong>digital oder gedruckt<\/strong> vor Ihrem ersten Arbeitstag einreichen.<\/li>\n<li>Pr\u00fcfen Sie, ob alles <strong>gut lesbar<\/strong> und <strong>unterzeichnet<\/strong> ist.<\/li>\n<li>Sobald Ihre Angaben bearbeitet wurden, erhalten Sie Ihr <strong>inlog f\u00fcr Rentman<\/strong> und weitere Anweisungen.<\/li>\n<\/ul>\n<p>Gemeinsam werden wir es zu einer erfolgreichen Saison machen - <strong>willkommen im Team!<\/strong> \ud83c\udf89<\/p>\n<\/div><div class=\"divider-wrapper\"  >\n    <hr class=\"border-accent-color separator-no-padding\"  \/>\n<\/div>\n<\/div><\/div><\/div><\/div><\/div><\/div><\/div><\/div><\/div><\/div><\/div><\/div><\/div><script id=\"script-row-unique-0\" data-row=\"script-row-unique-0\" type=\"text\/javascript\" class=\"vc_controls\">UNCODE.initRow(document.getElementById(\"row-unique-0\"));<\/script><\/div><\/div><\/div>\n<\/div>","protected":false},"excerpt":{"rendered":"Nieuwe medewerker Welkom bij het team van Be Our Guest Events! Wat leuk dat je bij ons komt werken, we [...]","protected":false},"author":1,"featured_media":0,"parent":71016,"menu_order":0,"comment_status":"closed","ping_status":"closed","template":"","meta":{"footnotes":""},"class_list":["post-71223","page","type-page","status-publish","hentry","page_category-personeel-portaal"],"_links":{"self":[{"href":"https:\/\/royalcasinocompany.nl\/de\/wp-json\/wp\/v2\/pages\/71223","targetHints":{"allow":["GET"]}}],"collection":[{"href":"https:\/\/royalcasinocompany.nl\/de\/wp-json\/wp\/v2\/pages"}],"about":[{"href":"https:\/\/royalcasinocompany.nl\/de\/wp-json\/wp\/v2\/types\/page"}],"author":[{"embeddable":true,"href":"https:\/\/royalcasinocompany.nl\/de\/wp-json\/wp\/v2\/users\/1"}],"replies":[{"embeddable":true,"href":"https:\/\/royalcasinocompany.nl\/de\/wp-json\/wp\/v2\/comments?post=71223"}],"version-history":[{"count":16,"href":"https:\/\/royalcasinocompany.nl\/de\/wp-json\/wp\/v2\/pages\/71223\/revisions"}],"predecessor-version":[{"id":71943,"href":"https:\/\/royalcasinocompany.nl\/de\/wp-json\/wp\/v2\/pages\/71223\/revisions\/71943"}],"up":[{"embeddable":true,"href":"https:\/\/royalcasinocompany.nl\/de\/wp-json\/wp\/v2\/pages\/71016"}],"wp:attachment":[{"href":"https:\/\/royalcasinocompany.nl\/de\/wp-json\/wp\/v2\/media?parent=71223"}],"curies":[{"name":"wp","href":"https:\/\/api.w.org\/{rel}","templated":true}]}}