{"id":71232,"date":"2025-11-02T13:15:26","date_gmt":"2025-11-02T12:15:26","guid":{"rendered":"https:\/\/royalcasinocompany.nl\/?page_id=71232"},"modified":"2026-01-15T23:27:34","modified_gmt":"2026-01-15T22:27:34","slug":"pech-onderweg","status":"publish","type":"page","link":"https:\/\/royalcasinocompany.nl\/de\/personeel\/pech-onderweg\/","title":{"rendered":"Panne auf der Stra\u00dfe"},"content":{"rendered":"<div class=\"wpb-content-wrapper\"><div data-parent=\"true\" class=\"vc_row row-container boomapps_vcrow\" id=\"row-unique-0\"><div class=\"row limit-width row-parent\"><div class=\"wpb_row row-inner\"><div class=\"wpb_column pos-top pos-center align_left column_parent col-lg-12 boomapps_vccolumn single-internal-gutter\"><div class=\"uncol style-dark\"  ><div class=\"uncoltable\"><div class=\"uncell  boomapps_vccolumn no-block-padding\" ><div class=\"uncont\" ><div class=\"vc_row row-internal row-container boomapps_vcrow\"><div class=\"row row-child\"><div class=\"wpb_row row-inner\"><div class=\"wpb_column pos-top pos-center align_left column_child col-lg-12 boomapps_vccolumn single-internal-gutter\"><div class=\"uncol style-dark\" ><div class=\"uncoltable\"><div class=\"uncell  boomapps_vccolumn no-block-padding\" ><div class=\"uncont\" ><div class=\"vc_custom_heading_wrap\"><div class=\"heading-text el-text\" ><\/p>\n<h1>\ud83c\udd98 Panne im Stra\u00dfenverkehr?<\/h1>\n<p>\n<hr class=\"separator-break separator-accent\" \/><\/div><div class=\"clear\"><\/div><\/div><div class=\"empty-space empty-single\" ><span class=\"empty-space-inner\"><\/span><\/div>\n<div class=\"uncode_text_column\" ><p>Trotz der Tatsache, dass unsere Busse gut gewartet werden, kann es nat\u00fcrlich passieren, dass unterwegs etwas schief geht.<br \/>\nOb eine Reifenpanne, ein Motorschaden oder falscher Kraftstoff <strong>immer ruhig bleiben<\/strong> und folgen Sie den nachstehenden Schritten.<br \/>\nAuf diese Weise sorgen wir daf\u00fcr, dass Sie in Sicherheit sind, der Kunde rechtzeitig informiert wird und das Problem so schnell wie m\u00f6glich gel\u00f6st wird.<\/p>\n<p>-<\/p>\n<h3>\ud83d\udea6 Erste Ma\u00dfnahme im Falle einer Panne<\/h3>\n<ul>\n<li>\ud83d\uded1 <strong>Ruhig bleiben<\/strong> Panik hilft nicht, Handeln schon.<\/li>\n<li>\u26a0\ufe0f Setzen Sie den Bus <strong>sicher am Rande der Stra\u00dfe<\/strong>, vorzugsweise auf einem Parkplatz oder einem Pannenstreifen.<\/li>\n<li>\ud83d\udea8 Legen Sie die <strong>Warnblinkanlage<\/strong> und f\u00fcgen Sie die <strong>Warndreieck<\/strong> (mindestens 30 Meter hinter dem Bus).<\/li>\n<li>\ud83e\uddba Ziehen Sie Ihre <strong>Sicherheitsweste<\/strong> ein (obligatorisch im Falle einer Panne auf Autobahnen oder stark befahrenen Stra\u00dfen).<\/li>\n<li>\ud83d\udc65 Lassen Sie die Fahrg\u00e4ste sicher rechts aussteigen und warten Sie hinter der Leitplanke.<\/li>\n<\/ul>\n<p>-<\/p>\n<h3>\ud83d\udcde ANWB sofort anrufen<\/h3>\n<p>Kontaktieren Sie sofort die ANWB-Notfallzentrale.<br \/>\nGeben Sie an, dass es sich um <strong>Seien Sie unser Gast \/ Royal Casino Company<\/strong> und geben Sie die Mitgliedsnummer an, die auf dem <strong>ANWB-Karte im Bus<\/strong> oder in der <strong>PDF unten<\/strong> Zustand.<\/p>\n<ul>\n<li>\ud83d\udcde <strong>ANWB-Notfallzentrale:<\/strong> +31 (0)88 269 21 00<\/li>\n<li>\ud83e\udeaa <strong>Mitgliedsnummer:<\/strong> 51 20 41 24 5<\/li>\n<li>\ud83d\ude90 Geben Sie das Kennzeichen des Busses an, den Sie gerade fahren.<\/li>\n<li>\ud83d\udccd Geben Sie den genauen Standort an (verwenden Sie Google Maps oder die Nummer des ANWB-Schildes an der Autobahn).<\/li>\n<\/ul>\n<p>-<\/p>\n<h3>\ud83d\udccd Hilfe ist auf dem Weg<\/h3>\n<p>ANWB kommt in der Regel in <strong>30 bis 90 Minuten<\/strong> an Ort und Stelle.<br \/>\nIn der Zwischenzeit ist es wichtig, dass Sie erreichbar bleiben und an einem sicheren Ort warten.<\/p>\n<ul>\n<li>\ud83e\uddcd Bleiben Sie beim Bus, aber in einem sicheren Abstand zum Verkehr.<\/li>\n<li>\ud83d\udcf1 Halten Sie Ihr Telefon bereit, wenn der ANWB anruft, wenn er kurz vor der Ankunft steht.<\/li>\n<li>\ud83d\udd27 Lassen Sie den Bus nicht einfach zur\u00fcck; der Fahrer bleibt immer anwesend, bis ANWB eintrifft.<\/li>\n<\/ul>\n<p>-<\/p>\n<h3>\ud83d\ude9a Rufen Sie auch Tim an (nur auf der Hinfahrt)<\/h3>\n<p>Wenn Sie <strong>sind auf dem Weg zu einem Auftrag<\/strong> und ungl\u00fccklich, <strong>Tim direkt anrufen<\/strong> Nach einem Anruf beim ANWB.<br \/>\nEr pr\u00fcft, ob es eine <strong>Ersatzbus<\/strong> verschickt werden, so dass die Materialien den Kunden noch rechtzeitig erreichen.<\/p>\n<ul>\n<li>\ud83d\udcde <strong>Tim:<\/strong> 06 29 54 14 50<\/li>\n<li>\ud83d\udcac Erkl\u00e4ren Sie kurz, was los ist und wo Sie stehen.<\/li>\n<li>\ud83d\udd50 Tim entscheidet, ob er einen anderen Bus schicken kann oder ob das Team auf den ANWB warten soll.<\/li>\n<\/ul>\n<p>Sind Sie auf der <strong>zur\u00fcck zum Lagerhaus<\/strong> und Pech haben?<br \/>\nDann brauchen Sie nicht Tim oder Talitha anzurufen, sondern k\u00f6nnen in aller Ruhe auf den ANWB warten und dann sicher zur\u00fcckkehren, sobald der Bus repariert oder der Abschleppdienst organisiert ist.<\/p>\n<p>-<\/p>\n<h3>\ud83d\udca1 Tipps f\u00fcr die Wartezeit<\/h3>\n<ul>\n<li>\ud83e\uddc3 Bleiben Sie in der N\u00e4he des Busses, aber warten Sie in einem sicheren Abstand zur Stra\u00dfe.<\/li>\n<li>\ud83d\udeab Rauchen Sie nicht in der N\u00e4he des Busses, da dies bei einem Kraftstoffaustritt gef\u00e4hrlich sein kann.<\/li>\n<li>\ud83e\udeb5 Verwenden Sie keine Starthilfekabel oder Werkzeuge von Fremden.<\/li>\n<li>\ud83d\udcf7 Machen Sie gegebenenfalls ein Foto von der Situation f\u00fcr die Akten oder die Versicherung.<\/li>\n<\/ul>\n<p>-<\/p>\n<h3>\ud83d\udcb0 Kosten und Verantwortung<\/h3>\n<ul>\n<li>Alle in den Niederlanden \u00fcblichen Pannenhilfeleistungen sind in unserem ANWB-Paket enthalten.<\/li>\n<li>\ud83d\udcb3 Haben Sie <strong>selbst einen Fehler gemacht<\/strong> (z. B. falsch eingef\u00fcllter Kraftstoff oder Besch\u00e4digung durch unvorsichtige Handhabung)?<br \/>\nDann die Kosten f\u00fcr ANWB und Kraftstoff <strong>auf eigene Rechnung<\/strong>.<\/li>\n<li>\ud83d\udd27 Ein Ersatzbus oder ein zus\u00e4tzlicher Transport wird von Tim organisiert, wenn es die Situation erfordert.<\/li>\n<\/ul>\n<p>-<\/p>\n<h3>\u2705 Zusammenfassung - was ist bei einer Panne zu tun?<\/h3>\n<ul>\n<li>\ud83d\uded1 Bleiben Sie ruhig und halten Sie den Bus sicher an.<\/li>\n<li>\ud83d\udea8 Warnblinkanlage einschalten, Warndreieck aufstellen, Warnweste anziehen.<\/li>\n<li>\ud83d\udcde Rufen Sie den ANWB an: +31 88 269 21 00 (Mitgliedsnummer 51 20 41 24 5).<\/li>\n<li>\ud83d\udccd Bitte geben Sie das Kennzeichen, den Ort und die Situation an.<\/li>\n<li>\ud83d\udcf1 Dann rufen Sie Tim an, wenn Sie auf dem Weg zu einem Auftrag sind.<\/li>\n<li>\ud83d\udd50 Warten Sie in sicherer Entfernung, bis der ANWB eintrifft.<\/li>\n<li>\ud83e\uddfe Melden Sie eventuelle Sch\u00e4den oder Folgetermine in der Gruppen-App.<\/li>\n<\/ul>\n<p>-<\/p>\n<h3>\ud83d\udcc4 ANWB-Befehl herunterladen<\/h3>\n<p>Es gibt eine laminierte <strong>ANWB-Anweisung<\/strong> im Handschuhfach.<br \/>\nSie k\u00f6nnen auch die unten stehende digitale Version mit allen Kontaktdaten, Kennzeichen und Paketinformationen herunterladen:<\/p>\n<p style=\"margin-top: 15px;\"><a style=\"display: inline-block; background-color: #c9a34a; color: #111; font-weight: bold; padding: 12px 24px; border-radius: 8px; text-decoration: none;\" href=\"https:\/\/royalcasinocompany.nl\/wp-content\/uploads\/2025\/11\/1.png\">\ud83d\udce5 Laden Sie die ANWB-Informationen herunter (PDF)<br \/>\n<\/a><\/p>\n<p>-<\/p>\n<h3>\ud83e\udde0 Wichtig zu wissen<\/h3>\n<ul>\n<li>\ud83d\ude97 Sicherheit geht immer vor Geschwindigkeit.<\/li>\n<li>\ud83d\udcde Rufen Sie immer den ANWB und (falls n\u00f6tig) Tim an.<\/li>\n<li>\ud83d\udee0\ufe0f Bleiben Sie beim Bus, bis die Situation gekl\u00e4rt ist.<\/li>\n<li>\ud83d\udcac Melden Sie es immer in der Gruppen-App, sobald alles wieder unter Kontrolle ist.<\/li>\n<\/ul>\n<p>-<\/p>\n<p><strong>Bleiben Sie ruhig, arbeiten Sie sicher und kommunizieren Sie klar.<\/strong><br \/>\nEine Panne auf der Stra\u00dfe ist nie lustig, aber mit dem richtigen Ansatz bleibt sie professionell und unter Kontrolle. \ud83d\udcaa<\/p>\n<\/div><div class=\"divider-wrapper\"  >\n    <hr class=\"border-accent-color separator-no-padding\"  \/>\n<\/div>\n<\/div><\/div><\/div><\/div><\/div><\/div><\/div><\/div><\/div><\/div><\/div><\/div><\/div><script id=\"script-row-unique-0\" data-row=\"script-row-unique-0\" type=\"text\/javascript\" class=\"vc_controls\">UNCODE.initRow(document.getElementById(\"row-unique-0\"));<\/script><\/div><\/div><\/div>\n<\/div>","protected":false},"excerpt":{"rendered":"\ud83c\udd98 Pech onderweg? Ondanks dat onze bussen goed onderhouden zijn, kan het natuurlijk gebeuren dat er onderweg iets misgaat. Of [...]","protected":false},"author":1,"featured_media":0,"parent":71016,"menu_order":0,"comment_status":"closed","ping_status":"closed","template":"","meta":{"footnotes":""},"class_list":["post-71232","page","type-page","status-publish","hentry","page_category-personeel-portaal"],"_links":{"self":[{"href":"https:\/\/royalcasinocompany.nl\/de\/wp-json\/wp\/v2\/pages\/71232","targetHints":{"allow":["GET"]}}],"collection":[{"href":"https:\/\/royalcasinocompany.nl\/de\/wp-json\/wp\/v2\/pages"}],"about":[{"href":"https:\/\/royalcasinocompany.nl\/de\/wp-json\/wp\/v2\/types\/page"}],"author":[{"embeddable":true,"href":"https:\/\/royalcasinocompany.nl\/de\/wp-json\/wp\/v2\/users\/1"}],"replies":[{"embeddable":true,"href":"https:\/\/royalcasinocompany.nl\/de\/wp-json\/wp\/v2\/comments?post=71232"}],"version-history":[{"count":6,"href":"https:\/\/royalcasinocompany.nl\/de\/wp-json\/wp\/v2\/pages\/71232\/revisions"}],"predecessor-version":[{"id":71950,"href":"https:\/\/royalcasinocompany.nl\/de\/wp-json\/wp\/v2\/pages\/71232\/revisions\/71950"}],"up":[{"embeddable":true,"href":"https:\/\/royalcasinocompany.nl\/de\/wp-json\/wp\/v2\/pages\/71016"}],"wp:attachment":[{"href":"https:\/\/royalcasinocompany.nl\/de\/wp-json\/wp\/v2\/media?parent=71232"}],"curies":[{"name":"wp","href":"https:\/\/api.w.org\/{rel}","templated":true}]}}