{"id":71237,"date":"2025-11-02T13:17:45","date_gmt":"2025-11-02T12:17:45","guid":{"rendered":"https:\/\/royalcasinocompany.nl\/?page_id=71237"},"modified":"2026-01-15T23:21:41","modified_gmt":"2026-01-15T22:21:41","slug":"parkeren","status":"publish","type":"page","link":"https:\/\/royalcasinocompany.nl\/de\/personeel\/parkeren\/","title":{"rendered":"Parken"},"content":{"rendered":"<div class=\"wpb-content-wrapper\"><div data-parent=\"true\" class=\"vc_row row-container boomapps_vcrow\" id=\"row-unique-0\"><div class=\"row limit-width row-parent\"><div class=\"wpb_row row-inner\"><div class=\"wpb_column pos-top pos-center align_left column_parent col-lg-12 boomapps_vccolumn single-internal-gutter\"><div class=\"uncol style-dark\"  ><div class=\"uncoltable\"><div class=\"uncell  boomapps_vccolumn no-block-padding\" ><div class=\"uncont\" ><div class=\"vc_row row-internal row-container boomapps_vcrow\"><div class=\"row row-child\"><div class=\"wpb_row row-inner\"><div class=\"wpb_column pos-top pos-center align_left column_child col-lg-12 boomapps_vccolumn single-internal-gutter\"><div class=\"uncol style-dark\" ><div class=\"uncoltable\"><div class=\"uncell  boomapps_vccolumn no-block-padding\" ><div class=\"uncont\" ><div class=\"vc_custom_heading_wrap\"><div class=\"heading-text el-text\" ><\/p>\n<h1>\ud83c\udd7f\ufe0f Parken<\/h1>\n<p>\n<hr class=\"separator-break separator-accent\" \/><\/div><div class=\"clear\"><\/div><\/div><div class=\"empty-space empty-single\" ><span class=\"empty-space-inner\"><\/span><\/div>\n<div class=\"uncode_text_column\" ><p>Bei Be Our Guest Events m\u00f6chten wir, dass alles reibungslos und professionell abl\u00e4uft, einschlie\u00dflich des Parkens unserer Busse und Fahrzeuge.<br \/>\nUm dies einfach und fehlerfrei zu gestalten, verwenden wir die <strong>SME Fuel App<\/strong> f\u00fcr bezahltes Parken. Mit dieser App k\u00f6nnen Sie einfach und sicher Parkvorg\u00e4nge vor Ort starten und beenden.<\/p>\n<p>-<\/p>\n<h3>\ud83d\udcf2 Parken \u00fcber die SME Fuel App<\/h3>\n<p>Befolgen Sie die nachstehenden Schritte stets sorgf\u00e4ltig. Der Verwalter ist f\u00fcr das Starten und Beenden der Parkaktion verantwortlich.<\/p>\n<ol>\n<li>\ud83d\udce5 <strong>Herunterladen<\/strong> die SME Fuel App \u00fcber den App Store (iPhone) oder Google Play (Android).<\/li>\n<li>\ud83d\udcf1 <strong>\u00d6ffnen Sie die App<\/strong> und erteilen Sie die Erlaubnis f\u00fcr Benachrichtigungen und den Standort (\u201cMeinen Standort freigeben\u201d ein).<\/li>\n<li>\ud83d\udeab Bei der Aufforderung \u201cNeues Konto erstellen\u201d \u2192 klicken Sie auf <strong>\u201cNicht jetzt\u201d<\/strong>.<\/li>\n<li>\ud83d\udd11 Klicken Sie im unteren Bereich auf <strong>\u201cMein KMU\u201d<\/strong> und dann auf <strong>\u201cAnmelden\u201d<\/strong>.<\/li>\n<li>Geben Sie die folgenden Anmeldedaten ein:<br \/>\n\ud83d\udce7 <strong>E-Mail Adresse:<\/strong> info@BeOurGuestEvents.nl<br \/>\n\ud83d\udd10 <strong>Kennwort:<\/strong> Park2800!<\/li>\n<li>\ud83d\udccd Klicken Sie in der Men\u00fcleiste am unteren Rand auf <strong>\u201cKarte\u201d<\/strong>.<\/li>\n<li>Finden und w\u00e4hlen Sie das richtige <strong>Parkzone<\/strong> Wo Sie stehen.<\/li>\n<li>\ud83d\ude97 Pr\u00fcfen Sie, ob die richtige <strong>Nummernschild<\/strong> ausgew\u00e4hlt ist (die \u00c4nderung kann durch Antippen der Registrierungsnummer erfolgen).<\/li>\n<li>\u23f1\ufe0f Vorschlagen einer <strong>Endzeitpunkt<\/strong> vor dem Parken ein (Sie k\u00f6nnen ihn bei Bedarf sp\u00e4ter anpassen).<\/li>\n<li>\u2705 Presse <strong>\u201cAktion starten\u201d<\/strong> um mit dem Parken zu beginnen.<\/li>\n<li>\ud83c\udfc1 Sind Sie fr\u00fcher fertig als die eingestellte Endzeit? Dann schalten Sie die Parkaktion manuell aus, um zus\u00e4tzliche Geb\u00fchren zu vermeiden.<\/li>\n<\/ol>\n<p>-<\/p>\n<h3>\ud83d\udca1 Wichtige Punkte zu beachten<\/h3>\n<ul>\n<li>\ud83d\udc68\u200d\ud83d\udcbc Die <strong>Exekutive<\/strong> ist immer f\u00fcr das Starten und Stoppen der Park-App verantwortlich.<\/li>\n<li>\ud83d\udcb8 Unn\u00f6tige Parkkosten, die durch zu sp\u00e4tes Anhalten entstehen, werden \u00fcbernommen <strong>vom Gehalt abgezogen<\/strong>.<\/li>\n<li>\ud83d\udeab Bu\u00dfgelder beim Parken sind immer <strong>auf eigene Rechnung<\/strong>.<\/li>\n<li>\ud83d\udd52 Pr\u00fcfen Sie beim Parken, ob es in der Zone eine maximale Parkdauer gibt, verl\u00e4ngern Sie diese gegebenenfalls.<\/li>\n<li>\ud83d\udccd Verwenden Sie die App nur f\u00fcr gesch\u00e4ftliche Zwecke im Zusammenhang mit unserer Verwaltung und Rechnungsstellung. Im Falle von Betrug gilt die sofortige K\u00fcndigung.<\/li>\n<\/ul>\n<p>-<\/p>\n<h3>\ud83d\udcde Probleme beim Parken?<\/h3>\n<p>Funktioniert die App nicht oder schl\u00e4gt das Einloggen fehl?<br \/>\nDann kontaktieren Sie Tim oder Taltiha direkt \u00fcber die Gruppen-App, erhalten Sie keine Antwort? Dann schie\u00dfen Sie die Parkgeb\u00fchr vor und deklarieren Sie sie auf Ihrem Stundenzettel, dies ist nur m\u00f6glich, wenn Sie auch eine Quittung haben.<br \/>\nStellen Sie den Bus niemals einfach irgendwo ab, wenn Sie keinen g\u00fcltigen Parkschein haben, da dies zu Geldstrafen f\u00fchrt, die vom Team zur\u00fcckgefordert werden.<\/p>\n<p>-<\/p>\n<h3>\ud83d\udea8 Zusammenfassung - Ihre Checkliste beim Parken<\/h3>\n<ul>\n<li>\ud83d\udcf2 App ge\u00f6ffnet und mit korrekten Anmeldedaten eingeloggt<\/li>\n<li>\ud83d\udccd Richtige Parkzone ausgew\u00e4hlt<\/li>\n<li>\ud83d\ude97 Registriernummer gepr\u00fcft<\/li>\n<li>\ud83d\udd52 Eingestellte Endzeit<\/li>\n<li>\u2705 Kampagne zum Parken gestartet<\/li>\n<li>\ud83c\udfc1 Parkvorgang bei Abfahrt gestoppt<\/li>\n<li>\ud83d\udcac Best\u00e4tigt in der Gruppen-App, dass das Parken abgeschlossen ist<\/li>\n<\/ul>\n<p>-<\/p>\n<h3>\ud83d\udcc4 Handbuch herunterladen<\/h3>\n<p>M\u00f6chten Sie die Schritt-f\u00fcr-Schritt-Anleitung speichern oder weitergeben?<br \/>\nKlicken Sie unten, um die vollst\u00e4ndige PDF-Datei mit Screenshots und Erl\u00e4uterungen herunterzuladen.<\/p>\n<p style=\"margin-top: 15px;\"><a style=\"display: inline-block; background-color: #c9a34a; color: #111; font-weight: bold; padding: 12px 24px; border-radius: 8px; text-decoration: none;\" href=\"https:\/\/royalcasinocompany.nl\/wp-content\/uploads\/2025\/11\/PARKEER-APP-INSTRUCTIES-1-1.pdf\">\ud83d\udce5 Laden Sie die Parkanleitung herunter (PDF)<br \/>\n<\/a><\/p>\n<p>-<\/p>\n<p><strong><br \/>\nErinnern Sie sich:<\/strong> Sorgf\u00e4ltiges Parken ist Teil der professionellen Arbeit.<br \/>\nVergewissern Sie sich, dass Sie dies immer ordnungsgem\u00e4\u00df tun, um Bu\u00dfgelder und unn\u00f6tige Kosten zu vermeiden und zu zeigen, dass wir als Team organisiert und zuverl\u00e4ssig sind.<br \/>\nDas ist wahr <strong>Royal Casino Unternehmen<\/strong> steht f\u00fcr. \ud83d\udcaa<\/p>\n<\/div><div class=\"divider-wrapper\"  >\n    <hr class=\"border-accent-color separator-no-padding\"  \/>\n<\/div>\n<\/div><\/div><\/div><\/div><\/div><\/div><\/div><\/div><\/div><\/div><\/div><\/div><\/div><script id=\"script-row-unique-0\" data-row=\"script-row-unique-0\" type=\"text\/javascript\" class=\"vc_controls\">UNCODE.initRow(document.getElementById(\"row-unique-0\"));<\/script><\/div><\/div><\/div>\n<\/div>","protected":false},"excerpt":{"rendered":"\ud83c\udd7f\ufe0f Parkeren Bij Be Our Guest Events willen we dat alles soepel en professioneel verloopt ook het parkeren van onze [...]","protected":false},"author":1,"featured_media":0,"parent":71016,"menu_order":0,"comment_status":"closed","ping_status":"closed","template":"","meta":{"footnotes":""},"class_list":["post-71237","page","type-page","status-publish","hentry","page_category-personeel-portaal"],"_links":{"self":[{"href":"https:\/\/royalcasinocompany.nl\/de\/wp-json\/wp\/v2\/pages\/71237","targetHints":{"allow":["GET"]}}],"collection":[{"href":"https:\/\/royalcasinocompany.nl\/de\/wp-json\/wp\/v2\/pages"}],"about":[{"href":"https:\/\/royalcasinocompany.nl\/de\/wp-json\/wp\/v2\/types\/page"}],"author":[{"embeddable":true,"href":"https:\/\/royalcasinocompany.nl\/de\/wp-json\/wp\/v2\/users\/1"}],"replies":[{"embeddable":true,"href":"https:\/\/royalcasinocompany.nl\/de\/wp-json\/wp\/v2\/comments?post=71237"}],"version-history":[{"count":6,"href":"https:\/\/royalcasinocompany.nl\/de\/wp-json\/wp\/v2\/pages\/71237\/revisions"}],"predecessor-version":[{"id":71946,"href":"https:\/\/royalcasinocompany.nl\/de\/wp-json\/wp\/v2\/pages\/71237\/revisions\/71946"}],"up":[{"embeddable":true,"href":"https:\/\/royalcasinocompany.nl\/de\/wp-json\/wp\/v2\/pages\/71016"}],"wp:attachment":[{"href":"https:\/\/royalcasinocompany.nl\/de\/wp-json\/wp\/v2\/media?parent=71237"}],"curies":[{"name":"wp","href":"https:\/\/api.w.org\/{rel}","templated":true}]}}