{"id":71239,"date":"2025-11-02T13:19:22","date_gmt":"2025-11-02T12:19:22","guid":{"rendered":"https:\/\/royalcasinocompany.nl\/?page_id=71239"},"modified":"2026-01-15T23:16:48","modified_gmt":"2026-01-15T22:16:48","slug":"naam-kaarten","status":"publish","type":"page","link":"https:\/\/royalcasinocompany.nl\/de\/personeel\/naam-kaarten\/","title":{"rendered":"Namenskarten"},"content":{"rendered":"<div class=\"wpb-content-wrapper\"><div data-parent=\"true\" class=\"vc_row row-container boomapps_vcrow\" id=\"row-unique-0\"><div class=\"row limit-width row-parent\"><div class=\"wpb_row row-inner\"><div class=\"wpb_column pos-top pos-center align_left column_parent col-lg-12 boomapps_vccolumn single-internal-gutter\"><div class=\"uncol style-dark\"  ><div class=\"uncoltable\"><div class=\"uncell  boomapps_vccolumn no-block-padding\" ><div class=\"uncont\" ><div class=\"vc_row row-internal row-container boomapps_vcrow\"><div class=\"row row-child\"><div class=\"wpb_row row-inner\"><div class=\"wpb_column pos-top pos-center align_left column_child col-lg-12 boomapps_vccolumn single-internal-gutter\"><div class=\"uncol style-dark\" ><div class=\"uncoltable\"><div class=\"uncell  boomapps_vccolumn no-block-padding\" ><div class=\"uncont\" ><div class=\"vc_custom_heading_wrap\"><div class=\"heading-text el-text\" ><\/p>\n<h1>\ud83c\udfb4 Namenskarten<\/h1>\n<p>\n<hr class=\"separator-break separator-accent\" \/><\/div><div class=\"clear\"><\/div><\/div><div class=\"empty-space empty-single\" ><span class=\"empty-space-inner\"><\/span><\/div>\n<div class=\"uncode_text_column\" ><p>Bei jeder Veranstaltung <strong>Royal Casino Unternehmen<\/strong> mit <strong>personalisierte Namensschilder<\/strong> f\u00fcr alle Croupiers.<br \/>\nDiese Karte geh\u00f6rt zu Ihrem Casinotisch und hilft uns, w\u00e4hrend des Auf- und Abbaus der Veranstaltung Klarheit, Struktur und Professionalit\u00e4t zu wahren.<\/p>\n<p>Jede Namenskarte ist mit einem bestimmten Tisch (Roulette, Blackjack oder Poker usw.) verkn\u00fcpft und zeigt an, dass Sie f\u00fcr den jeweiligen Tisch verantwortlich sind. <strong>vorbereiten, kontrollieren und aufr\u00e4umen<\/strong> dieses Tisches. Auf diese Weise wei\u00df jeder genau, wer welche Aufgabe hat, die Arbeit bleibt \u00fcbersichtlich und jemand kann f\u00fcr nicht ordnungsgem\u00e4\u00df ausgef\u00fchrte Arbeiten oder fehlende Materialien zur Rechenschaft gezogen werden.<\/p>\n<p>-<\/p>\n<h3>\ud83d\udc64 Was ist der Zweck der Namenskarte?<\/h3>\n<ul>\n<li>Die Namenskarte wird zu Beginn der Veranstaltung vom Veranstalter ausgeh\u00e4ndigt.<\/li>\n<li>Die Karte enth\u00e4lt Ihren Namen, Informationen und den Casinotisch, f\u00fcr den Sie zust\u00e4ndig sind.<\/li>\n<li>Sie sind verantwortlich f\u00fcr die <strong>Vorbereitung, Pr\u00e4sentation<\/strong>\u00a0und <strong>s\u00e4ubern<\/strong> der auf Ihrer Karte aufgef\u00fchrten Tabelle.<\/li>\n<li>Ist beim Bau etwas schief gelaufen oder fehlen Materialien? <strong>Melden Sie dies sofort der Aufsichtsperson<\/strong> vor Beginn der Veranstaltung.<\/li>\n<\/ul>\n<p>-<\/p>\n<h3>\ud83e\uddfd Was machst du am Ende des Abends?<\/h3>\n<p>F\u00fchren Sie nach der Veranstaltung die folgenden Schritte aus, um Ihren Casinotisch ordentlich und vollst\u00e4ndig aufzur\u00e4umen:<\/p>\n<ol>\n<li><strong>Pr\u00fcfen Sie immer, ob der Sp\u00e4nebeh\u00e4lter vollst\u00e4ndig ist. <\/strong>Wenn Sie viele Chips vermissen, besteht die M\u00f6glichkeit, dass ein anderer Tisch zu viele hat.<strong><br \/>\nLassen Sie dies immer <strong>Kontrolle durch den Verwalter<\/strong>.<\/strong><\/li>\n<li><strong>Reinigung von Casinotischen<\/strong> mit einem feuchten (Reinigungsspray) und anschlie\u00dfend einem trockenen Tuch.<br \/>\nVergessen Sie nicht die <strong>Getr\u00e4nkebecher<\/strong> und entfernen Sie eventuelle Flecken.<\/li>\n<li><strong>Materialkiste ordentlich aufbewahrt<\/strong>:\n<ul>\n<li>Schwere Teile am Boden des Kartons.<\/li>\n<li>Kleine Materialien in Taschen oder F\u00e4chern an der richtigen Stelle (siehe Materialliste).<\/li>\n<li>Pr\u00fcfen Sie, ob alles vollst\u00e4ndig ist, bevor Sie den Karton schlie\u00dfen.<\/li>\n<\/ul>\n<\/li>\n<li><strong>Namenskarte zur\u00fcckgeben<\/strong> in der Materialbox Ihres Casinotisches.<br \/>\nAuf diese Weise wissen wir sofort, wer f\u00fcr diesen Tisch verantwortlich war, wenn wir im Schuppen nachsehen.<\/li>\n<\/ol>\n<p>-<\/p>\n<h3>\u26a0\ufe0f Wichtig<\/h3>\n<ul>\n<li>Lassen Sie Ihre Visitenkarte niemals herumliegen oder im Schuppen liegen.<\/li>\n<li>Die Namenskarte ist Teil unserer <strong>Qualit\u00e4t und Kontrolle, <\/strong>sorgf\u00e4ltig behandeln.<\/li>\n<li>Wenn es Sch\u00e4den, fehlende Teile oder andere Details gibt, melden Sie dies sofort in der Gruppen-App der jeweiligen Aufgabe.<\/li>\n<li>Werden diese Schritte nicht ordnungsgem\u00e4\u00df ausgef\u00fchrt, kann dies Konsequenzen f\u00fcr die Team-Checkliste und die Bezahlung der Arbeitsstunden haben.<\/li>\n<\/ul>\n<p>-<\/p>\n<h3>\ud83c\udfaf Warum wir mit Namenskarten arbeiten<\/h3>\n<p>Die Namenskarte bietet <strong>Klarheit und Eigentum<\/strong>.<br \/>\nJeder wei\u00df, wof\u00fcr er oder sie verantwortlich ist, was den Auf- und Abbau schneller und effizienter macht.<br \/>\nEs verhindert, dass Aufgaben \u00fcbersprungen werden, und sorgt daf\u00fcr, dass alle Tische und Materialien in bestem Zustand sind.<\/p>\n<p>Ein guter Croupier verl\u00e4sst immer seinen Tisch <strong>verlie\u00df ihn sauberer als er ihn vorgefunden hatte<\/strong>.<br \/>\nDas ist das Niveau, das wir innerhalb der <strong>Royal Casino Unternehmen<\/strong> professionell, f\u00fcrsorglich und zuverl\u00e4ssig.<\/p>\n<p><strong>Vielen Dank f\u00fcr Ihr Engagement und Ihre Pr\u00e4zision!<\/strong><br \/>\nIhre Aufmerksamkeit und Ihr Verantwortungsbewusstsein sind ausschlaggebend f\u00fcr unsere Qualit\u00e4t und unser Erscheinungsbild. \ud83d\udcaa\ud83c\udfb2<\/p>\n<\/div><div class=\"divider-wrapper\"  >\n    <hr class=\"border-accent-color separator-no-padding\"  \/>\n<\/div>\n<\/div><\/div><\/div><\/div><\/div><\/div><\/div><\/div><\/div><\/div><\/div><\/div><\/div><script id=\"script-row-unique-0\" data-row=\"script-row-unique-0\" type=\"text\/javascript\" class=\"vc_controls\">UNCODE.initRow(document.getElementById(\"row-unique-0\"));<\/script><\/div><\/div><\/div>\n<\/div>","protected":false},"excerpt":{"rendered":"\ud83c\udfb4 Naamkaarten Bij elk evenement werkt Royal Casino Company met persoonlijke naamkaarten voor alle croupiers. Deze kaart hoort bij jouw [...]","protected":false},"author":1,"featured_media":0,"parent":71016,"menu_order":0,"comment_status":"closed","ping_status":"closed","template":"","meta":{"footnotes":""},"class_list":["post-71239","page","type-page","status-publish","hentry","page_category-personeel-portaal"],"_links":{"self":[{"href":"https:\/\/royalcasinocompany.nl\/de\/wp-json\/wp\/v2\/pages\/71239","targetHints":{"allow":["GET"]}}],"collection":[{"href":"https:\/\/royalcasinocompany.nl\/de\/wp-json\/wp\/v2\/pages"}],"about":[{"href":"https:\/\/royalcasinocompany.nl\/de\/wp-json\/wp\/v2\/types\/page"}],"author":[{"embeddable":true,"href":"https:\/\/royalcasinocompany.nl\/de\/wp-json\/wp\/v2\/users\/1"}],"replies":[{"embeddable":true,"href":"https:\/\/royalcasinocompany.nl\/de\/wp-json\/wp\/v2\/comments?post=71239"}],"version-history":[{"count":7,"href":"https:\/\/royalcasinocompany.nl\/de\/wp-json\/wp\/v2\/pages\/71239\/revisions"}],"predecessor-version":[{"id":71942,"href":"https:\/\/royalcasinocompany.nl\/de\/wp-json\/wp\/v2\/pages\/71239\/revisions\/71942"}],"up":[{"embeddable":true,"href":"https:\/\/royalcasinocompany.nl\/de\/wp-json\/wp\/v2\/pages\/71016"}],"wp:attachment":[{"href":"https:\/\/royalcasinocompany.nl\/de\/wp-json\/wp\/v2\/media?parent=71239"}],"curies":[{"name":"wp","href":"https:\/\/api.w.org\/{rel}","templated":true}]}}