{"id":71247,"date":"2025-11-02T13:23:14","date_gmt":"2025-11-02T12:23:14","guid":{"rendered":"https:\/\/royalcasinocompany.nl\/?page_id=71247"},"modified":"2026-01-16T10:45:39","modified_gmt":"2026-01-16T09:45:39","slug":"sleutelkastje","status":"publish","type":"page","link":"https:\/\/royalcasinocompany.nl\/de\/personeel\/sleutelkastje\/","title":{"rendered":"Schl\u00fcsselkasten"},"content":{"rendered":"<div class=\"wpb-content-wrapper\"><div data-parent=\"true\" class=\"vc_row row-container boomapps_vcrow\" id=\"row-unique-0\"><div class=\"row limit-width row-parent\"><div class=\"wpb_row row-inner\"><div class=\"wpb_column pos-top pos-center align_left column_parent col-lg-12 boomapps_vccolumn single-internal-gutter\"><div class=\"uncol style-dark\"  ><div class=\"uncoltable\"><div class=\"uncell  boomapps_vccolumn no-block-padding\" ><div class=\"uncont\" ><div class=\"vc_row row-internal row-container boomapps_vcrow\"><div class=\"row row-child\"><div class=\"wpb_row row-inner\"><div class=\"wpb_column pos-top pos-center align_left column_child col-lg-12 boomapps_vccolumn single-internal-gutter\"><div class=\"uncol style-dark\" ><div class=\"uncoltable\"><div class=\"uncell  boomapps_vccolumn no-block-padding\" ><div class=\"uncont\" ><div class=\"vc_custom_heading_wrap\"><div class=\"heading-text el-text\" ><\/p>\n<h1>\ud83d\udd11 Schl\u00fcsselkasten und Zugangsschuppen<\/h1>\n<p>\n<hr class=\"separator-break separator-accent\" \/><\/div><div class=\"clear\"><\/div><\/div><div class=\"empty-space empty-single\" ><span class=\"empty-space-inner\"><\/span><\/div>\n<div class=\"uncode_text_column\" ><p>Wenn Sie den Schuppen zum ersten Mal betreten, finden Sie die Eingangst\u00fcr links neben dem Rolltor. Direkt links von dieser Eingangst\u00fcr h\u00e4ngt die <strong>Schl\u00fcsselschrank<\/strong> die den Schl\u00fcssel enth\u00e4lt. Im Folgenden erfahren Sie genau, wie Sie den Schl\u00fcsselkasten benutzen, was wir von Ihnen erwarten und was Sie bei Problemen tun k\u00f6nnen.<\/p>\n<p>-<\/p>\n<h3>\ud83d\udd10 Wichtiger Hinweis<\/h3>\n<ul>\n<li>Der Code und der Schl\u00fcssel sind <strong>vertraulich<\/strong>. Geben Sie sie nicht an andere weiter. Nur Be Our Guest-Mitarbeiter sollten Zugang haben.<\/li>\n<li>Behandeln Sie den Code und den Schl\u00fcssel stets mit Sorgfalt und Aufmerksamkeit. Unachtsamkeit erh\u00f6ht das Risiko eines Einbruchs oder Verlusts.<\/li>\n<li>Wenn Sie etwas Verd\u00e4chtiges sehen, den Schl\u00fcssel verlieren oder das Schlie\u00dffach kaputt ist: <strong>Tim oder Talitha direkt kontaktieren<\/strong>.<\/li>\n<\/ul>\n<p>-<\/p>\n<h3>1\ufe0f\u20e3 So \u00f6ffnen Sie den Schl\u00fcsselkasten (Schritt f\u00fcr Schritt)<\/h3>\n<ol>\n<li>Gehen Sie zu der Eingangst\u00fcr links neben dem Rolltor. Links von dieser T\u00fcr h\u00e4ngt der Schl\u00fcsselkasten.<\/li>\n<li>Schieben Sie den schwarzen Deckel des Geh\u00e4uses <strong>unten<\/strong> Um zu den Zahlen zu kommen.<\/li>\n<li>Geben Sie den Code mit den Zifferntasten ein.<\/li>\n<li>Machen Sie den schwarzen Reiter (links von den Zahlen) <strong>unten<\/strong> und ziehen Sie gleichzeitig den grauen Teil des Kastens zu sich heran.<\/li>\n<li>Im Inneren des Schlie\u00dffachs finden Sie den Schl\u00fcssel. Er ist an einem Kabel befestigt. Ziehen Sie den Schl\u00fcssel ruhig zu sich heran und nehmen Sie ihn aus dem Schlie\u00dffach.<\/li>\n<li>Stecken Sie den Schl\u00fcssel in das Schloss und drehen Sie ihn einige Male, bis die T\u00fcr entriegelt ist. Dr\u00fccken Sie dann gegen die T\u00fcr, um sie zu \u00f6ffnen.<\/li>\n<li>Sobald Sie drinnen sind, vergewissern Sie sich, dass der Schl\u00fcssel sofort wieder ordentlich im Schlie\u00dffach steckt und schlie\u00dfen Sie das Schlie\u00dffach wie unten beschrieben ab.<\/li>\n<\/ol>\n<p>-<\/p>\n<h3>2\ufe0f\u20e3 So schlie\u00dfen Sie das Schlie\u00dffach ab (sicheres Verschlie\u00dfen)<\/h3>\n<ul>\n<li>Legen Sie den Schl\u00fcssel ordentlich zur\u00fcck in das Schlie\u00dffach.<\/li>\n<li>Drehen Sie die Ziffern kurz, damit der Code in der Kabine nicht sichtbar bleibt (dies verhindert, dass jemand den Code leicht lesen kann).<\/li>\n<li>Schieben Sie die schwarze Lasche erneut <strong>nach oben<\/strong> und schlie\u00dfen Sie die schwarze Klappe.<\/li>\n<li>Vergewissern Sie sich immer, dass der Karton wirklich geschlossen ist und nicht lose herunterh\u00e4ngt.<\/li>\n<\/ul>\n<p>-<\/p>\n<h3>3\ufe0f\u20e3 Zus\u00e4tzliche Sicherheitsregeln und Verhalten<\/h3>\n<ul>\n<li>Schreiben Sie den Code nie an einem Ort auf, den andere sehen k\u00f6nnen. Bewahren Sie ihn sicher in Ihrem Telefon auf, damit Sie ihn bei Ihrer n\u00e4chsten Schicht schnell wiederfinden k\u00f6nnen.<\/li>\n<li>Sagen Sie niemals Dritten, wo der Schl\u00fcssel ist oder wie man den Schrank \u00f6ffnet, auch nicht Freunden oder Verwandten.<\/li>\n<li>Lassen Sie niemals die T\u00fcr offen oder den Schl\u00fcssel herumliegen. Melden Sie eine nicht ordnungsgem\u00e4\u00df verschlossene T\u00fcr sofort dem B\u00fcropersonal.<\/li>\n<\/ul>\n<p>-<\/p>\n<h3>4\ufe0f\u20e3 Was ist bei Problemen oder Unregelm\u00e4\u00dfigkeiten zu tun?<\/h3>\n<ul>\n<li>Sie k\u00f6nnen die Box nicht \u00f6ffnen? Vergewissern Sie sich, dass die schwarze Klappe ganz unten ist und dass die Zahlen richtig eingestellt sind.<\/li>\n<li>Ist Ihr Schl\u00fcssel verloren gegangen oder besch\u00e4digt worden? Melden Sie dies unverz\u00fcglich an <strong>Tim oder Talitha<\/strong>. Gehen Sie kein Risiko ein und versuchen Sie nicht, das Schloss selbst zu \u00f6ffnen.<\/li>\n<li>Sehen oder h\u00f6ren Sie etwas Verd\u00e4chtiges (z. B. Anzeichen eines Einbruchs)? Verlassen Sie den Ort, rufen Sie sofort Tim oder Talitha an und notfalls die 112.<\/li>\n<li>Wenn Sie den Schuppen verlassen und etwas Bemerkenswertes sehen, melden Sie es sofort \u00fcber die App und machen Sie eine kurze Notiz mit Ihrem Namen und der Uhrzeit.<\/li>\n<\/ul>\n<p>-<\/p>\n<h3>\ud83d\udd0e Kurze Checkliste (vor der Abreise)<\/h3>\n<ul>\n<li>Haben Sie den Schl\u00fcssel zur\u00fcckgelegt? \u2705<\/li>\n<li>Haben Sie die Zahlen verwechselt und die schwarze Lasche nach oben gelegt? \u2705<\/li>\n<li>Ist der Schrank ordnungsgem\u00e4\u00df versiegelt und sicher aufgeh\u00e4ngt? \u2705<\/li>\n<li>Haben Sie etwas Verd\u00e4chtiges gesehen? Wenn ja, haben Sie es sofort gemeldet? \u2705<\/li>\n<\/ul>\n<p>-<\/p>\n<p><strong>Schlussfolgerung:<\/strong> Behandeln Sie den Code und den Schl\u00fcssel immer sorgf\u00e4ltig, respektvoll und mit R\u00fccksicht auf die Sicherheit aller Beteiligten, als w\u00e4ren Sie daf\u00fcr verantwortlich. Bei Unklarheiten oder Problemen: direkt anrufen oder app <strong>Tim<\/strong> oder <strong>Talitha<\/strong>. Wir verlassen uns auf Ihre Zuverl\u00e4ssigkeit.<\/p>\n<\/div><div class=\"divider-wrapper\"  >\n    <hr class=\"border-accent-color separator-no-padding\"  \/>\n<\/div>\n<\/div><\/div><\/div><\/div><\/div><\/div><\/div><\/div><\/div><\/div><\/div><\/div><\/div><script id=\"script-row-unique-0\" data-row=\"script-row-unique-0\" type=\"text\/javascript\" class=\"vc_controls\">UNCODE.initRow(document.getElementById(\"row-unique-0\"));<\/script><\/div><\/div><\/div>\n<\/div>","protected":false},"excerpt":{"rendered":"\ud83d\udd11 Sleutelkastje &amp; toegang loods Als je voor het eerst bij de loods komt, vind je links van de roldeur [...]","protected":false},"author":1,"featured_media":0,"parent":71016,"menu_order":0,"comment_status":"closed","ping_status":"closed","template":"","meta":{"footnotes":""},"class_list":["post-71247","page","type-page","status-publish","hentry","page_category-personeel-portaal"],"_links":{"self":[{"href":"https:\/\/royalcasinocompany.nl\/de\/wp-json\/wp\/v2\/pages\/71247","targetHints":{"allow":["GET"]}}],"collection":[{"href":"https:\/\/royalcasinocompany.nl\/de\/wp-json\/wp\/v2\/pages"}],"about":[{"href":"https:\/\/royalcasinocompany.nl\/de\/wp-json\/wp\/v2\/types\/page"}],"author":[{"embeddable":true,"href":"https:\/\/royalcasinocompany.nl\/de\/wp-json\/wp\/v2\/users\/1"}],"replies":[{"embeddable":true,"href":"https:\/\/royalcasinocompany.nl\/de\/wp-json\/wp\/v2\/comments?post=71247"}],"version-history":[{"count":8,"href":"https:\/\/royalcasinocompany.nl\/de\/wp-json\/wp\/v2\/pages\/71247\/revisions"}],"predecessor-version":[{"id":71956,"href":"https:\/\/royalcasinocompany.nl\/de\/wp-json\/wp\/v2\/pages\/71247\/revisions\/71956"}],"up":[{"embeddable":true,"href":"https:\/\/royalcasinocompany.nl\/de\/wp-json\/wp\/v2\/pages\/71016"}],"wp:attachment":[{"href":"https:\/\/royalcasinocompany.nl\/de\/wp-json\/wp\/v2\/media?parent=71247"}],"curies":[{"name":"wp","href":"https:\/\/api.w.org\/{rel}","templated":true}]}}