{"id":71251,"date":"2025-11-02T13:25:26","date_gmt":"2025-11-02T12:25:26","guid":{"rendered":"https:\/\/royalcasinocompany.nl\/?page_id=71251"},"modified":"2026-01-15T22:46:51","modified_gmt":"2026-01-15T21:46:51","slug":"alarm","status":"publish","type":"page","link":"https:\/\/royalcasinocompany.nl\/de\/personeel\/alarm\/","title":{"rendered":"Alarm"},"content":{"rendered":"<div class=\"wpb-content-wrapper\"><div data-parent=\"true\" class=\"vc_row row-container boomapps_vcrow\" id=\"row-unique-0\"><div class=\"row limit-width row-parent\"><div class=\"wpb_row row-inner\"><div class=\"wpb_column pos-top pos-center align_left column_parent col-lg-12 boomapps_vccolumn single-internal-gutter\"><div class=\"uncol style-dark\"  ><div class=\"uncoltable\"><div class=\"uncell  boomapps_vccolumn no-block-padding\" ><div class=\"uncont\" ><div class=\"vc_row row-internal row-container boomapps_vcrow\"><div class=\"row row-child\"><div class=\"wpb_row row-inner\"><div class=\"wpb_column pos-top pos-center align_left column_child col-lg-12 boomapps_vccolumn single-internal-gutter\"><div class=\"uncol style-dark\" ><div class=\"uncoltable\"><div class=\"uncell  boomapps_vccolumn no-block-padding\" ><div class=\"uncont\" ><div class=\"vc_custom_heading_wrap\"><div class=\"heading-text el-text\" ><\/p>\n<h1>\ud83d\udea8 Alarm &amp; Zugang bei Eintritt<\/h1>\n<p>\n<hr class=\"separator-break separator-accent\" \/><\/div><div class=\"clear\"><\/div><\/div><div class=\"empty-space empty-single\" ><span class=\"empty-space-inner\"><\/span><\/div>\n<div class=\"uncode_text_column\" ><p>In unserem Schuppen steht ein <strong>Alarmanlage<\/strong> zur Sicherung unserer Materialien und des Gel\u00e4ndes installiert.<br \/>\nJeder Mitarbeiter, der Zugang zum Schuppen hat, sollte wissen, wie das System funktioniert und wie man den Alarm sicher ein- und ausschaltet.<br \/>\nLesen Sie die nachstehenden Anweisungen sorgf\u00e4ltig durch und befolgen Sie sie genau.<\/p>\n<p>-<\/p>\n<h3>\ud83d\udccd Wo finden Sie das Alarmsystem?<\/h3>\n<p>Sobald Sie durch die normale T\u00fcr (links vom Rolltor) gehen, sehen Sie <strong>auf der Stelle<\/strong> von Ihnen es <strong>Alarmbox<\/strong>.<br \/>\nDer Schrank wird in Augenh\u00f6he an der Wand montiert.<\/p>\n<p>-<\/p>\n<h3>\ud83d\udd13 Alarm bei Eintritt deaktivieren<\/h3>\n<p>Wenn Sie den Schuppen betreten, h\u00f6ren Sie einen Piepton. Das bedeutet, dass der Alarm eingeschaltet ist und Sie ihn innerhalb von Sekunden deaktivieren m\u00fcssen.<\/p>\n<ol>\n<li>Gehen Sie direkt zum Alarmkasten rechts neben der T\u00fcr.<\/li>\n<li>Geben Sie den Code ein.<\/li>\n<li>Dr\u00fccken Sie dann die <strong>A<\/strong>.<\/li>\n<li>Das System piept kurz und das Display zeigt an, dass der Alarm <strong>deaktiviert<\/strong><\/li>\n<li>Sie haben versehentlich einen falschen Code eingegeben? Dann dr\u00fccken Sie sofort ESC und f\u00fchren Sie die oben genannten Schritte erneut durch.<\/li>\n<\/ol>\n<p>Von da an ist der Schuppen sicher zug\u00e4nglich und Sie k\u00f6nnen Ihre Arbeit fortsetzen.<\/p>\n<p>-<\/p>\n<h3>\ud83d\udd12 Aktivieren Sie den Alarm bei der Abfahrt<\/h3>\n<p>Wenn Sie den Schuppen verlassen, sollten Sie immer \u00fcberpr\u00fcfen, ob alles ordnungsgem\u00e4\u00df verschlossen ist und die Alarmanlage wieder eingeschaltet ist.<\/p>\n<ol>\n<li>\u00dcberpr\u00fcfen Sie, ob die Eingangst\u00fcr geschlossen und verriegelt ist.<\/li>\n<li>Geben Sie den Code erneut ein.<\/li>\n<li>Presse <strong>A<\/strong> um den Alarm zu aktivieren.<\/li>\n<li>W\u00e4hrend der Einschaltzeit (ca. 20 Sekunden) h\u00f6ren Sie einen Piepton.<\/li>\n<li>Sie haben versehentlich einen falschen Code eingegeben? Dann dr\u00fccken Sie sofort ESC und f\u00fchren Sie die oben genannten Schritte erneut durch.<\/li>\n<li>Verlassen Sie den Schuppen durch das Rolltor und schlie\u00dfen Sie es durch Dr\u00fccken des Pfeils nach unten auf dem Bedienfeld.<\/li>\n<\/ol>\n<p><strong>Das ist wichtig:<\/strong> Vergessen Sie nie, den Wecker einzuschalten, wenn Sie gehen.<br \/>\nWird der Alarm nicht aktiviert, bleibt das Eigentum ungesch\u00fctzt, was im Falle eines Einbruchs oder einer Besch\u00e4digung erhebliche Folgen haben kann.<br \/>\nJeder Mitarbeiter ist f\u00fcr das sichere Schlie\u00dfen verantwortlich.<\/p>\n<p>-<\/p>\n<h3>\u26a0\ufe0f Fehlermeldungen oder St\u00f6rungen<\/h3>\n<ul>\n<li>Wenn der Alarm piept oder eine Fehlermeldung ausgibt, \u00fcberpr\u00fcfen Sie das Display.<br \/>\nManchmal erscheint eine Meldung wie \u201cZone offen\u201d, die bedeutet, dass eine T\u00fcr offen ist.<\/li>\n<li>Beheben Sie zun\u00e4chst das Problem (schlie\u00dfen Sie die T\u00fcr richtig) und versuchen Sie erneut, den Code einzugeben.<\/li>\n<li>Piept der Alarm st\u00e4ndig oder l\u00e4sst er sich nicht einschalten?<br \/>\n<strong>Rufen Sie Tim oder Talitha direkt an<\/strong> und warten Sie vor dem Geb\u00e4ude auf Anweisungen.<\/li>\n<li>Versuchen Sie niemals, einfach irgendwelche Tasten zu dr\u00fccken; dies kann das System blockieren oder die \u00dcberwachungsstation ausl\u00f6sen.<\/li>\n<\/ul>\n<p>-<\/p>\n<h3>\ud83d\udd14 Wichtig f\u00fcr neue Mitarbeiter<\/h3>\n<p>Wenn Sie zum ersten Mal im Schuppen sind, \u00fcben Sie einmal mit einem erfahrenen Kollegen, wie die Alarmanlage funktioniert.<br \/>\nAuf diese Weise wissen Sie genau, was Sie beim Ein- und Ausstieg zu tun haben. Achten Sie immer genau auf die Reihenfolge und den Code, denn Fehler k\u00f6nnen zu einem Fehlalarm f\u00fchren.<\/p>\n<p>-<\/p>\n<h3>\ud83e\udde0 Sicherheit und Verantwortung<\/h3>\n<ul>\n<li>Der Alarmcode lautet <strong>vertraulich<\/strong> und d\u00fcrfen nicht an andere weitergegeben werden.<\/li>\n<li>Notieren Sie sich den Alarmcode sicher in Ihrem Telefon, damit Sie ihn beim n\u00e4chsten Mal schnell und einfach wiederfinden k\u00f6nnen.<\/li>\n<li>Verwenden Sie den Code nur f\u00fcr berufliche Zwecke, die private Nutzung ist nicht gestattet.<\/li>\n<li>Wenn Sie den Verdacht haben, dass jemand den Code kennt, der ihn nicht kennen sollte, melden Sie dies unverz\u00fcglich an <strong>Tim<\/strong> oder <strong>Talitha<\/strong>.<\/li>\n<\/ul>\n<p>-<\/p>\n<h3>\u2705 Zusammenfassung<\/h3>\n<ul>\n<li>Bei der Einreise: <strong>Code eingeben &gt; A<\/strong> \u2192 Alarm aus<\/li>\n<li>Bei der Abreise: <strong>Code eingeben &gt; A<\/strong> \u2192 Alarm ein<\/li>\n<li>T\u00fcren vor der Abfahrt kontrollieren<\/li>\n<li>Verlassen Sie die R\u00e4umlichkeiten leise innerhalb der Einschaltzeit<\/li>\n<li>Im Falle von St\u00f6rungen oder Problemen <strong>immer direkt kontaktieren<\/strong><\/li>\n<\/ul>\n<p>Durch den sorgf\u00e4ltigen Umgang mit dem Alarmsystem sorgen wir gemeinsam f\u00fcr ein sicheres Arbeitsumfeld und sch\u00fctzen unsere Materialien, Fahrzeuge und das Gel\u00e4nde.<br \/>\nIch danke Ihnen f\u00fcr Ihre Aufmerksamkeit und Ihr Verantwortungsbewusstsein. \ud83d\udd10<\/p>\n<\/div><div class=\"divider-wrapper\"  >\n    <hr class=\"border-accent-color separator-no-padding\"  \/>\n<\/div>\n<\/div><\/div><\/div><\/div><\/div><\/div><\/div><\/div><\/div><\/div><\/div><\/div><\/div><script id=\"script-row-unique-0\" data-row=\"script-row-unique-0\" type=\"text\/javascript\" class=\"vc_controls\">UNCODE.initRow(document.getElementById(\"row-unique-0\"));<\/script><\/div><\/div><\/div>\n<\/div>","protected":false},"excerpt":{"rendered":"\ud83d\udea8 Alarm &amp; Toegang bij binnenkomst In onze loods is een alarmsysteem ge\u00efnstalleerd om onze materialen en het pand te [...]","protected":false},"author":1,"featured_media":0,"parent":71016,"menu_order":0,"comment_status":"closed","ping_status":"closed","template":"","meta":{"footnotes":""},"class_list":["post-71251","page","type-page","status-publish","hentry","page_category-personeel-portaal"],"_links":{"self":[{"href":"https:\/\/royalcasinocompany.nl\/de\/wp-json\/wp\/v2\/pages\/71251","targetHints":{"allow":["GET"]}}],"collection":[{"href":"https:\/\/royalcasinocompany.nl\/de\/wp-json\/wp\/v2\/pages"}],"about":[{"href":"https:\/\/royalcasinocompany.nl\/de\/wp-json\/wp\/v2\/types\/page"}],"author":[{"embeddable":true,"href":"https:\/\/royalcasinocompany.nl\/de\/wp-json\/wp\/v2\/users\/1"}],"replies":[{"embeddable":true,"href":"https:\/\/royalcasinocompany.nl\/de\/wp-json\/wp\/v2\/comments?post=71251"}],"version-history":[{"count":9,"href":"https:\/\/royalcasinocompany.nl\/de\/wp-json\/wp\/v2\/pages\/71251\/revisions"}],"predecessor-version":[{"id":71923,"href":"https:\/\/royalcasinocompany.nl\/de\/wp-json\/wp\/v2\/pages\/71251\/revisions\/71923"}],"up":[{"embeddable":true,"href":"https:\/\/royalcasinocompany.nl\/de\/wp-json\/wp\/v2\/pages\/71016"}],"wp:attachment":[{"href":"https:\/\/royalcasinocompany.nl\/de\/wp-json\/wp\/v2\/media?parent=71251"}],"curies":[{"name":"wp","href":"https:\/\/api.w.org\/{rel}","templated":true}]}}