{"id":71253,"date":"2025-11-02T13:26:46","date_gmt":"2025-11-02T12:26:46","guid":{"rendered":"https:\/\/royalcasinocompany.nl\/?page_id=71253"},"modified":"2026-01-15T23:15:50","modified_gmt":"2026-01-15T22:15:50","slug":"magazijn-afsluiten","status":"publish","type":"page","link":"https:\/\/royalcasinocompany.nl\/de\/personeel\/magazijn-afsluiten\/","title":{"rendered":"Lagerhaus schlie\u00dfen"},"content":{"rendered":"<div class=\"wpb-content-wrapper\"><div data-parent=\"true\" class=\"vc_row row-container boomapps_vcrow\" id=\"row-unique-0\"><div class=\"row limit-width row-parent\"><div class=\"wpb_row row-inner\"><div class=\"wpb_column pos-top pos-center align_left column_parent col-lg-12 boomapps_vccolumn single-internal-gutter\"><div class=\"uncol style-dark\"  ><div class=\"uncoltable\"><div class=\"uncell  boomapps_vccolumn no-block-padding\" ><div class=\"uncont\" ><div class=\"vc_row row-internal row-container boomapps_vcrow\"><div class=\"row row-child\"><div class=\"wpb_row row-inner\"><div class=\"wpb_column pos-top pos-center align_left column_child col-lg-12 boomapps_vccolumn single-internal-gutter\"><div class=\"uncol style-dark\" ><div class=\"uncoltable\"><div class=\"uncell  boomapps_vccolumn no-block-padding\" ><div class=\"uncont\" ><div class=\"vc_custom_heading_wrap\"><div class=\"heading-text el-text\" ><\/p>\n<h1>Lagerhaus schlie\u00dfen<\/h1>\n<p>\n<hr class=\"separator-break separator-accent\" \/><\/div><div class=\"clear\"><\/div><\/div><div class=\"empty-space empty-single\" ><span class=\"empty-space-inner\"><\/span><\/div>\n<div class=\"uncode_text_column\" ><\/p>\n<div class=\"rcc-portal\">\n<p>Die <strong>Be Our Guest Lager<\/strong>\u00a0ist die Grundlage f\u00fcr alle unsere Aufgaben.<br \/>\nHier befinden sich alle unsere Casinotische, Materialien, Dekoration und Kleidung, alles was wir brauchen, um unsere Veranstaltungen perfekt durchzuf\u00fchren.<br \/>\nDaher ist es wichtig, dass das Lager <strong>immer sorgf\u00e4ltig und sicher verschlossen ist<\/strong>.<\/p>\n<p>Wer das Lager zuletzt verl\u00e4sst, hat den <strong>volle Verantwortung<\/strong> zu \u00fcberpr\u00fcfen, ob alles sicher und ordnungsgem\u00e4\u00df verschlossen wurde.<br \/>\nEine vergessene T\u00fcr, eine vergessene Lampe oder ein vergessener Schl\u00fcssel kann gro\u00dfe Auswirkungen auf die Sicherheit, die Versicherung und die Kontinuit\u00e4t unseres Unternehmens haben.<\/p>\n<p>-<\/p>\n<h3>\ud83d\udd11 Schritt-f\u00fcr-Schritt-Verfahren zum Herunterfahren<\/h3>\n<p>Bitte befolgen Sie die nachstehenden Schritte sorgf\u00e4ltig. Nur so k\u00f6nnen Sie sicherstellen, dass alles sicher, ordentlich und professionell hinterlassen wird:<\/p>\n<ol>\n<li>\ud83e\uddf9 <strong>R\u00e4umen Sie alles auf.<\/strong><br \/>\nAlle Tische, Materialien, St\u00fchle, Wagen und Dekorationen sollten wieder an ihren festen Platz gestellt werden.<br \/>\nNichts sollte herumliegen, ein aufger\u00e4umtes Lager ist ein Zeichen von Professionalit\u00e4t.<\/li>\n<li>\ud83e\uddf4 <strong>Pr\u00fcfen Sie auf Schmutz und Ablagerungen.<\/strong><br \/>\nEntsorgen Sie den Abfall in den entsprechenden Beh\u00e4ltern und achten Sie darauf, dass der Arbeitsplatz sauber hinterlassen wird.<\/li>\n<li>\ud83d\udca1 <strong>\u00dcberpr\u00fcfen Sie die Beleuchtung.<\/strong><br \/>\nLassen Sie nur die notwendigen Lichter an, die zur Sicherheit geh\u00f6ren (falls zutreffend).<br \/>\nAlle anderen Lichter sollten ausgeschaltet werden.<\/li>\n<li>\ud83d\udeaa <strong>Schlie\u00dfen Sie alle T\u00fcren.<\/strong><br \/>\n\u00dcberpr\u00fcfen Sie die Seitent\u00fcr und das Rolltor. Ziehen Sie immer an der T\u00fcr, um sicherzustellen, dass sie wirklich verschlossen ist.<\/li>\n<li>\ud83d\udd12 <strong>Verriegeln Sie das Rolltor richtig.<\/strong><br \/>\nSie k\u00f6nnen das Tor \u00fcber das Bedienfeld rechts neben dem Rolltor \u00f6ffnen und schlie\u00dfen. Achten Sie immer darauf, dass das Rolltor vollst\u00e4ndig geschlossen ist, wenn Sie den Schuppen verlassen.<\/li>\n<li>\ud83d\udce6 <strong>Die Schl\u00fcssel zum Bus.<\/strong><br \/>\nKanisterschl\u00fcssel sollten immer in das daf\u00fcr vorgesehene schwarze Schl\u00fcsselfach im Lager zur\u00fcckgelegt werden.<br \/>\nSeien Sie vorsichtig: Nehmen Sie die Schl\u00fcssel nie mit nach Hause.<\/li>\n<li>\ud83d\udce6 <strong>Schl\u00fcssel zum Schl\u00fcsselkasten<br \/>\n<\/strong>Vergewissern Sie sich beim Verlassen des Lagers, dass der Schl\u00fcssel tats\u00e4chlich in den Schl\u00fcsselkasten zur\u00fcckgelegt wurde und dass dieser sicher verschlossen ist.<br \/>\nDrehen Sie anschlie\u00dfend den Zahlencode eine Weile, damit die Box nicht auf dem richtigen Code stehen bleibt.<\/li>\n<li>\ud83d\udea8 <strong>\u00dcberpr\u00fcfen Sie den Alarm.<\/strong><br \/>\nVergewissern Sie sich, dass niemand mehr im Haus ist. Aktivieren Sie dann die Alarmanlage (folgen Sie den Anweisungen des Codes).<br \/>\nWarten Sie, bis Sie den Best\u00e4tigungston h\u00f6ren, bevor Sie gehen.<\/li>\n<li>\ud83d\ude97 <strong>Pr\u00fcfen Sie das Terrain.<\/strong><br \/>\nAchten Sie beim Verlassen des Hauses darauf, ob T\u00fcren offen stehen, Lichter brennen oder Gegenst\u00e4nde drau\u00dfen liegen.<\/li>\n<\/ol>\n<p>-<\/p>\n<h3>\ud83d\udc65 Verantwortung<\/h3>\n<p>Die <strong>Exekutive<\/strong> des letzten Auftrags ist grunds\u00e4tzlich f\u00fcr die Schlie\u00dfung des Lagers verantwortlich, sofern nichts anderes vereinbart wurde.<br \/>\nWenn mehrere Kollegen anwesend sind, ist es wichtig, dass diese <strong>ist klar ausgerichtet<\/strong> bevor jemand geht.<\/p>\n<ul class=\"rcc-bullets\">\n<li>Gehen Sie nie, ohne zu wissen, wer schlie\u00dft.<\/li>\n<li>Pr\u00fcfen Sie gemeinsam die letzten Punkte zwei Augen sehen mehr als eins.<\/li>\n<li>Die Person, die abschlie\u00dft, ist f\u00fcr den Alarm und das Abschlie\u00dfen der T\u00fcren und Schl\u00fcssel verantwortlich.<\/li>\n<\/ul>\n<p>-<\/p>\n<h3>\u26a0\ufe0f Was schiefgehen kann (und warum das wichtig ist)<\/h3>\n<p>Eine unverschlossene T\u00fcr, ein vergessener Schl\u00fcssel kann gro\u00dfe Folgen haben:<\/p>\n<ul class=\"rcc-bullets\">\n<li>\ud83d\udcb8 Sch\u00e4den, die durch Einbruch oder Diebstahl entstehen, sind nicht immer versichert.<\/li>\n<li>\u2699\ufe0f Materialien k\u00f6nnen durch Feuchtigkeit, K\u00e4lte oder unerw\u00fcnschten Zugang besch\u00e4digt werden.<\/li>\n<li>\ud83d\udea8 Ein vergessener Alarm oder eine offene T\u00fcr kann zu einem Anruf bei der Polizei oder der Leitstelle f\u00fchren, was zus\u00e4tzliche Kosten f\u00fcr das Unternehmen verursacht.<\/li>\n<\/ul>\n<p>Daher nehmen wir dieses Thema <strong>sehr ernsthaft<\/strong>.<br \/>\nWir vertrauen darauf, dass jeder bei der Schlie\u00dfung des Lagers sorgf\u00e4ltig und verantwortungsbewusst handelt.<\/p>\n<p>-<\/p>\n<\/div>\n<div class=\"rcc-portal\">\n<h3>\u2705 Letzte Kontrolle vor der Abreise<\/h3>\n<div class=\"rcc-grid\">\n<div class=\"rcc-card\">\n<h4><span class=\"rcc-emoji\">\ud83e\uddf9<\/span> Aufgel\u00f6st<\/h4>\n<p>Alles ist ordentlich an seinem Platz, nichts liegt mehr herum.<\/p>\n<\/div>\n<div class=\"rcc-card\">\n<h4><span class=\"rcc-emoji\">\ud83d\udca1<\/span> Lichter aus<\/h4>\n<p>Alle Lichter und Ger\u00e4te sind ausgeschaltet (mit Ausnahme der Sicherheitsbeleuchtung).<\/p>\n<\/div>\n<div class=\"rcc-card\">\n<h4><span class=\"rcc-emoji\">\ud83d\udeaa<\/span> T\u00fcren geschlossen<\/h4>\n<p>Alle T\u00fcren wurden \u00fcberpr\u00fcft und ordnungsgem\u00e4\u00df verschlossen.<\/p>\n<\/div>\n<div class=\"rcc-card\">\n<h4><span class=\"rcc-emoji\">\ud83d\udd11<\/span> Schl\u00fcssel verstaut<\/h4>\n<p>Die Schl\u00fcssel sind in der Ablage und im Schl\u00fcsselkasten sicher.<\/p>\n<\/div>\n<div class=\"rcc-card\">\n<h4><span class=\"rcc-emoji\">\ud83d\udea8<\/span> Alarm aktiviert<\/h4>\n<p>Der Alarm wird aktiviert und mit einem Piepton best\u00e4tigt.<\/p>\n<p>-<\/p>\n<\/div>\n<\/div>\n<h3>Zusammenfassung<\/h3>\n<p>Die Schlie\u00dfung des Lagers ist eine <strong>wichtige letzte Aufgabe<\/strong> f\u00fcr die wir alle verantwortlich sind.<br \/>\nEs zeigt, dass wir genauso professionell, sorgf\u00e4ltig und zuverl\u00e4ssig arbeiten wie vor Ort.<\/p>\n<p><strong>\u00dcberpr\u00fcfen Sie immer alles und gehen Sie erst, wenn alles 100% in Ordnung ist.<\/strong><br \/>\nGemeinsam sorgen wir so f\u00fcr die Sicherheit unserer Ger\u00e4te, unserer R\u00e4umlichkeiten und unseres Vertrauens. \ud83d\udd12\u2728<\/p>\n<\/div>\n<p>\n<\/div><div class=\"divider-wrapper\"  >\n    <hr class=\"border-accent-color separator-no-padding\"  \/>\n<\/div>\n<\/div><\/div><\/div><\/div><\/div><\/div><\/div><\/div><\/div><\/div><\/div><\/div><\/div><script id=\"script-row-unique-0\" data-row=\"script-row-unique-0\" type=\"text\/javascript\" class=\"vc_controls\">UNCODE.initRow(document.getElementById(\"row-unique-0\"));<\/script><\/div><\/div><\/div>\n<\/div>","protected":false},"excerpt":{"rendered":"Magazijn afsluiten Het magazijn van Be Our Guest\u00a0is de basis van al onze opdrachten. Hier liggen al onze casinotafels, materialen, [...]","protected":false},"author":1,"featured_media":0,"parent":71016,"menu_order":0,"comment_status":"closed","ping_status":"closed","template":"","meta":{"footnotes":""},"class_list":["post-71253","page","type-page","status-publish","hentry","page_category-personeel-portaal"],"_links":{"self":[{"href":"https:\/\/royalcasinocompany.nl\/de\/wp-json\/wp\/v2\/pages\/71253","targetHints":{"allow":["GET"]}}],"collection":[{"href":"https:\/\/royalcasinocompany.nl\/de\/wp-json\/wp\/v2\/pages"}],"about":[{"href":"https:\/\/royalcasinocompany.nl\/de\/wp-json\/wp\/v2\/types\/page"}],"author":[{"embeddable":true,"href":"https:\/\/royalcasinocompany.nl\/de\/wp-json\/wp\/v2\/users\/1"}],"replies":[{"embeddable":true,"href":"https:\/\/royalcasinocompany.nl\/de\/wp-json\/wp\/v2\/comments?post=71253"}],"version-history":[{"count":8,"href":"https:\/\/royalcasinocompany.nl\/de\/wp-json\/wp\/v2\/pages\/71253\/revisions"}],"predecessor-version":[{"id":71941,"href":"https:\/\/royalcasinocompany.nl\/de\/wp-json\/wp\/v2\/pages\/71253\/revisions\/71941"}],"up":[{"embeddable":true,"href":"https:\/\/royalcasinocompany.nl\/de\/wp-json\/wp\/v2\/pages\/71016"}],"wp:attachment":[{"href":"https:\/\/royalcasinocompany.nl\/de\/wp-json\/wp\/v2\/media?parent=71253"}],"curies":[{"name":"wp","href":"https:\/\/api.w.org\/{rel}","templated":true}]}}