{"id":71259,"date":"2025-11-02T13:30:54","date_gmt":"2025-11-02T12:30:54","guid":{"rendered":"https:\/\/royalcasinocompany.nl\/?page_id=71259"},"modified":"2026-01-15T23:03:10","modified_gmt":"2026-01-15T22:03:10","slug":"huurbus","status":"publish","type":"page","link":"https:\/\/royalcasinocompany.nl\/de\/personeel\/huurbus\/","title":{"rendered":"Mietbus"},"content":{"rendered":"<div class=\"wpb-content-wrapper\"><div data-parent=\"true\" class=\"vc_row row-container boomapps_vcrow\" id=\"row-unique-0\"><div class=\"row limit-width row-parent\"><div class=\"wpb_row row-inner\"><div class=\"wpb_column pos-top pos-center align_left column_parent col-lg-12 boomapps_vccolumn single-internal-gutter\"><div class=\"uncol style-dark\"  ><div class=\"uncoltable\"><div class=\"uncell  boomapps_vccolumn no-block-padding\" ><div class=\"uncont\" ><div class=\"vc_row row-internal row-container boomapps_vcrow\"><div class=\"row row-child\"><div class=\"wpb_row row-inner\"><div class=\"wpb_column pos-top pos-center align_left column_child col-lg-12 boomapps_vccolumn single-internal-gutter\"><div class=\"uncol style-dark\" ><div class=\"uncoltable\"><div class=\"uncell  boomapps_vccolumn no-block-padding\" ><div class=\"uncont\" ><div class=\"vc_custom_heading_wrap\"><div class=\"heading-text el-text\" ><\/p>\n<h1>\ud83d\ude90 Mietbus<\/h1>\n<p>\n<hr class=\"separator-break separator-accent\" \/><\/div><div class=\"clear\"><\/div><\/div><div class=\"empty-space empty-single\" ><span class=\"empty-space-inner\"><\/span><\/div>\n<div class=\"uncode_text_column\" ><p>Wenn unsere eigenen Transportbusse bereits verplant sind, nutzen wir ein <strong>Mietbus von Jansen &amp; Van Kouwen<\/strong> In Huizen.<br \/>\nWir setzen diese Busse nur als Notl\u00f6sung an stark frequentierten Tagen oder bei gleichzeitigen Veranstaltungen ein.<br \/>\nEs ist wichtig, dass alle wissen, wie dies funktioniert und was von Ihnen erwartet wird, wenn Sie einen Mietbus benutzen.<\/p>\n<p>-<\/p>\n<h3>\ud83d\udccd Wo finde ich den Mietbus?<\/h3>\n<ul>\n<li>In den meisten F\u00e4llen wird der Mietbus bereits von einem Kollegen aus dem B\u00fcro abgeholt.<\/li>\n<li>Der Bus steht dann <strong>bereit auf dem Lagerhausparkplatz<\/strong> oder auf der Stra\u00dfenseite am Ambachtsweg.<\/li>\n<li>Der Schl\u00fcssel zum Mietbus liegt in der <strong>Schl\u00fcsselfach<\/strong>\u00a0im Lagerhaus.<br \/>\nIm Zweifelsfall fragen Sie die Aufsichtsperson oder die Gruppen-App, um zu pr\u00fcfen, welcher Bus Ihnen geh\u00f6rt. In den meisten F\u00e4llen k\u00f6nnen Sie dies leicht auf dem Rufzettel finden.<\/li>\n<\/ul>\n<p>-<\/p>\n<h3>\ud83e\ude99 Kraftstoff und Fahren<\/h3>\n<ul>\n<li>Alle Mietbusse fahren mit <strong>Diesel<\/strong>. (Alle unsere eigenen Busse fahren auch mit Diesel!)<\/li>\n<li>Verwenden Sie immer die <strong>Tankkarte von Be Our Guest Events<\/strong> zum Tanken liegt das daf\u00fcr vorgesehene Fach im Lager.<\/li>\n<li>Sie tanken immer auf <strong>vor der R\u00fcckkehr<\/strong> des Mietbusses (siehe unten).<\/li>\n<li>Fahren Sie ruhig und verantwortungsbewusst, denn es handelt sich nicht um Ihr eigenes Fahrzeug, sondern um ein gemietetes Nutzfahrzeug.<\/li>\n<li>Vor der Abreise \u00fcberpr\u00fcfen: <strong>Sch\u00e4den, Beleuchtung, Spiegel und Kraftstoffstand<\/strong>. Sehen Sie etwas Verd\u00e4chtiges oder haben Sie Fragen dazu? Dann tragen Sie dies in die entsprechende Gruppen-App Ihres Auftrags ein.<\/li>\n<\/ul>\n<p>-<\/p>\n<h3>\ud83d\ude9b Be- und Entladen des Mietbusses<\/h3>\n<p>Das Be- und Entladen eines Mietbusses ist genau dasselbe wie bei unseren eigenen Transportbussen.<\/p>\n<ul>\n<li>Verwenden Sie <strong>Decken, Schaumstoffe und Gurte<\/strong> um Sch\u00e4den zu vermeiden.<\/li>\n<li>Stellen Sie sicher, dass alles w\u00e4hrend der Fahrt sicher und gesch\u00fctzt ist.<\/li>\n<li>Verwenden Sie die <strong>Checkliste auf dem Anrufbeantworter<\/strong> um zu pr\u00fcfen, ob alles geladen wurde.<\/li>\n<li>Bei der R\u00fcckkehr ins Lager gelten die gleichen Regeln f\u00fcr <strong>Entladung, Reinigung und Kontrolle<\/strong>.<\/li>\n<\/ul>\n<p>-<\/p>\n<h3>\u26fd Bustanken (obligatorisch!)<\/h3>\n<p>Vor der R\u00fcckgabe des Mietbusses sollte dieser immer <strong>aufgetankt<\/strong> mit unserer Firmenbankkarte sein.<br \/>\nDies ist eine harte Bedingung des Vermieters und unseres Unternehmens.<\/p>\n<ul>\n<li>Betanken Sie den Bus an der n\u00e4chstgelegenen Tankstelle voll mit Diesel (verwenden Sie die Tankkarte).<\/li>\n<li>Werfen Sie Quittungen nicht weg, sondern lassen Sie die Tankquittung in der Ruflistenmappe.<\/li>\n<li><strong>Sie haben vergessen, den Bus zu betanken?<\/strong> Dann erh\u00e4lt Royal Casino Company eine Geldstrafe von 15 \u20ac ohne Mehrwertsteuer.<br \/>\nDiese Geldbu\u00dfe wird <strong>zu Lasten des Teams<\/strong> der f\u00fcr den Bus verantwortlich war.<\/li>\n<\/ul>\n<p>-<\/p>\n<h3>\ud83d\udd11 Bus bei Jansen &amp; Van Kouwen aussteigen lassen<\/h3>\n<p>Nach Beendigung des Einsatzes muss der Mietbus noch am selben Abend zur\u00fcckgegeben werden (es sei denn, es wurde etwas anderes mit Ihnen vereinbart oder auf dem Einsatzplan vermerkt). <strong>Zur\u00fcck zu Jansen &amp; Van Kouwen Autovermietung<\/strong>\u00a0In Huizen.<\/p>\n<ul>\n<li>Adresse: <strong>Ambachtsweg 52, Huizen<\/strong> (neben der Esso-Tankstelle).<\/li>\n<li>Parken Sie den Bus ordnungsgem\u00e4\u00df auf einem beliebigen Parkplatz<strong>\u00a0der Vermietungsfirma<\/strong>.<\/li>\n<li>\u00dcberpr\u00fcfen Sie, ob alle pers\u00f6nlichen Gegenst\u00e4nde, Materialien und Taschen aus dem Bus entfernt wurden.<\/li>\n<li>Lassen Sie keine Abf\u00e4lle, Kaffeetassen oder Materialien zur\u00fcck, der Bus muss sauber zur\u00fcckgegeben werden.<\/li>\n<li>Im Zweifelsfall machen Sie ein Foto des geparkten Busses als Beweis f\u00fcr die korrekte R\u00fcckgabe.<\/li>\n<\/ul>\n<p>-<\/p>\n<h3>\ud83d\udcee Schl\u00fcsselr\u00fcckgabe<\/h3>\n<p>Der Schl\u00fcssel muss sofort \u00fcber die <strong>Schl\u00fcsseltresor von Jansen &amp; Van Kouwen Autovermietung<\/strong> (siehe Bild unten mit rotem Pfeil).<\/p>\n<ul>\n<li>Stecken Sie den Schl\u00fcssel in den daf\u00fcr vorgesehenen Schlitz des Tresors.<\/li>\n<li>Einmal abgegeben, kann der Schl\u00fcssel <strong>kann nicht abgerufen werden<\/strong>.<\/li>\n<li>Also pr\u00fcfen <strong>immer im Voraus<\/strong> Ob Sie nichts mehr im Bus vergessen haben!<\/li>\n<li>Nach der Abgabe melden Sie sich in der <strong>Gruppen-App<\/strong>:<br \/>\n\u201cMietbus zur\u00fcckgebracht, aufgetankt und Schl\u00fcssel bei Jansen &amp; Van Kouwen abgegeben.\u201d<\/li>\n<\/ul>\n<p>-<\/p>\n<h3>\u26a0\ufe0f Wichtige Punkte von Interesse<\/h3>\n<ul>\n<li>\ud83e\udde0 Denken Sie voraus und vergessen Sie nicht zu tanken, bevor Sie zum Vermieter fahren.<\/li>\n<li>\ud83d\udd0d \u00dcberpr\u00fcfen Sie immer, ob der Bus komplett leer ist (einschlie\u00dflich Armaturenbrett, T\u00fcrtaschen, Laderaum).<\/li>\n<li>\ud83d\udeab Lassen Sie keine Firmen- oder pers\u00f6nlichen Gegenst\u00e4nde zur\u00fcck; der Bus wird sofort zur\u00fcckkehren.<\/li>\n<li>\ud83d\udcb8 Sie vergessen zu tanken oder lassen den Bus schmutzig? Dann werden die zus\u00e4tzlichen Kosten Ihrem Team in Rechnung gestellt.<\/li>\n<\/ul>\n<p>-<\/p>\n<h3>\u2705 Mietbus - Schnellcheck<\/h3>\n<ul>\n<li>\ud83d\ude90 Mietbus gefunden und kontrolliert (steht am Lagerhaus oder am Stra\u00dfenrand)<\/li>\n<li>\ud83d\udd11 Schl\u00fcssel aus dem Schl\u00fcsselkasten genommen<\/li>\n<li>\ud83d\udce6 Sicher verladene Materialien (gem\u00e4\u00df Checkliste)<\/li>\n<li>\u26fd Anschlie\u00dfend vollgetankt mit Tankkarte<\/li>\n<li>\ud83d\udccd Bus zur\u00fcck zu Jansen &amp; Van Kouwen Autovermietung<\/li>\n<li>\ud83d\udcee Schl\u00fcsselabgabe \u00fcber Schl\u00fcsseltresor (siehe Foto)<\/li>\n<li>\ud83e\uddfe Fein vermieden \u2714\ufe0f<\/li>\n<li>\ud83d\udcf1 Nachricht in der Gruppen-App: \u201cMietbus aufgetankt und zur\u00fcckgekehrt\u201d.\u201d<\/li>\n<\/ul>\n<p>-<\/p>\n<p><strong>Anmerkung:<\/strong> Wenn du vergisst, den Bus aufzutanken oder Sachen auszuladen, ist das deine Sache.<br \/>\nWir verlassen uns auf die Professionalit\u00e4t jedes Einzelnen und stellen sicher, dass Sie sie sorgf\u00e4ltig und vollst\u00e4ndig ausf\u00fchren, wie in der Checkliste angegeben.<br \/>\nAuf diese Weise halten wir bei Royal Casino Company alles sauber, zuverl\u00e4ssig und professionell. \ud83d\udcaa\u2728<\/p>\n<p>Geben Sie den Schl\u00fcssel immer \u00fcber den speziellen Schl\u00fcsseltresor der Autovermietung Jansen van Kouwen an den Mietbus zur\u00fcck.<br \/>\nDer Safe h\u00e4ngt an der Wand neben dem Zaun (siehe roter Kreis im Bild).<\/p>\n<p>-<\/p>\n<p><strong>Wie funktioniert das?<\/strong><br \/>\nDrehen Sie den Metalldrehmechanismus, bis die \u00d6ffnung sichtbar wird.<br \/>\nStecken Sie den Schl\u00fcssel in die \u00d6ffnung und lassen Sie dann den Drehmechanismus los.<br \/>\nDer Schl\u00fcssel f\u00e4llt dann automatisch in den Tresor.<br \/>\n\u00dcberpr\u00fcfen Sie immer, ob der Schl\u00fcssel tats\u00e4chlich heruntergefallen ist, um sicherzustellen, dass er sicher aufbewahrt ist.<\/p>\n<p><img decoding=\"async\" class=\"alignnone wp-image-71521\" src=\"https:\/\/royalcasinocompany.nl\/wp-content\/uploads\/2025\/11\/Schermafbeelding-2025-11-19-122544-300x156.png\" alt=\"- Royal Casino Company\" width=\"775\" height=\"403\" srcset=\"https:\/\/royalcasinocompany.nl\/wp-content\/uploads\/2025\/11\/Schermafbeelding-2025-11-19-122544-300x156.png 300w, https:\/\/royalcasinocompany.nl\/wp-content\/uploads\/2025\/11\/Schermafbeelding-2025-11-19-122544-1024x532.png 1024w, https:\/\/royalcasinocompany.nl\/wp-content\/uploads\/2025\/11\/Schermafbeelding-2025-11-19-122544-768x399.png 768w, https:\/\/royalcasinocompany.nl\/wp-content\/uploads\/2025\/11\/Schermafbeelding-2025-11-19-122544-18x9.png 18w, https:\/\/royalcasinocompany.nl\/wp-content\/uploads\/2025\/11\/Schermafbeelding-2025-11-19-122544-350x182.png 350w, https:\/\/royalcasinocompany.nl\/wp-content\/uploads\/2025\/11\/Schermafbeelding-2025-11-19-122544.png 1127w\" sizes=\"(max-width: 775px) 100vw, 775px\" title=\"\"><\/p>\n<\/div><div class=\"divider-wrapper\"  >\n    <hr class=\"border-accent-color separator-no-padding\"  \/>\n<\/div>\n<\/div><\/div><\/div><\/div><\/div><\/div><\/div><\/div><\/div><\/div><\/div><\/div><\/div><script id=\"script-row-unique-0\" data-row=\"script-row-unique-0\" type=\"text\/javascript\" class=\"vc_controls\">UNCODE.initRow(document.getElementById(\"row-unique-0\"));<\/script><\/div><\/div><\/div>\n<\/div>","protected":false},"excerpt":{"rendered":"\ud83d\ude90 Huurbus Wanneer onze eigen transportbussen al zijn ingepland, maken we gebruik van een huurbus van Jansen &amp; Van Kouwen [...]","protected":false},"author":1,"featured_media":0,"parent":71016,"menu_order":0,"comment_status":"closed","ping_status":"closed","template":"","meta":{"footnotes":""},"class_list":["post-71259","page","type-page","status-publish","hentry","page_category-personeel-portaal"],"_links":{"self":[{"href":"https:\/\/royalcasinocompany.nl\/de\/wp-json\/wp\/v2\/pages\/71259","targetHints":{"allow":["GET"]}}],"collection":[{"href":"https:\/\/royalcasinocompany.nl\/de\/wp-json\/wp\/v2\/pages"}],"about":[{"href":"https:\/\/royalcasinocompany.nl\/de\/wp-json\/wp\/v2\/types\/page"}],"author":[{"embeddable":true,"href":"https:\/\/royalcasinocompany.nl\/de\/wp-json\/wp\/v2\/users\/1"}],"replies":[{"embeddable":true,"href":"https:\/\/royalcasinocompany.nl\/de\/wp-json\/wp\/v2\/comments?post=71259"}],"version-history":[{"count":10,"href":"https:\/\/royalcasinocompany.nl\/de\/wp-json\/wp\/v2\/pages\/71259\/revisions"}],"predecessor-version":[{"id":71935,"href":"https:\/\/royalcasinocompany.nl\/de\/wp-json\/wp\/v2\/pages\/71259\/revisions\/71935"}],"up":[{"embeddable":true,"href":"https:\/\/royalcasinocompany.nl\/de\/wp-json\/wp\/v2\/pages\/71016"}],"wp:attachment":[{"href":"https:\/\/royalcasinocompany.nl\/de\/wp-json\/wp\/v2\/media?parent=71259"}],"curies":[{"name":"wp","href":"https:\/\/api.w.org\/{rel}","templated":true}]}}