{"id":71262,"date":"2025-11-02T13:32:03","date_gmt":"2025-11-02T12:32:03","guid":{"rendered":"https:\/\/royalcasinocompany.nl\/?page_id=71262"},"modified":"2026-01-16T10:49:59","modified_gmt":"2026-01-16T09:49:59","slug":"tanken","status":"publish","type":"page","link":"https:\/\/royalcasinocompany.nl\/de\/personeel\/tanken\/","title":{"rendered":"Betankung"},"content":{"rendered":"<div class=\"wpb-content-wrapper\"><div data-parent=\"true\" class=\"vc_row row-container boomapps_vcrow\" id=\"row-unique-0\"><div class=\"row limit-width row-parent\"><div class=\"wpb_row row-inner\"><div class=\"wpb_column pos-top pos-center align_left column_parent col-lg-12 boomapps_vccolumn single-internal-gutter\"><div class=\"uncol style-dark\"  ><div class=\"uncoltable\"><div class=\"uncell  boomapps_vccolumn no-block-padding\" ><div class=\"uncont\" ><div class=\"vc_row row-internal row-container boomapps_vcrow\"><div class=\"row row-child\"><div class=\"wpb_row row-inner\"><div class=\"wpb_column pos-top pos-center align_left column_child col-lg-12 boomapps_vccolumn single-internal-gutter\"><div class=\"uncol style-dark\" ><div class=\"uncoltable\"><div class=\"uncell  boomapps_vccolumn no-block-padding\" ><div class=\"uncont\" ><div class=\"vc_custom_heading_wrap\"><div class=\"heading-text el-text\" ><\/p>\n<h1>\u26fd Betankung<\/h1>\n<p>\n<hr class=\"separator-break separator-accent\" \/><\/div><div class=\"clear\"><\/div><\/div><div class=\"empty-space empty-single\" ><span class=\"empty-space-inner\"><\/span><\/div>\n<div class=\"uncode_text_column\" ><p>Unter <strong>Be Our Guest Veranstaltungen<\/strong> Wir arbeiten mit professionellen Transportbussen, die alle auf <strong>DIESEL<\/strong> fahren.<br \/>\nEs ist daher \u00e4u\u00dferst wichtig, dass Sie beim Tanken immer genau darauf achten, welchen Kraftstoff Sie verwenden.<br \/>\nEin kleiner Fehler Benzin statt Diesel kann gro\u00dfe Folgen f\u00fcr den Bus, den Fahrplan und Ihren Geldbeutel haben.<\/p>\n<p>-<\/p>\n<h3>\u2699\ufe0f Informationen zum Kraftstoff<\/h3>\n<ul>\n<li>\ud83d\udee2\ufe0f <strong>Kraftstoff:<\/strong> immer <strong>DIESEL<\/strong><\/li>\n<li>\ud83d\udeaa Auch beim \u00d6ffnen des Tankdeckels wird deutlich darauf hingewiesen: <strong>Diesel<\/strong><\/li>\n<li>\ud83d\udccd Die Tankkarte befindet sich standardm\u00e4\u00dfig in dem daf\u00fcr vorgesehenen Schl\u00fcsselkasten im Lager.<\/li>\n<li>\ud83d\udcb3 Die Tankkarte funktioniert an allen regul\u00e4ren Tankstellen in den Niederlanden.<\/li>\n<\/ul>\n<p>-<\/p>\n<h3>\u26a0\ufe0f Vorsicht beim Tanken<\/h3>\n<p>Leider ist es schon mehrfach vorgekommen, dass Mitarbeiter versehentlich Benzin getankt haben.<br \/>\nDer Bus f\u00e4hrt dann meist nur ein paar Kilometer und verstummt dann v\u00f6llig.<br \/>\nDieser Fehler hat schwerwiegende Folgen und kostet viel Zeit und Geld.<br \/>\nStellen Sie also sicher, dass Sie immer eine <strong>pr\u00fcft, was auf der Einf\u00fcllpistole steht<\/strong> vor dem Auff\u00fcllen.<\/p>\n<ul>\n<li>\u2705 Diesel wird durch ein <strong>schwarzer oder gelber Griff<\/strong> und den Buchstaben \u201cB7\u201d oder \u201cDiesel\u201d.<\/li>\n<li>\ud83d\udeab Benzingriffe sind in der Regel <strong>gr\u00fcn<\/strong> - Verwenden Sie diese also niemals!<\/li>\n<\/ul>\n<p>-<\/p>\n<h3>\ud83c\udd98 Was tun im Falle einer Falschbetankung?<\/h3>\n<p>Haben Sie aus Versehen Benzin statt Diesel getankt?<br \/>\nBleiben Sie ruhig und befolgen Sie diese Schritte:<\/p>\n<ol>\n<li>\u26d4 <strong>Starten Sie NICHT den Motor!<\/strong> Sobald Sie den Motor starten, verteilt sich das Benzin im gesamten System, wodurch der Schaden noch viel gr\u00f6\u00dfer wird.<\/li>\n<li>\ud83d\udcde <strong>ANWB direkt anrufen<\/strong> - die Notrufnummer steht auf dem <strong>ANWB-Anweisung<\/strong> im Handschuhfach (laminiertes A4-Blatt).<\/li>\n<li>\ud83d\udd52 ANWB kommt normalerweise in <strong>30 bis 90 Minuten<\/strong>.<\/li>\n<li>\ud83d\udcb0 Die Kosten f\u00fcr diese Hilfeleistung (ca. 150 \u20ac) betragen <strong>auf Rechnung der Person, die falsch getankt hat<\/strong>.<\/li>\n<li>Der ANWB wird den Tank vollst\u00e4ndig entleeren, und der Kraftstoff, den Sie gerade getankt haben, geht verloren und wird auch demjenigen in Rechnung gestellt, der den Fehler gemacht hat.<\/li>\n<\/ol>\n<p>-<\/p>\n<h3>\ud83d\ude9a Verz\u00f6gerung durch Falschbetankung<\/h3>\n<ul>\n<li>\ud83d\udd52 Dieser Fehler verursacht <strong>erhebliche Verz\u00f6gerung<\/strong> oft mehr als eine Stunde, und es ist dann fast unm\u00f6glich, p\u00fcnktlich beim Kunden zu sein.<\/li>\n<li>\ud83d\udcde Ist dies der Fall <strong>auf dem Weg zu einem Auftrag<\/strong>? Rufen Sie  an. <strong>sofort Tim<\/strong> so dass er beurteilen kann, ob ein anderer Bus eingesetzt werden sollte, um das Material umzuladen und den Kunden trotzdem zu erreichen.<\/li>\n<li>\ud83c\udf19 Ist dies der Fall <strong>Auf dem Weg zur\u00fcck zum Lagerhaus<\/strong> (am Abend oder in der Nacht)? Dann brauchen Sie Tim oder Talitha <strong>nicht<\/strong> zu rufen.<br \/>\nWarten Sie ruhig, bis ANWB fertig ist, und fahren Sie dann zur\u00fcck zum Lager. Diese Ausfallstunden z\u00e4hlen nicht zu den Arbeitsstunden und werden daher nicht bezahlt.<\/li>\n<\/ul>\n<p>-<\/p>\n<h3>\ud83d\udcb8 Kosten f\u00fcr Falschbetankung<\/h3>\n<ul>\n<li>\ud83d\udd27 Kosten der ANWB-Hilfe (Auspumpen des Tanks): <strong>\u00b1 \u20ac150<\/strong><\/li>\n<li>\u26fd Kosten f\u00fcr verlorenen Kraftstoff: werden vollst\u00e4ndig von der Person getragen, die falsch getankt hat.<\/li>\n<li>Sch\u00e4den, Versp\u00e4tungen oder zus\u00e4tzliche Kilometer, die durch den Transfer entstehen, werden ebenfalls in Rechnung gestellt.<\/li>\n<\/ul>\n<p>-<\/p>\n<h3>\ud83e\udde0 Zusammenfassung - Ihre Checkliste zum Tanken<\/h3>\n<ul>\n<li>\ud83d\ude97 Kontrolle vor dem Tanken: Steht da <strong>Diesel<\/strong> an der Einf\u00fcllpistole?<\/li>\n<li>\ud83d\udee2\ufe0f Verwenden Sie nur die <strong>schwarzer oder gelber Hebel<\/strong> (Diesel, B7).<\/li>\n<li>\ud83d\udcb3 Bezahlen Sie mit der Be Our Guest-Tankkarte (niemals mit Ihrer eigenen Debitkarte).<\/li>\n<li>\ud83d\udccb Pr\u00fcfen Sie nach dem Tanken, ob der Tankdeckel richtig geschlossen ist.<\/li>\n<\/ul>\n<p>-<\/p>\n<h3>\ud83d\udcc4 ANWB-Anleitung herunterladen<\/h3>\n<p>Die vollst\u00e4ndige <strong>ANWB-Anweisung<\/strong> (mit Kontaktnummern, Kosten und was im Falle einer Panne zu tun ist) befindet sich im Handschuhfach jedes Busses.<br \/>\nSie k\u00f6nnen die digitale Version unten zum sofortigen Nachschlagen herunterladen:<\/p>\n<p style=\"margin-top: 15px;\"><a style=\"display: inline-block; background-color: #c9a34a; color: #111; font-weight: bold; padding: 12px 24px; border-radius: 8px; text-decoration: none;\" href=\"\/wp-content\/uploads\/2025\/01\/ANWB-INSTRUCTIE.pdf\"><br \/>\n\ud83d\udce5 Laden Sie die ANWB-Anleitung herunter (PDF)<br \/>\n<\/a><\/p>\n<p>-<\/p>\n<h3>\ud83d\udea6 Wichtig zu wissen<\/h3>\n<ul>\n<li>\ud83d\udd0d Pr\u00fcfen Sie immer den Kraftstoff, bevor Sie den Schlauch in den Tank einf\u00fchren.<\/li>\n<li>\ud83e\udde0 Denken Sie ruhig und konzentriert Das Tanken ist eine einfache Aufgabe, aber ein Fehler ist teuer.<\/li>\n<li>\ud83d\udcde Im Zweifelsfall oder in der Not: immer Tim oder Talitha anrufen und um Rat fragen.<\/li>\n<\/ul>\n<p>-<\/p>\n<p><strong>Vorsicht beim Tanken!<\/strong> Eine Sekunde zus\u00e4tzliche Kontrolle verhindert viel Elend, Schaden und Kosten.<br \/>\nWir z\u00e4hlen auf Ihre Professionalit\u00e4t und Ihr Verantwortungsbewusstsein. \ud83d\udcaa<\/p>\n<\/div><\/div><\/div><\/div><\/div><\/div><\/div><\/div><\/div><\/div><\/div><\/div><\/div><\/div><script id=\"script-row-unique-0\" data-row=\"script-row-unique-0\" type=\"text\/javascript\" class=\"vc_controls\">UNCODE.initRow(document.getElementById(\"row-unique-0\"));<\/script><\/div><\/div><\/div>\n<\/div>","protected":false},"excerpt":{"rendered":"\u26fd Tanken Bij Be Our Guest Events werken we met professionele transportbussen die allemaal op DIESEL rijden. Het is daarom [...]","protected":false},"author":1,"featured_media":0,"parent":71016,"menu_order":0,"comment_status":"closed","ping_status":"closed","template":"","meta":{"footnotes":""},"class_list":["post-71262","page","type-page","status-publish","hentry","page_category-personeel-portaal"],"_links":{"self":[{"href":"https:\/\/royalcasinocompany.nl\/de\/wp-json\/wp\/v2\/pages\/71262","targetHints":{"allow":["GET"]}}],"collection":[{"href":"https:\/\/royalcasinocompany.nl\/de\/wp-json\/wp\/v2\/pages"}],"about":[{"href":"https:\/\/royalcasinocompany.nl\/de\/wp-json\/wp\/v2\/types\/page"}],"author":[{"embeddable":true,"href":"https:\/\/royalcasinocompany.nl\/de\/wp-json\/wp\/v2\/users\/1"}],"replies":[{"embeddable":true,"href":"https:\/\/royalcasinocompany.nl\/de\/wp-json\/wp\/v2\/comments?post=71262"}],"version-history":[{"count":5,"href":"https:\/\/royalcasinocompany.nl\/de\/wp-json\/wp\/v2\/pages\/71262\/revisions"}],"predecessor-version":[{"id":71959,"href":"https:\/\/royalcasinocompany.nl\/de\/wp-json\/wp\/v2\/pages\/71262\/revisions\/71959"}],"up":[{"embeddable":true,"href":"https:\/\/royalcasinocompany.nl\/de\/wp-json\/wp\/v2\/pages\/71016"}],"wp:attachment":[{"href":"https:\/\/royalcasinocompany.nl\/de\/wp-json\/wp\/v2\/media?parent=71262"}],"curies":[{"name":"wp","href":"https:\/\/api.w.org\/{rel}","templated":true}]}}