{"id":71264,"date":"2025-11-02T13:36:15","date_gmt":"2025-11-02T12:36:15","guid":{"rendered":"https:\/\/royalcasinocompany.nl\/?page_id=71264"},"modified":"2026-01-16T10:52:32","modified_gmt":"2026-01-16T09:52:32","slug":"teamdiscipline-en-consequenties","status":"publish","type":"page","link":"https:\/\/royalcasinocompany.nl\/de\/personeel\/teamdiscipline-en-consequenties\/","title":{"rendered":"Teamdisziplin und Konsequenzen"},"content":{"rendered":"<div class=\"wpb-content-wrapper\"><div data-parent=\"true\" class=\"vc_row row-container boomapps_vcrow\" id=\"row-unique-0\"><div class=\"row limit-width row-parent\"><div class=\"wpb_row row-inner\"><div class=\"wpb_column pos-top pos-center align_left column_parent col-lg-12 boomapps_vccolumn single-internal-gutter\"><div class=\"uncol style-dark\"  ><div class=\"uncoltable\"><div class=\"uncell  boomapps_vccolumn no-block-padding\" ><div class=\"uncont\" ><div class=\"vc_row row-internal row-container boomapps_vcrow\"><div class=\"row row-child\"><div class=\"wpb_row row-inner\"><div class=\"wpb_column pos-top pos-center align_left column_child col-lg-12 boomapps_vccolumn single-internal-gutter\"><div class=\"uncol style-dark\" ><div class=\"uncoltable\"><div class=\"uncell  boomapps_vccolumn no-block-padding\" ><div class=\"uncont\" ><div class=\"vc_custom_heading_wrap\"><div class=\"heading-text el-text\" ><\/p>\n<h1>Teamdisziplin und Konsequenzen<\/h1>\n<p>\n<hr class=\"separator-break separator-accent\" \/><\/div><div class=\"clear\"><\/div><\/div><div class=\"empty-space empty-single\" ><span class=\"empty-space-inner\"><\/span><\/div>\n<div class=\"uncode_text_column\" ><\/p>\n<div class=\"rcc-portal\">\n<p>Die Disziplin innerhalb des Teams ist eine wesentliche Voraussetzung f\u00fcr eine professionelle, zuverl\u00e4ssige und erfolgreiche Arbeit.<br \/>\nUnter <strong>Royal Casino Unternehmen<\/strong> dreht sich alles um <strong>Qualit\u00e4t, Verantwortung und Zusammenarbeit<\/strong>.<br \/>\nWir m\u00f6chten, dass jeder Mitarbeiter versteht, dass sein Verhalten sich direkt auf das G\u00e4steerlebnis, die Atmosph\u00e4re innerhalb des Teams und das Vertrauen unserer Kunden auswirkt.<\/p>\n<p>Disziplin ist keine Strafe, sondern eine Form der <strong>professionelles Verhalten<\/strong>.<br \/>\nEs bedeutet, sich an Vereinbarungen zu halten, Verantwortung zu \u00fcbernehmen und sich gegenseitig ernst zu nehmen - in jeder Situation.<\/p>\n<p>-<\/p>\n<h3>Was wir von Ihnen erwarten<\/h3>\n<p>Ein starkes Team besteht aus Menschen, die sich gegenseitig vertrauen k\u00f6nnen.<br \/>\nDeshalb erwarten wir, dass sich jeder an unsere Grundregeln und beruflichen Standards h\u00e4lt:<\/p>\n<ul class=\"rcc-bullets\">\n<li>\u23f0 <strong>Immer p\u00fcnktlich erscheinen<\/strong> - Wenn Sie zu sp\u00e4t kommen, m\u00fcssen andere warten, und die Vorbereitung ist beeintr\u00e4chtigt.<\/li>\n<li>\ud83d\udc55 <strong>Stellen Sie sicher, dass Sie pr\u00e4sentabel sind<\/strong> - Kleidung, K\u00f6rperpflege und Einstellung bestimmen den ersten Eindruck beim Kunden.<\/li>\n<li>\ud83d\udcf1 <strong>Benutzen Sie Ihr Telefon nur, wenn es erlaubt ist<\/strong> - Konzentrieren Sie sich bei den Auftr\u00e4gen auf die G\u00e4ste, nicht auf Ihren Bildschirm.<\/li>\n<li>\ud83e\udde0 <strong>Initiative ergreifen<\/strong> - Helfen Sie mit, denken Sie voraus und zeigen Sie Engagement f\u00fcr das Team.<\/li>\n<li>\ud83d\udcac <strong>Offene und ehrliche Kommunikation<\/strong> - Probleme oder Fehler sofort zu melden, damit sie behoben werden k\u00f6nnen.<\/li>\n<li>\ud83e\udd1d <strong>Respekt vor Kollegen und Vorgesetzten<\/strong> - arbeiten wir gemeinsam auf ein Ziel hin: eine perfekte Veranstaltung.<\/li>\n<\/ul>\n<p>-<\/p>\n<h3>Was Disziplin in der Praxis bedeutet<\/h3>\n<p>Disziplin geht \u00fcber das p\u00fcnktliche Erscheinen oder die korrekte Kleidung hinaus.<br \/>\nEs bedeutet, dass Sie <strong>\u00fcbernimmt Verantwortung<\/strong> f\u00fcr Ihre Arbeit und Ihre Einstellung - auch wenn niemand hinsieht.<\/p>\n<ul class=\"rcc-bullets\">\n<li>Sie erscheinen vorbereitet und mit der richtigen Einstellung zu jeder Aufgabe.<\/li>\n<li>Sie h\u00f6ren auf die Anweisungen des Vorgesetzten und befolgen seine Anweisungen.<\/li>\n<li>Sie engagieren sich f\u00fcr das Team und denken mit, wenn etwas schief l\u00e4uft.<\/li>\n<li>Sie halten Vereinbarungen \u00fcber Arbeitszeiten, Verhalten, Kommunikation und Vertretung ein.<\/li>\n<\/ul>\n<p>Ein professionelles Team erkennt man an Gelassenheit, \u00dcbersicht und einer positiven Einstellung - auch unter Druck.<\/p>\n<p>-<\/p>\n<h3>Wenn Vereinbarungen nicht eingehalten werden<\/h3>\n<p>Wir gehen immer davon aus, dass jeder mit der richtigen Absicht arbeitet.<br \/>\nDennoch ist es wichtig, sich \u00fcber die Konsequenzen im Klaren zu sein, wenn Regeln oder Vereinbarungen nicht eingehalten werden.<\/p>\n<ul class=\"rcc-bullets\">\n<li>\u26a0\ufe0f <strong>Warnung:<\/strong> Einem ersten Versto\u00df folgt immer ein pers\u00f6nliches Gespr\u00e4ch oder eine schriftliche Verwarnung. Wir sehen uns an, was falsch gelaufen ist und wie es verbessert werden kann.<\/li>\n<li>\u26d4 <strong>Versp\u00e4tungen oder Annullierungen ohne triftigen Grund:<\/strong> Eine fehlende oder versp\u00e4tete Unterschrift kann sich auf die Zukunftsplanung oder die Besch\u00e4ftigungsf\u00e4higkeit auswirken.<\/li>\n<li>\ud83d\udcb8 <strong>Sachsch\u00e4den oder Fahrl\u00e4ssigkeit:<\/strong> Sch\u00e4den, die durch unvorsichtiges Verhalten verursacht wurden, k\u00f6nnen bei der verantwortlichen Person geltend gemacht werden.<\/li>\n<li>\ud83d\udeab <strong>Nichterscheinen zu einem Auftrag ohne Absage:<\/strong> f\u00fchrt dies unmittelbar zum Ausschluss von der weiteren Zusammenarbeit.<\/li>\n<\/ul>\n<p>-<\/p>\n<h3>Unser Ansatz bei Verst\u00f6\u00dfen<\/h3>\n<p>Wir arbeiten mit einem klaren und fairen System.<br \/>\nJede Situation wird auf der Grundlage von Absicht, Verantwortung und Wiederholungen bewertet.<br \/>\nWir suchen immer zuerst nach Verbesserungen, nicht nach Strafen.<\/p>\n<div class=\"rcc-grid\">\n<div class=\"rcc-card\">\n<h4><span class=\"rcc-emoji\">\ud83d\udde3\ufe0f<\/span> 1. aufrufen<\/h4>\n<p>Bei einem Erstversto\u00df folgt ein pers\u00f6nliches Gespr\u00e4ch, um die Situation zu er\u00f6rtern und zu verstehen, was passiert ist.<\/p>\n<\/div>\n<div class=\"rcc-card\">\n<h4><span class=\"rcc-emoji\">\ud83d\udcdd<\/span> 2. Warnung<\/h4>\n<p>Sollte sich das Verhalten wiederholen, erhalten Sie eine offizielle Verwarnung mit konkreten Verbesserungsvereinbarungen.<\/p>\n<\/div>\n<div class=\"rcc-card\">\n<h4><span class=\"rcc-emoji\">\ud83d\udeab<\/span> 3. Suspendierung oder Ausschluss<\/h4>\n<p>Schwerwiegende oder wiederholte Verst\u00f6\u00dfe k\u00f6nnen dazu f\u00fchren, dass Sie (vor\u00fcbergehend oder dauerhaft) nicht f\u00fcr Eins\u00e4tze eingeplant werden.<\/p>\n<p>-<\/p>\n<\/div>\n<\/div>\n<h3>Was wir f\u00fcr wichtig halten<\/h3>\n<p>Wir wollen ein Team von <strong>zuverl\u00e4ssig, professionell und engagiert<\/strong> Menschen.<br \/>\nMenschen, die stolz auf ihre Arbeit sind, Verantwortung \u00fcbernehmen und verstehen, dass Disziplin die Grundlage f\u00fcr Freiheit und Vertrauen ist.<br \/>\nJe besser wir zusammenarbeiten, desto mehr Raum bleibt f\u00fcr Spa\u00df, Initiative und Unabh\u00e4ngigkeit.<\/p>\n<p>-<\/p>\n<h3>Unsere Vision von Disziplin<\/h3>\n<p>Disziplin bedeutet nicht, streng zu sein, sondern sich um Qualit\u00e4t zu bem\u00fchen.<br \/>\nEs bedeutet, dass wir uns aufeinander verlassen k\u00f6nnen und dass jeder Kollege seine Rolle ernst nimmt.<br \/>\nSo k\u00f6nnen wir auf professionelle, entspannte und angenehme Weise zusammenarbeiten.<\/p>\n<div class=\"rcc-grid\">\n<div class=\"rcc-card\">\n<h4><span class=\"rcc-emoji\">\ud83d\udcaa<\/span>Verantwortung<\/h4>\n<p>Sie sind f\u00fcr Ihr eigenes Verhalten, Ihr Engagement und Ihre Einstellung bei jedem Auftrag verantwortlich.<\/p>\n<\/div>\n<div class=\"rcc-card\">\n<h4><span class=\"rcc-emoji\">\ud83d\udcc5<\/span>Verl\u00e4sslichkeit<\/h4>\n<p>Wer Vereinbarungen einh\u00e4lt, schafft Vertrauen - bei Kollegen, Vorgesetzten und Kunden.<\/p>\n<\/div>\n<div class=\"rcc-card\">\n<h4><span class=\"rcc-emoji\">\ud83e\udded<\/span>Professionalit\u00e4t<\/h4>\n<p>Professionelles Verhalten zeichnet uns aus. Es zeigt, dass wir stolz auf unsere Arbeit und unseren Namen sind.<\/p>\n<\/div>\n<div class=\"rcc-card\">\n<h4><span class=\"rcc-emoji\">\ud83d\udd25<\/span>Team-Mentalit\u00e4t<\/h4>\n<p>Wir arbeiten als Einheit. Jeder tr\u00e4gt zur Atmosph\u00e4re, zum Tempo und zum Erfolg des Abends bei.<\/p>\n<p>-<\/p>\n<\/div>\n<\/div>\n<h3>Zusammenfassung<\/h3>\n<p>Disziplin ist das R\u00fcckgrat unseres Teams.<br \/>\nOhne Struktur, Vereinbarungen und Verantwortung gibt es keine Qualit\u00e4t und keinen Spa\u00df.<br \/>\nDeshalb erwarten wir von jedem eine professionelle Einstellung - mit Respekt vor Kollegen, Kunden und Ausr\u00fcstung.<\/p>\n<p>-<\/p>\n<p><strong>Wer professionell, ehrlich und engagiert arbeitet, muss nie mit Konsequenzen rechnen.<\/strong><br \/>\nGemeinsam bilden wir ein Team, das stark, zuverl\u00e4ssig und stolz auf das ist, was wir tun. \ud83d\udcaa\ud83c\udfaf<\/p>\n<\/div>\n<p>\n<\/div><div class=\"divider-wrapper\"  >\n    <hr class=\"border-accent-color separator-no-padding\"  \/>\n<\/div>\n<\/div><\/div><\/div><\/div><\/div><\/div><\/div><\/div><\/div><\/div><\/div><\/div><\/div><script id=\"script-row-unique-0\" data-row=\"script-row-unique-0\" type=\"text\/javascript\" class=\"vc_controls\">UNCODE.initRow(document.getElementById(\"row-unique-0\"));<\/script><\/div><\/div><\/div>\n<\/div>","protected":false},"excerpt":{"rendered":"Teamdiscipline en consequenties Discipline binnen het team is essentieel om professioneel, betrouwbaar en succesvol te kunnen werken. Bij Royal Casino [...]","protected":false},"author":1,"featured_media":0,"parent":71016,"menu_order":0,"comment_status":"closed","ping_status":"closed","template":"","meta":{"footnotes":""},"class_list":["post-71264","page","type-page","status-publish","hentry","page_category-personeel-portaal"],"_links":{"self":[{"href":"https:\/\/royalcasinocompany.nl\/de\/wp-json\/wp\/v2\/pages\/71264","targetHints":{"allow":["GET"]}}],"collection":[{"href":"https:\/\/royalcasinocompany.nl\/de\/wp-json\/wp\/v2\/pages"}],"about":[{"href":"https:\/\/royalcasinocompany.nl\/de\/wp-json\/wp\/v2\/types\/page"}],"author":[{"embeddable":true,"href":"https:\/\/royalcasinocompany.nl\/de\/wp-json\/wp\/v2\/users\/1"}],"replies":[{"embeddable":true,"href":"https:\/\/royalcasinocompany.nl\/de\/wp-json\/wp\/v2\/comments?post=71264"}],"version-history":[{"count":5,"href":"https:\/\/royalcasinocompany.nl\/de\/wp-json\/wp\/v2\/pages\/71264\/revisions"}],"predecessor-version":[{"id":71961,"href":"https:\/\/royalcasinocompany.nl\/de\/wp-json\/wp\/v2\/pages\/71264\/revisions\/71961"}],"up":[{"embeddable":true,"href":"https:\/\/royalcasinocompany.nl\/de\/wp-json\/wp\/v2\/pages\/71016"}],"wp:attachment":[{"href":"https:\/\/royalcasinocompany.nl\/de\/wp-json\/wp\/v2\/media?parent=71264"}],"curies":[{"name":"wp","href":"https:\/\/api.w.org\/{rel}","templated":true}]}}