{"id":71267,"date":"2025-11-02T13:42:04","date_gmt":"2025-11-02T12:42:04","guid":{"rendered":"https:\/\/royalcasinocompany.nl\/?page_id=71267"},"modified":"2026-01-16T10:51:18","modified_gmt":"2026-01-16T09:51:18","slug":"team-checklijst","status":"publish","type":"page","link":"https:\/\/royalcasinocompany.nl\/de\/personeel\/team-checklijst\/","title":{"rendered":"Team-Checkliste"},"content":{"rendered":"<div class=\"wpb-content-wrapper\"><div data-parent=\"true\" class=\"vc_row row-container boomapps_vcrow\" id=\"row-unique-0\"><div class=\"row limit-width row-parent\"><div class=\"wpb_row row-inner\"><div class=\"wpb_column pos-top pos-center align_left column_parent col-lg-12 boomapps_vccolumn single-internal-gutter\"><div class=\"uncol style-dark\"  ><div class=\"uncoltable\"><div class=\"uncell  boomapps_vccolumn no-block-padding\" ><div class=\"uncont\" ><div class=\"vc_row row-internal row-container boomapps_vcrow\"><div class=\"row row-child\"><div class=\"wpb_row row-inner\"><div class=\"wpb_column pos-top pos-center align_left column_child col-lg-12 boomapps_vccolumn single-internal-gutter\"><div class=\"uncol style-dark\" ><div class=\"uncoltable\"><div class=\"uncell  boomapps_vccolumn no-block-padding\" ><div class=\"uncont\" ><div class=\"vc_custom_heading_wrap\"><div class=\"heading-text el-text\" ><\/p>\n<h1>\ud83e\uddfe Team-Checkliste - Ende des Auftrags<\/h1>\n<p>\n<hr class=\"separator-break separator-accent\" \/><\/div><div class=\"clear\"><\/div><\/div><div class=\"empty-space empty-single\" ><span class=\"empty-space-inner\"><\/span><\/div>\n<div class=\"uncode_text_column\" ><p>Die <strong>Team-Checkliste<\/strong> ist ein integraler Bestandteil jeder Aufgabe innerhalb <strong>Royal Casino Unternehmen<\/strong>.<br \/>\nEs liegt in der gemeinsamen Verantwortung des gesamten Teams, alle Aufgaben am Ende einer Veranstaltung zu erledigen <strong>vollst\u00e4ndig und korrekt<\/strong> ausf\u00fchren.<br \/>\nDiese Liste sorgt daf\u00fcr, dass alles sauber, professionell und sicher im Lager und im Bus erledigt wird.<\/p>\n<p>-<\/p>\n<h3>\ud83e\udd1d Gemeinsam verantwortlich<\/h3>\n<p>Bis vor kurzem war der Vorgesetzte f\u00fcr das Abhaken und Ausf\u00fcllen der Checkliste verantwortlich.<br \/>\nIn der Praxis zeigte sich jedoch, dass viele Aufgaben nicht oder nur halb erledigt wurden, obwohl sie abgehakt waren.<br \/>\nDies ist unprofessionell und birgt Risiken f\u00fcr das Unternehmen sowie f\u00fcr die nachfolgenden Teams, die mit den Ger\u00e4ten arbeiten m\u00fcssen.<\/p>\n<p>Ab sofort ist die Checkliste eine <strong>Teamverantwortung<\/strong>.<br \/>\nDas bedeutet, dass jeder - auch Croupiers ohne F\u00fchrungsposition - aktiv an der korrekten Ausf\u00fchrung der Aufgaben mitwirkt.<br \/>\nJedes Teammitglied ist f\u00fcr das Endergebnis verantwortlich.<br \/>\nSieht irgendjemand, dass hier noch etwas nicht getan wurde? <strong>Miteinander sprechen<\/strong> und erledigen Sie das, bevor Sie abreisen.<\/p>\n<p>-<\/p>\n<h3>\ud83d\udccb Was beinhaltet die Team-Checkliste?<\/h3>\n<p>Die Team-Checkliste sollte <strong>immer<\/strong> durchlaufen und beendet werden, bevor das Team den Schuppen verl\u00e4sst.<br \/>\nDie wichtigsten Komponenten sind:<\/p>\n<ul>\n<li>\ud83d\ude90 <strong>Bus:<\/strong> Tanken, sauber verlassen, drau\u00dfen parken, 3 Gurte und 5 gefaltete Decken im Wagen lassen.<\/li>\n<li>\ud83c\udfed <strong>Lagerhaus:<\/strong> Reinigen Sie alle Materialien, legen Sie sie wieder an den richtigen Platz und \u00fcberpr\u00fcfen Sie sie auf Sch\u00e4den oder fehlende Teile.<\/li>\n<li>\ud83e\uddfe <strong>Verwaltung:<\/strong> Ausf\u00fcllen, \u00dcberpr\u00fcfen und Abzeichnen der Stundenzettel. Korrektes Notieren der Pausen.<\/li>\n<li>\ud83d\udcf8 <strong>Kommunikation:<\/strong> Senden Sie alle Fotos der Veranstaltung in der Gruppen-App + eine kurze Zusammenfassung der Veranstaltung.<\/li>\n<li>\ud83d\udd12 <strong>Schlie\u00dfen:<\/strong> Kleidung, Hosentr\u00e4ger und Schleifen zur\u00fccklegen, Rufzettelmappe und Schl\u00fcssel in den Papierkorb legen, Licht aus, Alarmanlage einschalten, Lagerhaus abschlie\u00dfen und Zahlencode des Schl\u00fcsselkastens drehen.<\/li>\n<\/ul>\n<p>Die Checkliste ist nicht nur eine Liste von Aufgaben, sondern ein Teil unserer <strong>Professionalit\u00e4t und Teamdisziplin<\/strong>.<br \/>\nIndem wir alles richtig machen, sorgen wir daf\u00fcr, dass der n\u00e4chste Einsatz wieder reibungslos, sicher und organisiert beginnen kann.<\/p>\n<p>-<\/p>\n<h3>\u26a0\ufe0f \u00dcberwachung und Sanktionen<\/h3>\n<p>Ab dem 1. November 2025 wird es <strong>striktere Kontrolle<\/strong> Zur Durchf\u00fchrung der Team-Checkliste.<br \/>\nStellt sich heraus, dass die Checkliste nicht richtig oder nicht vollst\u00e4ndig abgearbeitet wurde - etwa weil Aufgaben \u00fcbersprungen oder falsch abgehakt wurden -, hat das Konsequenzen f\u00fcr das gesamte Team.<\/p>\n<p>In diesem Fall wird es <strong>1 Stundenlohn pro Person<\/strong> zur\u00fcckgehalten.<br \/>\nDieser Betrag geht an die <strong>Personalspartopf<\/strong>.<\/p>\n<p>-<\/p>\n<h3>\ud83d\udcb0 Der Spartopf f\u00fcr das Personal<\/h3>\n<p><strong>Wenn jeder Verantwortung \u00fcbernimmt<\/strong> und die Team-Checkliste vollst\u00e4ndig und korrekt ausf\u00fcllen, bleibt das Sparschwein <strong>leer<\/strong> und das Unternehmen \u00fcbernimmt die Kosten f\u00fcr eine <strong>Betriebsausflug und\/oder Getr\u00e4nke<\/strong>.<\/p>\n<p><strong>Wenn Fehler gemacht werden<\/strong>, oder wenn das, was verlangt wurde und was auf der Checkliste deutlich angegeben ist, nicht getan wird, wird die <strong>Team selbst<\/strong> Das Sparschwein: Pro Person wird 1 Stundenlohn abgezogen.<br \/>\nSie tragen also dazu bei, die Kosten f\u00fcr das Firmengetr\u00e4nk und\/oder den Betriebsausflug zu \u00fcbernehmen.<\/p>\n<p>Jedes Jahr am <strong>1. Januar<\/strong> wird der Zustand des Sparschweins ermittelt.<br \/>\nIm Falle eines positiven Stands kann das Unternehmen diesen Betrag noch (teilweise) aufstocken, um einen geeigneten Ausflug oder ein Treffen zu organisieren.<\/p>\n<p>-<\/p>\n<h3>\ud83e\udde0 Erwartungen und Einstellung<\/h3>\n<ul>\n<li>\u2705 Arbeiten Sie als ein Team zusammen. Jeder ist f\u00fcr das Endergebnis verantwortlich.<\/li>\n<li>\u00dcberpr\u00fcfen Sie noch einmal, ob alles erledigt ist, bevor Sie gehen.<\/li>\n<li>\u2705 Haken Sie nur ab, wenn eine Aufgabe wirklich erledigt ist.<\/li>\n<li>\u2705 Sprechen Sie miteinander, wenn etwas ausgelassen wird oder falsch ist.<\/li>\n<li>Melden Sie Sch\u00e4den, Verschmutzungen oder Probleme direkt an Tim oder Talitha.<\/li>\n<\/ul>\n<p>-<\/p>\n<h3>\ud83c\udfc1 Zusammenfassend<\/h3>\n<p>Die Team-Checkliste ist nicht dazu da, um zu kontrollieren, sondern um <strong>Hilfe<\/strong>.<br \/>\nEs ist ein Mittel, um gemeinsam Verantwortung zu \u00fcbernehmen, professionell zu arbeiten und auf das, was wir produzieren, stolz zu sein.<br \/>\nDiejenigen, die die Checkliste ernst nehmen, zeigen, dass sie Teil eines starken Teams sind.<br \/>\nUnd ein starkes Team liefert die Qualit\u00e4t, wo <strong>Royal Casino Unternehmen<\/strong> bekannt f\u00fcr. \ud83d\udcaa\ud83c\udfb2<\/p>\n<\/div><div class=\"divider-wrapper\"  >\n    <hr class=\"border-accent-color separator-no-padding\"  \/>\n<\/div>\n<\/div><\/div><\/div><\/div><\/div><\/div><\/div><\/div><\/div><\/div><\/div><\/div><\/div><script id=\"script-row-unique-0\" data-row=\"script-row-unique-0\" type=\"text\/javascript\" class=\"vc_controls\">UNCODE.initRow(document.getElementById(\"row-unique-0\"));<\/script><\/div><\/div><\/div>\n<\/div>","protected":false},"excerpt":{"rendered":"\ud83e\uddfe Team Checklijst \u2013 Einde opdracht De Team Checklijst is een vast onderdeel van elke opdracht binnen Royal Casino Company. [...]","protected":false},"author":1,"featured_media":0,"parent":71016,"menu_order":0,"comment_status":"closed","ping_status":"closed","template":"","meta":{"footnotes":""},"class_list":["post-71267","page","type-page","status-publish","hentry","page_category-personeel-portaal"],"_links":{"self":[{"href":"https:\/\/royalcasinocompany.nl\/de\/wp-json\/wp\/v2\/pages\/71267","targetHints":{"allow":["GET"]}}],"collection":[{"href":"https:\/\/royalcasinocompany.nl\/de\/wp-json\/wp\/v2\/pages"}],"about":[{"href":"https:\/\/royalcasinocompany.nl\/de\/wp-json\/wp\/v2\/types\/page"}],"author":[{"embeddable":true,"href":"https:\/\/royalcasinocompany.nl\/de\/wp-json\/wp\/v2\/users\/1"}],"replies":[{"embeddable":true,"href":"https:\/\/royalcasinocompany.nl\/de\/wp-json\/wp\/v2\/comments?post=71267"}],"version-history":[{"count":6,"href":"https:\/\/royalcasinocompany.nl\/de\/wp-json\/wp\/v2\/pages\/71267\/revisions"}],"predecessor-version":[{"id":71960,"href":"https:\/\/royalcasinocompany.nl\/de\/wp-json\/wp\/v2\/pages\/71267\/revisions\/71960"}],"up":[{"embeddable":true,"href":"https:\/\/royalcasinocompany.nl\/de\/wp-json\/wp\/v2\/pages\/71016"}],"wp:attachment":[{"href":"https:\/\/royalcasinocompany.nl\/de\/wp-json\/wp\/v2\/media?parent=71267"}],"curies":[{"name":"wp","href":"https:\/\/api.w.org\/{rel}","templated":true}]}}