{"id":71529,"date":"2025-12-04T20:16:41","date_gmt":"2025-12-04T19:16:41","guid":{"rendered":"https:\/\/royalcasinocompany.nl\/?page_id=71529"},"modified":"2026-01-15T23:01:44","modified_gmt":"2026-01-15T22:01:44","slug":"hoe-worden-je-uren-berekend","status":"publish","type":"page","link":"https:\/\/royalcasinocompany.nl\/de\/personeel\/hoe-worden-je-uren-berekend\/","title":{"rendered":"Wie werden Ihre Stunden berechnet?"},"content":{"rendered":"<div class=\"wpb-content-wrapper\"><div data-parent=\"true\" class=\"vc_row row-container boomapps_vcrow\" id=\"row-unique-0\"><div class=\"row limit-width row-parent\"><div class=\"wpb_row row-inner\"><div class=\"wpb_column pos-top pos-center align_left column_parent col-lg-12 boomapps_vccolumn single-internal-gutter\"><div class=\"uncol style-dark\"  ><div class=\"uncoltable\"><div class=\"uncell  boomapps_vccolumn no-block-padding\" ><div class=\"uncont\" ><div class=\"vc_row row-internal row-container boomapps_vcrow\"><div class=\"row row-child\"><div class=\"wpb_row row-inner\"><div class=\"wpb_column pos-top pos-center align_left column_child col-lg-12 boomapps_vccolumn single-internal-gutter\"><div class=\"uncol style-dark\" ><div class=\"uncoltable\"><div class=\"uncell  boomapps_vccolumn no-block-padding\" ><div class=\"uncont\" ><div class=\"vc_custom_heading_wrap\"><div class=\"heading-text el-text\" ><\/p>\n<h1>Wie werden Ihre Stunden berechnet?<\/h1>\n<p>\n<hr class=\"separator-break separator-accent\" \/><\/div><div class=\"clear\"><\/div><\/div><div class=\"empty-space empty-single\" ><span class=\"empty-space-inner\"><\/span><\/div>\n<div class=\"uncode_text_column\" ><p>Bei Be Our Guest Events gibt es zwei M\u00f6glichkeiten, wie Ihre Stunden berechnet werden k\u00f6nnen:<br \/>\nSie starten in unserem Lager oder reisen direkt von zu Hause zum Veranstaltungsort.<br \/>\nWelche Option f\u00fcr Ihren Dienst gilt, wird Ihnen stets im Voraus mitgeteilt.<br \/>\nHaben Sie eine eigene Pr\u00e4ferenz? Lassen Sie es uns wissen, und wir werden sehen, ob dies m\u00f6glich ist.<\/p>\n<p>-<\/p>\n<h3>\ud83d\ude90 Verlassen des Lagers<\/h3>\n<ul>\n<li><strong>Bezahlung von T\u00fcr zu T\u00fcr - 1 Stunde Pause:<\/strong> Sie werden ab der Zeit, zu der Sie im Lager beginnen (wie auf dem Laufzettel angegeben), bis zu der Zeit, zu der Sie am Ende des Auftrags im Lager sind, abz\u00fcglich einer Stunde Pause, bezahlt.<\/li>\n<li>Die Fahrtzeit von Ihrem Wohnort zum Lagerhaus f\u00e4llt unter Pendeln und geht zu Ihren Lasten, sofern nicht im Voraus etwas anderes vereinbart wurde.<\/li>\n<\/ul>\n<p>-<\/p>\n<h3>\ud83d\ude97 Fahren Sie direkt von Ihrem eigenen Standort zum Kunden<\/h3>\n<ul>\n<li>Wenn Sie direkt zum Veranstaltungsort reisen (mit dem eigenen Auto oder mit \u00f6ffentlichen Verkehrsmitteln), ist die erste <strong>30 Minuten <\/strong>auf eigene Rechnung (Pendeln).<\/li>\n<li>Alle Reisezeiten, die \u00fcber diese 30 Minuten hinausgehen, werden zum normalen Stundensatz verg\u00fctet.<\/li>\n<li>Sind Sie mit Ihrem eigenen Auto unterwegs? Dann k\u00f6nnen Sie alle gefahrenen Kilometer angeben bei <strong>0,23 \u20ac pro Kilometer<\/strong>.<\/li>\n<li>Reisen Sie mit \u00f6ffentlichen Verkehrsmitteln? Dann k\u00f6nnen Sie die entstandenen Kosten gegen Vorlage einer g\u00fcltigen Quittung oder eines Belegs geltend machen.<\/li>\n<\/ul>\n<p>\n<\/div><div class=\"divider-wrapper\"  >\n    <hr class=\"border-accent-color separator-no-padding\"  \/>\n<\/div>\n<\/div><\/div><\/div><\/div><\/div><\/div><\/div><\/div><\/div><\/div><\/div><\/div><\/div><script id=\"script-row-unique-0\" data-row=\"script-row-unique-0\" type=\"text\/javascript\" class=\"vc_controls\">UNCODE.initRow(document.getElementById(\"row-unique-0\"));<\/script><\/div><\/div><\/div>\n<\/div>","protected":false},"excerpt":{"rendered":"Hoe worden je uren berekend? Bij Be Our Guest Events zijn er twee manieren waarop jouw uren kunnen worden berekend: [...]","protected":false},"author":1,"featured_media":0,"parent":71016,"menu_order":0,"comment_status":"closed","ping_status":"closed","template":"","meta":{"footnotes":""},"class_list":["post-71529","page","type-page","status-publish","hentry","page_category-personeel-portaal"],"_links":{"self":[{"href":"https:\/\/royalcasinocompany.nl\/de\/wp-json\/wp\/v2\/pages\/71529","targetHints":{"allow":["GET"]}}],"collection":[{"href":"https:\/\/royalcasinocompany.nl\/de\/wp-json\/wp\/v2\/pages"}],"about":[{"href":"https:\/\/royalcasinocompany.nl\/de\/wp-json\/wp\/v2\/types\/page"}],"author":[{"embeddable":true,"href":"https:\/\/royalcasinocompany.nl\/de\/wp-json\/wp\/v2\/users\/1"}],"replies":[{"embeddable":true,"href":"https:\/\/royalcasinocompany.nl\/de\/wp-json\/wp\/v2\/comments?post=71529"}],"version-history":[{"count":7,"href":"https:\/\/royalcasinocompany.nl\/de\/wp-json\/wp\/v2\/pages\/71529\/revisions"}],"predecessor-version":[{"id":71934,"href":"https:\/\/royalcasinocompany.nl\/de\/wp-json\/wp\/v2\/pages\/71529\/revisions\/71934"}],"up":[{"embeddable":true,"href":"https:\/\/royalcasinocompany.nl\/de\/wp-json\/wp\/v2\/pages\/71016"}],"wp:attachment":[{"href":"https:\/\/royalcasinocompany.nl\/de\/wp-json\/wp\/v2\/media?parent=71529"}],"curies":[{"name":"wp","href":"https:\/\/api.w.org\/{rel}","templated":true}]}}