{"id":71532,"date":"2025-12-04T20:20:23","date_gmt":"2025-12-04T19:20:23","guid":{"rendered":"https:\/\/royalcasinocompany.nl\/?page_id=71532"},"modified":"2026-01-15T23:23:15","modified_gmt":"2026-01-15T22:23:15","slug":"pauze","status":"publish","type":"page","link":"https:\/\/royalcasinocompany.nl\/de\/personeel\/pauze\/","title":{"rendered":"Pause"},"content":{"rendered":"<div class=\"wpb-content-wrapper\"><div data-parent=\"true\" class=\"vc_row row-container boomapps_vcrow\" id=\"row-unique-0\"><div class=\"row limit-width row-parent\"><div class=\"wpb_row row-inner\"><div class=\"wpb_column pos-top pos-center align_left column_parent col-lg-12 boomapps_vccolumn single-internal-gutter\"><div class=\"uncol style-dark\"  ><div class=\"uncoltable\"><div class=\"uncell  boomapps_vccolumn no-block-padding\" ><div class=\"uncont\" ><div class=\"vc_row row-internal row-container boomapps_vcrow\"><div class=\"row row-child\"><div class=\"wpb_row row-inner\"><div class=\"wpb_column pos-top pos-center align_left column_child col-lg-12 boomapps_vccolumn single-internal-gutter\"><div class=\"uncol style-dark\" ><div class=\"uncoltable\"><div class=\"uncell  boomapps_vccolumn no-block-padding\" ><div class=\"uncont\" ><div class=\"vc_custom_heading_wrap\"><div class=\"heading-text el-text\" ><\/p>\n<h1>Alles, was Sie \u00fcber Ihre Pause wissen m\u00fcssen<\/h1>\n<p>\n<hr class=\"separator-break separator-accent\" \/><\/div><div class=\"clear\"><\/div><\/div><div class=\"empty-space empty-single\" ><span class=\"empty-space-inner\"><\/span><\/div>\n<div class=\"uncode_text_column\" ><p>Pausen sind ein wesentlicher Bestandteil Ihres Arbeitstages. Eine Verschnaufpause erm\u00f6glicht es Ihnen, mit neuer Energie, Konzentration und Begeisterung an den Casinotischen zu stehen. Wir glauben, dass es f\u00fcr jeden wichtig ist, gesund, professionell und verantwortungsvoll zu arbeiten.<\/p>\n<p>Die Pausenzeiten sind immer im Zeitplan auf dem Dienstplan angegeben. Sie wissen also genau <strong>wenn Sie eine Pause haben<\/strong> und <strong>wie lange es dauert<\/strong>. In den meisten F\u00e4llen ist eine Standardpause von einer Stunde vorgesehen. Ist mehr als eine Stunde Pausenzeit vorgesehen? Dann werden alle zus\u00e4tzlichen Pausenzeiten, die \u00fcber diese Stunde hinausgehen, von uns bezahlt <strong>ausgezahlt<\/strong>.<\/p>\n<p>-<\/p>\n<h2>\ud83d\udd39 Vorbereitung vor der Arbeit: Ihre eigenen 10 Minuten<\/h2>\n<p>Wir fordern alle auf <strong>10 Minuten vor der Startzeit<\/strong> im Lager anwesend sein. Dies sind Ihre eigenen Minuten und geh\u00f6ren nicht zur Arbeitszeit. W\u00e4hrend dieser Zeit k\u00f6nnen Sie:<\/p>\n<ul>\n<li>auf die Toilette gehen<\/li>\n<li>Rauchen<\/li>\n<li>ein Sandwich essen<\/li>\n<li>Ihr Telefon benutzen<\/li>\n<li>Ihre letzten Vorbereitungen treffen<\/li>\n<li>den Gespr\u00e4chsbogen durchgehen und pr\u00fcfen, was von Ihnen erwartet wird<\/li>\n<\/ul>\n<p>Dieser Moment ist dazu gedacht <strong>bereit sein<\/strong> zum Zeitpunkt des Beginns der Arbeitszeit.<\/p>\n<p>-<\/p>\n<h2>\ud83d\udd39 Wann beginnt Ihre Arbeitszeit?<\/h2>\n<p>Von dem Zeitpunkt an, an dem die Arbeitszeit planm\u00e4\u00dfig beginnt, werden Sie bezahlt - und wir erwarten von Ihnen <strong>100% bei der Arbeit<\/strong>.<\/p>\n<p>Bedeutung:<\/p>\n<ul>\n<li>Nicht mehr rauchen<\/li>\n<li>kein Telefon<\/li>\n<li>beim Laden nicht essen<\/li>\n<li>volle Konzentration auf die Arbeit<\/li>\n<\/ul>\n<p><strong>Werden Sie bezahlt? Dann arbeiten Sie.<\/strong> Das ist professionell und sorgt daf\u00fcr, dass Sie als Team effizient arbeiten k\u00f6nnen.<\/p>\n<p>-<\/p>\n<h2>\ud83d\udd39 Reisezeit mit dem Bus: bezahlt und n\u00fctzlich<\/h2>\n<p>Oft wechseln Sie sich mit Kollegen ab, wer f\u00e4hrt. Sind Sie nicht der Fahrer? Dann haben Sie eine Art zus\u00e4tzliche Pausenzeit im Bus - aber trotzdem <strong>bezahlt<\/strong>.<\/p>\n<p>Wir erwarten von Ihnen, dass Sie diese Zeit sinnvoll nutzen:<\/p>\n<ul>\n<li>das Merkblatt studieren<\/li>\n<li>sehen, was Ihre Rolle sp\u00e4ter ist<\/li>\n<li>sich auf den Auftrag vorbereiten<\/li>\n<li>Nutzen Sie das Portal, wenn Sie neu sind oder lange nicht mehr gearbeitet haben<\/li>\n<li>Fragen stellen, wenn etwas noch unklar ist<\/li>\n<\/ul>\n<p>So k\u00f6nnen Sie <strong>gut vorbereitet und organisiert<\/strong> vor Ort zu.<\/p>\n<p>-<\/p>\n<h2>\ud83d\udd39 Pause vor Ort: So funktioniert es<\/h2>\n<p>Auf dem Gespr\u00e4chsplan steht genau, wann Sie eine Pause haben. Nutzen Sie diese Zeit wirklich als <strong>Pause<\/strong>:<\/p>\n<ul>\n<li>Essen und Trinken<\/li>\n<li>sich umziehen<\/li>\n<li>f\u00fcr eine Weile entspannen<\/li>\n<li>Rauchen<\/li>\n<li>Ihr Telefon benutzen<\/li>\n<\/ul>\n<p>Nach der Pause wird die Arbeit wieder aufgenommen und wir erwarten eine <strong>professionelle Einstellung und volle Konzentration<\/strong>.<\/p>\n<p>-<\/p>\n<h3>\u23f3 Wenn Ihnen die Zeit davonl\u00e4uft<\/h3>\n<p>Der Bau oder die Vorbereitung kann l\u00e4nger dauern. Bitte beachten Sie: <strong>Dies ist in der Regel darauf zur\u00fcckzuf\u00fchren, dass das Arbeitstempo zu niedrig ist.<\/strong>.<\/p>\n<p>Wenn Sie nicht genug Zeit haben, geht das auch <strong>auf Kosten Ihrer eigenen Pause<\/strong>. Vergewissern Sie sich also:<\/p>\n<ul>\n<li>ein z\u00fcgiges Tempo w\u00e4hrend des Aufbaus<\/li>\n<li>klare Aufgabenteilung<\/li>\n<li>Teamarbeit<\/li>\n<li>nach dem Einsatzplan<\/li>\n<\/ul>\n<p>Auf diese Weise k\u00f6nnen Sie die geplante Pause voll ausnutzen.<\/p>\n<p>-<\/p>\n<h2>\u2b50 Zusammenfassung: Ihre Verantwortung<\/h2>\n<ul>\n<li>Pausen sind wichtig und Teil der Planung.<\/li>\n<li>Zus\u00e4tzliche Pausen, die l\u00e4nger als 1 Stunde dauern, werden bezahlt.<\/li>\n<li>10 Minuten vor dem Start = Ihre eigene Vorbereitungszeit.<\/li>\n<li>Bezahlte Zeit = Arbeitszeit (kein Telefon, kein Rauchen, kein Essen).<\/li>\n<li>Die Zeit im Bus wird bezahlt und dient der Vorbereitung.<\/li>\n<li>Die Unterbrechung am Einsatzort ist auf dem Aufrufzettel angegeben.<\/li>\n<li>Wenn die Zeit wegen langsamer Arbeit knapp wird, wird die eigene Pause gestrichen.<\/li>\n<\/ul>\n<p>\n<\/div><div class=\"divider-wrapper\"  >\n    <hr class=\"border-accent-color separator-no-padding\"  \/>\n<\/div>\n<\/div><\/div><\/div><\/div><\/div><\/div><\/div><\/div><\/div><\/div><\/div><\/div><\/div><script id=\"script-row-unique-0\" data-row=\"script-row-unique-0\" type=\"text\/javascript\" class=\"vc_controls\">UNCODE.initRow(document.getElementById(\"row-unique-0\"));<\/script><\/div><\/div><\/div>\n<\/div>","protected":false},"excerpt":{"rendered":"Alles wat je moet weten over je Pauze Pauzes zijn een essentieel onderdeel van je werkdag. Even op adem komen [...]","protected":false},"author":1,"featured_media":0,"parent":71016,"menu_order":0,"comment_status":"closed","ping_status":"closed","template":"","meta":{"footnotes":""},"class_list":["post-71532","page","type-page","status-publish","hentry","page_category-personeel-portaal"],"_links":{"self":[{"href":"https:\/\/royalcasinocompany.nl\/de\/wp-json\/wp\/v2\/pages\/71532","targetHints":{"allow":["GET"]}}],"collection":[{"href":"https:\/\/royalcasinocompany.nl\/de\/wp-json\/wp\/v2\/pages"}],"about":[{"href":"https:\/\/royalcasinocompany.nl\/de\/wp-json\/wp\/v2\/types\/page"}],"author":[{"embeddable":true,"href":"https:\/\/royalcasinocompany.nl\/de\/wp-json\/wp\/v2\/users\/1"}],"replies":[{"embeddable":true,"href":"https:\/\/royalcasinocompany.nl\/de\/wp-json\/wp\/v2\/comments?post=71532"}],"version-history":[{"count":7,"href":"https:\/\/royalcasinocompany.nl\/de\/wp-json\/wp\/v2\/pages\/71532\/revisions"}],"predecessor-version":[{"id":71947,"href":"https:\/\/royalcasinocompany.nl\/de\/wp-json\/wp\/v2\/pages\/71532\/revisions\/71947"}],"up":[{"embeddable":true,"href":"https:\/\/royalcasinocompany.nl\/de\/wp-json\/wp\/v2\/pages\/71016"}],"wp:attachment":[{"href":"https:\/\/royalcasinocompany.nl\/de\/wp-json\/wp\/v2\/media?parent=71532"}],"curies":[{"name":"wp","href":"https:\/\/api.w.org\/{rel}","templated":true}]}}