{"id":71535,"date":"2025-12-04T20:23:36","date_gmt":"2025-12-04T19:23:36","guid":{"rendered":"https:\/\/royalcasinocompany.nl\/?page_id=71535"},"modified":"2025-12-04T20:47:54","modified_gmt":"2025-12-04T19:47:54","slug":"uurloon","status":"publish","type":"page","link":"https:\/\/royalcasinocompany.nl\/de\/personeel\/uurloon\/","title":{"rendered":"Lohn pro Stunde"},"content":{"rendered":"<div class=\"wpb-content-wrapper\"><div data-parent=\"true\" class=\"vc_row row-container boomapps_vcrow\" id=\"row-unique-0\"><div class=\"row limit-width row-parent\"><div class=\"wpb_row row-inner\"><div class=\"wpb_column pos-top pos-center align_left column_parent col-lg-12 boomapps_vccolumn single-internal-gutter\"><div class=\"uncol style-dark\"  ><div class=\"uncoltable\"><div class=\"uncell  boomapps_vccolumn no-block-padding\" ><div class=\"uncont\" ><div class=\"vc_row row-internal row-container boomapps_vcrow\"><div class=\"row row-child\"><div class=\"wpb_row row-inner\"><div class=\"wpb_column pos-top pos-center align_left column_child col-lg-12 boomapps_vccolumn single-internal-gutter\"><div class=\"uncol style-dark\" ><div class=\"uncoltable\"><div class=\"uncell  boomapps_vccolumn no-block-padding\" ><div class=\"uncont\" ><div class=\"vc_custom_heading_wrap\"><div class=\"heading-text el-text\" ><\/p>\n<h1>Alles \u00fcber Ihren Stundenlohn<\/h1>\n<p>\n<hr class=\"separator-break separator-accent\" \/><\/div><div class=\"clear\"><\/div><\/div><div class=\"empty-space empty-single\" ><span class=\"empty-space-inner\"><\/span><\/div>\n<div class=\"uncode_text_column\" ><\/p>\n<h2>\ud83e\uddfe Verg\u00fctung und Arbeitszeiten<\/h2>\n<p>Sie werden von dem Moment an bezahlt, in dem Sie die Arbeit beginnen, bis Sie wieder im Lager sind.<br \/>\nUm Missverst\u00e4ndnisse zu vermeiden, wird auf dem Anrufbeantworter immer eine maximale Endzeit angegeben.<br \/>\nDiese Zeiten sind realistisch und unter normalen und effizienten Arbeitsbedingungen gut zu erreichen.<\/p>\n<p>Bei uns erhalten Sie auch die volle Bezahlung f\u00fcr:<\/p>\n<ul>\n<li><strong>\u23f1\ufe0f Reisezeit<\/strong><\/li>\n<li><strong>\u231b Wartezeit oder \u00dcberbr\u00fcckung<\/strong><\/li>\n<\/ul>\n<p>Dies ist einzigartig in der Unterhaltungsbranche, denn viele Unternehmen zahlen nicht f\u00fcr diese Momente.<br \/>\nWir sind jedoch der Meinung, dass Ihre Zeit, Ihre Bem\u00fchungen und Ihre Anwesenheit wertvoll sind, auch wenn Sie ein wenig l\u00e4nger warten m\u00fcssen.<br \/>\nImmerhin stehen Sie dem Unternehmen zur Verf\u00fcgung und tragen zum Erfolg des Abends bei.<\/p>\n<h2>\ud83d\udccb Wichtig zu wissen<\/h2>\n<p>Wir arbeiten auf der Grundlage von <strong>Vertrauen<\/strong> und <strong>Angemessenheit<\/strong>.<br \/>\nManchmal dauert eine Veranstaltung etwas l\u00e4nger, und manchmal ist man einfach fr\u00fcher fertig und hat etwas mehr Zeit zum Ausruhen.<br \/>\nIm Gro\u00dfen und Ganzen regelt sich das immer ganz von selbst.<\/p>\n<ul>\n<li>Die Zeiten auf dem Rufzettel sind immer f\u00fchrend.<\/li>\n<li>Sind Sie im Lager fr\u00fcher fertig geworden als geplant? Dann notieren Sie diese tats\u00e4chliche Endzeit.<\/li>\n<li>W\u00e4hrend einer Veranstaltung arbeiten Sie nicht in jedem Moment aktiv, aber Sie sind anwesend und werden daher nur bezahlt.<\/li>\n<\/ul>\n<p>Wir vertrauen darauf, dass jeder diese Aufgabe professionell und ehrlich und mit Verantwortungsbewusstsein gegen\u00fcber dem Team und dem Unternehmen angeht.<\/p>\n<h2>\ud83d\udcb6 Gesetzlicher Mindestbruttostundenlohn<\/h2>\n<p>Die nachstehende Tabelle zeigt den gesetzlichen Bruttomindestlohn 2025, auf dem Ihr Stundenlohn basiert:<\/p>\n<table>\n<thead>\n<tr>\n<th>Alter<\/th>\n<th>Stundenlohn (brutto)<\/th>\n<\/tr>\n<\/thead>\n<tbody>\n<tr>\n<td>21 Jahre und \u00e4lter<\/td>\n<td>14,40 \u20ac pro Stunde<\/td>\n<\/tr>\n<tr>\n<td>20 Jahre<\/td>\n<td>11,52 \u20ac pro Stunde<\/td>\n<\/tr>\n<tr>\n<td>19 Jahre<\/td>\n<td>8,64 \u20ac pro Stunde<\/td>\n<\/tr>\n<tr>\n<td>18 Jahre<\/td>\n<td>7,20 \u20ac pro Stunde<\/td>\n<\/tr>\n<tr>\n<td>17 Jahre<\/td>\n<td>5,69 \u20ac pro Stunde<\/td>\n<\/tr>\n<\/tbody>\n<\/table>\n<p>Die Verg\u00fctung wird auf der Grundlage der pro Auftrag geleisteten Arbeitsstunden berechnet.<br \/>\nUm sicherzustellen, dass jeder gerecht und vollst\u00e4ndig bezahlt wird, werden die Geh\u00e4lter in der <strong>erste Woche des neuen Monats<\/strong>.<\/p>\n<h3>Warum in der ersten Woche?<\/h3>\n<p>Es kommt regelm\u00e4\u00dfig vor, dass Sie am letzten Tag des Monats einen Auftrag haben.<br \/>\nDie Stunden aus diesem Auftrag geh\u00f6ren nat\u00fcrlich in denselben Monat, und deshalb wollen Sie auch im selben Zeitraum bezahlt werden.<\/p>\n<p>Das Verfahren ist wie folgt:<\/p>\n<ul>\n<li><strong>1. Die Stunden des letzten Tages werden am n\u00e4chsten Tag verarbeitet.<\/strong><br \/>\nIhre Kolleginnen und Kollegen im B\u00fcro pr\u00fcfen und bearbeiten sorgf\u00e4ltig alle geleisteten Stunden.<br \/>\nLiegt ein Wochenende dazwischen, wird es automatisch auf den n\u00e4chsten Werktag verschoben.<\/li>\n<li><strong>2. Bearbeitung durch den Pr\u00fcfer.<\/strong><br \/>\nSobald alle Stunden vollst\u00e4ndig und korrekt verarbeitet sind, leiten wir sie an unseren Buchhalter weiter.<br \/>\nSie bereiten den Zahlungsstapel vor und f\u00fchren die Verwaltungskontrolle durch.<\/li>\n<li><strong>3. Auszahlung.<\/strong><br \/>\nDieser gesamte Prozess dauert einige Tage.<br \/>\nDeshalb teilen wir deutlich mit, dass das Gehalt in der ersten Woche des neuen Monats gezahlt wird.<\/li>\n<\/ul>\n<p>Nat\u00fcrlich sind wir immer bestrebt, die Auszahlung so schnell wie m\u00f6glich vorzunehmen.<br \/>\nTransparenz und Zuverl\u00e4ssigkeit stehen bei uns an erster Stelle. Sie k\u00f6nnen sich darauf verlassen, dass Ihr Gehalt korrekt und p\u00fcnktlich \u00fcberwiesen wird.<\/p>\n<\/div><\/div><\/div><\/div><\/div><\/div><\/div><\/div><\/div><\/div><\/div><\/div><\/div><\/div><script id=\"script-row-unique-0\" data-row=\"script-row-unique-0\" type=\"text\/javascript\" class=\"vc_controls\">UNCODE.initRow(document.getElementById(\"row-unique-0\"));<\/script><\/div><\/div><\/div>\n<\/div>","protected":false},"excerpt":{"rendered":"Alles over je uurloon \ud83e\uddfe Beloning &amp; Werktijd Je wordt betaald vanaf het moment dat je aan de opdracht begint [...]","protected":false},"author":1,"featured_media":0,"parent":71016,"menu_order":0,"comment_status":"closed","ping_status":"closed","template":"","meta":{"footnotes":""},"class_list":["post-71535","page","type-page","status-publish","hentry","page_category-personeel-portaal"],"_links":{"self":[{"href":"https:\/\/royalcasinocompany.nl\/de\/wp-json\/wp\/v2\/pages\/71535","targetHints":{"allow":["GET"]}}],"collection":[{"href":"https:\/\/royalcasinocompany.nl\/de\/wp-json\/wp\/v2\/pages"}],"about":[{"href":"https:\/\/royalcasinocompany.nl\/de\/wp-json\/wp\/v2\/types\/page"}],"author":[{"embeddable":true,"href":"https:\/\/royalcasinocompany.nl\/de\/wp-json\/wp\/v2\/users\/1"}],"replies":[{"embeddable":true,"href":"https:\/\/royalcasinocompany.nl\/de\/wp-json\/wp\/v2\/comments?post=71535"}],"version-history":[{"count":4,"href":"https:\/\/royalcasinocompany.nl\/de\/wp-json\/wp\/v2\/pages\/71535\/revisions"}],"predecessor-version":[{"id":71549,"href":"https:\/\/royalcasinocompany.nl\/de\/wp-json\/wp\/v2\/pages\/71535\/revisions\/71549"}],"up":[{"embeddable":true,"href":"https:\/\/royalcasinocompany.nl\/de\/wp-json\/wp\/v2\/pages\/71016"}],"wp:attachment":[{"href":"https:\/\/royalcasinocompany.nl\/de\/wp-json\/wp\/v2\/media?parent=71535"}],"curies":[{"name":"wp","href":"https:\/\/api.w.org\/{rel}","templated":true}]}}