{"id":71538,"date":"2025-12-04T20:27:41","date_gmt":"2025-12-04T19:27:41","guid":{"rendered":"https:\/\/royalcasinocompany.nl\/?page_id=71538"},"modified":"2026-01-15T23:31:52","modified_gmt":"2026-01-15T22:31:52","slug":"reiskostenvergoeding","status":"publish","type":"page","link":"https:\/\/royalcasinocompany.nl\/de\/personeel\/reiskostenvergoeding\/","title":{"rendered":"Reisekostenerstattung"},"content":{"rendered":"<div class=\"wpb-content-wrapper\"><div data-parent=\"true\" class=\"vc_row row-container boomapps_vcrow\" id=\"row-unique-0\"><div class=\"row limit-width row-parent\"><div class=\"wpb_row row-inner\"><div class=\"wpb_column pos-top pos-center align_left column_parent col-lg-12 boomapps_vccolumn single-internal-gutter\"><div class=\"uncol style-dark\"  ><div class=\"uncoltable\"><div class=\"uncell  boomapps_vccolumn no-block-padding\" ><div class=\"uncont\" ><div class=\"vc_row row-internal row-container boomapps_vcrow\"><div class=\"row row-child\"><div class=\"wpb_row row-inner\"><div class=\"wpb_column pos-top pos-center align_left column_child col-lg-12 boomapps_vccolumn single-internal-gutter\"><div class=\"uncol style-dark\" ><div class=\"uncoltable\"><div class=\"uncell  boomapps_vccolumn no-block-padding\" ><div class=\"uncont\" ><div class=\"vc_custom_heading_wrap\"><div class=\"heading-text el-text\" ><\/p>\n<h1>Informationen zur Reisekostenerstattung<\/h1>\n<p>\n<hr class=\"separator-break separator-accent\" \/><\/div><div class=\"clear\"><\/div><\/div><div class=\"empty-space empty-single\" ><span class=\"empty-space-inner\"><\/span><\/div>\n<div class=\"uncode_text_column\" ><\/p>\n<h2>\ud83d\udccd Fahrt zum Schuppen oder B\u00fcro<\/h2>\n<p>Die Kosten f\u00fcr die An- und Abreise zu unserem Lager oder unserem Hauptsitz fallen unter den Begriff \"Pendeln\" und gehen daher zu Ihren eigenen Lasten.<br \/>\nDies gilt sowohl f\u00fcr die Hin- als auch f\u00fcr die R\u00fcckreise, sofern im Voraus nichts anderes vereinbart wurde.<\/p>\n<p>-<\/p>\n<h2>\ud83d\ude8c Reise zum Einsatzort<\/h2>\n<p>Sie reisen direkt zu einem Veranstaltungsort, mit dem eigenen Fahrzeug oder mit \u00f6ffentlichen Verkehrsmitteln? Dann gelten die folgenden Regeln:<\/p>\n<ul>\n<li>Die erste <strong>30 Minuten Fahrzeit <\/strong>sind f\u00fcr eigene Rechnung (Pendeln).<\/li>\n<li>Alle Reisezeiten, die \u00fcber diese 30 Minuten hinausgehen, werden in voller H\u00f6he zu Ihrem normalen Stundensatz verg\u00fctet.<\/li>\n<\/ul>\n<p>-<\/p>\n<h2>\ud83d\udcb0 Kilometergeld<\/h2>\n<p>Wenn Sie mit Ihrem eigenen Auto zum Einsatzort fahren, erhalten Sie ein Kilometergeld von <strong>0,23 \u20ac pro Kilometer<\/strong>.<br \/>\nDiese Zulage gilt f\u00fcr alle Kilometer, die Sie f\u00fcr die Arbeit fahren.<br \/>\nAchten Sie darauf, dass Sie diese Kilometer nach jeder Schicht korrekt aufschreiben oder deklarieren.<\/p>\n<p>-<\/p>\n<h2>\u2728 Zusammenfassung<\/h2>\n<p>Bei Be Our Guest Events ist es uns wichtig, dass jeder Mitarbeiter fair und transparent entlohnt wird. Ihr Engagement, Ihre Zeit und Ihre Anwesenheit sind wertvoll - und das m\u00f6chten wir auch in unserer Verg\u00fctungsstruktur zum Ausdruck bringen.<\/p>\n<ul>\n<li>\ud83d\udc8e <strong>Transparenz und Ehrlichkeit<\/strong> sind zentral.<\/li>\n<li>\ud83d\udcaa Ihr Engagement und Ihre Anwesenheit werden immer gesch\u00e4tzt.<\/li>\n<li>\ud83d\udd52 Sie werden f\u00fcr Ihre gesamte Zeit vor Ort bezahlt - einschlie\u00dflich der Wartezeit und der Fahrtzeit \u00fcber die ersten 30 Minuten hinaus.<\/li>\n<li>\ud83e\udd1d Wir arbeiten auf der Grundlage von Vertrauen, Fairness und Teamwork.<\/li>\n<\/ul>\n<p>-<\/p>\n<p>Ihre Zeit ist kostbar, und wir sorgen daf\u00fcr, dass diese Zeit auf faire, klare und wertsch\u00e4tzende Weise verg\u00fctet wird.<br \/>\nDas ist unser Versprechen an Sie. \ud83d\udcaa\ud83d\udcb0<\/p>\n<\/div><div class=\"divider-wrapper\"  >\n    <hr class=\"border-accent-color separator-no-padding\"  \/>\n<\/div>\n<\/div><\/div><\/div><\/div><\/div><\/div><\/div><\/div><\/div><\/div><\/div><\/div><\/div><script id=\"script-row-unique-0\" data-row=\"script-row-unique-0\" type=\"text\/javascript\" class=\"vc_controls\">UNCODE.initRow(document.getElementById(\"row-unique-0\"));<\/script><\/div><\/div><\/div>\n<\/div>","protected":false},"excerpt":{"rendered":"Reiskostenvergoeding informatie \ud83d\udccd Reizen naar de loods of het kantoor Reiskosten van en naar onze loods of het hoofdkantoor vallen [...]","protected":false},"author":1,"featured_media":0,"parent":71016,"menu_order":0,"comment_status":"closed","ping_status":"closed","template":"","meta":{"footnotes":""},"class_list":["post-71538","page","type-page","status-publish","hentry","page_category-personeel-portaal"],"_links":{"self":[{"href":"https:\/\/royalcasinocompany.nl\/de\/wp-json\/wp\/v2\/pages\/71538","targetHints":{"allow":["GET"]}}],"collection":[{"href":"https:\/\/royalcasinocompany.nl\/de\/wp-json\/wp\/v2\/pages"}],"about":[{"href":"https:\/\/royalcasinocompany.nl\/de\/wp-json\/wp\/v2\/types\/page"}],"author":[{"embeddable":true,"href":"https:\/\/royalcasinocompany.nl\/de\/wp-json\/wp\/v2\/users\/1"}],"replies":[{"embeddable":true,"href":"https:\/\/royalcasinocompany.nl\/de\/wp-json\/wp\/v2\/comments?post=71538"}],"version-history":[{"count":6,"href":"https:\/\/royalcasinocompany.nl\/de\/wp-json\/wp\/v2\/pages\/71538\/revisions"}],"predecessor-version":[{"id":71953,"href":"https:\/\/royalcasinocompany.nl\/de\/wp-json\/wp\/v2\/pages\/71538\/revisions\/71953"}],"up":[{"embeddable":true,"href":"https:\/\/royalcasinocompany.nl\/de\/wp-json\/wp\/v2\/pages\/71016"}],"wp:attachment":[{"href":"https:\/\/royalcasinocompany.nl\/de\/wp-json\/wp\/v2\/media?parent=71538"}],"curies":[{"name":"wp","href":"https:\/\/api.w.org\/{rel}","templated":true}]}}