{"id":71721,"date":"2026-01-10T14:01:36","date_gmt":"2026-01-10T13:01:36","guid":{"rendered":"https:\/\/royalcasinocompany.nl\/?page_id=71721"},"modified":"2026-01-15T21:42:43","modified_gmt":"2026-01-15T20:42:43","slug":"amerikaans-roulette","status":"publish","type":"page","link":"https:\/\/royalcasinocompany.nl\/de\/personeel\/amerikaans-roulette\/","title":{"rendered":"Amerikanisches Roulette"},"content":{"rendered":"<div class=\"wpb-content-wrapper\"><div data-parent=\"true\" class=\"vc_row row-container boomapps_vcrow\" id=\"row-unique-0\"><div class=\"row limit-width row-parent\"><div class=\"wpb_row row-inner\"><div class=\"wpb_column pos-top pos-center align_left column_parent col-lg-12 boomapps_vccolumn single-internal-gutter\"><div class=\"uncol style-dark\"  ><div class=\"uncoltable\"><div class=\"uncell  boomapps_vccolumn no-block-padding\" ><div class=\"uncont\" ><div class=\"vc_row row-internal row-container boomapps_vcrow\"><div class=\"row row-child\"><div class=\"wpb_row row-inner\"><div class=\"wpb_column pos-top pos-center align_left column_child col-lg-12 boomapps_vccolumn single-internal-gutter\"><div class=\"uncol style-dark\" ><div class=\"uncoltable\"><div class=\"uncell  boomapps_vccolumn no-block-padding\" ><div class=\"uncont\" ><div class=\"vc_custom_heading_wrap\"><div class=\"heading-text el-text\" ><\/p>\n<h1>\ud83c\udfb0 Amerikanisches Roulette<\/h1>\n<p>\n<hr class=\"separator-break separator-accent\" \/><\/div><div class=\"clear\"><\/div><\/div><div class=\"empty-space empty-single\" ><span class=\"empty-space-inner\"><\/span><\/div>\n<\/div><\/div><\/div><\/div><\/div><\/div><\/div><\/div><div class=\"vc_row row-internal row-container boomapps_vcrow\"><div class=\"row row-child\"><div class=\"wpb_row row-inner\"><div class=\"wpb_column pos-top pos-center align_left column_child col-lg-12 boomapps_vccolumn single-internal-gutter\"><div class=\"uncol style-dark\" ><div class=\"uncoltable\"><div class=\"uncell  boomapps_vccolumn no-block-padding\" ><div class=\"uncont\" ><div class=\"uncode_text_column\" ><\/p>\n<h3>\ud83c\udfaf Einleitung<\/h3>\n<p>Amerikanisches Roulette ist ein klassisches und leicht zug\u00e4ngliches Casinospiel. Als Croupier sind Sie derjenige, der das Spiel leitet, f\u00fcr Struktur sorgt und eine entspannte und professionelle Atmosph\u00e4re am Tisch gew\u00e4hrleistet.<\/p>\n<h3>\ud83e\udde0 Was ist amerikanisches Roulette?<\/h3>\n<p>Amerikanisches Roulette wird mit einem Rad mit 38 F\u00e4chern gespielt: die Zahlen 1 bis 36, eine einfache Null (0) und eine doppelte Null (00). Die Kugel bestimmt, welche Zahl gewinnt.<\/p>\n<h3>\ud83d\udde3\ufe0f Wie erkl\u00e4ren Sie dem Gast dieses Spiel?<\/h3>\n<p>Verwenden Sie einfache Worte und lassen Sie sich Zeit. Konzentrieren Sie sich haupts\u00e4chlich auf die Grundlagen.<\/p>\n<p><strong>Musterphrasen f\u00fcr den Croupier:<\/strong><\/p>\n<ul>\n<li>\u201cSie k\u00f6nnen auf eine Zahl, mehrere Zahlen oder auf einfache Quoten wie Rot oder Schwarz setzen.\u201d<\/li>\n<li>\u201cSobald alle Wetten platziert sind, drehe ich das Rad und die Kugel bestimmt die Gewinnzahl.\u201d<\/li>\n<li>\u201cRot oder schwarz und gerade oder ungerade sind die am h\u00e4ufigsten gew\u00e4hlten Wetten.\u201d<\/li>\n<\/ul>\n<h3>\ud83c\udfb2 Wie wird das Spiel gespielt?<\/h3>\n<p>Die G\u00e4ste legen ihre Chips auf das Spielfeld. Sie schlie\u00dfen die Eins\u00e4tze, drehen das Rad und lassen die Kugel rollen. Sobald die Kugel stillsteht, verk\u00fcnden Sie die Gewinnzahl und zahlen die Gewinner aus.<\/p>\n<p><strong>Praktische Ank\u00fcndigungen:<\/strong><\/p>\n<ul>\n<li>\u201cMeine Damen und Herren, die Wetten sind abgeschlossen.\u201d<\/li>\n<li>\u201cDie Gewinnzahl ist 23, rot.\u201d<\/li>\n<\/ul>\n<h3>\ud83d\udc54 Was macht der Croupier?<\/h3>\n<p>Sie leiten das Spiel, drehen das Rad, \u00fcberwachen die Regeln und sorgen f\u00fcr korrekte Auszahlungen. Sie sind der Ansprechpartner f\u00fcr Fragen.<\/p>\n<h3>\u2728 Berufliche Schwerpunkte<\/h3>\n<ul>\n<li>Immer ruhig und klar arbeiten<\/li>\n<li>Halten Sie Augenkontakt und bleiben Sie freundlich<\/li>\n<li>Rufen Sie die Nummer immer laut aus<\/li>\n<li>Lassen Sie sich nicht von G\u00e4sten hetzen<\/li>\n<\/ul>\n<p>\n<\/div><\/div><\/div><\/div><\/div><\/div><\/div><\/div><\/div><\/div><\/div><\/div><\/div><\/div><script id=\"script-row-unique-0\" data-row=\"script-row-unique-0\" type=\"text\/javascript\" class=\"vc_controls\">UNCODE.initRow(document.getElementById(\"row-unique-0\"));<\/script><\/div><\/div><\/div>\n<\/div>","protected":false},"excerpt":{"rendered":"\ud83c\udfb0 Amerikaans Roulette \ud83c\udfaf Introductie Amerikaans roulette is een klassiek en toegankelijk casinospel. Als croupier ben jij degene die het [...]","protected":false},"author":1,"featured_media":0,"parent":71016,"menu_order":0,"comment_status":"closed","ping_status":"closed","template":"","meta":{"footnotes":""},"class_list":["post-71721","page","type-page","status-publish","hentry","page_category-personeel-portaal"],"_links":{"self":[{"href":"https:\/\/royalcasinocompany.nl\/de\/wp-json\/wp\/v2\/pages\/71721","targetHints":{"allow":["GET"]}}],"collection":[{"href":"https:\/\/royalcasinocompany.nl\/de\/wp-json\/wp\/v2\/pages"}],"about":[{"href":"https:\/\/royalcasinocompany.nl\/de\/wp-json\/wp\/v2\/types\/page"}],"author":[{"embeddable":true,"href":"https:\/\/royalcasinocompany.nl\/de\/wp-json\/wp\/v2\/users\/1"}],"replies":[{"embeddable":true,"href":"https:\/\/royalcasinocompany.nl\/de\/wp-json\/wp\/v2\/comments?post=71721"}],"version-history":[{"count":20,"href":"https:\/\/royalcasinocompany.nl\/de\/wp-json\/wp\/v2\/pages\/71721\/revisions"}],"predecessor-version":[{"id":71877,"href":"https:\/\/royalcasinocompany.nl\/de\/wp-json\/wp\/v2\/pages\/71721\/revisions\/71877"}],"up":[{"embeddable":true,"href":"https:\/\/royalcasinocompany.nl\/de\/wp-json\/wp\/v2\/pages\/71016"}],"wp:attachment":[{"href":"https:\/\/royalcasinocompany.nl\/de\/wp-json\/wp\/v2\/media?parent=71721"}],"curies":[{"name":"wp","href":"https:\/\/api.w.org\/{rel}","templated":true}]}}