{"id":71728,"date":"2026-01-10T14:10:45","date_gmt":"2026-01-10T13:10:45","guid":{"rendered":"https:\/\/royalcasinocompany.nl\/?page_id=71728"},"modified":"2026-01-10T14:10:45","modified_gmt":"2026-01-10T13:10:45","slug":"blackjack","status":"publish","type":"page","link":"https:\/\/royalcasinocompany.nl\/de\/personeel\/blackjack\/","title":{"rendered":"Blackjack"},"content":{"rendered":"<div class=\"wpb-content-wrapper\"><div data-parent=\"true\" class=\"vc_row row-container boomapps_vcrow\" id=\"row-unique-0\"><div class=\"row limit-width row-parent\"><div class=\"wpb_row row-inner\"><div class=\"wpb_column pos-top pos-center align_left column_parent col-lg-12 boomapps_vccolumn single-internal-gutter\"><div class=\"uncol style-dark\"  ><div class=\"uncoltable\"><div class=\"uncell  boomapps_vccolumn no-block-padding\" ><div class=\"uncont\" ><div class=\"vc_row row-internal row-container boomapps_vcrow\"><div class=\"row row-child\"><div class=\"wpb_row row-inner\"><div class=\"wpb_column pos-top pos-center align_left column_child col-lg-12 boomapps_vccolumn single-internal-gutter\"><div class=\"uncol style-dark\" ><div class=\"uncoltable\"><div class=\"uncell  boomapps_vccolumn no-block-padding\" ><div class=\"uncont\" ><div class=\"vc_custom_heading_wrap\"><div class=\"heading-text el-text\" ><\/p>\n<h1>\ud83d\udfe2 Blackjack<\/h1>\n<p>\n<hr class=\"separator-break separator-accent\" \/><\/div><div class=\"clear\"><\/div><\/div><div class=\"empty-space empty-single\" ><span class=\"empty-space-inner\"><\/span><\/div>\n<div class=\"uncode_text_column\" ><\/p>\n<h3>\ud83c\udfaf Einleitung<\/h3>\n<p>Blackjack ist ein beliebtes Kartenspiel, bei dem die Spieler gegen die Bank spielen. Das Spiel ist leicht zu erlernen, erfordert aber klare Erkl\u00e4rungen und eine enge Spielf\u00fchrung.<\/p>\n<h3>\ud83e\udde0 Was ist Blackjack?<\/h3>\n<p>Das Ziel von Blackjack ist es, so nah wie m\u00f6glich an 21 Punkte heranzukommen, ohne sie zu \u00fcberschreiten. Die Karten 2 bis 10 haben ihren eigenen Wert, Bilder z\u00e4hlen f\u00fcr 10 und ein Ass ist 1 oder 11.<\/p>\n<h3>\ud83d\udde3\ufe0f Wie erkl\u00e4ren Sie dem Gast dieses Spiel?<\/h3>\n<p>Beginnen Sie immer mit dem Zweck des Spiels und verwenden Sie erkennbare Begriffe.<\/p>\n<p><strong>Musterphrasen f\u00fcr den Croupier:<\/strong><\/p>\n<ul>\n<li>\u201cDas Ziel ist es, n\u00e4her an die 21 zu kommen als der H\u00e4ndler, ohne sie zu \u00fcberschreiten\u201d, sagte er.\u201d<\/li>\n<li>\u201cSie k\u00f6nnen w\u00e4hlen, ob Sie eine zus\u00e4tzliche Karte spielen, was wir \u2018Hit\u2019 nennen, oder ob Sie passen, was \u2018Stand\u2019 bedeutet.\u201d<\/li>\n<li>\u201cWenn man \u00fcber 21 ist, hat man automatisch verloren.\u201d<\/li>\n<\/ul>\n<h3>\ud83c\udfb2 Wie wird das Spiel gespielt?<\/h3>\n<p>Jeder Spieler erh\u00e4lt zwei Karten. Sie als Geber erhalten ebenfalls Karten. Die Spieler entscheiden, ob sie zus\u00e4tzliche Karten haben m\u00f6chten. Dann spielen Sie Ihr Blatt nach den festgelegten Regeln aus.<\/p>\n<p><strong>Praktische Ank\u00fcndigungen:<\/strong><\/p>\n<ul>\n<li>\u201cWollen Sie eine weitere Karte oder passen Sie?\u201d<\/li>\n<li>\u201cDer Dealer spielt bis mindestens 17 durch.\u201d<\/li>\n<\/ul>\n<h3>\ud83d\udc54 Was macht der Croupier?<\/h3>\n<p>Sie teilen die Karten aus, \u00fcberwachen die Regeln, leiten die Spieler an und sorgen f\u00fcr korrekte Auszahlungen.<\/p>\n<h3>\u2728 Berufliche Schwerpunkte<\/h3>\n<ul>\n<li>Immer im gleichen Tempo spielen<\/li>\n<li>Neuen Spielern helfen, ohne zu trainieren<\/li>\n<li>Karten gut sichtbar aufbewahren<\/li>\n<li>Bleiben Sie neutral und professionell<\/li>\n<\/ul>\n<p>\n<\/div><\/div><\/div><\/div><\/div><\/div><\/div><\/div><\/div><\/div><\/div><\/div><\/div><\/div><script id=\"script-row-unique-0\" data-row=\"script-row-unique-0\" type=\"text\/javascript\" class=\"vc_controls\">UNCODE.initRow(document.getElementById(\"row-unique-0\"));<\/script><\/div><\/div><\/div>\n<\/div>","protected":false},"excerpt":{"rendered":"\ud83d\udfe2 Blackjack \ud83c\udfaf Introductie Blackjack is een populair kaartspel waarbij spelers tegen de bank spelen. Het spel is eenvoudig te [...]","protected":false},"author":1,"featured_media":0,"parent":71016,"menu_order":0,"comment_status":"closed","ping_status":"closed","template":"","meta":{"footnotes":""},"class_list":["post-71728","page","type-page","status-publish","hentry","page_category-personeel-portaal"],"_links":{"self":[{"href":"https:\/\/royalcasinocompany.nl\/de\/wp-json\/wp\/v2\/pages\/71728","targetHints":{"allow":["GET"]}}],"collection":[{"href":"https:\/\/royalcasinocompany.nl\/de\/wp-json\/wp\/v2\/pages"}],"about":[{"href":"https:\/\/royalcasinocompany.nl\/de\/wp-json\/wp\/v2\/types\/page"}],"author":[{"embeddable":true,"href":"https:\/\/royalcasinocompany.nl\/de\/wp-json\/wp\/v2\/users\/1"}],"replies":[{"embeddable":true,"href":"https:\/\/royalcasinocompany.nl\/de\/wp-json\/wp\/v2\/comments?post=71728"}],"version-history":[{"count":1,"href":"https:\/\/royalcasinocompany.nl\/de\/wp-json\/wp\/v2\/pages\/71728\/revisions"}],"predecessor-version":[{"id":71729,"href":"https:\/\/royalcasinocompany.nl\/de\/wp-json\/wp\/v2\/pages\/71728\/revisions\/71729"}],"up":[{"embeddable":true,"href":"https:\/\/royalcasinocompany.nl\/de\/wp-json\/wp\/v2\/pages\/71016"}],"wp:attachment":[{"href":"https:\/\/royalcasinocompany.nl\/de\/wp-json\/wp\/v2\/media?parent=71728"}],"curies":[{"name":"wp","href":"https:\/\/api.w.org\/{rel}","templated":true}]}}